{"id":971,"date":"2022-12-30T19:56:46","date_gmt":"2022-12-30T17:56:46","guid":{"rendered":"https:\/\/heike-neumann.de\/?page_id=971"},"modified":"2024-12-01T09:10:01","modified_gmt":"2024-12-01T07:10:01","slug":"alltagsgegenstaende-buecher-wandbilder-zeitungen-landkarte-fussballfan-utensilien","status":"publish","type":"page","link":"https:\/\/heike-neumann.de\/index.php\/alltagsgegenstaende-buecher-wandbilder-zeitungen-landkarte-fussballfan-utensilien\/","title":{"rendered":"Alltagsgegenst\u00e4nde"},"content":{"rendered":"\n<div style=\"height:13px\" aria-hidden=\"true\" class=\"wp-block-spacer\"><\/div>\n\n\n<div class=\"sdm_download_item \"><div class=\"sdm_download_item_top\"><div class=\"sdm_download_thumbnail\"><\/div><div class=\"sdm_download_title\">Backbuch f\u00fcr einen Schokokuchen<\/div><\/div><div style=\"clear:both;\"><\/div><div class=\"sdm_download_description\"><p><img loading=\"lazy\" decoding=\"async\" class=\"alignnone size-medium wp-image-1393 aligncenter\" src=\"https:\/\/heike-neumann.de\/wp-content\/uploads\/2023\/03\/Schokokuchen-vorschaubild-281x300.jpg\" alt=\"\" width=\"281\" height=\"300\" srcset=\"https:\/\/heike-neumann.de\/wp-content\/uploads\/2023\/03\/Schokokuchen-vorschaubild-281x300.jpg 281w, https:\/\/heike-neumann.de\/wp-content\/uploads\/2023\/03\/Schokokuchen-vorschaubild.jpg 552w\" sizes=\"auto, (max-width: 281px) 100vw, 281px\" \/><\/p>\n<\/div><div class=\"sdm_download_link\"><span class=\"sdm_download_button\"><a href=\"https:\/\/heike-neumann.de\/?sdm_process_download=1&#038;download_id=1394\" class=\"sdm_download green\" title=\"Backbuch f\u00fcr einen Schokokuchen\" target=\"_blank\">Jetzt herunterladen!<\/a><\/span><\/div><\/div><div class=\"sdm_clear_float\"><\/div>\n\n<div class=\"sdm_download_item \"><div class=\"sdm_download_item_top\"><div class=\"sdm_download_thumbnail\"><\/div><div class=\"sdm_download_title\">2 Freundeb\u00fccher, Pflanzenbuch und Bilder f\u00fcr die W\u00e4nde<\/div><\/div><div style=\"clear:both;\"><\/div><div class=\"sdm_download_description\"><p><img loading=\"lazy\" decoding=\"async\" class=\"alignnone size-medium wp-image-799 aligncenter\" src=\"https:\/\/heike-neumann.de\/wp-content\/uploads\/2022\/11\/2-Freundebuecher-Pflanzenbuch-und-bunte-Wandbilder-224x300.jpg\" alt=\"\" width=\"224\" height=\"300\" srcset=\"https:\/\/heike-neumann.de\/wp-content\/uploads\/2022\/11\/2-Freundebuecher-Pflanzenbuch-und-bunte-Wandbilder-224x300.jpg 224w, https:\/\/heike-neumann.de\/wp-content\/uploads\/2022\/11\/2-Freundebuecher-Pflanzenbuch-und-bunte-Wandbilder.jpg 642w\" sizes=\"auto, (max-width: 224px) 100vw, 224px\" \/><\/p>\n<\/div><div class=\"sdm_download_link\"><span class=\"sdm_download_button\"><a href=\"https:\/\/heike-neumann.de\/?sdm_process_download=1&#038;download_id=803\" class=\"sdm_download green\" title=\"2 Freundeb\u00fccher, Pflanzenbuch und Bilder f\u00fcr die W\u00e4nde\" target=\"_blank\">Jetzt herunterladen!<\/a><\/span><\/div><\/div><div class=\"sdm_clear_float\"><\/div>\n\n<div class=\"sdm_download_item \"><div class=\"sdm_download_item_top\"><div class=\"sdm_download_thumbnail\"><\/div><div class=\"sdm_download_title\">4 Wichtelb\u00fccher<\/div><\/div><div style=\"clear:both;\"><\/div><div class=\"sdm_download_description\"><p><img loading=\"lazy\" decoding=\"async\" class=\"alignnone size-medium wp-image-781 aligncenter\" src=\"https:\/\/heike-neumann.de\/wp-content\/uploads\/2022\/11\/klein-InCollage_20221115_133821064-300x200.jpg\" alt=\"\" width=\"300\" height=\"200\" srcset=\"https:\/\/heike-neumann.de\/wp-content\/uploads\/2022\/11\/klein-InCollage_20221115_133821064-300x200.jpg 300w, https:\/\/heike-neumann.de\/wp-content\/uploads\/2022\/11\/klein-InCollage_20221115_133821064-1024x683.jpg 1024w, https:\/\/heike-neumann.de\/wp-content\/uploads\/2022\/11\/klein-InCollage_20221115_133821064-768x512.jpg 768w, https:\/\/heike-neumann.de\/wp-content\/uploads\/2022\/11\/klein-InCollage_20221115_133821064-1536x1024.jpg 1536w, https:\/\/heike-neumann.de\/wp-content\/uploads\/2022\/11\/klein-InCollage_20221115_133821064-1140x760.jpg 1140w, https:\/\/heike-neumann.de\/wp-content\/uploads\/2022\/11\/klein-InCollage_20221115_133821064.jpg 2048w\" sizes=\"auto, (max-width: 300px) 100vw, 300px\" \/><\/p>\n<\/div><div class=\"sdm_download_link\"><span class=\"sdm_download_button\"><a href=\"https:\/\/heike-neumann.de\/?sdm_process_download=1&#038;download_id=739\" class=\"sdm_download green\" title=\"4 Wichtelb\u00fccher\" target=\"_blank\">Jetzt herunterladen!<\/a><\/span><\/div><\/div><div class=\"sdm_clear_float\"><\/div>\n\n<div class=\"sdm_download_item \"><div class=\"sdm_download_item_top\"><div class=\"sdm_download_thumbnail\"><\/div><div class=\"sdm_download_title\">Minibuch &#8222;Fr\u00fchling in Pfifferlingen&#8220;<\/div><\/div><div style=\"clear:both;\"><\/div><div class=\"sdm_download_description\"><p><img loading=\"lazy\" decoding=\"async\" class=\"alignnone size-medium wp-image-1237 aligncenter\" src=\"https:\/\/heike-neumann.de\/wp-content\/uploads\/2023\/01\/Minibuch-fruehling-vorschaubild-195x300.jpg\" alt=\"\" width=\"195\" height=\"300\" srcset=\"https:\/\/heike-neumann.de\/wp-content\/uploads\/2023\/01\/Minibuch-fruehling-vorschaubild-195x300.jpg 195w, https:\/\/heike-neumann.de\/wp-content\/uploads\/2023\/01\/Minibuch-fruehling-vorschaubild.jpg 389w\" sizes=\"auto, (max-width: 195px) 100vw, 195px\" \/><\/p>\n<\/div><div class=\"sdm_download_link\"><span class=\"sdm_download_button\"><a href=\"https:\/\/heike-neumann.de\/?sdm_process_download=1&#038;download_id=1236\" class=\"sdm_download green\" title=\"Minibuch &#8222;Fr\u00fchling in Pfifferlingen&#8220;\" target=\"_blank\">Jetzt herunterladen!<\/a><\/span><\/div><\/div><div class=\"sdm_clear_float\"><\/div>\n\n<div class=\"sdm_download_item \"><div class=\"sdm_download_item_top\"><div class=\"sdm_download_thumbnail\"><\/div><div class=\"sdm_download_title\">3 weitere Wichtelb\u00fccher und Landkarte in 3 Gr\u00f6\u00dfen<\/div><\/div><div style=\"clear:both;\"><\/div><div class=\"sdm_download_description\"><p><img loading=\"lazy\" decoding=\"async\" class=\"size-medium wp-image-793 aligncenter\" src=\"https:\/\/heike-neumann.de\/wp-content\/uploads\/2022\/11\/InCollage_20221117_084817453-1-klein-300x300.jpg\" alt=\"\" width=\"300\" height=\"300\" srcset=\"https:\/\/heike-neumann.de\/wp-content\/uploads\/2022\/11\/InCollage_20221117_084817453-1-klein-300x300.jpg 300w, https:\/\/heike-neumann.de\/wp-content\/uploads\/2022\/11\/InCollage_20221117_084817453-1-klein-1024x1024.jpg 1024w, https:\/\/heike-neumann.de\/wp-content\/uploads\/2022\/11\/InCollage_20221117_084817453-1-klein-150x150.jpg 150w, https:\/\/heike-neumann.de\/wp-content\/uploads\/2022\/11\/InCollage_20221117_084817453-1-klein-768x768.jpg 768w, https:\/\/heike-neumann.de\/wp-content\/uploads\/2022\/11\/InCollage_20221117_084817453-1-klein-1536x1536.jpg 1536w, https:\/\/heike-neumann.de\/wp-content\/uploads\/2022\/11\/InCollage_20221117_084817453-1-klein.jpg 2048w, https:\/\/heike-neumann.de\/wp-content\/uploads\/2022\/11\/InCollage_20221117_084817453-1-klein-1140x1140.jpg 1140w, https:\/\/heike-neumann.de\/wp-content\/uploads\/2022\/11\/InCollage_20221117_084817453-1-klein-75x75.jpg 75w\" sizes=\"auto, (max-width: 300px) 100vw, 300px\" \/><\/p>\n<\/div><div class=\"sdm_download_link\"><span class=\"sdm_download_button\"><a href=\"https:\/\/heike-neumann.de\/?sdm_process_download=1&#038;download_id=784\" class=\"sdm_download green\" title=\"3 weitere Wichtelb\u00fccher und Landkarte in 3 Gr\u00f6\u00dfen\" target=\"_blank\">Jetzt herunterladen!<\/a><\/span><\/div><\/div><div class=\"sdm_clear_float\"><\/div>\n\n<div class=\"sdm_download_item \"><div class=\"sdm_download_item_top\"><div class=\"sdm_download_thumbnail\"><\/div><div class=\"sdm_download_title\">Bilder f\u00fcr die Wichtelhausw\u00e4nde<\/div><\/div><div style=\"clear:both;\"><\/div><div class=\"sdm_download_description\"><p><img loading=\"lazy\" decoding=\"async\" class=\"size-medium wp-image-796 aligncenter\" src=\"https:\/\/heike-neumann.de\/wp-content\/uploads\/2022\/11\/Bilder-fuer-das-Wichtelhaus-246x300.jpg\" alt=\"\" width=\"246\" height=\"300\" srcset=\"https:\/\/heike-neumann.de\/wp-content\/uploads\/2022\/11\/Bilder-fuer-das-Wichtelhaus-246x300.jpg 246w, https:\/\/heike-neumann.de\/wp-content\/uploads\/2022\/11\/Bilder-fuer-das-Wichtelhaus.jpg 706w\" sizes=\"auto, (max-width: 246px) 100vw, 246px\" \/><\/p>\n<p style=\"text-align: center\">Wichtelm\u00e4dchen Fia, Troll Rune, Kobold Skadi<\/p>\n<p style=\"text-align: center\">und ein Zwerg (aus &#8222;Geschichten aus Pfifferlingen)<\/p>\n<p style=\"text-align: center\">zum Anmalen und Aufh\u00e4ngen in verschiedenen Gr\u00f6\u00dfen<\/p>\n<\/div><div class=\"sdm_download_link\"><span class=\"sdm_download_button\"><a href=\"https:\/\/heike-neumann.de\/?sdm_process_download=1&#038;download_id=795\" class=\"sdm_download green\" title=\"Bilder f\u00fcr die Wichtelhausw\u00e4nde\" target=\"_blank\">Jetzt herunterladen!<\/a><\/span><\/div><\/div><div class=\"sdm_clear_float\"><\/div>\n\n<div class=\"sdm_download_item \"><div class=\"sdm_download_item_top\"><div class=\"sdm_download_thumbnail\"><\/div><div class=\"sdm_download_title\">Fu\u00dfball-Fanartikel f\u00fcr Wichtel 1.FC gr\u00fcn-rot Wichtelhausen<\/div><\/div><div style=\"clear:both;\"><\/div><div class=\"sdm_download_description\"><p style=\"text-align: right\"><img loading=\"lazy\" decoding=\"async\" class=\"size-medium wp-image-865 aligncenter\" src=\"https:\/\/heike-neumann.de\/wp-content\/uploads\/2022\/12\/vorschaubild-fussball-300x211.jpg\" alt=\"\" width=\"300\" height=\"211\" srcset=\"https:\/\/heike-neumann.de\/wp-content\/uploads\/2022\/12\/vorschaubild-fussball-300x211.jpg 300w, https:\/\/heike-neumann.de\/wp-content\/uploads\/2022\/12\/vorschaubild-fussball-1024x720.jpg 1024w, https:\/\/heike-neumann.de\/wp-content\/uploads\/2022\/12\/vorschaubild-fussball-768x540.jpg 768w, https:\/\/heike-neumann.de\/wp-content\/uploads\/2022\/12\/vorschaubild-fussball-1140x801.jpg 1140w, https:\/\/heike-neumann.de\/wp-content\/uploads\/2022\/12\/vorschaubild-fussball.jpg 1191w\" sizes=\"auto, (max-width: 300px) 100vw, 300px\" \/><\/p>\n<\/div><div class=\"sdm_download_link\"><span class=\"sdm_download_button\"><a href=\"https:\/\/heike-neumann.de\/?sdm_process_download=1&#038;download_id=862\" class=\"sdm_download green\" title=\"Fu\u00dfball-Fanartikel f\u00fcr Wichtel 1.FC gr\u00fcn-rot Wichtelhausen\" target=\"_blank\">Jetzt herunterladen!<\/a><\/span><\/div><\/div><div class=\"sdm_clear_float\"><\/div>\n\n<div class=\"sdm_download_item \"><div class=\"sdm_download_item_top\"><div class=\"sdm_download_thumbnail\"><\/div><div class=\"sdm_download_title\">Klein-Gro\u00df-Zaubereien (Girlande und B\u00fccher)<\/div><\/div><div style=\"clear:both;\"><\/div><div class=\"sdm_download_description\"><p><img loading=\"lazy\" decoding=\"async\" class=\"alignnone size-medium wp-image-826 aligncenter\" src=\"https:\/\/heike-neumann.de\/wp-content\/uploads\/2022\/11\/vorschau-Wimpel-210x300.jpg\" alt=\"\" width=\"210\" height=\"300\" srcset=\"https:\/\/heike-neumann.de\/wp-content\/uploads\/2022\/11\/vorschau-Wimpel-210x300.jpg 210w, https:\/\/heike-neumann.de\/wp-content\/uploads\/2022\/11\/vorschau-Wimpel.jpg 475w\" sizes=\"auto, (max-width: 210px) 100vw, 210px\" \/><br \/>\nNeben meinen beiden verkleinerten B\u00fcchern (Geschichten aus Pfifferlingen und Fiona Fuchs), die es in der Miniversion, aber auch in &#8222;Kindergr\u00f6\u00dfe&#8220; A5 gibt, gibt es hier auch eine Weihnachts-Wimpelkette zum Ausmalen in Wichtel- und normaler Gr\u00f6\u00dfe<\/p>\n<\/div><div class=\"sdm_download_link\"><span class=\"sdm_download_button\"><a href=\"https:\/\/heike-neumann.de\/?sdm_process_download=1&#038;download_id=825\" class=\"sdm_download green\" title=\"Klein-Gro\u00df-Zaubereien (Girlande und B\u00fccher)\" target=\"_blank\">Jetzt herunterladen!<\/a><\/span><\/div><\/div><div class=\"sdm_clear_float\"><\/div>\n\n<div class=\"sdm_download_item \"><div class=\"sdm_download_item_top\"><div class=\"sdm_download_thumbnail\"><\/div><div class=\"sdm_download_title\">Wichtelkleidung zum Ausmalen<\/div><\/div><div style=\"clear:both;\"><\/div><div class=\"sdm_download_description\"><p><img loading=\"lazy\" decoding=\"async\" class=\"alignnone size-medium wp-image-910 aligncenter\" src=\"https:\/\/heike-neumann.de\/wp-content\/uploads\/2022\/12\/Wichtelkleidung-vorschaubild-215x300.jpg\" alt=\"\" width=\"215\" height=\"300\" srcset=\"https:\/\/heike-neumann.de\/wp-content\/uploads\/2022\/12\/Wichtelkleidung-vorschaubild-215x300.jpg 215w, https:\/\/heike-neumann.de\/wp-content\/uploads\/2022\/12\/Wichtelkleidung-vorschaubild.jpg 573w\" sizes=\"auto, (max-width: 215px) 100vw, 215px\" \/><\/p>\n<\/div><div class=\"sdm_download_link\"><span class=\"sdm_download_button\"><a href=\"https:\/\/heike-neumann.de\/?sdm_process_download=1&#038;download_id=909\" class=\"sdm_download green\" title=\"Wichtelkleidung zum Ausmalen\" target=\"_blank\">Jetzt herunterladen!<\/a><\/span><\/div><\/div><div class=\"sdm_clear_float\"><\/div>\n\n<div class=\"sdm_download_item \"><div class=\"sdm_download_item_top\"><div class=\"sdm_download_thumbnail\"><\/div><div class=\"sdm_download_title\">Wichtelzeitung und Hinweisschilder<\/div><\/div><div style=\"clear:both;\"><\/div><div class=\"sdm_download_description\"><p><img loading=\"lazy\" decoding=\"async\" class=\"alignnone size-medium wp-image-820 aligncenter\" src=\"https:\/\/heike-neumann.de\/wp-content\/uploads\/2022\/11\/Vorschaubild-Zeitung-und-Schilder-213x300.jpg\" alt=\"\" width=\"213\" height=\"300\" srcset=\"https:\/\/heike-neumann.de\/wp-content\/uploads\/2022\/11\/Vorschaubild-Zeitung-und-Schilder-213x300.jpg 213w, https:\/\/heike-neumann.de\/wp-content\/uploads\/2022\/11\/Vorschaubild-Zeitung-und-Schilder.jpg 600w\" sizes=\"auto, (max-width: 213px) 100vw, 213px\" \/><\/p>\n<\/div><div class=\"sdm_download_link\"><span class=\"sdm_download_button\"><a href=\"https:\/\/heike-neumann.de\/?sdm_process_download=1&#038;download_id=818\" class=\"sdm_download green\" title=\"Wichtelzeitung und Hinweisschilder\" target=\"_blank\">Jetzt herunterladen!<\/a><\/span><\/div><\/div><div class=\"sdm_clear_float\"><\/div>\n\n<div class=\"sdm_download_item \"><div class=\"sdm_download_item_top\"><div class=\"sdm_download_thumbnail\"><\/div><div class=\"sdm_download_title\">Pilz-Wichtelh\u00e4uschen als Bilder<\/div><\/div><div style=\"clear:both;\"><\/div><div class=\"sdm_download_description\"><p><img loading=\"lazy\" decoding=\"async\" class=\"alignnone size-medium wp-image-798 aligncenter\" src=\"https:\/\/heike-neumann.de\/wp-content\/uploads\/2022\/11\/Pilzhaeuschen-212x300.jpg\" alt=\"\" width=\"212\" height=\"300\" srcset=\"https:\/\/heike-neumann.de\/wp-content\/uploads\/2022\/11\/Pilzhaeuschen-212x300.jpg 212w, https:\/\/heike-neumann.de\/wp-content\/uploads\/2022\/11\/Pilzhaeuschen.jpg 619w\" sizes=\"auto, (max-width: 212px) 100vw, 212px\" \/><\/p>\n<\/div><div class=\"sdm_download_link\"><span class=\"sdm_download_button\"><a href=\"https:\/\/heike-neumann.de\/?sdm_process_download=1&#038;download_id=806\" class=\"sdm_download green\" title=\"Pilz-Wichtelh\u00e4uschen als Bilder\" target=\"_blank\">Jetzt herunterladen!<\/a><\/span><\/div><\/div><div class=\"sdm_clear_float\"><\/div>\n\n<div class=\"sdm_download_item \"><div class=\"sdm_download_item_top\"><div class=\"sdm_download_thumbnail\"><\/div><div class=\"sdm_download_title\">Weihnachtsausgabe der Wichtelzeitung und Geschenkanh\u00e4nger<\/div><\/div><div style=\"clear:both;\"><\/div><div class=\"sdm_download_description\"><p><img loading=\"lazy\" decoding=\"async\" class=\"alignnone size-medium wp-image-848 aligncenter\" src=\"https:\/\/heike-neumann.de\/wp-content\/uploads\/2022\/11\/vorschaubild-Weihnachtszeitung-und-Geschenkanhaenger-213x300.jpg\" alt=\"\" width=\"213\" height=\"300\" srcset=\"https:\/\/heike-neumann.de\/wp-content\/uploads\/2022\/11\/vorschaubild-Weihnachtszeitung-und-Geschenkanhaenger-213x300.jpg 213w, https:\/\/heike-neumann.de\/wp-content\/uploads\/2022\/11\/vorschaubild-Weihnachtszeitung-und-Geschenkanhaenger.jpg 602w\" sizes=\"auto, (max-width: 213px) 100vw, 213px\" \/><\/p>\n<\/div><div class=\"sdm_download_link\"><span class=\"sdm_download_button\"><a href=\"https:\/\/heike-neumann.de\/?sdm_process_download=1&#038;download_id=850\" class=\"sdm_download green\" title=\"Weihnachtsausgabe der Wichtelzeitung und Geschenkanh\u00e4nger\" target=\"_blank\">Jetzt herunterladen!<\/a><\/span><\/div><\/div><div class=\"sdm_clear_float\"><\/div>\n\n<div class=\"sdm_download_item \"><div class=\"sdm_download_item_top\"><div class=\"sdm_download_thumbnail\"><\/div><div class=\"sdm_download_title\">Minib\u00fccher Sommer und Urlaubsgeschichten<\/div><\/div><div style=\"clear:both;\"><\/div><div class=\"sdm_download_description\"><p><img loading=\"lazy\" decoding=\"async\" class=\"alignnone size-medium wp-image-1513 aligncenter\" src=\"https:\/\/heike-neumann.de\/wp-content\/uploads\/2023\/06\/rueckseiten-vorschaubild-sommerurlaub-300x209.jpg\" alt=\"\" width=\"300\" height=\"209\" srcset=\"https:\/\/heike-neumann.de\/wp-content\/uploads\/2023\/06\/rueckseiten-vorschaubild-sommerurlaub-300x209.jpg 300w, https:\/\/heike-neumann.de\/wp-content\/uploads\/2023\/06\/rueckseiten-vorschaubild-sommerurlaub.jpg 543w\" sizes=\"auto, (max-width: 300px) 100vw, 300px\" \/><\/p>\n<\/div><div class=\"sdm_download_link\"><span class=\"sdm_download_button\"><a href=\"https:\/\/heike-neumann.de\/?sdm_process_download=1&#038;download_id=1512\" class=\"sdm_download green\" title=\"Minib\u00fccher Sommer und Urlaubsgeschichten\" target=\"_blank\">Jetzt herunterladen!<\/a><\/span><\/div><\/div><div class=\"sdm_clear_float\"><\/div>\n\n<div class=\"sdm_download_item \"><div class=\"sdm_download_item_top\"><div class=\"sdm_download_thumbnail\"><\/div><div class=\"sdm_download_title\">Minib\u00fccher Herbst in Pfifferlingen und Winter\/Weihnachten in Pfifferlingen<\/div><\/div><div style=\"clear:both;\"><\/div><div class=\"sdm_download_description\"><p><img loading=\"lazy\" decoding=\"async\" class=\"alignnone size-medium wp-image-1635 aligncenter\" src=\"https:\/\/heike-neumann.de\/wp-content\/uploads\/2023\/09\/herbst-WInter-Minubuch-vorschau-212x300.jpg\" alt=\"\" width=\"212\" height=\"300\" srcset=\"https:\/\/heike-neumann.de\/wp-content\/uploads\/2023\/09\/herbst-WInter-Minubuch-vorschau-212x300.jpg 212w, https:\/\/heike-neumann.de\/wp-content\/uploads\/2023\/09\/herbst-WInter-Minubuch-vorschau.jpg 536w\" sizes=\"auto, (max-width: 212px) 100vw, 212px\" \/><\/p>\n<\/div><div class=\"sdm_download_link\"><span class=\"sdm_download_button\"><a href=\"https:\/\/heike-neumann.de\/?sdm_process_download=1&#038;download_id=1634\" class=\"sdm_download green\" title=\"Minib\u00fccher Herbst in Pfifferlingen und Winter\/Weihnachten in Pfifferlingen\" target=\"_blank\">Jetzt herunterladen!<\/a><\/span><\/div><\/div><div class=\"sdm_clear_float\"><\/div>\n\n<div class=\"sdm_download_item \"><div class=\"sdm_download_item_top\"><div class=\"sdm_download_thumbnail\"><\/div><div class=\"sdm_download_title\">Wichtelzeugnis<\/div><\/div><div style=\"clear:both;\"><\/div><div class=\"sdm_download_description\"><p><img loading=\"lazy\" decoding=\"async\" class=\"alignnone size-medium wp-image-1688 aligncenter\" src=\"https:\/\/heike-neumann.de\/wp-content\/uploads\/2023\/11\/Zeungis-Vorschuabild-227x300.jpg\" alt=\"\" width=\"227\" height=\"300\" srcset=\"https:\/\/heike-neumann.de\/wp-content\/uploads\/2023\/11\/Zeungis-Vorschuabild-227x300.jpg 227w, https:\/\/heike-neumann.de\/wp-content\/uploads\/2023\/11\/Zeungis-Vorschuabild.jpg 519w\" sizes=\"auto, (max-width: 227px) 100vw, 227px\" \/><\/p>\n<\/div><div class=\"sdm_download_link\"><span class=\"sdm_download_button\"><a href=\"https:\/\/heike-neumann.de\/?sdm_process_download=1&#038;download_id=1687\" class=\"sdm_download green\" title=\"Wichtelzeugnis\" target=\"_blank\">Jetzt herunterladen!<\/a><\/span><\/div><\/div><div class=\"sdm_clear_float\"><\/div>\n\n<div class=\"sdm_download_item \"><div class=\"sdm_download_item_top\"><div class=\"sdm_download_thumbnail\"><\/div><div class=\"sdm_download_title\">Wenn der Wichtel\/die Wichtelfrau mal krank ist<\/div><\/div><div style=\"clear:both;\"><\/div><div class=\"sdm_download_description\"><p><img loading=\"lazy\" decoding=\"async\" class=\"alignnone size-medium wp-image-1790 aligncenter\" src=\"https:\/\/heike-neumann.de\/wp-content\/uploads\/2023\/12\/Screenshot-2023-12-11-202948-300x230.png\" alt=\"\" width=\"300\" height=\"230\" srcset=\"https:\/\/heike-neumann.de\/wp-content\/uploads\/2023\/12\/Screenshot-2023-12-11-202948-300x230.png 300w, https:\/\/heike-neumann.de\/wp-content\/uploads\/2023\/12\/Screenshot-2023-12-11-202948.png 712w\" sizes=\"auto, (max-width: 300px) 100vw, 300px\" \/><\/p>\n<\/div><div class=\"sdm_download_link\"><span class=\"sdm_download_button\"><a href=\"https:\/\/heike-neumann.de\/?sdm_process_download=1&#038;download_id=1792\" class=\"sdm_download green\" title=\"Wenn der Wichtel\/die Wichtelfrau mal krank ist\" target=\"_blank\">Jetzt herunterladen!<\/a><\/span><\/div><\/div><div class=\"sdm_clear_float\"><\/div>\n\n<div class=\"sdm_download_item \"><div class=\"sdm_download_item_top\"><div class=\"sdm_download_thumbnail\"><\/div><div class=\"sdm_download_title\">Minibuch Notizbuch &#038; Feen- und Elfengeschichten<\/div><\/div><div style=\"clear:both;\"><\/div><div class=\"sdm_download_description\"><p><img loading=\"lazy\" decoding=\"async\" class=\"alignnone size-medium wp-image-2112 aligncenter\" src=\"https:\/\/heike-neumann.de\/wp-content\/uploads\/2024\/08\/Vorschau-Notiz-und-FeenElfen-214x300.jpg\" alt=\"\" width=\"214\" height=\"300\" srcset=\"https:\/\/heike-neumann.de\/wp-content\/uploads\/2024\/08\/Vorschau-Notiz-und-FeenElfen-214x300.jpg 214w, https:\/\/heike-neumann.de\/wp-content\/uploads\/2024\/08\/Vorschau-Notiz-und-FeenElfen.jpg 462w\" sizes=\"auto, (max-width: 214px) 100vw, 214px\" \/><\/p>\n<\/div><div class=\"sdm_download_link\"><span class=\"sdm_download_button\"><a href=\"https:\/\/heike-neumann.de\/?sdm_process_download=1&#038;download_id=2111\" class=\"sdm_download green\" title=\"Minibuch Notizbuch &#038; Feen- und Elfengeschichten\" target=\"_blank\">Jetzt herunterladen!<\/a><\/span><\/div><\/div><div class=\"sdm_clear_float\"><\/div>\n\n<div class=\"sdm_download_item \"><div class=\"sdm_download_item_top\"><div class=\"sdm_download_thumbnail\"><\/div><div class=\"sdm_download_title\">Wichtel-Reisepass und Mietvertrag f\u00fcr magische Wesen<\/div><\/div><div style=\"clear:both;\"><\/div><div class=\"sdm_download_description\"><p><img loading=\"lazy\" decoding=\"async\" class=\"alignnone size-medium wp-image-2300 aligncenter\" src=\"https:\/\/heike-neumann.de\/wp-content\/uploads\/2024\/11\/Reisepass-213x300.png\" alt=\"\" width=\"213\" height=\"300\" srcset=\"https:\/\/heike-neumann.de\/wp-content\/uploads\/2024\/11\/Reisepass-213x300.png 213w, https:\/\/heike-neumann.de\/wp-content\/uploads\/2024\/11\/Reisepass.png 578w\" sizes=\"auto, (max-width: 213px) 100vw, 213px\" \/><\/p>\n<\/div><div class=\"sdm_download_link\"><span class=\"sdm_download_button\"><a href=\"https:\/\/heike-neumann.de\/?sdm_process_download=1&#038;download_id=2299\" class=\"sdm_download green\" title=\"Wichtel-Reisepass und Mietvertrag f\u00fcr magische Wesen\" target=\"_blank\">Jetzt herunterladen!<\/a><\/span><\/div><\/div><div class=\"sdm_clear_float\"><\/div>\n\n<div class=\"sdm_download_item \"><div class=\"sdm_download_item_top\"><div class=\"sdm_download_thumbnail\"><\/div><div class=\"sdm_download_title\">Schachspiel und M\u00fchle<\/div><\/div><div style=\"clear:both;\"><\/div><div class=\"sdm_download_description\"><p><img loading=\"lazy\" decoding=\"async\" class=\"alignnone size-medium wp-image-2321 aligncenter\" src=\"https:\/\/heike-neumann.de\/wp-content\/uploads\/2024\/11\/Muehle-und-schachspiel-vorschaubild-204x300.png\" alt=\"\" width=\"204\" height=\"300\" srcset=\"https:\/\/heike-neumann.de\/wp-content\/uploads\/2024\/11\/Muehle-und-schachspiel-vorschaubild-204x300.png 204w, https:\/\/heike-neumann.de\/wp-content\/uploads\/2024\/11\/Muehle-und-schachspiel-vorschaubild.png 313w\" sizes=\"auto, (max-width: 204px) 100vw, 204px\" \/><\/p>\n<\/div><div class=\"sdm_download_link\"><span class=\"sdm_download_button\"><a href=\"https:\/\/heike-neumann.de\/?sdm_process_download=1&#038;download_id=2320\" class=\"sdm_download green\" title=\"Schachspiel und M\u00fchle\" target=\"_blank\">Jetzt herunterladen!<\/a><\/span><\/div><\/div><div class=\"sdm_clear_float\"><\/div>\n\n<div class=\"sdm_download_item \"><div class=\"sdm_download_item_top\"><div class=\"sdm_download_thumbnail\"><\/div><div class=\"sdm_download_title\">Hinweisschilder<\/div><\/div><div style=\"clear:both;\"><\/div><div class=\"sdm_download_description\"><p><img loading=\"lazy\" decoding=\"async\" class=\"alignnone size-medium wp-image-2318 aligncenter\" src=\"https:\/\/heike-neumann.de\/wp-content\/uploads\/2024\/11\/schilder-vorschaubild-210x300.png\" alt=\"\" width=\"210\" height=\"300\" srcset=\"https:\/\/heike-neumann.de\/wp-content\/uploads\/2024\/11\/schilder-vorschaubild-210x300.png 210w, https:\/\/heike-neumann.de\/wp-content\/uploads\/2024\/11\/schilder-vorschaubild.png 311w\" sizes=\"auto, (max-width: 210px) 100vw, 210px\" \/><\/p>\n<\/div><div class=\"sdm_download_link\"><span class=\"sdm_download_button\"><a href=\"https:\/\/heike-neumann.de\/?sdm_process_download=1&#038;download_id=2317\" class=\"sdm_download green\" title=\"Hinweisschilder\" target=\"_blank\">Jetzt herunterladen!<\/a><\/span><\/div><\/div><div class=\"sdm_clear_float\"><\/div>","protected":false},"excerpt":{"rendered":"","protected":false},"author":1,"featured_media":0,"parent":0,"menu_order":0,"comment_status":"closed","ping_status":"closed","template":"","meta":{"footnotes":""},"class_list":["post-971","page","type-page","status-publish","hentry"],"_links":{"self":[{"href":"https:\/\/heike-neumann.de\/index.php\/wp-json\/wp\/v2\/pages\/971","targetHints":{"allow":["GET"]}}],"collection":[{"href":"https:\/\/heike-neumann.de\/index.php\/wp-json\/wp\/v2\/pages"}],"about":[{"href":"https:\/\/heike-neumann.de\/index.php\/wp-json\/wp\/v2\/types\/page"}],"author":[{"embeddable":true,"href":"https:\/\/heike-neumann.de\/index.php\/wp-json\/wp\/v2\/users\/1"}],"replies":[{"embeddable":true,"href":"https:\/\/heike-neumann.de\/index.php\/wp-json\/wp\/v2\/comments?post=971"}],"version-history":[{"count":11,"href":"https:\/\/heike-neumann.de\/index.php\/wp-json\/wp\/v2\/pages\/971\/revisions"}],"predecessor-version":[{"id":2327,"href":"https:\/\/heike-neumann.de\/index.php\/wp-json\/wp\/v2\/pages\/971\/revisions\/2327"}],"wp:attachment":[{"href":"https:\/\/heike-neumann.de\/index.php\/wp-json\/wp\/v2\/media?parent=971"}],"curies":[{"name":"wp","href":"https:\/\/api.w.org\/{rel}","templated":true}]}}