{"id":772,"date":"2023-01-01T21:02:12","date_gmt":"2023-01-01T19:02:12","guid":{"rendered":"https:\/\/heike-neumann.de\/?page_id=772"},"modified":"2024-05-30T17:40:43","modified_gmt":"2024-05-30T15:40:43","slug":"projekte-die-aufmerksamkeit-verdienen","status":"publish","type":"page","link":"https:\/\/heike-neumann.de\/index.php\/projekte-die-aufmerksamkeit-verdienen\/","title":{"rendered":"Projekte, die Aufmerksamkeit verdienen"},"content":{"rendered":"\n<div style=\"height:31px\" aria-hidden=\"true\" class=\"wp-block-spacer\"><\/div>\n\n\n\n<p>Ideen zur Nachhaltigkeit, Menschlichkeit, Teilhabe, Hilfe zur Selbsthilfe und einfach gute Herzensprojekte &#8211; das soll hier einen Platz finden. <\/p>\n\n\n\n<p>Alle diese Seiten verdienen Aufmerksamkeit und d\u00fcrfen gerne auf die eine oder andere Weise unterst\u00fctzt werden. Es muss nicht immer eine finanzielle Hilfe sein, auch Gespr\u00e4che dar\u00fcber, Verbreitung und das Wissen dar\u00fcber ist eine gute Sache!<br> <\/p>\n\n\n\n<p>https:\/\/www.onedollarglasses.org\/<br>https:\/\/dein-sternenkind.eu\/index.php<br>https:\/\/www.trauerland.org\/<br>https:\/\/apopo.org\/<br>https:\/\/www.maedchenhaus-bremen.de\/<br>https:\/\/www.suppenengel.de\/<br>https:\/\/loewenherz.de\/<br>https:\/\/www.exit-deutschland.de\/<br>https:\/\/www.aidshilfe-bremen.de\/index.php<br>https:\/\/www.tasso.net\/<\/p>\n\n\n\n<p>https:\/\/familiennetz-bremen.de\/veranstaltungen\/sozialkaufhaus-marktplatz-der-begegnung\/<br>https:\/\/familiennetz-bremen.de\/veranstaltungen\/esf-face-to-face\/<\/p>\n","protected":false},"excerpt":{"rendered":"<p>Ideen zur Nachhaltigkeit, Menschlichkeit, Teilhabe, Hilfe zur Selbsthilfe und einfach gute Herzensprojekte &#8211; das soll hier einen Platz finden. Alle diese Seiten verdienen Aufmerksamkeit und d\u00fcrfen gerne auf die eine oder andere Weise unterst\u00fctzt werden. Es muss nicht immer eine finanzielle Hilfe sein, auch Gespr\u00e4che dar\u00fcber, Verbreitung und das Wissen dar\u00fcber ist eine gute Sache! https:\/\/www.onedollarglasses.org\/https:\/\/dein-sternenkind.eu\/index.phphttps:\/\/www.trauerland.org\/https:\/\/apopo.org\/https:\/\/www.maedchenhaus-bremen.de\/https:\/\/www.suppenengel.de\/https:\/\/loewenherz.de\/https:\/\/www.exit-deutschland.de\/https:\/\/www.aidshilfe-bremen.de\/index.phphttps:\/\/www.tasso.net\/ https:\/\/familiennetz-bremen.de\/veranstaltungen\/sozialkaufhaus-marktplatz-der-begegnung\/https:\/\/familiennetz-bremen.de\/veranstaltungen\/esf-face-to-face\/<\/p>\n","protected":false},"author":1,"featured_media":0,"parent":0,"menu_order":0,"comment_status":"closed","ping_status":"closed","template":"","meta":{"footnotes":""},"class_list":["post-772","page","type-page","status-publish","hentry"],"_links":{"self":[{"href":"https:\/\/heike-neumann.de\/index.php\/wp-json\/wp\/v2\/pages\/772","targetHints":{"allow":["GET"]}}],"collection":[{"href":"https:\/\/heike-neumann.de\/index.php\/wp-json\/wp\/v2\/pages"}],"about":[{"href":"https:\/\/heike-neumann.de\/index.php\/wp-json\/wp\/v2\/types\/page"}],"author":[{"embeddable":true,"href":"https:\/\/heike-neumann.de\/index.php\/wp-json\/wp\/v2\/users\/1"}],"replies":[{"embeddable":true,"href":"https:\/\/heike-neumann.de\/index.php\/wp-json\/wp\/v2\/comments?post=772"}],"version-history":[{"count":7,"href":"https:\/\/heike-neumann.de\/index.php\/wp-json\/wp\/v2\/pages\/772\/revisions"}],"predecessor-version":[{"id":1937,"href":"https:\/\/heike-neumann.de\/index.php\/wp-json\/wp\/v2\/pages\/772\/revisions\/1937"}],"wp:attachment":[{"href":"https:\/\/heike-neumann.de\/index.php\/wp-json\/wp\/v2\/media?parent=772"}],"curies":[{"name":"wp","href":"https:\/\/api.w.org\/{rel}","templated":true}]}}