{"id":75,"date":"2022-06-24T15:50:59","date_gmt":"2022-06-24T15:50:59","guid":{"rendered":"https:\/\/heike-neumann.de\/?page_id=75"},"modified":"2022-11-08T15:15:02","modified_gmt":"2022-11-08T13:15:02","slug":"ab-ins-bett","status":"publish","type":"page","link":"https:\/\/heike-neumann.de\/index.php\/kurzgeschichten-fuer-kinder\/ab-ins-bett\/","title":{"rendered":"Traumreime"},"content":{"rendered":"\n<div style=\"height:22px\" aria-hidden=\"true\" class=\"wp-block-spacer\"><\/div>\n\n\n\n<p>Hier findet ihr ausgew\u00e4hlte Gedichte zu den Themen &#8222;Schlaf&#8220; und &#8222;Tr\u00e4umen&#8220;<br>Die anderen sind in dem Buch &#8222;Traumreime&#8220; mit 18 Ausmalbildern ver\u00f6ffentlicht<\/p>\n\n\n\n<p><a href=\"https:\/\/heike-neumann.de\/index.php\/kinderbuecher\/traumreime\/\">Hier gehts zum Buch<\/a><\/p>\n\n\n\n<p><a href=\"https:\/\/heike-neumann.de\/index.php\/kurzgeschichten-fuer-kinder\/ab-ins-bett\/\">Hier gibt es die Ausmalbilder <\/a><br><\/p>\n\n\n\n<div style=\"height:31px\" aria-hidden=\"true\" class=\"wp-block-spacer\"><\/div>\n\n\n\n<p>Katzentr\u00e4ume<\/p>\n\n\n\n<p>Schau einmal: Zwei Katzen tr\u00e4umen<br>von Kuchenst\u00fccken an den B\u00e4umen,<br>von Sternen aus Geschenkpapier<br>und sieh, die getupfte Blume hier!<br>Von weichen Steinen wie ein Bett<br>und volle N\u00e4pfe, oh, wie nett!<br>Von rosa-gelbem Wolkenschaum,<br>so ein verr\u00fcckter Katzentraum!<\/p>\n\n\n\n<p>Guck dir eine schlafende Katze mal an.<br>Ob sie auch so etwas Tolles tr\u00e4umen kann?<\/p>\n\n\n\n<p><\/p>\n\n\n\n<div style=\"height:31px\" aria-hidden=\"true\" class=\"wp-block-spacer\"><\/div>\n\n\n\n<p>Dr\u00f6lfunddreissig bunte Igel<\/p>\n\n\n\n<p>Dr\u00f6lfunddreissig bunte Igel<br>schauen in den Zauberspiegel.<br>Und sie machen wilde Sachen,<br>h\u00f6ren nicht mehr auf zu lachen!<br>Toben, tanzen, h\u00fcpfen, springen,<br>wollen laute Lieder singen.<br>Doch es klopft laut 1-2-3.<br>Nun ist Spa\u00df leider vorbei.<br>Die Igelmutter kommt herein<br>und sagt: \u201eIhr sollt h\u00fcbsch artig sein!<br>Husch husch zur\u00fcck, das w\u00e4re nett,<br>ein K\u00fcsschen noch im Kuschelbett.\u201c<\/p>\n\n\n\n<p>Dr\u00f6lfunddreissig m\u00fcde Igel<br>tr\u00e4umen noch vom Zauberspiegel<\/p>\n\n\n\n<div style=\"height:40px\" aria-hidden=\"true\" class=\"wp-block-spacer\"><\/div>\n\n\n\n<p>Tom, der Nilpferdflieger<br><br>&#8222;Achja, ich m\u00f6chte fliegen lernen,<br>bis nach oben zu den Sternen.<br>Von oben seh ich dann die Welt,<br>ich fliege bis zum Himmelszelt&#8220;<br>Ganz laut g\u00e4hnt Tom, der Nilpferdmann<br>und schaut, was er im Traum nun kann:<br>Er h\u00fcpft und springt und glaubt es kaum:<br>Fliegt hoch und landet weich auf Wolkenschaum.<br>Er riecht und schmeckt und staunt nicht schlecht:<br>Aus Zuckerwatte sind die Wolken, echt!<\/p>\n\n\n\n<p>Ganz weich und fluffig, s\u00fc\u00df und fein,<br>so kann es nur im Himmel sein!<\/p>\n\n\n\n<p>Das hatte er sich immer schon gedacht<br>und der Traum hat es zur Wirklichkeit gemacht!<\/p>\n\n\n\n<div style=\"height:35px\" aria-hidden=\"true\" class=\"wp-block-spacer\"><\/div>\n\n\n\n<p>Burgfr\u00e4uleins Gast<br><br>Was macht denn das Gespensterchen<br>da drau\u00dfen an dem Fensterchen?<br>Es guckt ganz lieb und m\u00f6cht&#8216; hinein.<br>Was wird da wohl geschehen sein?<br>\u201eKomm rein, die Sonne geht schon auf,<br>doch du kommst nicht auf den Turm hinauf?<br>Du bist zu m\u00fcde, magst schlafen hier?<br>Na, komm mal her, f\u00fchl dich wohl bei mir.<br>Kuschel dich doch ins Bett, ich steh ja jetzt auf.<br>Ich leg auch noch sch\u00f6n die Decke dann drauf.<br>Und heute Abend kannst du wieder fliegen,<br>deine Runden um die Burgt\u00fcrme biegen.<br><br>Wenn ich dann schlafe, kannst du heulen und singen<br>und den anderen Gespensterchen Gr\u00fc\u00dfe von mir bringen.\u201c<\/p>\n","protected":false},"excerpt":{"rendered":"<p>Hier findet ihr ausgew\u00e4hlte Gedichte zu den Themen &#8222;Schlaf&#8220; und &#8222;Tr\u00e4umen&#8220;Die anderen sind in dem Buch &#8222;Traumreime&#8220; mit 18 Ausmalbildern ver\u00f6ffentlicht Hier gehts zum Buch Hier gibt es die Ausmalbilder Katzentr\u00e4ume Schau einmal: Zwei Katzen tr\u00e4umenvon Kuchenst\u00fccken an den B\u00e4umen,von Sternen aus Geschenkpapierund sieh, die getupfte Blume hier!Von weichen Steinen wie ein Bettund volle N\u00e4pfe, oh, wie nett!Von rosa-gelbem Wolkenschaum,so ein verr\u00fcckter Katzentraum! Guck dir eine schlafende Katze mal an.Ob sie auch so etwas Tolles tr\u00e4umen kann? Dr\u00f6lfunddreissig bunte Igel Dr\u00f6lfunddreissig bunte Igelschauen in den Zauberspiegel.Und sie machen wilde Sachen,h\u00f6ren nicht mehr auf zu lachen!Toben, tanzen, h\u00fcpfen, springen,wollen laute Lieder singen.Doch es klopft laut 1-2-3.Nun ist Spa\u00df leider vorbei.Die Igelmutter kommt hereinund sagt: \u201eIhr sollt h\u00fcbsch artig sein!Husch husch zur\u00fcck, das w\u00e4re nett,ein K\u00fcsschen noch im Kuschelbett.\u201c Dr\u00f6lfunddreissig m\u00fcde Igeltr\u00e4umen noch vom Zauberspiegel Tom, der Nilpferdflieger &#8222;Achja, ich m\u00f6chte fliegen lernen,bis nach oben zu den Sternen.Von oben seh ich dann die Welt,ich fliege bis zum Himmelszelt&#8220;Ganz laut g\u00e4hnt Tom, der Nilpferdmannund schaut, was er im Traum nun kann:Er h\u00fcpft und springt und glaubt es kaum:Fliegt hoch und landet weich auf Wolkenschaum.Er riecht und schmeckt und staunt nicht schlecht:Aus Zuckerwatte sind die Wolken, echt! Ganz weich und fluffig, s\u00fc\u00df und fein,so kann es nur im Himmel sein! Das hatte er sich immer schon gedachtund der Traum hat es zur Wirklichkeit gemacht! Burgfr\u00e4uleins Gast Was macht denn das Gespensterchenda drau\u00dfen an dem Fensterchen?Es guckt ganz lieb und m\u00f6cht&#8216; hinein.Was wird da wohl geschehen sein?\u201eKomm rein, die Sonne geht schon auf,doch du kommst nicht auf den Turm hinauf?Du bist zu m\u00fcde, magst schlafen hier?Na, komm mal her, f\u00fchl dich wohl bei mir.Kuschel dich doch ins Bett, ich steh ja jetzt auf.Ich leg auch noch sch\u00f6n die Decke dann drauf.Und heute Abend kannst du wieder fliegen,deine Runden um die Burgt\u00fcrme biegen. Wenn ich dann schlafe, kannst du heulen und singenund den anderen Gespensterchen Gr\u00fc\u00dfe von mir bringen.\u201c<\/p>\n","protected":false},"author":1,"featured_media":0,"parent":25,"menu_order":3,"comment_status":"closed","ping_status":"closed","template":"","meta":{"footnotes":""},"class_list":["post-75","page","type-page","status-publish","hentry"],"_links":{"self":[{"href":"https:\/\/heike-neumann.de\/index.php\/wp-json\/wp\/v2\/pages\/75","targetHints":{"allow":["GET"]}}],"collection":[{"href":"https:\/\/heike-neumann.de\/index.php\/wp-json\/wp\/v2\/pages"}],"about":[{"href":"https:\/\/heike-neumann.de\/index.php\/wp-json\/wp\/v2\/types\/page"}],"author":[{"embeddable":true,"href":"https:\/\/heike-neumann.de\/index.php\/wp-json\/wp\/v2\/users\/1"}],"replies":[{"embeddable":true,"href":"https:\/\/heike-neumann.de\/index.php\/wp-json\/wp\/v2\/comments?post=75"}],"version-history":[{"count":14,"href":"https:\/\/heike-neumann.de\/index.php\/wp-json\/wp\/v2\/pages\/75\/revisions"}],"predecessor-version":[{"id":766,"href":"https:\/\/heike-neumann.de\/index.php\/wp-json\/wp\/v2\/pages\/75\/revisions\/766"}],"up":[{"embeddable":true,"href":"https:\/\/heike-neumann.de\/index.php\/wp-json\/wp\/v2\/pages\/25"}],"wp:attachment":[{"href":"https:\/\/heike-neumann.de\/index.php\/wp-json\/wp\/v2\/media?parent=75"}],"curies":[{"name":"wp","href":"https:\/\/api.w.org\/{rel}","templated":true}]}}