{"id":721,"date":"2022-11-04T15:44:04","date_gmt":"2022-11-04T13:44:04","guid":{"rendered":"https:\/\/heike-neumann.de\/?page_id=721"},"modified":"2022-11-04T15:48:02","modified_gmt":"2022-11-04T13:48:02","slug":"zachaeus-aus-der-sicht-einer-taube","status":"publish","type":"page","link":"https:\/\/heike-neumann.de\/index.php\/kurzgeschichten-fuer-kinder\/zachaeus-aus-der-sicht-einer-taube\/","title":{"rendered":"Zach\u00e4us aus der Sicht einer Taube"},"content":{"rendered":"\n<p>Der Mann auf dem Maulbeerbaum<\/p>\n\n\n\n<p>Flapp \u2013 Flapp \u2013 Flapp! Die kleine Taube Mirjam flatterte erschreckt hoch! Da war pl\u00f6tzlich eine Hand auf dem Baum aufgetaucht. Direkt neben ihr! Auf IHREM Maulbeerbaum! Und an der Hand, die sich da gerade an einem Ast festhielt, war ein Arm und sogar ein ganzer Mensch dran! Mirjam zog sich in das Bl\u00e4tterdach zur\u00fcck. Da war doch tats\u00e4chlich ein Mensch, ein erwachsener Mann, auf ihrem Baum! Dass Kinder hier bei ihrem Baum spielten und hinaufkletterten, das kannte sie ja, aber gleich ein ganzer gro\u00dfer Mann? Was wollte der denn hier? Spielte der etwa Verstecken? Mirjam machte ihren Hals so lang sie konnte und besah sich ihren ungebeteten Gast. Sie hatte ihn doch schonmal gesehen, oder? Er trug einen langen dunkelroten Mantel, der kunstvoll bestickt war. Der Mann musste also Geld haben, denn so ein Stoff war teuer. Was wollte der hier? Der Mann beachtete sie nicht, sondern starrte hinunter auf den Weg, der direkt am Baum entlangf\u00fchrte.<br>Mirjam war das etwas unheimlich und machte sich bereit zum Starten. Sie w\u00fcrde sicher Unterschlupf bei ihrem Freund, der Taube Jonathan, finden. Jonathan wohnte in einem Baum an der Stadtmauer, direkt am gro\u00dfen Stadttor. Mirjam schlug mit den Fl\u00fcgeln \u2013 und prallte pl\u00f6tzlich zur\u00fcck. Ihr Freund Jonathan landete recht ungelenk neben ihr. Fast h\u00e4tte es einen Taubenunfall in der Luft gegeben. Aber nun war ja alles nochmal gutgegangen. Mirjam zeterte los: \u201eWas soll das denn? Mich einfach so umzuflattern! Ich wollte doch gerade losfliegen, zu dir!\u201c \u201eJonathan schnaufte noch etwas vom schnellen Flug und der holprigen Landung. \u201eTschuldigung\u201c, gurrte er. \u201eIch muss dir un-be-dingt was spannendes erz\u00e4hlen!\u201c Oh! Spannende Geschichten h\u00f6rte Mirjam immer gerne. Sie legte ihre Fl\u00fcgel nochmal glatt auf ihren R\u00fccken und sah ihren Freund an: \u201eNa los! Ich bin ganz Ohr.\u201c \u201eDu kennst doch Zach\u00e4us, den Z\u00f6llner, oder?\u201c Mirjam kniff ihre Tauben\u00e4uglein zusammen. \u201eVielleicht\u2026\u201c gurrte sie. \u201eDoch, den hast du schonmal gesehen, ganz bestimmt! Er tr\u00e4gt immer so schicke Umh\u00e4nge, hat ziemlich viel Geld. Naja, er nimmt auch mehr Steuern, als er darf und das landet dann in seiner Tasche. Schneller, als du flattern kannst!\u201c Jonathan machte eine Pause. \u201eNaja, jedenfalls hat dieser Zach\u00e4us heute mitbekommen, dass Jesus in der Stadt ist. H\u00f6rst du? JESUS!!!\u201c Mirjam blickte ihren Freund erwartungsvoll an. Ja, von Jesus hatte selbst sie schon geh\u00f6rt. \u201eJedenfalls ist Zach\u00e4us mit seinem roten Mantel heute zu den Menschen gelaufen, die um Jesus herumstanden und wollte auch zu ihm. Ging aber nicht. Er war zu klein und die anderen Leute lie\u00dfen ihn nicht durch. Kein Wunder, er ist auch echt unbeliebt in der Stadt, dieser Z\u00f6llner.\u201c Jonathan atmete einmal tief ein und fuhr dann fort: \u201eNaja und dann ist er weggelaufen. Immer dem Weg lang. Hier, in deine Richtung!\u201c Mirjam machte nun gro\u00dfe Tauben\u00e4uglein und schob mit dem Fl\u00fcgel die Bl\u00e4tter neben sich zur Seite, so dass der Blick auf den Mann im Baum frei wurde. Sie sahen zu ihm, der da immernoch bewegungslos im Baum sa\u00df. \u201eMeinst du den da?\u201c fragte Mirjam. Ja, der kam hier pl\u00f6tzlich auf meinen Baum geklettert und sitzt seit dem bewegungslos da und starrt auf den Weg. Jonathan \u00fcberlegte: \u201eNaja, diesen Weg muss Jesus langkommen\u201c. Die beiden Tauben schwiegen und sahen zu, was geschah:<\/p>\n\n\n\n<p>Jesus kam und mit ihm die ganze Menschenmenge. Aber er ging nicht vor\u00fcber, sondern blieb direkt an dem Baum stehen und sah Zach\u00e4us an. \u201eDu bist Zach\u00e4us, der Z\u00f6llner, oder?\u201c Der Mann im Baum nickte. \u201eKomm runter, Zach\u00e4us. Ich m\u00f6chte heute in deinem Haus zu Gast sein. Lass uns essen und reden.\u201c Sehr schnell war der Z\u00f6llner vom Baum geklettert und Mirjam atmete auf. Ihr Baum war wieder menschenfrei!<br>Doch Jonathan dr\u00e4ngt: \u201eLass uns auch dorthin fliegen! Ich will wissen, was die reden! Was f\u00fcr eine Ehre f\u00fcr Zach\u00e4us, dass Jesus gerade bei IHM essen will!\u201c Die beiden Tauben flatterten los.<\/p>\n\n\n\n<p>Sie mussten noch etwas warten, bis die vielen Menschen, die nat\u00fcrlich nicht alle zu Zach\u00e4us zu Gast waren, sich auf den Weg zu ihren H\u00e4usern gemacht hatten. Dann landeten die beiden etwas versteckt in einem Lavendelstrauch am Fensterbrett. Sie spitzen die Taubenohren und versuchten, etwas vom Gespr\u00e4ch drinnen mitzubekommen. \u201eDu hast Recht, Jesus\u201c h\u00f6rten sie Zach\u00e4us sagen. \u201eDas, was ich gemacht habe, war falsch. Ich m\u00f6chte es wieder gutmachen. Ich gebe den Menschen, die zu viel bezahlt haben, ihr Geld zur\u00fcck. Und die H\u00e4lfte von meinem Geld gebe ich den Armen.\u201c Dann war einen Augenblick Ruhe. Dann sprach Jesus und die beiden Tauben konnten an seiner Stimme h\u00f6ren, dass er l\u00e4chelte. \u201eIch freue mich dar\u00fcber, Zach\u00e4us! Es ist sch\u00f6n, dass einsiehst, dass du einen Fehler gemacht hast und ihn wieder gutmachen willst. Gott freut sich \u00fcber dich und l\u00e4d dich immerwieder ein, zu ihm zu kommen, weil du ihm wichtig bist.\u201c Dann ging die T\u00fcr auf. Mirjam und Jonathan flatterten auf und konnten nichts mehr verstehen. Sie machten sich wieder auf den Weg zum Maulbeerbaum. \u201eMeinst du, Zach\u00e4us hat sein Versprechen gehalten?\u201c fragte Mirjam. Jonathan dachte nach. \u201eIch glaube schon. Er hat bestimmt ehrlich eingesehen, dass er einen Fehler gemacht hat. Er m\u00f6chte wieder zu Gott kommen, das glaube ich ganz bestimmt!\u201c<\/p>\n\n\n\n<figure class=\"wp-block-image size-large\"><img loading=\"lazy\" decoding=\"async\" width=\"1024\" height=\"726\" src=\"https:\/\/heike-neumann.de\/wp-content\/uploads\/2022\/11\/Ausmalbild-Zachaeus-1024x726.jpeg\" alt=\"\" class=\"wp-image-725\" srcset=\"https:\/\/heike-neumann.de\/wp-content\/uploads\/2022\/11\/Ausmalbild-Zachaeus-1024x726.jpeg 1024w, https:\/\/heike-neumann.de\/wp-content\/uploads\/2022\/11\/Ausmalbild-Zachaeus-300x213.jpeg 300w, https:\/\/heike-neumann.de\/wp-content\/uploads\/2022\/11\/Ausmalbild-Zachaeus-768x544.jpeg 768w, https:\/\/heike-neumann.de\/wp-content\/uploads\/2022\/11\/Ausmalbild-Zachaeus-1536x1088.jpeg 1536w, https:\/\/heike-neumann.de\/wp-content\/uploads\/2022\/11\/Ausmalbild-Zachaeus-2048x1451.jpeg 2048w, https:\/\/heike-neumann.de\/wp-content\/uploads\/2022\/11\/Ausmalbild-Zachaeus-1140x808.jpeg 1140w\" sizes=\"auto, (max-width: 1024px) 100vw, 1024px\" \/><\/figure>\n","protected":false},"excerpt":{"rendered":"<p>Der Mann auf dem Maulbeerbaum Flapp \u2013 Flapp \u2013 Flapp! Die kleine Taube Mirjam flatterte erschreckt hoch! Da war pl\u00f6tzlich eine Hand auf dem Baum aufgetaucht. Direkt neben ihr! Auf IHREM Maulbeerbaum! Und an der Hand, die sich da gerade an einem Ast festhielt, war ein Arm und sogar ein ganzer Mensch dran! Mirjam zog sich in das Bl\u00e4tterdach zur\u00fcck. Da war doch tats\u00e4chlich ein Mensch, ein erwachsener Mann, auf ihrem Baum! Dass Kinder hier bei ihrem Baum spielten und hinaufkletterten, das kannte sie ja, aber gleich ein ganzer gro\u00dfer Mann? Was wollte der denn hier? Spielte der etwa Verstecken? Mirjam machte ihren Hals so lang sie konnte und besah sich ihren ungebeteten Gast. Sie hatte ihn doch schonmal gesehen, oder? Er trug einen langen dunkelroten Mantel, der kunstvoll bestickt war. Der Mann musste also Geld haben, denn so ein Stoff war teuer. Was wollte der hier? Der Mann beachtete sie nicht, sondern starrte hinunter auf den Weg, der direkt am Baum entlangf\u00fchrte.Mirjam war das etwas unheimlich und machte sich bereit zum Starten. Sie w\u00fcrde sicher Unterschlupf bei ihrem Freund, der Taube Jonathan, finden. Jonathan wohnte in einem Baum an der Stadtmauer, direkt am gro\u00dfen Stadttor. Mirjam schlug mit den Fl\u00fcgeln \u2013 und prallte pl\u00f6tzlich zur\u00fcck. Ihr Freund Jonathan landete recht ungelenk neben ihr. Fast h\u00e4tte es einen Taubenunfall in der Luft gegeben. Aber nun war ja alles nochmal gutgegangen. Mirjam zeterte los: \u201eWas soll das denn? Mich einfach so umzuflattern! Ich wollte doch gerade losfliegen, zu dir!\u201c \u201eJonathan schnaufte noch etwas vom schnellen Flug und der holprigen Landung. \u201eTschuldigung\u201c, gurrte er. \u201eIch muss dir un-be-dingt was spannendes erz\u00e4hlen!\u201c Oh! Spannende Geschichten h\u00f6rte Mirjam immer gerne. Sie legte ihre Fl\u00fcgel nochmal glatt auf ihren R\u00fccken und sah ihren Freund an: \u201eNa los! Ich bin ganz Ohr.\u201c \u201eDu kennst doch Zach\u00e4us, den Z\u00f6llner, oder?\u201c Mirjam kniff ihre Tauben\u00e4uglein zusammen. \u201eVielleicht\u2026\u201c gurrte sie. \u201eDoch, den hast du schonmal gesehen, ganz bestimmt! Er tr\u00e4gt immer so schicke Umh\u00e4nge, hat ziemlich viel Geld. Naja, er nimmt auch mehr Steuern, als er darf und das landet dann in seiner Tasche. Schneller, als du flattern kannst!\u201c Jonathan machte eine Pause. \u201eNaja, jedenfalls hat dieser Zach\u00e4us heute mitbekommen, dass Jesus in der Stadt ist. H\u00f6rst du? JESUS!!!\u201c Mirjam blickte ihren Freund erwartungsvoll an. Ja, von Jesus hatte selbst sie schon geh\u00f6rt. \u201eJedenfalls ist Zach\u00e4us mit seinem roten Mantel heute zu den Menschen gelaufen, die um Jesus herumstanden und wollte auch zu ihm. Ging aber nicht. Er war zu klein und die anderen Leute lie\u00dfen ihn nicht durch. Kein Wunder, er ist auch echt unbeliebt in der Stadt, dieser Z\u00f6llner.\u201c Jonathan atmete einmal tief ein und fuhr dann fort: \u201eNaja und dann ist er weggelaufen. Immer dem Weg lang. Hier, in deine Richtung!\u201c Mirjam machte nun gro\u00dfe Tauben\u00e4uglein und schob mit dem Fl\u00fcgel die Bl\u00e4tter neben sich zur Seite, so dass der Blick auf den Mann im Baum frei wurde. Sie sahen zu ihm, der da immernoch bewegungslos im Baum sa\u00df. \u201eMeinst du den da?\u201c fragte Mirjam. Ja, der kam hier pl\u00f6tzlich auf meinen Baum geklettert und sitzt seit dem bewegungslos da und starrt auf den Weg. Jonathan \u00fcberlegte: \u201eNaja, diesen Weg muss Jesus langkommen\u201c. Die beiden Tauben schwiegen und sahen zu, was geschah: Jesus kam und mit ihm die ganze Menschenmenge. Aber er ging nicht vor\u00fcber, sondern blieb direkt an dem Baum stehen und sah Zach\u00e4us an. \u201eDu bist Zach\u00e4us, der Z\u00f6llner, oder?\u201c Der Mann im Baum nickte. \u201eKomm runter, Zach\u00e4us. Ich m\u00f6chte heute in deinem Haus zu Gast sein. Lass uns essen und reden.\u201c Sehr schnell war der Z\u00f6llner vom Baum geklettert und Mirjam atmete auf. Ihr Baum war wieder menschenfrei!Doch Jonathan dr\u00e4ngt: \u201eLass uns auch dorthin fliegen! Ich will wissen, was die reden! Was f\u00fcr eine Ehre f\u00fcr Zach\u00e4us, dass Jesus gerade bei IHM essen will!\u201c Die beiden Tauben flatterten los. Sie mussten noch etwas warten, bis die vielen Menschen, die nat\u00fcrlich nicht alle zu Zach\u00e4us zu Gast waren, sich auf den Weg zu ihren H\u00e4usern gemacht hatten. Dann landeten die beiden etwas versteckt in einem Lavendelstrauch am Fensterbrett. Sie spitzen die Taubenohren und versuchten, etwas vom Gespr\u00e4ch drinnen mitzubekommen. \u201eDu hast Recht, Jesus\u201c h\u00f6rten sie Zach\u00e4us sagen. \u201eDas, was ich gemacht habe, war falsch. Ich m\u00f6chte es wieder gutmachen. Ich gebe den Menschen, die zu viel bezahlt haben, ihr Geld zur\u00fcck. Und die H\u00e4lfte von meinem Geld gebe ich den Armen.\u201c Dann war einen Augenblick Ruhe. Dann sprach Jesus und die beiden Tauben konnten an seiner Stimme h\u00f6ren, dass er l\u00e4chelte. \u201eIch freue mich dar\u00fcber, Zach\u00e4us! Es ist sch\u00f6n, dass einsiehst, dass du einen Fehler gemacht hast und ihn wieder gutmachen willst. Gott freut sich \u00fcber dich und l\u00e4d dich immerwieder ein, zu ihm zu kommen, weil du ihm wichtig bist.\u201c Dann ging die T\u00fcr auf. Mirjam und Jonathan flatterten auf und konnten nichts mehr verstehen. Sie machten sich wieder auf den Weg zum Maulbeerbaum. \u201eMeinst du, Zach\u00e4us hat sein Versprechen gehalten?\u201c fragte Mirjam. Jonathan dachte nach. \u201eIch glaube schon. Er hat bestimmt ehrlich eingesehen, dass er einen Fehler gemacht hat. Er m\u00f6chte wieder zu Gott kommen, das glaube ich ganz bestimmt!\u201c<\/p>\n","protected":false},"author":1,"featured_media":0,"parent":25,"menu_order":0,"comment_status":"closed","ping_status":"closed","template":"","meta":{"footnotes":""},"class_list":["post-721","page","type-page","status-publish","hentry"],"_links":{"self":[{"href":"https:\/\/heike-neumann.de\/index.php\/wp-json\/wp\/v2\/pages\/721","targetHints":{"allow":["GET"]}}],"collection":[{"href":"https:\/\/heike-neumann.de\/index.php\/wp-json\/wp\/v2\/pages"}],"about":[{"href":"https:\/\/heike-neumann.de\/index.php\/wp-json\/wp\/v2\/types\/page"}],"author":[{"embeddable":true,"href":"https:\/\/heike-neumann.de\/index.php\/wp-json\/wp\/v2\/users\/1"}],"replies":[{"embeddable":true,"href":"https:\/\/heike-neumann.de\/index.php\/wp-json\/wp\/v2\/comments?post=721"}],"version-history":[{"count":2,"href":"https:\/\/heike-neumann.de\/index.php\/wp-json\/wp\/v2\/pages\/721\/revisions"}],"predecessor-version":[{"id":726,"href":"https:\/\/heike-neumann.de\/index.php\/wp-json\/wp\/v2\/pages\/721\/revisions\/726"}],"up":[{"embeddable":true,"href":"https:\/\/heike-neumann.de\/index.php\/wp-json\/wp\/v2\/pages\/25"}],"wp:attachment":[{"href":"https:\/\/heike-neumann.de\/index.php\/wp-json\/wp\/v2\/media?parent=721"}],"curies":[{"name":"wp","href":"https:\/\/api.w.org\/{rel}","templated":true}]}}