{"id":708,"date":"2022-11-04T15:31:27","date_gmt":"2022-11-04T13:31:27","guid":{"rendered":"https:\/\/heike-neumann.de\/?page_id=708"},"modified":"2022-12-10T12:49:25","modified_gmt":"2022-12-10T10:49:25","slug":"traumreime","status":"publish","type":"page","link":"https:\/\/heike-neumann.de\/index.php\/kinderbuecher\/traumreime\/","title":{"rendered":"Traumreime"},"content":{"rendered":"\n<div style=\"height:7px\" aria-hidden=\"true\" class=\"wp-block-spacer\"><\/div>\n\n\n\n<p>Gedichte und Ausmalbilder rund um das Thema SCHLAF<\/p>\n\n\n\n<figure class=\"wp-block-gallery has-nested-images columns-default is-cropped wp-block-gallery-1 is-layout-flex wp-block-gallery-is-layout-flex\">\n<figure class=\"wp-block-image size-large\"><img loading=\"lazy\" decoding=\"async\" width=\"1024\" height=\"724\" data-id=\"717\" src=\"https:\/\/heike-neumann.de\/wp-content\/uploads\/2022\/11\/Titelloses-300-3-1024x724.jpg\" alt=\"\" class=\"wp-image-717\" srcset=\"https:\/\/heike-neumann.de\/wp-content\/uploads\/2022\/11\/Titelloses-300-3-1024x724.jpg 1024w, https:\/\/heike-neumann.de\/wp-content\/uploads\/2022\/11\/Titelloses-300-3-300x212.jpg 300w, https:\/\/heike-neumann.de\/wp-content\/uploads\/2022\/11\/Titelloses-300-3-768x543.jpg 768w, https:\/\/heike-neumann.de\/wp-content\/uploads\/2022\/11\/Titelloses-300-3-1536x1086.jpg 1536w, https:\/\/heike-neumann.de\/wp-content\/uploads\/2022\/11\/Titelloses-300-3-1140x806.jpg 1140w, https:\/\/heike-neumann.de\/wp-content\/uploads\/2022\/11\/Titelloses-300-3.jpg 1754w\" sizes=\"auto, (max-width: 1024px) 100vw, 1024px\" \/><\/figure>\n\n\n\n<figure class=\"wp-block-image size-large\"><img loading=\"lazy\" decoding=\"async\" width=\"1024\" height=\"724\" data-id=\"716\" src=\"https:\/\/heike-neumann.de\/wp-content\/uploads\/2022\/11\/Titelloses-293-1024x724.jpg\" alt=\"\" class=\"wp-image-716\" srcset=\"https:\/\/heike-neumann.de\/wp-content\/uploads\/2022\/11\/Titelloses-293-1024x724.jpg 1024w, https:\/\/heike-neumann.de\/wp-content\/uploads\/2022\/11\/Titelloses-293-300x212.jpg 300w, https:\/\/heike-neumann.de\/wp-content\/uploads\/2022\/11\/Titelloses-293-768x543.jpg 768w, https:\/\/heike-neumann.de\/wp-content\/uploads\/2022\/11\/Titelloses-293-1536x1086.jpg 1536w, https:\/\/heike-neumann.de\/wp-content\/uploads\/2022\/11\/Titelloses-293-1140x806.jpg 1140w, https:\/\/heike-neumann.de\/wp-content\/uploads\/2022\/11\/Titelloses-293.jpg 1754w\" sizes=\"auto, (max-width: 1024px) 100vw, 1024px\" \/><\/figure>\n\n\n\n<figure class=\"wp-block-image size-large\"><img loading=\"lazy\" decoding=\"async\" width=\"1024\" height=\"724\" data-id=\"715\" src=\"https:\/\/heike-neumann.de\/wp-content\/uploads\/2022\/11\/Titelloses-292-1024x724.jpg\" alt=\"\" class=\"wp-image-715\" srcset=\"https:\/\/heike-neumann.de\/wp-content\/uploads\/2022\/11\/Titelloses-292-1024x724.jpg 1024w, https:\/\/heike-neumann.de\/wp-content\/uploads\/2022\/11\/Titelloses-292-300x212.jpg 300w, https:\/\/heike-neumann.de\/wp-content\/uploads\/2022\/11\/Titelloses-292-768x543.jpg 768w, https:\/\/heike-neumann.de\/wp-content\/uploads\/2022\/11\/Titelloses-292-1536x1086.jpg 1536w, https:\/\/heike-neumann.de\/wp-content\/uploads\/2022\/11\/Titelloses-292-1140x806.jpg 1140w, https:\/\/heike-neumann.de\/wp-content\/uploads\/2022\/11\/Titelloses-292.jpg 1754w\" sizes=\"auto, (max-width: 1024px) 100vw, 1024px\" \/><\/figure>\n<\/figure>\n\n\n\n<p>Das Thema \u201eSchlafen\u201c ist bei Eltern und Kindern ein immerw\u00e4hrendes<br>Thema. Vielleicht helfen ja die 20 Gedichte und die 18 Ausmalbilder beim<br>abendlichen Zur-Ruhe-kommen. Sie bieten Gespr\u00e4chsstoff und f\u00f6rdern das<br>Verst\u00e4ndnis, dass jedes Wesen Ruhe braucht und schlafen muss.<\/p>\n\n\n\n<p><a href=\"https:\/\/heike-neumann.de\/index.php\/kurzgeschichten-fuer-kinder\/ab-ins-bett\/\" data-type=\"page\" data-id=\"75\">Hier gehts zu den Leseproben<\/a><\/p>\n\n\n\n<p>Dazu passend sind in TRAUMREIME zu (fast) jedem Gedicht ein Ausmalbild enthalten. Zum erneuten Ausdrucken und Ausmalen gibt es<a href=\"https:\/\/heike-neumann.de\/index.php\/bonusmaterial\/bonusmaterial-zu-traumreime\/\" data-type=\"page\" data-id=\"719\"> HIER <\/a>alle Bilder ohne Gedichte zum Ausmalen.<br><\/p>\n\n\n\n<p><\/p>\n\n\n\n<p><br><br>A4, Querformat<br>40 Seiten<br>80g\/m-Papier, Umschlag mit Strukturpapier gestaltet<br>Text und Illustrationen von Heike Neumann<br>Schwarz-Wei\u00df-Druck<br>Klemmbindung zum \u00d6ffnen und Schlie\u00dfen ohne L\u00f6cher im Papier<\/p>\n\n\n\n<p>Preis 8 Euro, erh\u00e4ltlich nur bei der Autorin<\/p>\n\n\n\n<div style=\"height:57px\" aria-hidden=\"true\" class=\"wp-block-spacer\"><\/div>\n\n\n\n<p>Warum sind wei\u00dfe Seiten im Buch?<br>&#8222;Traumreime&#8220; kann man entweder als Buch zum Ansehen, Vorlesen oder Selberlesen nutzen<br>ODER<br>als Ausmalbuch bzw. Ausmalbilder<br>Damit durch das Papier nicht die R\u00fcckseite durchscheint und das Kunstwerk auch aufgeh\u00e4ngt werden kann, ohne dass im Buch der Inhalt der Bildr\u00fcckseite fehlt, ist jede zweite Doppelseite leer.<br><br>Au\u00dferdem ist es ein Vorteil, dass man die Gedichte (auch zum Gestalten) und Ausmalbilder dank der Klemmbindung herausl\u00f6sen kann, ohne das Papier zu zerst\u00f6ren und so das Blatt auf dem Tisch glatt liegen kann, ohne dass die aufgeschlagenen Seiten immer wieder zur\u00fcckklappen.<\/p>\n","protected":false},"excerpt":{"rendered":"<p>Gedichte und Ausmalbilder rund um das Thema SCHLAF Das Thema \u201eSchlafen\u201c ist bei Eltern und Kindern ein immerw\u00e4hrendesThema. Vielleicht helfen ja die 20 Gedichte und die 18 Ausmalbilder beimabendlichen Zur-Ruhe-kommen. Sie bieten Gespr\u00e4chsstoff und f\u00f6rdern dasVerst\u00e4ndnis, dass jedes Wesen Ruhe braucht und schlafen muss. Hier gehts zu den Leseproben Dazu passend sind in TRAUMREIME zu (fast) jedem Gedicht ein Ausmalbild enthalten. Zum erneuten Ausdrucken und Ausmalen gibt es HIER alle Bilder ohne Gedichte zum Ausmalen. A4, Querformat40 Seiten80g\/m-Papier, Umschlag mit Strukturpapier gestaltetText und Illustrationen von Heike NeumannSchwarz-Wei\u00df-DruckKlemmbindung zum \u00d6ffnen und Schlie\u00dfen ohne L\u00f6cher im Papier Preis 8 Euro, erh\u00e4ltlich nur bei der Autorin Warum sind wei\u00dfe Seiten im Buch?&#8222;Traumreime&#8220; kann man entweder als Buch zum Ansehen, Vorlesen oder Selberlesen nutzenODERals Ausmalbuch bzw. AusmalbilderDamit durch das Papier nicht die R\u00fcckseite durchscheint und das Kunstwerk auch aufgeh\u00e4ngt werden kann, ohne dass im Buch der Inhalt der Bildr\u00fcckseite fehlt, ist jede zweite Doppelseite leer. Au\u00dferdem ist es ein Vorteil, dass man die Gedichte (auch zum Gestalten) und Ausmalbilder dank der Klemmbindung herausl\u00f6sen kann, ohne das Papier zu zerst\u00f6ren und so das Blatt auf dem Tisch glatt liegen kann, ohne dass die aufgeschlagenen Seiten immer wieder zur\u00fcckklappen.<\/p>\n","protected":false},"author":1,"featured_media":0,"parent":23,"menu_order":0,"comment_status":"closed","ping_status":"closed","template":"","meta":{"footnotes":""},"class_list":["post-708","page","type-page","status-publish","hentry"],"_links":{"self":[{"href":"https:\/\/heike-neumann.de\/index.php\/wp-json\/wp\/v2\/pages\/708","targetHints":{"allow":["GET"]}}],"collection":[{"href":"https:\/\/heike-neumann.de\/index.php\/wp-json\/wp\/v2\/pages"}],"about":[{"href":"https:\/\/heike-neumann.de\/index.php\/wp-json\/wp\/v2\/types\/page"}],"author":[{"embeddable":true,"href":"https:\/\/heike-neumann.de\/index.php\/wp-json\/wp\/v2\/users\/1"}],"replies":[{"embeddable":true,"href":"https:\/\/heike-neumann.de\/index.php\/wp-json\/wp\/v2\/comments?post=708"}],"version-history":[{"count":7,"href":"https:\/\/heike-neumann.de\/index.php\/wp-json\/wp\/v2\/pages\/708\/revisions"}],"predecessor-version":[{"id":905,"href":"https:\/\/heike-neumann.de\/index.php\/wp-json\/wp\/v2\/pages\/708\/revisions\/905"}],"up":[{"embeddable":true,"href":"https:\/\/heike-neumann.de\/index.php\/wp-json\/wp\/v2\/pages\/23"}],"wp:attachment":[{"href":"https:\/\/heike-neumann.de\/index.php\/wp-json\/wp\/v2\/media?parent=708"}],"curies":[{"name":"wp","href":"https:\/\/api.w.org\/{rel}","templated":true}]}}