{"id":605,"date":"2022-09-11T20:59:42","date_gmt":"2022-09-11T18:59:42","guid":{"rendered":"https:\/\/heike-neumann.de\/?page_id=605"},"modified":"2022-10-05T21:48:53","modified_gmt":"2022-10-05T19:48:53","slug":"bonusmaterial-zu-fussballtraeume","status":"publish","type":"page","link":"https:\/\/heike-neumann.de\/index.php\/bonusmaterial\/bonusmaterial-zu-fussballtraeume\/","title":{"rendered":"Bonusmaterial zu &#8222;Fu\u00dfballtr\u00e4ume&#8220;"},"content":{"rendered":"\n<div style=\"height:5px\" aria-hidden=\"true\" class=\"wp-block-spacer\"><\/div>\n\n\n\n<p><strong>Fantasie-Gespr\u00e4chs-Spiel<\/strong><\/p>\n\n\n\n<p>Aus dem Fu\u00dfball Moritz k\u00f6nnten viele neue Dinge entstehen. F\u00fcr ihn g\u00e4be es eine Menge Verwendungsm\u00f6glichkeiten, abseits von seiner eigentlichen Aufgabe.<\/p>\n\n\n\n<p>Dies ist ein Spiel f\u00fcr Klassen, Familien, Gruppen usw.<\/p>\n\n\n\n<p>Was kann man mit den Begriffen\/Dingen auf den Karten tun? Ausgenommen f\u00fcr den Zweck, f\u00fcr den sie ursp\u00fcnglich gedacht waren (Topfdeckel \u2013&gt; einen Topf abdecken).<\/p>\n\n\n\n<p>Es geht darum, m\u00f6glichst viele Verwendungszwecke f\u00fcr die Gegenst\u00e4nde zu finden und damit die Fantasie und das kreative Denken zu schulen und jede Menge Spa\u00df zu haben!<\/p>\n\n\n<div class=\"sdm_download_item \"><div class=\"sdm_download_item_top\"><div class=\"sdm_download_thumbnail\"><\/div><div class=\"sdm_download_title\">Spiel zu &#8222;Fu\u00dfballtr\u00e4ume&#8220;<\/div><\/div><div style=\"clear:both;\"><\/div><div class=\"sdm_download_description\"><p><img loading=\"lazy\" decoding=\"async\" class=\"size-medium wp-image-626 aligncenter\" src=\"https:\/\/heike-neumann.de\/wp-content\/uploads\/2022\/09\/Titelloses-302-300x212.jpg\" alt=\"\" width=\"300\" height=\"212\" srcset=\"https:\/\/heike-neumann.de\/wp-content\/uploads\/2022\/09\/Titelloses-302-300x212.jpg 300w, https:\/\/heike-neumann.de\/wp-content\/uploads\/2022\/09\/Titelloses-302-1024x724.jpg 1024w, https:\/\/heike-neumann.de\/wp-content\/uploads\/2022\/09\/Titelloses-302-768x543.jpg 768w, https:\/\/heike-neumann.de\/wp-content\/uploads\/2022\/09\/Titelloses-302-1536x1086.jpg 1536w, https:\/\/heike-neumann.de\/wp-content\/uploads\/2022\/09\/Titelloses-302-1140x806.jpg 1140w, https:\/\/heike-neumann.de\/wp-content\/uploads\/2022\/09\/Titelloses-302.jpg 1754w\" sizes=\"auto, (max-width: 300px) 100vw, 300px\" \/><\/p>\n<\/div><div class=\"sdm_download_link\"><span class=\"sdm_download_button\"><a href=\"https:\/\/heike-neumann.de\/?sdm_process_download=1&#038;download_id=636\" class=\"sdm_download green\" title=\"Spiel zu &#8222;Fu\u00dfballtr\u00e4ume&#8220;\" target=\"_blank\">Jetzt herunterladen!<\/a><\/span><\/div><\/div><div class=\"sdm_clear_float\"><\/div>","protected":false},"excerpt":{"rendered":"<p>Fantasie-Gespr\u00e4chs-Spiel Aus dem Fu\u00dfball Moritz k\u00f6nnten viele neue Dinge entstehen. F\u00fcr ihn g\u00e4be es eine Menge Verwendungsm\u00f6glichkeiten, abseits von seiner eigentlichen Aufgabe. Dies ist ein Spiel f\u00fcr Klassen, Familien, Gruppen usw. Was kann man mit den Begriffen\/Dingen auf den Karten tun? Ausgenommen f\u00fcr den Zweck, f\u00fcr den sie ursp\u00fcnglich gedacht waren (Topfdeckel \u2013&gt; einen Topf abdecken). Es geht darum, m\u00f6glichst viele Verwendungszwecke f\u00fcr die Gegenst\u00e4nde zu finden und damit die Fantasie und das kreative Denken zu schulen und jede Menge Spa\u00df zu haben!<\/p>\n","protected":false},"author":1,"featured_media":0,"parent":27,"menu_order":7,"comment_status":"closed","ping_status":"closed","template":"","meta":{"footnotes":""},"class_list":["post-605","page","type-page","status-publish","hentry"],"_links":{"self":[{"href":"https:\/\/heike-neumann.de\/index.php\/wp-json\/wp\/v2\/pages\/605","targetHints":{"allow":["GET"]}}],"collection":[{"href":"https:\/\/heike-neumann.de\/index.php\/wp-json\/wp\/v2\/pages"}],"about":[{"href":"https:\/\/heike-neumann.de\/index.php\/wp-json\/wp\/v2\/types\/page"}],"author":[{"embeddable":true,"href":"https:\/\/heike-neumann.de\/index.php\/wp-json\/wp\/v2\/users\/1"}],"replies":[{"embeddable":true,"href":"https:\/\/heike-neumann.de\/index.php\/wp-json\/wp\/v2\/comments?post=605"}],"version-history":[{"count":5,"href":"https:\/\/heike-neumann.de\/index.php\/wp-json\/wp\/v2\/pages\/605\/revisions"}],"predecessor-version":[{"id":639,"href":"https:\/\/heike-neumann.de\/index.php\/wp-json\/wp\/v2\/pages\/605\/revisions\/639"}],"up":[{"embeddable":true,"href":"https:\/\/heike-neumann.de\/index.php\/wp-json\/wp\/v2\/pages\/27"}],"wp:attachment":[{"href":"https:\/\/heike-neumann.de\/index.php\/wp-json\/wp\/v2\/media?parent=605"}],"curies":[{"name":"wp","href":"https:\/\/api.w.org\/{rel}","templated":true}]}}