{"id":60,"date":"2022-06-24T15:33:32","date_gmt":"2022-06-24T15:33:32","guid":{"rendered":"https:\/\/heike-neumann.de\/?page_id=60"},"modified":"2024-08-18T20:45:00","modified_gmt":"2024-08-18T18:45:00","slug":"marie-hat-tiere-im-kopf","status":"publish","type":"page","link":"https:\/\/heike-neumann.de\/index.php\/kinderbuecher\/marie-hat-tiere-im-kopf\/","title":{"rendered":"Marie hat Tiere im Kopf"},"content":{"rendered":"\n<figure class=\"wp-block-image size-large\"><img loading=\"lazy\" decoding=\"async\" width=\"710\" height=\"1024\" src=\"https:\/\/heike-neumann.de\/wp-content\/uploads\/2022\/11\/Marie-kleiner-710x1024.jpg\" alt=\"\" class=\"wp-image-732\" srcset=\"https:\/\/heike-neumann.de\/wp-content\/uploads\/2022\/11\/Marie-kleiner-710x1024.jpg 710w, https:\/\/heike-neumann.de\/wp-content\/uploads\/2022\/11\/Marie-kleiner-208x300.jpg 208w, https:\/\/heike-neumann.de\/wp-content\/uploads\/2022\/11\/Marie-kleiner-768x1108.jpg 768w, https:\/\/heike-neumann.de\/wp-content\/uploads\/2022\/11\/Marie-kleiner-1065x1536.jpg 1065w, https:\/\/heike-neumann.de\/wp-content\/uploads\/2022\/11\/Marie-kleiner-1140x1644.jpg 1140w, https:\/\/heike-neumann.de\/wp-content\/uploads\/2022\/11\/Marie-kleiner.jpg 1420w\" sizes=\"auto, (max-width: 710px) 100vw, 710px\" \/><\/figure>\n\n\n\n<p>Diese Tiere hei\u00dfen<\/p>\n\n\n\n<p class=\"has-text-align-center\">B\u00c4H \u2013 MAG ICH NICHT! <\/p>\n\n\n\n<p class=\"has-text-align-center\">NEIN!<\/p>\n\n\n\n<p class=\"has-text-align-center\">ABER! <\/p>\n\n\n\n<p class=\"has-text-align-center\">DOCH!<\/p>\n\n\n\n<p class=\"has-text-align-center\">WILL NICHT!<\/p>\n\n\n\n<p>Immer, wenn Marie etwas nicht mag oder nicht m\u00f6chte, springt eines ihrer Tiere im Kopf hervor und sie muss ganz laut schreien.<\/p>\n\n\n\n<p>Was brauchen die Tiere, um nicht so schnell hervorzuspringen, sondern mit Marie zusammen gl\u00fccklich zu sein?<\/p>\n\n\n\n<p>Eine sch\u00f6ne Geschichte \u00fcber die Emotionsregulierung, mit der alle Kinder (egal, ob klein oder gro\u00df) und Eltern zu k\u00e4mpfen haben.<\/p>\n\n\n\n<p>F\u00fcr Kinder ab 2 Jahren<\/p>\n\n\n<div class=\"wp-block-image is-style-default\">\n<figure class=\"aligncenter size-large is-resized\"><img loading=\"lazy\" decoding=\"async\" width=\"724\" height=\"1024\" src=\"https:\/\/heike-neumann.de\/wp-content\/uploads\/2022\/07\/Titelloses-213-724x1024.jpg\" alt=\"\" class=\"wp-image-162\" style=\"width:384px;height:543px\" srcset=\"https:\/\/heike-neumann.de\/wp-content\/uploads\/2022\/07\/Titelloses-213-724x1024.jpg 724w, https:\/\/heike-neumann.de\/wp-content\/uploads\/2022\/07\/Titelloses-213-212x300.jpg 212w, https:\/\/heike-neumann.de\/wp-content\/uploads\/2022\/07\/Titelloses-213-768x1086.jpg 768w, https:\/\/heike-neumann.de\/wp-content\/uploads\/2022\/07\/Titelloses-213-1086x1536.jpg 1086w, https:\/\/heike-neumann.de\/wp-content\/uploads\/2022\/07\/Titelloses-213-1200x1697.jpg 1200w, https:\/\/heike-neumann.de\/wp-content\/uploads\/2022\/07\/Titelloses-213.jpg 1240w\" sizes=\"auto, (max-width: 724px) 100vw, 724px\" \/><\/figure>\n<\/div>\n\n<div class=\"wp-block-image\">\n<figure class=\"alignright size-large is-resized\"><img loading=\"lazy\" decoding=\"async\" width=\"724\" height=\"1024\" src=\"https:\/\/heike-neumann.de\/wp-content\/uploads\/2022\/07\/Titelloses-215-724x1024.jpg\" alt=\"\" class=\"wp-image-164\" style=\"width:365px;height:516px\" srcset=\"https:\/\/heike-neumann.de\/wp-content\/uploads\/2022\/07\/Titelloses-215-724x1024.jpg 724w, https:\/\/heike-neumann.de\/wp-content\/uploads\/2022\/07\/Titelloses-215-212x300.jpg 212w, https:\/\/heike-neumann.de\/wp-content\/uploads\/2022\/07\/Titelloses-215-768x1086.jpg 768w, https:\/\/heike-neumann.de\/wp-content\/uploads\/2022\/07\/Titelloses-215-1086x1536.jpg 1086w, https:\/\/heike-neumann.de\/wp-content\/uploads\/2022\/07\/Titelloses-215-1200x1697.jpg 1200w, https:\/\/heike-neumann.de\/wp-content\/uploads\/2022\/07\/Titelloses-215.jpg 1240w\" sizes=\"auto, (max-width: 724px) 100vw, 724px\" \/><\/figure>\n<\/div>\n\n\n<p>36 Seiten, davon 24 in Farbe<br>illustriert von Heike Neumann<br>DIN A 5, Querformat<br>Klebebindung<br>Beschichtete Umschlagseiten<\/p>\n\n\n\n<p>9,90 Euro <a href=\"https:\/\/www.blaulicht-verlag.de\/online-shop\/marie-hat-tiere-im-kopf\/#cc-m-product-12158560721\" data-type=\"link\" data-id=\"https:\/\/www.blaulicht-verlag.de\/online-shop\/marie-hat-tiere-im-kopf\/#cc-m-product-12158560721\">HIER geht es direkt zur Bestellm\u00f6glichkeit beim Blaulicht-Verlag (Versandkostenfrei)<\/a><\/p>\n\n\n\n<p>Bonusmaterial: <a href=\"https:\/\/heike-neumann.de\/?smd_process_download=1&amp;download_id=317\" data-type=\"attachment\" data-id=\"110\">Bildermemory<\/a><\/p>\n\n\n\n<figure class=\"wp-block-image size-large\"><img loading=\"lazy\" decoding=\"async\" width=\"724\" height=\"1024\" src=\"https:\/\/heike-neumann.de\/wp-content\/uploads\/2022\/07\/Titelloses-174-1-724x1024.jpg\" alt=\"\" class=\"wp-image-160\" srcset=\"https:\/\/heike-neumann.de\/wp-content\/uploads\/2022\/07\/Titelloses-174-1-724x1024.jpg 724w, https:\/\/heike-neumann.de\/wp-content\/uploads\/2022\/07\/Titelloses-174-1-212x300.jpg 212w, https:\/\/heike-neumann.de\/wp-content\/uploads\/2022\/07\/Titelloses-174-1-768x1086.jpg 768w, https:\/\/heike-neumann.de\/wp-content\/uploads\/2022\/07\/Titelloses-174-1-1086x1536.jpg 1086w, https:\/\/heike-neumann.de\/wp-content\/uploads\/2022\/07\/Titelloses-174-1-1200x1697.jpg 1200w, https:\/\/heike-neumann.de\/wp-content\/uploads\/2022\/07\/Titelloses-174-1.jpg 1240w\" sizes=\"auto, (max-width: 724px) 100vw, 724px\" \/><\/figure>\n","protected":false},"excerpt":{"rendered":"<p>Diese Tiere hei\u00dfen B\u00c4H \u2013 MAG ICH NICHT! NEIN! ABER! DOCH! WILL NICHT! Immer, wenn Marie etwas nicht mag oder nicht m\u00f6chte, springt eines ihrer Tiere im Kopf hervor und sie muss ganz laut schreien. Was brauchen die Tiere, um nicht so schnell hervorzuspringen, sondern mit Marie zusammen gl\u00fccklich zu sein? Eine sch\u00f6ne Geschichte \u00fcber die Emotionsregulierung, mit der alle Kinder (egal, ob klein oder gro\u00df) und Eltern zu k\u00e4mpfen haben. F\u00fcr Kinder ab 2 Jahren 36 Seiten, davon 24 in Farbeillustriert von Heike NeumannDIN A 5, QuerformatKlebebindungBeschichtete Umschlagseiten 9,90 Euro HIER geht es direkt zur Bestellm\u00f6glichkeit beim Blaulicht-Verlag (Versandkostenfrei) Bonusmaterial: Bildermemory<\/p>\n","protected":false},"author":1,"featured_media":0,"parent":23,"menu_order":3,"comment_status":"closed","ping_status":"closed","template":"","meta":{"footnotes":""},"class_list":["post-60","page","type-page","status-publish","hentry"],"_links":{"self":[{"href":"https:\/\/heike-neumann.de\/index.php\/wp-json\/wp\/v2\/pages\/60","targetHints":{"allow":["GET"]}}],"collection":[{"href":"https:\/\/heike-neumann.de\/index.php\/wp-json\/wp\/v2\/pages"}],"about":[{"href":"https:\/\/heike-neumann.de\/index.php\/wp-json\/wp\/v2\/types\/page"}],"author":[{"embeddable":true,"href":"https:\/\/heike-neumann.de\/index.php\/wp-json\/wp\/v2\/users\/1"}],"replies":[{"embeddable":true,"href":"https:\/\/heike-neumann.de\/index.php\/wp-json\/wp\/v2\/comments?post=60"}],"version-history":[{"count":13,"href":"https:\/\/heike-neumann.de\/index.php\/wp-json\/wp\/v2\/pages\/60\/revisions"}],"predecessor-version":[{"id":2016,"href":"https:\/\/heike-neumann.de\/index.php\/wp-json\/wp\/v2\/pages\/60\/revisions\/2016"}],"up":[{"embeddable":true,"href":"https:\/\/heike-neumann.de\/index.php\/wp-json\/wp\/v2\/pages\/23"}],"wp:attachment":[{"href":"https:\/\/heike-neumann.de\/index.php\/wp-json\/wp\/v2\/media?parent=60"}],"curies":[{"name":"wp","href":"https:\/\/api.w.org\/{rel}","templated":true}]}}