{"id":575,"date":"2022-09-10T13:04:59","date_gmt":"2022-09-10T11:04:59","guid":{"rendered":"https:\/\/heike-neumann.de\/?page_id=575"},"modified":"2022-09-10T13:17:49","modified_gmt":"2022-09-10T11:17:49","slug":"leseprobe-benjamin-kaesekruemel-und-das-schaukelproblem","status":"publish","type":"page","link":"https:\/\/heike-neumann.de\/index.php\/kurzgeschichten-fuer-kinder\/leseprobe-benjamin-kaesekruemel-und-das-schaukelproblem\/","title":{"rendered":"Leseprobe &#8222;Benjamin K\u00e4sekr\u00fcmel und das Schaukelproblem&#8220;"},"content":{"rendered":"\n<div style=\"height:0px\" aria-hidden=\"true\" class=\"wp-block-spacer\"><\/div>\n\n\n\n<p>Hier k\u00f6nnt ihr den Anfang des Buches lesen:<\/p>\n\n\n\n<p><br><\/p>\n\n\n\n<p>Familie K\u00e4sekr\u00fcmel , die M\u00e4usefamilie, lebte unter einer gro\u00dfen Tanne am Rande des Spielplatzes. Jeden Abend, wenn die Kinder mit ihren Eltern nach Hause zum Abendbrot gehen mussten, machten sich Mama und Papa K\u00e4sekr\u00fcmel auf den Weg und suchten aus den M\u00fclleimern die vielen Leckereien zusammen, die die Kinder dortgelassen hatten. Einen abgeknabberten Apfel, ein paar<\/p>\n\n\n\n<p>Schokokekskr\u00fcmel aus einer leeren Pl\u00e4tzchenpackung, ein paar zerbrochene Kartoffelchips, die auf die Erde gefallen waren.<br>Familie Maus freute sich jeden Abend auf das Festmahl, das sie dadurch hatten. Wenn die Sonne unterging, trafen sie sich alle am langen Essenstisch.<\/p>\n\n\n\n<p>Die M\u00e4usegeschwister mussten immer in der N\u00e4he der gro\u00dfen Tanne bleiben, bis die Futtersuche beendet war. Der Kleinste jedoch, Benjamin K\u00e4sekr\u00fcmel, war viel zu neugierig und liebte die Schaukel so sehr! Also versuchte er jeden Abend, wenn die Gro\u00dfen losgingen, zur Schaukel zu rennen. Dort schaukelte er hin und her und immer h\u00f6her und h\u00f6her, bis ihm ganz kitzelig im Bauch wurde.<\/p>\n\n\n\n<p>Er musste nur aufpassen, dass er rechtzeitig vor seinen Eltern wieder im Haus war.<\/p>\n\n\n\n<p>Eines Abends passierte etwas Aufregendes! Die Eltern machten sich mit ihren Taschen und leeren B\u00e4uchen auf den Weg von M\u00fclleimer zu M\u00fclleimer und von Sitzbank zu Sitzbank. Benjamin huschte aus dem M\u00e4useloch und rannte so schnell er konnte zur Schaukel. Heute wollte er versuchen, einen neuen Rekord aufzustellen und so hoch zu schaukeln wie noch nie zuvor.<\/p>\n\n\n\n<figure class=\"wp-block-image size-large is-resized\"><img loading=\"lazy\" decoding=\"async\" src=\"https:\/\/heike-neumann.de\/wp-content\/uploads\/2022\/07\/Titelloses-240-1-1024x724.jpg\" alt=\"\" class=\"wp-image-364\" width=\"515\" height=\"363\" srcset=\"https:\/\/heike-neumann.de\/wp-content\/uploads\/2022\/07\/Titelloses-240-1-1024x724.jpg 1024w, https:\/\/heike-neumann.de\/wp-content\/uploads\/2022\/07\/Titelloses-240-1-300x212.jpg 300w, https:\/\/heike-neumann.de\/wp-content\/uploads\/2022\/07\/Titelloses-240-1-768x543.jpg 768w, https:\/\/heike-neumann.de\/wp-content\/uploads\/2022\/07\/Titelloses-240-1-1536x1086.jpg 1536w, https:\/\/heike-neumann.de\/wp-content\/uploads\/2022\/07\/Titelloses-240-1-1140x806.jpg 1140w, https:\/\/heike-neumann.de\/wp-content\/uploads\/2022\/07\/Titelloses-240-1.jpg 1754w\" sizes=\"auto, (max-width: 515px) 100vw, 515px\" \/><\/figure>\n","protected":false},"excerpt":{"rendered":"<p>Hier k\u00f6nnt ihr den Anfang des Buches lesen: Familie K\u00e4sekr\u00fcmel , die M\u00e4usefamilie, lebte unter einer gro\u00dfen Tanne am Rande des Spielplatzes. Jeden Abend, wenn die Kinder mit ihren Eltern nach Hause zum Abendbrot gehen mussten, machten sich Mama und Papa K\u00e4sekr\u00fcmel auf den Weg und suchten aus den M\u00fclleimern die vielen Leckereien zusammen, die die Kinder dortgelassen hatten. Einen abgeknabberten Apfel, ein paar Schokokekskr\u00fcmel aus einer leeren Pl\u00e4tzchenpackung, ein paar zerbrochene Kartoffelchips, die auf die Erde gefallen waren.Familie Maus freute sich jeden Abend auf das Festmahl, das sie dadurch hatten. Wenn die Sonne unterging, trafen sie sich alle am langen Essenstisch. Die M\u00e4usegeschwister mussten immer in der N\u00e4he der gro\u00dfen Tanne bleiben, bis die Futtersuche beendet war. Der Kleinste jedoch, Benjamin K\u00e4sekr\u00fcmel, war viel zu neugierig und liebte die Schaukel so sehr! Also versuchte er jeden Abend, wenn die Gro\u00dfen losgingen, zur Schaukel zu rennen. Dort schaukelte er hin und her und immer h\u00f6her und h\u00f6her, bis ihm ganz kitzelig im Bauch wurde. Er musste nur aufpassen, dass er rechtzeitig vor seinen Eltern wieder im Haus war. Eines Abends passierte etwas Aufregendes! Die Eltern machten sich mit ihren Taschen und leeren B\u00e4uchen auf den Weg von M\u00fclleimer zu M\u00fclleimer und von Sitzbank zu Sitzbank. Benjamin huschte aus dem M\u00e4useloch und rannte so schnell er konnte zur Schaukel. Heute wollte er versuchen, einen neuen Rekord aufzustellen und so hoch zu schaukeln wie noch nie zuvor.<\/p>\n","protected":false},"author":1,"featured_media":0,"parent":25,"menu_order":4,"comment_status":"closed","ping_status":"closed","template":"","meta":{"footnotes":""},"class_list":["post-575","page","type-page","status-publish","hentry"],"_links":{"self":[{"href":"https:\/\/heike-neumann.de\/index.php\/wp-json\/wp\/v2\/pages\/575","targetHints":{"allow":["GET"]}}],"collection":[{"href":"https:\/\/heike-neumann.de\/index.php\/wp-json\/wp\/v2\/pages"}],"about":[{"href":"https:\/\/heike-neumann.de\/index.php\/wp-json\/wp\/v2\/types\/page"}],"author":[{"embeddable":true,"href":"https:\/\/heike-neumann.de\/index.php\/wp-json\/wp\/v2\/users\/1"}],"replies":[{"embeddable":true,"href":"https:\/\/heike-neumann.de\/index.php\/wp-json\/wp\/v2\/comments?post=575"}],"version-history":[{"count":3,"href":"https:\/\/heike-neumann.de\/index.php\/wp-json\/wp\/v2\/pages\/575\/revisions"}],"predecessor-version":[{"id":579,"href":"https:\/\/heike-neumann.de\/index.php\/wp-json\/wp\/v2\/pages\/575\/revisions\/579"}],"up":[{"embeddable":true,"href":"https:\/\/heike-neumann.de\/index.php\/wp-json\/wp\/v2\/pages\/25"}],"wp:attachment":[{"href":"https:\/\/heike-neumann.de\/index.php\/wp-json\/wp\/v2\/media?parent=575"}],"curies":[{"name":"wp","href":"https:\/\/api.w.org\/{rel}","templated":true}]}}