{"id":571,"date":"2022-09-10T12:58:29","date_gmt":"2022-09-10T10:58:29","guid":{"rendered":"https:\/\/heike-neumann.de\/?page_id=571"},"modified":"2022-09-10T13:17:37","modified_gmt":"2022-09-10T11:17:37","slug":"leseprobe-amalia-kunterbunt","status":"publish","type":"page","link":"https:\/\/heike-neumann.de\/index.php\/kurzgeschichten-fuer-kinder\/leseprobe-amalia-kunterbunt\/","title":{"rendered":"Leseprobe &#8222;Amalia Kunterbunt&#8220;"},"content":{"rendered":"\n<div style=\"height:0px\" aria-hidden=\"true\" class=\"wp-block-spacer\"><\/div>\n\n\n\n<p>Das hier ist der Teil der Geschichte, in der die Schildkr\u00f6te auf Gertrud Giraffe trifft:<\/p>\n\n\n\n<figure class=\"wp-block-gallery has-nested-images columns-default is-cropped wp-block-gallery-1 is-layout-flex wp-block-gallery-is-layout-flex\"><\/figure>\n\n\n\n<figure class=\"wp-block-image size-large is-resized\"><img loading=\"lazy\" decoding=\"async\" src=\"https:\/\/heike-neumann.de\/wp-content\/uploads\/2022\/07\/Scan_20211204-2-1024x596.jpg\" alt=\"\" class=\"wp-image-156\" width=\"408\" height=\"237\" srcset=\"https:\/\/heike-neumann.de\/wp-content\/uploads\/2022\/07\/Scan_20211204-2-1024x596.jpg 1024w, https:\/\/heike-neumann.de\/wp-content\/uploads\/2022\/07\/Scan_20211204-2-300x174.jpg 300w, https:\/\/heike-neumann.de\/wp-content\/uploads\/2022\/07\/Scan_20211204-2-768x447.jpg 768w, https:\/\/heike-neumann.de\/wp-content\/uploads\/2022\/07\/Scan_20211204-2.jpg 1140w\" sizes=\"auto, (max-width: 408px) 100vw, 408px\" \/><\/figure>\n\n\n\n<p>Schon von weitem leuchteten ihr rote und blaue Punkte entgegen. Wei\u00dfe und gelbe Streifen wechselten sich ab und beim N\u00e4herkommen strahlte Amalia mit ihrem gesprenkeltem Panzer mit den bunten fr\u00f6hlichen Farben um die Wette.<\/p>\n\n\n\n<p>Gertrud Giraffe strickte und h\u00e4kelte f\u00fcr ihr Leben gern.<\/p>\n\n\n\n<p>M\u00fctzen, Schals, Ohrenw\u00e4rmer, sogar Nasenschoner f\u00fcr die Ameisenb\u00e4rennasen hatte sie schon aus Wolle hergestellt, damit den armen Tieren im Winter nicht so kalt an den empfindlichen R\u00fcsseln wurde.<\/p>\n\n\n\n<p>Auch jetzt sa\u00df sie mit einem sehr langen und sehr bunten Schal strickenderweise an ihrem Lieblingsplatz in der Sonne.<\/p>\n\n\n\n<p>\u00dcberall auf dem Gel\u00e4nde waren ihre Kunstwerke zu sehen. Geh\u00e4kelte Decken, gestrickte Fahnen, sogar buntgestreifte H\u00e4ngematten aus Wolle konnte man entdecken und alle, die vorbeikamen, freuten sich daran.<\/p>\n\n\n\n<p>Aber f\u00fcr die Farbe auf dem Weg, nein, daf\u00fcr war Gertrud nicht verantwortlich.<\/p>\n\n\n\n<figure class=\"wp-block-image size-large is-resized\"><img loading=\"lazy\" decoding=\"async\" src=\"https:\/\/heike-neumann.de\/wp-content\/uploads\/2022\/07\/Scan_20211127-896x1024.jpg\" alt=\"\" class=\"wp-image-158\" width=\"428\" height=\"489\" srcset=\"https:\/\/heike-neumann.de\/wp-content\/uploads\/2022\/07\/Scan_20211127-896x1024.jpg 896w, https:\/\/heike-neumann.de\/wp-content\/uploads\/2022\/07\/Scan_20211127-263x300.jpg 263w, https:\/\/heike-neumann.de\/wp-content\/uploads\/2022\/07\/Scan_20211127-768x877.jpg 768w, https:\/\/heike-neumann.de\/wp-content\/uploads\/2022\/07\/Scan_20211127.jpg 970w\" sizes=\"auto, (max-width: 428px) 100vw, 428px\" \/><\/figure>\n","protected":false},"excerpt":{"rendered":"<p>Das hier ist der Teil der Geschichte, in der die Schildkr\u00f6te auf Gertrud Giraffe trifft: Schon von weitem leuchteten ihr rote und blaue Punkte entgegen. Wei\u00dfe und gelbe Streifen wechselten sich ab und beim N\u00e4herkommen strahlte Amalia mit ihrem gesprenkeltem Panzer mit den bunten fr\u00f6hlichen Farben um die Wette. Gertrud Giraffe strickte und h\u00e4kelte f\u00fcr ihr Leben gern. M\u00fctzen, Schals, Ohrenw\u00e4rmer, sogar Nasenschoner f\u00fcr die Ameisenb\u00e4rennasen hatte sie schon aus Wolle hergestellt, damit den armen Tieren im Winter nicht so kalt an den empfindlichen R\u00fcsseln wurde. Auch jetzt sa\u00df sie mit einem sehr langen und sehr bunten Schal strickenderweise an ihrem Lieblingsplatz in der Sonne. \u00dcberall auf dem Gel\u00e4nde waren ihre Kunstwerke zu sehen. Geh\u00e4kelte Decken, gestrickte Fahnen, sogar buntgestreifte H\u00e4ngematten aus Wolle konnte man entdecken und alle, die vorbeikamen, freuten sich daran. Aber f\u00fcr die Farbe auf dem Weg, nein, daf\u00fcr war Gertrud nicht verantwortlich.<\/p>\n","protected":false},"author":1,"featured_media":0,"parent":25,"menu_order":4,"comment_status":"closed","ping_status":"closed","template":"","meta":{"footnotes":""},"class_list":["post-571","page","type-page","status-publish","hentry"],"_links":{"self":[{"href":"https:\/\/heike-neumann.de\/index.php\/wp-json\/wp\/v2\/pages\/571","targetHints":{"allow":["GET"]}}],"collection":[{"href":"https:\/\/heike-neumann.de\/index.php\/wp-json\/wp\/v2\/pages"}],"about":[{"href":"https:\/\/heike-neumann.de\/index.php\/wp-json\/wp\/v2\/types\/page"}],"author":[{"embeddable":true,"href":"https:\/\/heike-neumann.de\/index.php\/wp-json\/wp\/v2\/users\/1"}],"replies":[{"embeddable":true,"href":"https:\/\/heike-neumann.de\/index.php\/wp-json\/wp\/v2\/comments?post=571"}],"version-history":[{"count":3,"href":"https:\/\/heike-neumann.de\/index.php\/wp-json\/wp\/v2\/pages\/571\/revisions"}],"predecessor-version":[{"id":574,"href":"https:\/\/heike-neumann.de\/index.php\/wp-json\/wp\/v2\/pages\/571\/revisions\/574"}],"up":[{"embeddable":true,"href":"https:\/\/heike-neumann.de\/index.php\/wp-json\/wp\/v2\/pages\/25"}],"wp:attachment":[{"href":"https:\/\/heike-neumann.de\/index.php\/wp-json\/wp\/v2\/media?parent=571"}],"curies":[{"name":"wp","href":"https:\/\/api.w.org\/{rel}","templated":true}]}}