{"id":566,"date":"2022-09-08T14:42:29","date_gmt":"2022-09-08T12:42:29","guid":{"rendered":"https:\/\/heike-neumann.de\/?page_id=566"},"modified":"2022-12-25T11:01:45","modified_gmt":"2022-12-25T09:01:45","slug":"fussballtraeume","status":"publish","type":"page","link":"https:\/\/heike-neumann.de\/index.php\/kinderbuecher\/fussballtraeume\/","title":{"rendered":"Fu\u00dfballtr\u00e4ume"},"content":{"rendered":"\n<div style=\"height:11px\" aria-hidden=\"true\" class=\"wp-block-spacer\"><\/div>\n\n\n\n<p>Was wird aus Moritz Fu\u00dfball?<\/p>\n\n\n\n<figure class=\"wp-block-image size-large is-resized\"><img loading=\"lazy\" decoding=\"async\" src=\"https:\/\/heike-neumann.de\/wp-content\/uploads\/2022\/09\/Titelloses-302-1024x724.jpg\" alt=\"\" class=\"wp-image-626\" width=\"391\" height=\"274\"\/><\/figure>\n\n\n\n<p>Moritz ist ein alter, kaputter Fu\u00dfball. Nun liegt er hinten im Gartenschuppen und hat viel Zeit zu tr\u00e4umen, was wohl aus ihm werden k\u00f6nnte.<\/p>\n\n\n\n<p>Ein Blumenhut? Ein Pinguinschlitten? Oder eine Obstschale?<\/p>\n\n\n\n<figure class=\"wp-block-gallery has-nested-images columns-default is-cropped wp-block-gallery-1 is-layout-flex wp-block-gallery-is-layout-flex\">\n<figure class=\"wp-block-image size-large\"><img loading=\"lazy\" decoding=\"async\" width=\"1024\" height=\"724\" data-id=\"620\" src=\"https:\/\/heike-neumann.de\/wp-content\/uploads\/2022\/09\/Titelloses-302-1-1024x724.jpg\" alt=\"\" class=\"wp-image-620\" srcset=\"https:\/\/heike-neumann.de\/wp-content\/uploads\/2022\/09\/Titelloses-302-1-1024x724.jpg 1024w, https:\/\/heike-neumann.de\/wp-content\/uploads\/2022\/09\/Titelloses-302-1-300x212.jpg 300w, https:\/\/heike-neumann.de\/wp-content\/uploads\/2022\/09\/Titelloses-302-1-768x543.jpg 768w, https:\/\/heike-neumann.de\/wp-content\/uploads\/2022\/09\/Titelloses-302-1-1536x1086.jpg 1536w, https:\/\/heike-neumann.de\/wp-content\/uploads\/2022\/09\/Titelloses-302-1-1140x806.jpg 1140w, https:\/\/heike-neumann.de\/wp-content\/uploads\/2022\/09\/Titelloses-302-1.jpg 1754w\" sizes=\"auto, (max-width: 1024px) 100vw, 1024px\" \/><\/figure>\n\n\n\n<figure class=\"wp-block-image size-large\"><img loading=\"lazy\" decoding=\"async\" width=\"1024\" height=\"724\" data-id=\"621\" src=\"https:\/\/heike-neumann.de\/wp-content\/uploads\/2022\/09\/Titelloses-309-1024x724.jpg\" alt=\"\" class=\"wp-image-621\" srcset=\"https:\/\/heike-neumann.de\/wp-content\/uploads\/2022\/09\/Titelloses-309-1024x724.jpg 1024w, https:\/\/heike-neumann.de\/wp-content\/uploads\/2022\/09\/Titelloses-309-300x212.jpg 300w, https:\/\/heike-neumann.de\/wp-content\/uploads\/2022\/09\/Titelloses-309-768x543.jpg 768w, https:\/\/heike-neumann.de\/wp-content\/uploads\/2022\/09\/Titelloses-309-1536x1086.jpg 1536w, https:\/\/heike-neumann.de\/wp-content\/uploads\/2022\/09\/Titelloses-309-1140x806.jpg 1140w, https:\/\/heike-neumann.de\/wp-content\/uploads\/2022\/09\/Titelloses-309.jpg 1754w\" sizes=\"auto, (max-width: 1024px) 100vw, 1024px\" \/><\/figure>\n\n\n\n<figure class=\"wp-block-image size-large\"><img loading=\"lazy\" decoding=\"async\" width=\"1024\" height=\"724\" data-id=\"619\" src=\"https:\/\/heike-neumann.de\/wp-content\/uploads\/2022\/09\/Titelloses-310-1024x724.jpg\" alt=\"\" class=\"wp-image-619\" srcset=\"https:\/\/heike-neumann.de\/wp-content\/uploads\/2022\/09\/Titelloses-310-1024x724.jpg 1024w, https:\/\/heike-neumann.de\/wp-content\/uploads\/2022\/09\/Titelloses-310-300x212.jpg 300w, https:\/\/heike-neumann.de\/wp-content\/uploads\/2022\/09\/Titelloses-310-768x543.jpg 768w, https:\/\/heike-neumann.de\/wp-content\/uploads\/2022\/09\/Titelloses-310-1536x1086.jpg 1536w, https:\/\/heike-neumann.de\/wp-content\/uploads\/2022\/09\/Titelloses-310-1140x806.jpg 1140w, https:\/\/heike-neumann.de\/wp-content\/uploads\/2022\/09\/Titelloses-310.jpg 1754w\" sizes=\"auto, (max-width: 1024px) 100vw, 1024px\" \/><\/figure>\n<\/figure>\n\n\n\n<p><\/p>\n\n\n\n<p>Zwischen Fantasie und Upcyclinggedanken sucht Moritz eine neue Aufgabe. Welchen Nutzen er am Ende dann aber haben wird \u2013 das \u00fcberrascht ihn selbst!<\/p>\n\n\n\n<p><\/p>\n\n\n\n<figure class=\"wp-block-gallery has-nested-images columns-default is-cropped wp-block-gallery-2 is-layout-flex wp-block-gallery-is-layout-flex\">\n<figure class=\"wp-block-image size-large\"><img loading=\"lazy\" decoding=\"async\" width=\"1024\" height=\"724\" data-id=\"623\" src=\"https:\/\/heike-neumann.de\/wp-content\/uploads\/2022\/09\/Titelloses-307-1-1024x724.jpg\" alt=\"\" class=\"wp-image-623\" srcset=\"https:\/\/heike-neumann.de\/wp-content\/uploads\/2022\/09\/Titelloses-307-1-1024x724.jpg 1024w, https:\/\/heike-neumann.de\/wp-content\/uploads\/2022\/09\/Titelloses-307-1-300x212.jpg 300w, https:\/\/heike-neumann.de\/wp-content\/uploads\/2022\/09\/Titelloses-307-1-768x543.jpg 768w, https:\/\/heike-neumann.de\/wp-content\/uploads\/2022\/09\/Titelloses-307-1-1536x1086.jpg 1536w, https:\/\/heike-neumann.de\/wp-content\/uploads\/2022\/09\/Titelloses-307-1-1140x806.jpg 1140w, https:\/\/heike-neumann.de\/wp-content\/uploads\/2022\/09\/Titelloses-307-1.jpg 1754w\" sizes=\"auto, (max-width: 1024px) 100vw, 1024px\" \/><\/figure>\n\n\n\n<figure class=\"wp-block-image size-large\"><img loading=\"lazy\" decoding=\"async\" width=\"1024\" height=\"724\" data-id=\"622\" src=\"https:\/\/heike-neumann.de\/wp-content\/uploads\/2022\/09\/Titelloses-314-1024x724.jpg\" alt=\"\" class=\"wp-image-622\" srcset=\"https:\/\/heike-neumann.de\/wp-content\/uploads\/2022\/09\/Titelloses-314-1024x724.jpg 1024w, https:\/\/heike-neumann.de\/wp-content\/uploads\/2022\/09\/Titelloses-314-300x212.jpg 300w, https:\/\/heike-neumann.de\/wp-content\/uploads\/2022\/09\/Titelloses-314-768x543.jpg 768w, https:\/\/heike-neumann.de\/wp-content\/uploads\/2022\/09\/Titelloses-314-1536x1086.jpg 1536w, https:\/\/heike-neumann.de\/wp-content\/uploads\/2022\/09\/Titelloses-314-1140x806.jpg 1140w, https:\/\/heike-neumann.de\/wp-content\/uploads\/2022\/09\/Titelloses-314.jpg 1754w\" sizes=\"auto, (max-width: 1024px) 100vw, 1024px\" \/><\/figure>\n<\/figure>\n\n\n\n<p>28 Seiten<br>Text und Illustrationen von Heike Neumann<br>4-Farb-Druck<br>DIN A 5, Querformat<br>Klammerbindung<br><\/p>\n\n\n\n<p>Dieses Buch ist nur noch digital erh\u00e4ltlich. Schreibt mich einfach an post@heike-neumann.de<\/p>\n\n\n\n<p>Hier findet ihr das Bonusmaterial zu \u201eFu\u00dfballtr\u00e4ume\u201c: <a href=\"https:\/\/heike-neumann.de\/index.php\/bonusmaterial\/bonusmaterial-zu-fussballtraeume\/\">Ein lustiges Fantasie-Gespr\u00e4chs-Spiel<\/a><\/p>\n","protected":false},"excerpt":{"rendered":"<p>Was wird aus Moritz Fu\u00dfball? Moritz ist ein alter, kaputter Fu\u00dfball. Nun liegt er hinten im Gartenschuppen und hat viel Zeit zu tr\u00e4umen, was wohl aus ihm werden k\u00f6nnte. Ein Blumenhut? Ein Pinguinschlitten? Oder eine Obstschale? Zwischen Fantasie und Upcyclinggedanken sucht Moritz eine neue Aufgabe. Welchen Nutzen er am Ende dann aber haben wird \u2013 das \u00fcberrascht ihn selbst! 28 SeitenText und Illustrationen von Heike Neumann4-Farb-DruckDIN A 5, QuerformatKlammerbindung Dieses Buch ist nur noch digital erh\u00e4ltlich. Schreibt mich einfach an post@heike-neumann.de Hier findet ihr das Bonusmaterial zu \u201eFu\u00dfballtr\u00e4ume\u201c: Ein lustiges Fantasie-Gespr\u00e4chs-Spiel<\/p>\n","protected":false},"author":1,"featured_media":0,"parent":23,"menu_order":0,"comment_status":"closed","ping_status":"closed","template":"","meta":{"footnotes":""},"class_list":["post-566","page","type-page","status-publish","hentry"],"_links":{"self":[{"href":"https:\/\/heike-neumann.de\/index.php\/wp-json\/wp\/v2\/pages\/566","targetHints":{"allow":["GET"]}}],"collection":[{"href":"https:\/\/heike-neumann.de\/index.php\/wp-json\/wp\/v2\/pages"}],"about":[{"href":"https:\/\/heike-neumann.de\/index.php\/wp-json\/wp\/v2\/types\/page"}],"author":[{"embeddable":true,"href":"https:\/\/heike-neumann.de\/index.php\/wp-json\/wp\/v2\/users\/1"}],"replies":[{"embeddable":true,"href":"https:\/\/heike-neumann.de\/index.php\/wp-json\/wp\/v2\/comments?post=566"}],"version-history":[{"count":11,"href":"https:\/\/heike-neumann.de\/index.php\/wp-json\/wp\/v2\/pages\/566\/revisions"}],"predecessor-version":[{"id":957,"href":"https:\/\/heike-neumann.de\/index.php\/wp-json\/wp\/v2\/pages\/566\/revisions\/957"}],"up":[{"embeddable":true,"href":"https:\/\/heike-neumann.de\/index.php\/wp-json\/wp\/v2\/pages\/23"}],"wp:attachment":[{"href":"https:\/\/heike-neumann.de\/index.php\/wp-json\/wp\/v2\/media?parent=566"}],"curies":[{"name":"wp","href":"https:\/\/api.w.org\/{rel}","templated":true}]}}