{"id":546,"date":"2022-09-06T18:48:20","date_gmt":"2022-09-06T16:48:20","guid":{"rendered":"https:\/\/heike-neumann.de\/?page_id=546"},"modified":"2022-11-20T09:44:35","modified_gmt":"2022-11-20T07:44:35","slug":"bonusmaterial-zu-fiona-fuchs-und-die-weihnachtsvorbereitungen","status":"publish","type":"page","link":"https:\/\/heike-neumann.de\/index.php\/bonusmaterial\/bonusmaterial-zu-fiona-fuchs-und-die-weihnachtsvorbereitungen\/","title":{"rendered":"Bonusmaterial zu &#8222;Fiona Fuchs und die Weihnachtsvorbereitungen&#8220;"},"content":{"rendered":"\n<div style=\"height:5px\" aria-hidden=\"true\" class=\"wp-block-spacer\"><\/div>\n\n\n\n<p>F\u00fcr Kinder, die schon selber lesen und schreiben:<br><br>Fiona Fuchs suchte den Weihnachtsschmuck im ganzen H\u00e4uschen. In diesem Suchsel kannst du nun W\u00f6rter aus der Geschichte suchen und finden<\/p>\n\n\n<div class=\"sdm_download_item \"><div class=\"sdm_download_item_top\"><div class=\"sdm_download_thumbnail\"><\/div><div class=\"sdm_download_title\">Suchsel zu &#8222;Fiona Fuchs und die Weihnachtsvorbereitungen&#8220;<\/div><\/div><div style=\"clear:both;\"><\/div><div class=\"sdm_download_description\"><p><img loading=\"lazy\" decoding=\"async\" class=\"size-medium wp-image-594 aligncenter\" src=\"https:\/\/heike-neumann.de\/wp-content\/uploads\/2022\/09\/Titelloses-324-1-212x300.jpg\" alt=\"\" width=\"212\" height=\"300\" srcset=\"https:\/\/heike-neumann.de\/wp-content\/uploads\/2022\/09\/Titelloses-324-1-212x300.jpg 212w, https:\/\/heike-neumann.de\/wp-content\/uploads\/2022\/09\/Titelloses-324-1-724x1024.jpg 724w, https:\/\/heike-neumann.de\/wp-content\/uploads\/2022\/09\/Titelloses-324-1-768x1086.jpg 768w, https:\/\/heike-neumann.de\/wp-content\/uploads\/2022\/09\/Titelloses-324-1-1086x1536.jpg 1086w, https:\/\/heike-neumann.de\/wp-content\/uploads\/2022\/09\/Titelloses-324-1-1140x1613.jpg 1140w, https:\/\/heike-neumann.de\/wp-content\/uploads\/2022\/09\/Titelloses-324-1.jpg 1240w\" sizes=\"auto, (max-width: 212px) 100vw, 212px\" \/><\/p>\n<\/div><div class=\"sdm_download_link\"><span class=\"sdm_download_button\"><a href=\"https:\/\/heike-neumann.de\/?sdm_process_download=1&#038;download_id=554\" class=\"sdm_download green\" title=\"Suchsel zu &#8222;Fiona Fuchs und die Weihnachtsvorbereitungen&#8220;\" target=\"_blank\">Jetzt herunterladen!<\/a><\/span><\/div><\/div><div class=\"sdm_clear_float\"><\/div>\n\n\n<p>F\u00fcr alle Kinder, die gerne malen:<br>Hier sind alle Bilder aus dem Buch zum Ausdrucken und Ausmalen:<\/p>\n\n\n<div class=\"sdm_download_item \"><div class=\"sdm_download_item_top\"><div class=\"sdm_download_thumbnail\"><\/div><div class=\"sdm_download_title\">Ausmalbilder zu &#8222;Fiona Fuchs und die Weihnachtsvorbereitungen&#8220;<\/div><\/div><div style=\"clear:both;\"><\/div><div class=\"sdm_download_description\"><p><img loading=\"lazy\" decoding=\"async\" class=\"size-medium wp-image-537 aligncenter\" src=\"https:\/\/heike-neumann.de\/wp-content\/uploads\/2022\/09\/Titelloses-344-212x300.jpg\" alt=\"\" width=\"212\" height=\"300\" srcset=\"https:\/\/heike-neumann.de\/wp-content\/uploads\/2022\/09\/Titelloses-344-212x300.jpg 212w, https:\/\/heike-neumann.de\/wp-content\/uploads\/2022\/09\/Titelloses-344-724x1024.jpg 724w, https:\/\/heike-neumann.de\/wp-content\/uploads\/2022\/09\/Titelloses-344-768x1086.jpg 768w, https:\/\/heike-neumann.de\/wp-content\/uploads\/2022\/09\/Titelloses-344-1086x1536.jpg 1086w, https:\/\/heike-neumann.de\/wp-content\/uploads\/2022\/09\/Titelloses-344-1140x1613.jpg 1140w, https:\/\/heike-neumann.de\/wp-content\/uploads\/2022\/09\/Titelloses-344.jpg 1240w\" sizes=\"auto, (max-width: 212px) 100vw, 212px\" \/><\/p>\n<\/div><div class=\"sdm_download_link\"><span class=\"sdm_download_button\"><a href=\"https:\/\/heike-neumann.de\/?sdm_process_download=1&#038;download_id=657\" class=\"sdm_download green\" title=\"Ausmalbilder zu &#8222;Fiona Fuchs und die Weihnachtsvorbereitungen&#8220;\" target=\"_blank\">Jetzt herunterladen!<\/a><\/span><\/div><\/div><div class=\"sdm_clear_float\"><\/div>\n\n<div class=\"sdm_download_item \"><div class=\"sdm_download_item_top\"><div class=\"sdm_download_thumbnail\"><\/div><div class=\"sdm_download_title\">Minib\u00fcchlein f\u00fcr Wichtelt\u00fcren &#8222;Fiona Fuchs&#8220;<\/div><\/div><div style=\"clear:both;\"><\/div><div class=\"sdm_download_description\"><p><img loading=\"lazy\" decoding=\"async\" class=\"alignnone size-medium wp-image-815 aligncenter\" src=\"https:\/\/heike-neumann.de\/wp-content\/uploads\/2022\/11\/InCollage_20221120_103013745-300x300.jpg\" alt=\"\" width=\"300\" height=\"300\" srcset=\"https:\/\/heike-neumann.de\/wp-content\/uploads\/2022\/11\/InCollage_20221120_103013745-300x300.jpg 300w, https:\/\/heike-neumann.de\/wp-content\/uploads\/2022\/11\/InCollage_20221120_103013745-1024x1024.jpg 1024w, https:\/\/heike-neumann.de\/wp-content\/uploads\/2022\/11\/InCollage_20221120_103013745-150x150.jpg 150w, https:\/\/heike-neumann.de\/wp-content\/uploads\/2022\/11\/InCollage_20221120_103013745-768x768.jpg 768w, https:\/\/heike-neumann.de\/wp-content\/uploads\/2022\/11\/InCollage_20221120_103013745-1536x1536.jpg 1536w, https:\/\/heike-neumann.de\/wp-content\/uploads\/2022\/11\/InCollage_20221120_103013745-1140x1140.jpg 1140w, https:\/\/heike-neumann.de\/wp-content\/uploads\/2022\/11\/InCollage_20221120_103013745-75x75.jpg 75w, https:\/\/heike-neumann.de\/wp-content\/uploads\/2022\/11\/InCollage_20221120_103013745.jpg 1920w\" sizes=\"auto, (max-width: 300px) 100vw, 300px\" \/><\/p>\n<\/div><div class=\"sdm_download_link\"><span class=\"sdm_download_button\"><a href=\"https:\/\/heike-neumann.de\/?sdm_process_download=1&#038;download_id=809\" class=\"sdm_download green\" title=\"Minib\u00fcchlein f\u00fcr Wichtelt\u00fcren &#8222;Fiona Fuchs&#8220;\" target=\"_blank\">Jetzt herunterladen!<\/a><\/span><\/div><\/div><div class=\"sdm_clear_float\"><\/div>","protected":false},"excerpt":{"rendered":"<p>F\u00fcr Kinder, die schon selber lesen und schreiben: Fiona Fuchs suchte den Weihnachtsschmuck im ganzen H\u00e4uschen. In diesem Suchsel kannst du nun W\u00f6rter aus der Geschichte suchen und finden F\u00fcr alle Kinder, die gerne malen:Hier sind alle Bilder aus dem Buch zum Ausdrucken und Ausmalen:<\/p>\n","protected":false},"author":1,"featured_media":0,"parent":27,"menu_order":0,"comment_status":"closed","ping_status":"closed","template":"","meta":{"footnotes":""},"class_list":["post-546","page","type-page","status-publish","hentry"],"_links":{"self":[{"href":"https:\/\/heike-neumann.de\/index.php\/wp-json\/wp\/v2\/pages\/546","targetHints":{"allow":["GET"]}}],"collection":[{"href":"https:\/\/heike-neumann.de\/index.php\/wp-json\/wp\/v2\/pages"}],"about":[{"href":"https:\/\/heike-neumann.de\/index.php\/wp-json\/wp\/v2\/types\/page"}],"author":[{"embeddable":true,"href":"https:\/\/heike-neumann.de\/index.php\/wp-json\/wp\/v2\/users\/1"}],"replies":[{"embeddable":true,"href":"https:\/\/heike-neumann.de\/index.php\/wp-json\/wp\/v2\/comments?post=546"}],"version-history":[{"count":6,"href":"https:\/\/heike-neumann.de\/index.php\/wp-json\/wp\/v2\/pages\/546\/revisions"}],"predecessor-version":[{"id":814,"href":"https:\/\/heike-neumann.de\/index.php\/wp-json\/wp\/v2\/pages\/546\/revisions\/814"}],"up":[{"embeddable":true,"href":"https:\/\/heike-neumann.de\/index.php\/wp-json\/wp\/v2\/pages\/27"}],"wp:attachment":[{"href":"https:\/\/heike-neumann.de\/index.php\/wp-json\/wp\/v2\/media?parent=546"}],"curies":[{"name":"wp","href":"https:\/\/api.w.org\/{rel}","templated":true}]}}