{"id":510,"date":"2022-09-04T15:09:05","date_gmt":"2022-09-04T13:09:05","guid":{"rendered":"https:\/\/heike-neumann.de\/?page_id=510"},"modified":"2022-12-25T11:00:25","modified_gmt":"2022-12-25T09:00:25","slug":"fiona-fuchs-und-die-weihnachtsvorbereitungen","status":"publish","type":"page","link":"https:\/\/heike-neumann.de\/index.php\/kinderbuecher\/fiona-fuchs-und-die-weihnachtsvorbereitungen\/","title":{"rendered":"Fiona Fuchs und die Weihnachtsvorbereitungen"},"content":{"rendered":"\n<div style=\"height:16px\" aria-hidden=\"true\" class=\"wp-block-spacer\"><\/div>\n\n\n\n<p>Fiona Fuchs liebte Weihnachten!<\/p>\n\n\n\n<p>Seit im Herbst der Wind die bunten Bl\u00e4tter von den B\u00e4umen wehte und es merklich k\u00e4lter wurde, begann in Fiona Fuchs die Weihnachtsw\u00e4rme zu leuchten. Tief im Herzen begann es und dieses warme, sch\u00f6ne Gef\u00fchl erf\u00fcllte sie von innen heraus mehr und mehr mit gl\u00fccklicher Vorfreude.<\/p>\n\n\n\n<p>Aber wo waren denn nur die Weihnachtssachen?<\/p>\n\n\n\n<p>Fiona machte sich auf die Suche im ganzen H\u00e4uschen und fand dabei nicht nur die Sterne und Kerzen, sondern jede Menge sch\u00f6ne Erinnerungen an das vergangene Jahr.<\/p>\n\n\n\n<figure class=\"wp-block-gallery has-nested-images columns-default is-cropped wp-block-gallery-1 is-layout-flex wp-block-gallery-is-layout-flex\">\n<figure class=\"wp-block-image size-large\"><img loading=\"lazy\" decoding=\"async\" width=\"1240\" height=\"1754\" data-id=\"596\" src=\"https:\/\/heike-neumann.de\/wp-content\/uploads\/2022\/09\/Titelloses-343.jpg\" alt=\"\" class=\"wp-image-596\" srcset=\"https:\/\/heike-neumann.de\/wp-content\/uploads\/2022\/09\/Titelloses-343.jpg 1240w, https:\/\/heike-neumann.de\/wp-content\/uploads\/2022\/09\/Titelloses-343-212x300.jpg 212w, https:\/\/heike-neumann.de\/wp-content\/uploads\/2022\/09\/Titelloses-343-724x1024.jpg 724w, https:\/\/heike-neumann.de\/wp-content\/uploads\/2022\/09\/Titelloses-343-768x1086.jpg 768w, https:\/\/heike-neumann.de\/wp-content\/uploads\/2022\/09\/Titelloses-343-1086x1536.jpg 1086w, https:\/\/heike-neumann.de\/wp-content\/uploads\/2022\/09\/Titelloses-343-1140x1613.jpg 1140w\" sizes=\"auto, (max-width: 1240px) 100vw, 1240px\" \/><\/figure>\n\n\n\n<figure class=\"wp-block-image size-large\"><img loading=\"lazy\" decoding=\"async\" width=\"1240\" height=\"1754\" data-id=\"591\" src=\"https:\/\/heike-neumann.de\/wp-content\/uploads\/2022\/09\/Titelloses-319.jpg\" alt=\"\" class=\"wp-image-591\" srcset=\"https:\/\/heike-neumann.de\/wp-content\/uploads\/2022\/09\/Titelloses-319.jpg 1240w, https:\/\/heike-neumann.de\/wp-content\/uploads\/2022\/09\/Titelloses-319-212x300.jpg 212w, https:\/\/heike-neumann.de\/wp-content\/uploads\/2022\/09\/Titelloses-319-724x1024.jpg 724w, https:\/\/heike-neumann.de\/wp-content\/uploads\/2022\/09\/Titelloses-319-768x1086.jpg 768w, https:\/\/heike-neumann.de\/wp-content\/uploads\/2022\/09\/Titelloses-319-1086x1536.jpg 1086w, https:\/\/heike-neumann.de\/wp-content\/uploads\/2022\/09\/Titelloses-319-1140x1613.jpg 1140w\" sizes=\"auto, (max-width: 1240px) 100vw, 1240px\" \/><\/figure>\n<\/figure>\n\n\n\n<p>Entstanden und ver\u00f6ffentlicht zur Adventszeit 2022<\/p>\n\n\n\n<p>14 Seiten<br>Text und Illustrationen von Heike Neumann<br>Schwarz-Wei\u00df-Druck<br>DIN A 5, Hochformat<br>Klammerbindung<br><\/p>\n\n\n\n<p>Dieses Buch ist nur noch digital erh\u00e4ltlich. Schreibt mich einfach an post@heike-neumann.de<br><\/p>\n\n\n\n<p><a href=\"https:\/\/heike-neumann.de\/index.php\/bonusmaterial\/bonusmaterial-zu-fiona-fuchs-und-die-weihnachtsvorbereitungen\/\" data-type=\"page\" data-id=\"546\">Bonusmaterial (R\u00e4tsel, Ausmalbilder und Mini-Wichtelbuch)<\/a> <\/p>\n\n\n\n<p><a href=\"https:\/\/heike-neumann.de\/index.php\/kurzgeschichten-fuer-kinder\/__trashed\/\" data-type=\"page\" data-id=\"586\">Die Geschichte in Autoren-Adventskalender lesen<\/a><\/p>\n","protected":false},"excerpt":{"rendered":"<p>Fiona Fuchs liebte Weihnachten! Seit im Herbst der Wind die bunten Bl\u00e4tter von den B\u00e4umen wehte und es merklich k\u00e4lter wurde, begann in Fiona Fuchs die Weihnachtsw\u00e4rme zu leuchten. Tief im Herzen begann es und dieses warme, sch\u00f6ne Gef\u00fchl erf\u00fcllte sie von innen heraus mehr und mehr mit gl\u00fccklicher Vorfreude. Aber wo waren denn nur die Weihnachtssachen? Fiona machte sich auf die Suche im ganzen H\u00e4uschen und fand dabei nicht nur die Sterne und Kerzen, sondern jede Menge sch\u00f6ne Erinnerungen an das vergangene Jahr. Entstanden und ver\u00f6ffentlicht zur Adventszeit 2022 14 SeitenText und Illustrationen von Heike NeumannSchwarz-Wei\u00df-DruckDIN A 5, HochformatKlammerbindung Dieses Buch ist nur noch digital erh\u00e4ltlich. Schreibt mich einfach an post@heike-neumann.de Bonusmaterial (R\u00e4tsel, Ausmalbilder und Mini-Wichtelbuch) Die Geschichte in Autoren-Adventskalender lesen<\/p>\n","protected":false},"author":1,"featured_media":0,"parent":23,"menu_order":6,"comment_status":"closed","ping_status":"closed","template":"","meta":{"footnotes":""},"class_list":["post-510","page","type-page","status-publish","hentry"],"_links":{"self":[{"href":"https:\/\/heike-neumann.de\/index.php\/wp-json\/wp\/v2\/pages\/510","targetHints":{"allow":["GET"]}}],"collection":[{"href":"https:\/\/heike-neumann.de\/index.php\/wp-json\/wp\/v2\/pages"}],"about":[{"href":"https:\/\/heike-neumann.de\/index.php\/wp-json\/wp\/v2\/types\/page"}],"author":[{"embeddable":true,"href":"https:\/\/heike-neumann.de\/index.php\/wp-json\/wp\/v2\/users\/1"}],"replies":[{"embeddable":true,"href":"https:\/\/heike-neumann.de\/index.php\/wp-json\/wp\/v2\/comments?post=510"}],"version-history":[{"count":14,"href":"https:\/\/heike-neumann.de\/index.php\/wp-json\/wp\/v2\/pages\/510\/revisions"}],"predecessor-version":[{"id":956,"href":"https:\/\/heike-neumann.de\/index.php\/wp-json\/wp\/v2\/pages\/510\/revisions\/956"}],"up":[{"embeddable":true,"href":"https:\/\/heike-neumann.de\/index.php\/wp-json\/wp\/v2\/pages\/23"}],"wp:attachment":[{"href":"https:\/\/heike-neumann.de\/index.php\/wp-json\/wp\/v2\/media?parent=510"}],"curies":[{"name":"wp","href":"https:\/\/api.w.org\/{rel}","templated":true}]}}