{"id":49,"date":"2022-06-24T15:09:37","date_gmt":"2022-06-24T15:09:37","guid":{"rendered":"https:\/\/heike-neumann.de\/?page_id=49"},"modified":"2022-07-22T20:34:56","modified_gmt":"2022-07-22T18:34:56","slug":"das-ein","status":"publish","type":"page","link":"https:\/\/heike-neumann.de\/index.php\/kurzgeschichten-fuer-kinder\/das-ein\/","title":{"rendered":"Das Ein"},"content":{"rendered":"\n<div style=\"height:30px\" aria-hidden=\"true\" class=\"wp-block-spacer\"><\/div>\n\n\n\n<p>Das Ein (ohne Horn)<br><br>Ein Einhorn ohne Horn ist ein Ein.<br>Dieses Ein nannten andere manchmal &#8222;Pferd&#8220;, aber das Ein wusste: Es war kein Pferd, sondern ein Ein.<br>Und dieses Ein lief nun nachdenklich durch den Wald.<br>Von einem Baum hing ein Faultier herab.<br>Das Faultier merkte es gar nicht, als das Ein sich den ersten Buchstaben schnappte. So war das Ein nun ein sehr feines Fein und vom Baum herab hing nun das Aultier.<br>Als das Aultier vor Hunger erwachte, merkte es, dass da etwas fehlte und sah sich hilfesuchend um.<br>Die Maus, die unter den Wurzeln wohnte, gab den ersten Buchstaben ab und huschte schnell weg ins Unterholz.<br>Als Maultier war das Aultier schon deutlich gl\u00fccklicher.<br>Das Fein fand, dass sein Name noch nicht komplett war und stibitzte sich von einem vor\u00fcberrennenden Eichh\u00f6rnchen die letzte Silbe. Nun wandelte es als elegantes Feinchen durch die Welt.<br>Das Eichh\u00f6rn hingegen war ungl\u00fccklich, weil ja nun etwas an seinem sch\u00f6nen langen Namen fehlte und klaute der Schlange kurzerhand die ersten 3 Buchstaben. Als Scheichh\u00f6rn lie\u00df es sich doch nun viel besser leben!<br>Es war eine sehr lange Lange, die nun durch den Wald kroch.<br>Da begegnete ihm ein Wiesel und so kam die Lange auf eine revolution\u00e4re Idee: Sie wollte den Internetempfang im Wald verbessern und schnappte sie daf\u00fcr den ersten Buchstaben und gab ihm das G, was sie ja nun nicht mehr brauchte. Das \u00fcbriggeblieben E h\u00e4ngte sie an eine Efeuranke, an der sie gerade vor\u00fcberkam.<br>So hatte nun das Feinchen, das Maultier, das Scheinh\u00f6rn und zu guter Letzt auch das Giesel echt gutes W-Lan.<br>Ein bisher recht einsames Reh kam an der Efeuranke vorbei und von nun an zog eine kleine Herde Rehe durch den Wald.<br>Und dies alles geschah nur, weil das Einhorn ohne Horn im Wald herumlief.<br>Eine haben wir nun aber noch vergessen und die kommt ganz zum Schluss vorbei und winkt:<br>Die Geschichte ist nun AUS<\/p>\n","protected":false},"excerpt":{"rendered":"<p>Das Ein (ohne Horn) Ein Einhorn ohne Horn ist ein Ein.Dieses Ein nannten andere manchmal &#8222;Pferd&#8220;, aber das Ein wusste: Es war kein Pferd, sondern ein Ein.Und dieses Ein lief nun nachdenklich durch den Wald.Von einem Baum hing ein Faultier herab.Das Faultier merkte es gar nicht, als das Ein sich den ersten Buchstaben schnappte. So war das Ein nun ein sehr feines Fein und vom Baum herab hing nun das Aultier.Als das Aultier vor Hunger erwachte, merkte es, dass da etwas fehlte und sah sich hilfesuchend um.Die Maus, die unter den Wurzeln wohnte, gab den ersten Buchstaben ab und huschte schnell weg ins Unterholz.Als Maultier war das Aultier schon deutlich gl\u00fccklicher.Das Fein fand, dass sein Name noch nicht komplett war und stibitzte sich von einem vor\u00fcberrennenden Eichh\u00f6rnchen die letzte Silbe. Nun wandelte es als elegantes Feinchen durch die Welt.Das Eichh\u00f6rn hingegen war ungl\u00fccklich, weil ja nun etwas an seinem sch\u00f6nen langen Namen fehlte und klaute der Schlange kurzerhand die ersten 3 Buchstaben. Als Scheichh\u00f6rn lie\u00df es sich doch nun viel besser leben!Es war eine sehr lange Lange, die nun durch den Wald kroch.Da begegnete ihm ein Wiesel und so kam die Lange auf eine revolution\u00e4re Idee: Sie wollte den Internetempfang im Wald verbessern und schnappte sie daf\u00fcr den ersten Buchstaben und gab ihm das G, was sie ja nun nicht mehr brauchte. Das \u00fcbriggeblieben E h\u00e4ngte sie an eine Efeuranke, an der sie gerade vor\u00fcberkam.So hatte nun das Feinchen, das Maultier, das Scheinh\u00f6rn und zu guter Letzt auch das Giesel echt gutes W-Lan.Ein bisher recht einsames Reh kam an der Efeuranke vorbei und von nun an zog eine kleine Herde Rehe durch den Wald.Und dies alles geschah nur, weil das Einhorn ohne Horn im Wald herumlief.Eine haben wir nun aber noch vergessen und die kommt ganz zum Schluss vorbei und winkt:Die Geschichte ist nun AUS<\/p>\n","protected":false},"author":1,"featured_media":0,"parent":25,"menu_order":0,"comment_status":"closed","ping_status":"closed","template":"","meta":{"footnotes":""},"class_list":["post-49","page","type-page","status-publish","hentry"],"_links":{"self":[{"href":"https:\/\/heike-neumann.de\/index.php\/wp-json\/wp\/v2\/pages\/49","targetHints":{"allow":["GET"]}}],"collection":[{"href":"https:\/\/heike-neumann.de\/index.php\/wp-json\/wp\/v2\/pages"}],"about":[{"href":"https:\/\/heike-neumann.de\/index.php\/wp-json\/wp\/v2\/types\/page"}],"author":[{"embeddable":true,"href":"https:\/\/heike-neumann.de\/index.php\/wp-json\/wp\/v2\/users\/1"}],"replies":[{"embeddable":true,"href":"https:\/\/heike-neumann.de\/index.php\/wp-json\/wp\/v2\/comments?post=49"}],"version-history":[{"count":3,"href":"https:\/\/heike-neumann.de\/index.php\/wp-json\/wp\/v2\/pages\/49\/revisions"}],"predecessor-version":[{"id":347,"href":"https:\/\/heike-neumann.de\/index.php\/wp-json\/wp\/v2\/pages\/49\/revisions\/347"}],"up":[{"embeddable":true,"href":"https:\/\/heike-neumann.de\/index.php\/wp-json\/wp\/v2\/pages\/25"}],"wp:attachment":[{"href":"https:\/\/heike-neumann.de\/index.php\/wp-json\/wp\/v2\/media?parent=49"}],"curies":[{"name":"wp","href":"https:\/\/api.w.org\/{rel}","templated":true}]}}