{"id":44,"date":"2022-06-24T14:03:48","date_gmt":"2022-06-24T14:03:48","guid":{"rendered":"https:\/\/heike-neumann.de\/?page_id=44"},"modified":"2024-08-18T19:20:00","modified_gmt":"2024-08-18T17:20:00","slug":"amalia-kunterbunt","status":"publish","type":"page","link":"https:\/\/heike-neumann.de\/index.php\/kinderbuecher\/amalia-kunterbunt\/","title":{"rendered":"Amalia Kunterbunt"},"content":{"rendered":"\n<figure class=\"wp-block-image size-large\"><img loading=\"lazy\" decoding=\"async\" width=\"1024\" height=\"596\" src=\"https:\/\/heike-neumann.de\/wp-content\/uploads\/2022\/07\/Scan_20211204-2-1024x596.jpg\" alt=\"\" class=\"wp-image-156\" srcset=\"https:\/\/heike-neumann.de\/wp-content\/uploads\/2022\/07\/Scan_20211204-2-1024x596.jpg 1024w, https:\/\/heike-neumann.de\/wp-content\/uploads\/2022\/07\/Scan_20211204-2-300x174.jpg 300w, https:\/\/heike-neumann.de\/wp-content\/uploads\/2022\/07\/Scan_20211204-2-768x447.jpg 768w, https:\/\/heike-neumann.de\/wp-content\/uploads\/2022\/07\/Scan_20211204-2.jpg 1140w\" sizes=\"auto, (max-width: 1024px) 100vw, 1024px\" \/><\/figure>\n\n\n\n<p>Amalia Kunterbunt<\/p>\n\n\n\n<p>Die kleine Schildkr\u00f6te Amalia rutschte auf ihrem Weg durch den Tierpark auf Farbe aus und machte sich auf den Weg, den Verantwortlichen daf\u00fcr zu finden.  Dabei entdeckte sie so viele M\u00f6glichkeiten, sich kreativ auszudr\u00fccken und die Welt ein bisschen fr\u00f6hlicher zu machen. Ein wunderbares Buch f\u00fcr kleine und gro\u00dfe Kinder und alle kreativen K\u00f6pfe, die mit ihren F\u00e4higkeiten unsere Welt ein wenig sch\u00f6ner machen                                   F\u00fcr Kinder ab 4 Jahren<\/p>\n\n\n\n<figure class=\"wp-block-image size-large is-resized\"><img loading=\"lazy\" decoding=\"async\" width=\"896\" height=\"1024\" src=\"https:\/\/heike-neumann.de\/wp-content\/uploads\/2022\/07\/Scan_20211127-896x1024.jpg\" alt=\"\" class=\"wp-image-158\" style=\"width:448px;height:512px\" srcset=\"https:\/\/heike-neumann.de\/wp-content\/uploads\/2022\/07\/Scan_20211127-896x1024.jpg 896w, https:\/\/heike-neumann.de\/wp-content\/uploads\/2022\/07\/Scan_20211127-263x300.jpg 263w, https:\/\/heike-neumann.de\/wp-content\/uploads\/2022\/07\/Scan_20211127-768x877.jpg 768w, https:\/\/heike-neumann.de\/wp-content\/uploads\/2022\/07\/Scan_20211127.jpg 970w\" sizes=\"auto, (max-width: 896px) 100vw, 896px\" \/><\/figure>\n\n\n\n<p><\/p>\n\n\n\n<p>32 Seiten, davon 14 in Farbe<br>illustriert von Heike Neumann<br>A5, Querformat<br>Zweifach R\u00fcckendrahtheftung<br>Verst\u00e4rkte Umschlagseiten: 300g-Papier und mit Cellophan beschichtet<br>Mit Platz zum eigenen kreativen Gestalten<\/p>\n\n\n\n<p>9,90 Euro, <a href=\"https:\/\/www.blaulicht-verlag.de\/online-shop\/amalia-kunterbunt\/#cc-m-product-12158547321\">HIER geht es zur Bestellm\u00f6glichkeit beim Blaulicht-Verlag (Versandkostenfrei)<\/a><br><\/p>\n\n\n\n<p>Bonusmaterial: <a href=\"https:\/\/heike-neumann.de\/?smd_process_download=1&amp;download_id=316\" data-type=\"attachment\">Ausmalbilder Amalia Kunterbunt<\/a><\/p>\n\n\n\n<p><a href=\"https:\/\/heike-neumann.de\/index.php\/kurzgeschichten-fuer-kinder\/leseprobe-amalia-kunterbunt\/\" data-type=\"page\" data-id=\"571\">HIER geht es zur Leseprobe<\/a><\/p>\n\n\n\n<p><\/p>\n","protected":false},"excerpt":{"rendered":"<p>Amalia Kunterbunt Die kleine Schildkr\u00f6te Amalia rutschte auf ihrem Weg durch den Tierpark auf Farbe aus und machte sich auf den Weg, den Verantwortlichen daf\u00fcr zu finden. Dabei entdeckte sie so viele M\u00f6glichkeiten, sich kreativ auszudr\u00fccken und die Welt ein bisschen fr\u00f6hlicher zu machen. Ein wunderbares Buch f\u00fcr kleine und gro\u00dfe Kinder und alle kreativen K\u00f6pfe, die mit ihren F\u00e4higkeiten unsere Welt ein wenig sch\u00f6ner machen F\u00fcr Kinder ab 4 Jahren 32 Seiten, davon 14 in Farbeillustriert von Heike NeumannA5, QuerformatZweifach R\u00fcckendrahtheftungVerst\u00e4rkte Umschlagseiten: 300g-Papier und mit Cellophan beschichtetMit Platz zum eigenen kreativen Gestalten 9,90 Euro, HIER geht es zur Bestellm\u00f6glichkeit beim Blaulicht-Verlag (Versandkostenfrei) Bonusmaterial: Ausmalbilder Amalia Kunterbunt HIER geht es zur Leseprobe<\/p>\n","protected":false},"author":1,"featured_media":0,"parent":23,"menu_order":0,"comment_status":"closed","ping_status":"closed","template":"","meta":{"footnotes":""},"class_list":["post-44","page","type-page","status-publish","hentry"],"_links":{"self":[{"href":"https:\/\/heike-neumann.de\/index.php\/wp-json\/wp\/v2\/pages\/44","targetHints":{"allow":["GET"]}}],"collection":[{"href":"https:\/\/heike-neumann.de\/index.php\/wp-json\/wp\/v2\/pages"}],"about":[{"href":"https:\/\/heike-neumann.de\/index.php\/wp-json\/wp\/v2\/types\/page"}],"author":[{"embeddable":true,"href":"https:\/\/heike-neumann.de\/index.php\/wp-json\/wp\/v2\/users\/1"}],"replies":[{"embeddable":true,"href":"https:\/\/heike-neumann.de\/index.php\/wp-json\/wp\/v2\/comments?post=44"}],"version-history":[{"count":15,"href":"https:\/\/heike-neumann.de\/index.php\/wp-json\/wp\/v2\/pages\/44\/revisions"}],"predecessor-version":[{"id":2010,"href":"https:\/\/heike-neumann.de\/index.php\/wp-json\/wp\/v2\/pages\/44\/revisions\/2010"}],"up":[{"embeddable":true,"href":"https:\/\/heike-neumann.de\/index.php\/wp-json\/wp\/v2\/pages\/23"}],"wp:attachment":[{"href":"https:\/\/heike-neumann.de\/index.php\/wp-json\/wp\/v2\/media?parent=44"}],"curies":[{"name":"wp","href":"https:\/\/api.w.org\/{rel}","templated":true}]}}