{"id":398,"date":"2022-08-15T19:39:05","date_gmt":"2022-08-15T17:39:05","guid":{"rendered":"https:\/\/heike-neumann.de\/?page_id=398"},"modified":"2024-12-13T11:34:19","modified_gmt":"2024-12-13T09:34:19","slug":"geschichten-aus-pfifferlingen","status":"publish","type":"page","link":"https:\/\/heike-neumann.de\/index.php\/kinderbuecher\/geschichten-aus-pfifferlingen\/","title":{"rendered":"Geschichten aus Pfifferlingen"},"content":{"rendered":"\n<p>&#8230; von Wichteln, Zwergen und Trollen<\/p>\n\n\n\n<p>Pfifferlingen ist ein kleines Dorf am Waldrand,<br>eine halbe Tagesreise entfernt von der gro\u00dfen Stadt.<\/p>\n\n\n\n<p>Vor hundert mal hundert Jahren hat ein riesiger Drache die gro\u00dfe Stadt angegriffen und so die ganze Region in Schutt und Asche gelegt. Das schwelende Aschefeld erwies sich jedoch als Segen f\u00fcr Pfifferlingen:<\/p>\n\n\n\n<p>Die besonderen Eigenschaften des Drachenfeuers sorgten daf\u00fcr, dass der Boden unglaublich ertragreich wurde und ganz besonders merkte man die Ver\u00e4nderung bei den Pilzen, die eng mit der Erde verbunden waren. Sie wurden riesengro\u00df und bekamen bunte Kappen. In vielen der Pilze konnten die Zwerge und Wichtel, die sich nun ansiedelten, sogar wohnen.<br>Auch Heinzelm\u00e4nnchen, Kobolde, Gnome und Trolle kamen dazu. Letztere bevorzugten allerdings meistens H\u00f6hlen im nahegelegenen magischen Wald. Dieses fr\u00f6hliche Volk, das in seiner Unterschiedlichkeit eine unglaubliche Gemeinschaft bildet, lebt vergn\u00fcgt zusammen und erlebt viele kleine und gr\u00f6\u00dfere Abenteuer<\/p>\n\n\n\n<figure class=\"wp-block-image size-large is-resized\"><img loading=\"lazy\" decoding=\"async\" width=\"724\" height=\"1024\" src=\"https:\/\/heike-neumann.de\/wp-content\/uploads\/2022\/08\/Titelloses-270-1-724x1024.jpg\" alt=\"\" class=\"wp-image-432\" style=\"width:430px;height:608px\" srcset=\"https:\/\/heike-neumann.de\/wp-content\/uploads\/2022\/08\/Titelloses-270-1-724x1024.jpg 724w, https:\/\/heike-neumann.de\/wp-content\/uploads\/2022\/08\/Titelloses-270-1-212x300.jpg 212w, https:\/\/heike-neumann.de\/wp-content\/uploads\/2022\/08\/Titelloses-270-1-768x1086.jpg 768w, https:\/\/heike-neumann.de\/wp-content\/uploads\/2022\/08\/Titelloses-270-1-1086x1536.jpg 1086w, https:\/\/heike-neumann.de\/wp-content\/uploads\/2022\/08\/Titelloses-270-1-1140x1613.jpg 1140w, https:\/\/heike-neumann.de\/wp-content\/uploads\/2022\/08\/Titelloses-270-1.jpg 1240w\" sizes=\"auto, (max-width: 724px) 100vw, 724px\" \/><\/figure>\n\n\n\n<p>60 Seiten <br>Deckblatt von Heike Neumann<br>Wappen von Franziska Rickmann<br>DIN A 5, Hochformat<br>Klebebindung, Softcover<br>Beschichtete Umschlagseiten<\/p>\n\n\n\n<p>Preis 12,90 Euro,<a href=\"https:\/\/www.blaulicht-verlag.de\/online-shop\/fr%C3%BChling-in-pfifferlingen\/#cc-m-product-12158545321\">\u00a0<\/a><a href=\"https:\/\/www.blaulicht-verlag.de\/online-shop\/geschichten-aus-pfifferlingen\/#cc-m-product-12158545121\">HIER geht es direkt zur Bestellm\u00f6glichkeit beim Blaulicht-Verlag (versandkostenfrei)<\/a><\/p>\n\n\n\n<p>Hier findet ihr drei dieser Geschichten als Leseprobe:<\/p>\n\n\n\n<p><a href=\"https:\/\/heike-neumann.de\/index.php\/kurzgeschichten-fuer-kinder\/willkommen-im-wichtelland\/willkommen-in-pfifferlingen\/\" data-type=\"page\" data-id=\"130\">Willkommen in Pfifferlingen<\/a><\/p>\n\n\n\n<p><a href=\"https:\/\/heike-neumann.de\/index.php\/kurzgeschichten-fuer-kinder\/willkommen-im-wichtelland\/kullern-bis-die-aerztin-kommt\/\" data-type=\"page\" data-id=\"128\">Kullern, bis die \u00c4rztin kommt<\/a> <\/p>\n\n\n\n<p><a href=\"https:\/\/heike-neumann.de\/index.php\/kurzgeschichten-fuer-kinder\/willkommen-im-wichtelland\/woraus-besteht-der-mond\/\" data-type=\"page\" data-id=\"126\">Woraus besteht der Mond?<\/a> <\/p>\n\n\n\n<p><\/p>\n\n\n\n<div style=\"height:0px\" aria-hidden=\"true\" class=\"wp-block-spacer\"><\/div>\n\n\n\n<p><\/p>\n\n\n\n<p><\/p>\n\n\n\n<div style=\"height:0px\" aria-hidden=\"true\" class=\"wp-block-spacer\"><\/div>\n\n\n\n<p>Auch sowas ist (bei Lesungen) m\u00f6glich: Ein pers\u00f6nliches Pilzhaus, um sich in der Wichtelwelt so richtig zuhause f\u00fchlen zu k\u00f6nnen<\/p>\n\n\n\n<figure class=\"wp-block-image size-large is-resized\"><img loading=\"lazy\" decoding=\"async\" width=\"768\" height=\"1024\" src=\"https:\/\/heike-neumann.de\/wp-content\/uploads\/2022\/11\/f70f0779-5d33-4bf0-9bb6-dcbdd175e7e5-768x1024.jpg\" alt=\"\" class=\"wp-image-728\" style=\"width:435px;height:580px\" srcset=\"https:\/\/heike-neumann.de\/wp-content\/uploads\/2022\/11\/f70f0779-5d33-4bf0-9bb6-dcbdd175e7e5-768x1024.jpg 768w, https:\/\/heike-neumann.de\/wp-content\/uploads\/2022\/11\/f70f0779-5d33-4bf0-9bb6-dcbdd175e7e5-225x300.jpg 225w, https:\/\/heike-neumann.de\/wp-content\/uploads\/2022\/11\/f70f0779-5d33-4bf0-9bb6-dcbdd175e7e5-1152x1536.jpg 1152w, https:\/\/heike-neumann.de\/wp-content\/uploads\/2022\/11\/f70f0779-5d33-4bf0-9bb6-dcbdd175e7e5-1140x1520.jpg 1140w, https:\/\/heike-neumann.de\/wp-content\/uploads\/2022\/11\/f70f0779-5d33-4bf0-9bb6-dcbdd175e7e5.jpg 1536w\" sizes=\"auto, (max-width: 768px) 100vw, 768px\" \/><\/figure>\n\n\n\n<div style=\"height:45px\" aria-hidden=\"true\" class=\"wp-block-spacer\"><\/div>\n\n\n\n<p>Zu &#8222;Geschichten aus Pfifferlingen&#8220; gibt es besonderes <a href=\"https:\/\/heike-neumann.de\/index.php\/bonusmaterial\/bonusmaterial-zu-geschichten-aus-pfifferlingen\/\">Bonusmaterial<\/a>: Ein Bastelset und auch das Cover als Ausmalbild.<br>Au\u00dferdem habe ich jede Menge ausdruckbares Material erstellt, was prima f\u00fcr kleine Bewohner von Wichtelt\u00fcren, Feenh\u00e4usern oder so genutzt werden kann. Alles gratis zum Download! <br>Viel Spa\u00df damit!<\/p>\n\n\n\n<p><\/p>\n\n\n\n<p>Die Gesellschaft in Pfifferlingen ist sehr divers und kunterbunt. <a href=\"https:\/\/heike-neumann.de\/index.php\/kinderbuecher\/geschichten-aus-pfifferlingen\/diversitaet-in-pfifferlingen\/\">Mehr dazu hier<\/a><\/p>\n","protected":false},"excerpt":{"rendered":"<p>&#8230; von Wichteln, Zwergen und Trollen Pfifferlingen ist ein kleines Dorf am Waldrand,eine halbe Tagesreise entfernt von der gro\u00dfen Stadt. Vor hundert mal hundert Jahren hat ein riesiger Drache die gro\u00dfe Stadt angegriffen und so die ganze Region in Schutt und Asche gelegt. Das schwelende Aschefeld erwies sich jedoch als Segen f\u00fcr Pfifferlingen: Die besonderen Eigenschaften des Drachenfeuers sorgten daf\u00fcr, dass der Boden unglaublich ertragreich wurde und ganz besonders merkte man die Ver\u00e4nderung bei den Pilzen, die eng mit der Erde verbunden waren. Sie wurden riesengro\u00df und bekamen bunte Kappen. In vielen der Pilze konnten die Zwerge und Wichtel, die sich nun ansiedelten, sogar wohnen.Auch Heinzelm\u00e4nnchen, Kobolde, Gnome und Trolle kamen dazu. Letztere bevorzugten allerdings meistens H\u00f6hlen im nahegelegenen magischen Wald. Dieses fr\u00f6hliche Volk, das in seiner Unterschiedlichkeit eine unglaubliche Gemeinschaft bildet, lebt vergn\u00fcgt zusammen und erlebt viele kleine und gr\u00f6\u00dfere Abenteuer 60 Seiten Deckblatt von Heike NeumannWappen von Franziska RickmannDIN A 5, HochformatKlebebindung, SoftcoverBeschichtete Umschlagseiten Preis 12,90 Euro,\u00a0HIER geht es direkt zur Bestellm\u00f6glichkeit beim Blaulicht-Verlag (versandkostenfrei) Hier findet ihr drei dieser Geschichten als Leseprobe: Willkommen in Pfifferlingen Kullern, bis die \u00c4rztin kommt Woraus besteht der Mond? Auch sowas ist (bei Lesungen) m\u00f6glich: Ein pers\u00f6nliches Pilzhaus, um sich in der Wichtelwelt so richtig zuhause f\u00fchlen zu k\u00f6nnen Zu &#8222;Geschichten aus Pfifferlingen&#8220; gibt es besonderes Bonusmaterial: Ein Bastelset und auch das Cover als Ausmalbild.Au\u00dferdem habe ich jede Menge ausdruckbares Material erstellt, was prima f\u00fcr kleine Bewohner von Wichtelt\u00fcren, Feenh\u00e4usern oder so genutzt werden kann. Alles gratis zum Download! Viel Spa\u00df damit! Die Gesellschaft in Pfifferlingen ist sehr divers und kunterbunt. Mehr dazu hier<\/p>\n","protected":false},"author":1,"featured_media":0,"parent":23,"menu_order":0,"comment_status":"closed","ping_status":"closed","template":"","meta":{"footnotes":""},"class_list":["post-398","page","type-page","status-publish","hentry"],"_links":{"self":[{"href":"https:\/\/heike-neumann.de\/index.php\/wp-json\/wp\/v2\/pages\/398","targetHints":{"allow":["GET"]}}],"collection":[{"href":"https:\/\/heike-neumann.de\/index.php\/wp-json\/wp\/v2\/pages"}],"about":[{"href":"https:\/\/heike-neumann.de\/index.php\/wp-json\/wp\/v2\/types\/page"}],"author":[{"embeddable":true,"href":"https:\/\/heike-neumann.de\/index.php\/wp-json\/wp\/v2\/users\/1"}],"replies":[{"embeddable":true,"href":"https:\/\/heike-neumann.de\/index.php\/wp-json\/wp\/v2\/comments?post=398"}],"version-history":[{"count":21,"href":"https:\/\/heike-neumann.de\/index.php\/wp-json\/wp\/v2\/pages\/398\/revisions"}],"predecessor-version":[{"id":2329,"href":"https:\/\/heike-neumann.de\/index.php\/wp-json\/wp\/v2\/pages\/398\/revisions\/2329"}],"up":[{"embeddable":true,"href":"https:\/\/heike-neumann.de\/index.php\/wp-json\/wp\/v2\/pages\/23"}],"wp:attachment":[{"href":"https:\/\/heike-neumann.de\/index.php\/wp-json\/wp\/v2\/media?parent=398"}],"curies":[{"name":"wp","href":"https:\/\/api.w.org\/{rel}","templated":true}]}}