{"id":368,"date":"2022-07-25T19:58:40","date_gmt":"2022-07-25T17:58:40","guid":{"rendered":"https:\/\/heike-neumann.de\/?page_id=368"},"modified":"2022-09-08T14:05:51","modified_gmt":"2022-09-08T12:05:51","slug":"bonusmaterial-zu-benjamin-kaesekruemel-und-das-schaukelproblem","status":"publish","type":"page","link":"https:\/\/heike-neumann.de\/index.php\/bonusmaterial\/bonusmaterial-zu-benjamin-kaesekruemel-und-das-schaukelproblem\/","title":{"rendered":"Bonusmaterial zu &#8222;Benjamin K\u00e4sekr\u00fcmel und das Schaukelproblem&#8220;"},"content":{"rendered":"\n<div style=\"height:0px\" aria-hidden=\"true\" class=\"wp-block-spacer\"><\/div>\n\n\n\n<p>Ihr seid eingeladen, mit dieser Anleitung euch selber eine Schaukel mit Benjamin K\u00e4sekr\u00fcmel darauf zu basteln. Ihr sucht selber den Hintergrund aus und wer mag, kann sich auch selber (als Bild) auf die Schaukel im Schuhkarton setzen und nach Herzenslust durch die Luft fliegen! <br><\/p>\n\n\n\n<p>Hinweise: F\u00fcr manche kleine Stellen k\u00f6nnten Kinderh\u00e4nde vielleicht ein wenig Erwachsenenhilfe gebrauchen. Wem die H\u00e4nde und F\u00fc\u00dfe zu klein und fummelig sind, f\u00fcr den empfehle ich Klebepunkte oder etwas Knete. Der Benjaminfigur w\u00fcrde es nicht schaden, wenn sie aus etwas festerem Papier oder aus zwei Papierlagen bestehen w\u00fcrde. <\/p>\n\n\n\n<p>Viel Spa\u00df beim Basteln!<\/p>\n\n\n\n<figure class=\"wp-block-image size-large is-resized\"><img loading=\"lazy\" decoding=\"async\" src=\"https:\/\/heike-neumann.de\/wp-content\/uploads\/2022\/09\/IMG_8509noch-kleiner-1-768x1024.png\" alt=\"\" class=\"wp-image-563\" width=\"375\" height=\"500\" srcset=\"https:\/\/heike-neumann.de\/wp-content\/uploads\/2022\/09\/IMG_8509noch-kleiner-1-768x1024.png 768w, https:\/\/heike-neumann.de\/wp-content\/uploads\/2022\/09\/IMG_8509noch-kleiner-1-225x300.png 225w, https:\/\/heike-neumann.de\/wp-content\/uploads\/2022\/09\/IMG_8509noch-kleiner-1.png 775w\" sizes=\"auto, (max-width: 375px) 100vw, 375px\" \/><\/figure>\n\n\n\n<figure class=\"wp-block-gallery has-nested-images columns-default is-cropped wp-block-gallery-1 is-layout-flex wp-block-gallery-is-layout-flex\">\n<figure class=\"wp-block-image size-large\"><img loading=\"lazy\" decoding=\"async\" width=\"900\" height=\"1600\" data-id=\"533\" src=\"https:\/\/heike-neumann.de\/wp-content\/uploads\/2022\/09\/WhatsApp-Image-2022-09-04-at-21.29.54.jpeg\" alt=\"\" class=\"wp-image-533\" srcset=\"https:\/\/heike-neumann.de\/wp-content\/uploads\/2022\/09\/WhatsApp-Image-2022-09-04-at-21.29.54.jpeg 900w, https:\/\/heike-neumann.de\/wp-content\/uploads\/2022\/09\/WhatsApp-Image-2022-09-04-at-21.29.54-169x300.jpeg 169w, https:\/\/heike-neumann.de\/wp-content\/uploads\/2022\/09\/WhatsApp-Image-2022-09-04-at-21.29.54-576x1024.jpeg 576w, https:\/\/heike-neumann.de\/wp-content\/uploads\/2022\/09\/WhatsApp-Image-2022-09-04-at-21.29.54-768x1365.jpeg 768w, https:\/\/heike-neumann.de\/wp-content\/uploads\/2022\/09\/WhatsApp-Image-2022-09-04-at-21.29.54-864x1536.jpeg 864w\" sizes=\"auto, (max-width: 900px) 100vw, 900px\" \/><\/figure>\n\n\n\n<figure class=\"wp-block-image size-large\"><img loading=\"lazy\" decoding=\"async\" width=\"1536\" height=\"2048\" data-id=\"519\" src=\"https:\/\/heike-neumann.de\/wp-content\/uploads\/2022\/09\/d4201463-37ab-4d4f-9539-a2b5830dbb5b.jpg\" alt=\"\" class=\"wp-image-519\" srcset=\"https:\/\/heike-neumann.de\/wp-content\/uploads\/2022\/09\/d4201463-37ab-4d4f-9539-a2b5830dbb5b.jpg 1536w, https:\/\/heike-neumann.de\/wp-content\/uploads\/2022\/09\/d4201463-37ab-4d4f-9539-a2b5830dbb5b-225x300.jpg 225w, https:\/\/heike-neumann.de\/wp-content\/uploads\/2022\/09\/d4201463-37ab-4d4f-9539-a2b5830dbb5b-768x1024.jpg 768w, https:\/\/heike-neumann.de\/wp-content\/uploads\/2022\/09\/d4201463-37ab-4d4f-9539-a2b5830dbb5b-1152x1536.jpg 1152w, https:\/\/heike-neumann.de\/wp-content\/uploads\/2022\/09\/d4201463-37ab-4d4f-9539-a2b5830dbb5b-1140x1520.jpg 1140w\" sizes=\"auto, (max-width: 1536px) 100vw, 1536px\" \/><\/figure>\n\n\n\n<figure class=\"wp-block-image size-large\"><img loading=\"lazy\" decoding=\"async\" width=\"1600\" height=\"1200\" data-id=\"452\" src=\"https:\/\/heike-neumann.de\/wp-content\/uploads\/2022\/08\/BenjaminKK.jpeg\" alt=\"\" class=\"wp-image-452\" srcset=\"https:\/\/heike-neumann.de\/wp-content\/uploads\/2022\/08\/BenjaminKK.jpeg 1600w, https:\/\/heike-neumann.de\/wp-content\/uploads\/2022\/08\/BenjaminKK-300x225.jpeg 300w, https:\/\/heike-neumann.de\/wp-content\/uploads\/2022\/08\/BenjaminKK-1024x768.jpeg 1024w, https:\/\/heike-neumann.de\/wp-content\/uploads\/2022\/08\/BenjaminKK-768x576.jpeg 768w, https:\/\/heike-neumann.de\/wp-content\/uploads\/2022\/08\/BenjaminKK-1536x1152.jpeg 1536w, https:\/\/heike-neumann.de\/wp-content\/uploads\/2022\/08\/BenjaminKK-1140x855.jpeg 1140w\" sizes=\"auto, (max-width: 1600px) 100vw, 1600px\" \/><\/figure>\n<\/figure>\n\n\n<div class=\"sdm_download_item \"><div class=\"sdm_download_item_top\"><div class=\"sdm_download_thumbnail\"><\/div><div class=\"sdm_download_title\">Bastelanleitung zu &#8222;Benjamin K\u00e4sekr\u00fcmel und das Schaukelproblem&#8220;<\/div><\/div><div style=\"clear:both;\"><\/div><div class=\"sdm_download_description\"><p><img loading=\"lazy\" decoding=\"async\" class=\"size-medium wp-image-364 aligncenter\" src=\"https:\/\/heike-neumann.de\/wp-content\/uploads\/2022\/07\/Titelloses-240-1-300x212.jpg\" alt=\"\" width=\"300\" height=\"212\" srcset=\"https:\/\/heike-neumann.de\/wp-content\/uploads\/2022\/07\/Titelloses-240-1-300x212.jpg 300w, https:\/\/heike-neumann.de\/wp-content\/uploads\/2022\/07\/Titelloses-240-1-1024x724.jpg 1024w, https:\/\/heike-neumann.de\/wp-content\/uploads\/2022\/07\/Titelloses-240-1-768x543.jpg 768w, https:\/\/heike-neumann.de\/wp-content\/uploads\/2022\/07\/Titelloses-240-1-1536x1086.jpg 1536w, https:\/\/heike-neumann.de\/wp-content\/uploads\/2022\/07\/Titelloses-240-1-1140x806.jpg 1140w, https:\/\/heike-neumann.de\/wp-content\/uploads\/2022\/07\/Titelloses-240-1.jpg 1754w\" sizes=\"auto, (max-width: 300px) 100vw, 300px\" \/><\/p>\n<\/div><div class=\"sdm_download_link\"><span class=\"sdm_download_button\"><a href=\"https:\/\/heike-neumann.de\/?sdm_process_download=1&#038;download_id=405\" class=\"sdm_download green\" title=\"Bastelanleitung zu &#8222;Benjamin K\u00e4sekr\u00fcmel und das Schaukelproblem&#8220;\" target=\"_blank\">Jetzt herunterladen!<\/a><\/span><\/div><\/div><div class=\"sdm_clear_float\"><\/div>\n\n\n<p>Einfach auf den gr\u00fcnen Button klicken und dann das Dokument speichern oder ausdrucken<\/p>\n\n\n<div class=\"sdm_download_item \"><div class=\"sdm_download_item_top\"><div class=\"sdm_download_thumbnail\"><\/div><div class=\"sdm_download_title\">Ausmalbilder zu &#8222;Benjamin K\u00e4sekr\u00fcmel und das Schaukelproblem&#8220;<\/div><\/div><div style=\"clear:both;\"><\/div><div class=\"sdm_download_description\"><p><img loading=\"lazy\" decoding=\"async\" class=\"alignnone size-medium wp-image-518 aligncenter\" src=\"https:\/\/heike-neumann.de\/wp-content\/uploads\/2022\/09\/Titelloses-258-212x300.png\" alt=\"\" width=\"212\" height=\"300\" srcset=\"https:\/\/heike-neumann.de\/wp-content\/uploads\/2022\/09\/Titelloses-258-212x300.png 212w, https:\/\/heike-neumann.de\/wp-content\/uploads\/2022\/09\/Titelloses-258-724x1024.png 724w, https:\/\/heike-neumann.de\/wp-content\/uploads\/2022\/09\/Titelloses-258-768x1086.png 768w, https:\/\/heike-neumann.de\/wp-content\/uploads\/2022\/09\/Titelloses-258-1086x1536.png 1086w, https:\/\/heike-neumann.de\/wp-content\/uploads\/2022\/09\/Titelloses-258-1140x1613.png 1140w, https:\/\/heike-neumann.de\/wp-content\/uploads\/2022\/09\/Titelloses-258.png 1240w\" sizes=\"auto, (max-width: 212px) 100vw, 212px\" \/><\/p>\n<\/div><div class=\"sdm_download_link\"><span class=\"sdm_download_button\"><a href=\"https:\/\/heike-neumann.de\/?sdm_process_download=1&#038;download_id=552\" class=\"sdm_download green\" title=\"Ausmalbilder zu &#8222;Benjamin K\u00e4sekr\u00fcmel und das Schaukelproblem&#8220;\" target=\"_blank\">Jetzt herunterladen!<\/a><\/span><\/div><\/div><div class=\"sdm_clear_float\"><\/div>","protected":false},"excerpt":{"rendered":"<p>Ihr seid eingeladen, mit dieser Anleitung euch selber eine Schaukel mit Benjamin K\u00e4sekr\u00fcmel darauf zu basteln. Ihr sucht selber den Hintergrund aus und wer mag, kann sich auch selber (als Bild) auf die Schaukel im Schuhkarton setzen und nach Herzenslust durch die Luft fliegen! Hinweise: F\u00fcr manche kleine Stellen k\u00f6nnten Kinderh\u00e4nde vielleicht ein wenig Erwachsenenhilfe gebrauchen. Wem die H\u00e4nde und F\u00fc\u00dfe zu klein und fummelig sind, f\u00fcr den empfehle ich Klebepunkte oder etwas Knete. Der Benjaminfigur w\u00fcrde es nicht schaden, wenn sie aus etwas festerem Papier oder aus zwei Papierlagen bestehen w\u00fcrde. Viel Spa\u00df beim Basteln! Einfach auf den gr\u00fcnen Button klicken und dann das Dokument speichern oder ausdrucken<\/p>\n","protected":false},"author":1,"featured_media":0,"parent":27,"menu_order":0,"comment_status":"closed","ping_status":"closed","template":"","meta":{"footnotes":""},"class_list":["post-368","page","type-page","status-publish","hentry"],"_links":{"self":[{"href":"https:\/\/heike-neumann.de\/index.php\/wp-json\/wp\/v2\/pages\/368","targetHints":{"allow":["GET"]}}],"collection":[{"href":"https:\/\/heike-neumann.de\/index.php\/wp-json\/wp\/v2\/pages"}],"about":[{"href":"https:\/\/heike-neumann.de\/index.php\/wp-json\/wp\/v2\/types\/page"}],"author":[{"embeddable":true,"href":"https:\/\/heike-neumann.de\/index.php\/wp-json\/wp\/v2\/users\/1"}],"replies":[{"embeddable":true,"href":"https:\/\/heike-neumann.de\/index.php\/wp-json\/wp\/v2\/comments?post=368"}],"version-history":[{"count":18,"href":"https:\/\/heike-neumann.de\/index.php\/wp-json\/wp\/v2\/pages\/368\/revisions"}],"predecessor-version":[{"id":564,"href":"https:\/\/heike-neumann.de\/index.php\/wp-json\/wp\/v2\/pages\/368\/revisions\/564"}],"up":[{"embeddable":true,"href":"https:\/\/heike-neumann.de\/index.php\/wp-json\/wp\/v2\/pages\/27"}],"wp:attachment":[{"href":"https:\/\/heike-neumann.de\/index.php\/wp-json\/wp\/v2\/media?parent=368"}],"curies":[{"name":"wp","href":"https:\/\/api.w.org\/{rel}","templated":true}]}}