{"id":363,"date":"2022-07-25T19:57:27","date_gmt":"2022-07-25T17:57:27","guid":{"rendered":"https:\/\/heike-neumann.de\/?page_id=363"},"modified":"2022-11-09T08:52:52","modified_gmt":"2022-11-09T06:52:52","slug":"benjamin-kaesekruemel-und-das-schaukelproblem","status":"publish","type":"page","link":"https:\/\/heike-neumann.de\/index.php\/kinderbuecher\/benjamin-kaesekruemel-und-das-schaukelproblem\/","title":{"rendered":"Benjamin K\u00e4sekr\u00fcmel und das Schaukelproblem"},"content":{"rendered":"\n<div style=\"height:0px\" aria-hidden=\"true\" class=\"wp-block-spacer\"><\/div>\n\n\n\n<figure class=\"wp-block-image size-large is-resized\"><img loading=\"lazy\" decoding=\"async\" src=\"https:\/\/heike-neumann.de\/wp-content\/uploads\/2022\/07\/Titelloses-240-1-1024x724.jpg\" alt=\"\" class=\"wp-image-364\" width=\"539\" height=\"380\" srcset=\"https:\/\/heike-neumann.de\/wp-content\/uploads\/2022\/07\/Titelloses-240-1-1024x724.jpg 1024w, https:\/\/heike-neumann.de\/wp-content\/uploads\/2022\/07\/Titelloses-240-1-300x212.jpg 300w, https:\/\/heike-neumann.de\/wp-content\/uploads\/2022\/07\/Titelloses-240-1-768x543.jpg 768w, https:\/\/heike-neumann.de\/wp-content\/uploads\/2022\/07\/Titelloses-240-1-1536x1086.jpg 1536w, https:\/\/heike-neumann.de\/wp-content\/uploads\/2022\/07\/Titelloses-240-1-1140x806.jpg 1140w, https:\/\/heike-neumann.de\/wp-content\/uploads\/2022\/07\/Titelloses-240-1.jpg 1754w\" sizes=\"auto, (max-width: 539px) 100vw, 539px\" \/><\/figure>\n\n\n\n<p>Der kleine Benjamin K\u00e4sekr\u00fcmel lebte mit seiner Familie am Rande eines Spielplatzes unter einer gro\u00dfen Tanne. Er liebte das Schaukeln und jeden Abend schlich er sich hinaus und rannte wie der Blitz zur Schaukel hin. Er schaukelte h\u00f6her und h\u00f6her, genoss den Fahrtwind und f\u00fchlte sich, als ob er fliegen k\u00f6nnte. Doch eines Abends schaukelte er wohl zu wild &#8230; und hatte ein Problem!<br>Ob seine Familie ihn wohl befreien kann?<\/p>\n\n\n\n<p><a href=\"https:\/\/heike-neumann.de\/index.php\/kurzgeschichten-fuer-kinder\/leseprobe-benjamin-kaesekruemel-und-das-schaukelproblem\/\" data-type=\"page\" data-id=\"575\">HIER geht es zu Leseprobe<\/a><\/p>\n\n\n\n<figure class=\"wp-block-image size-large is-resized\"><img loading=\"lazy\" decoding=\"async\" src=\"https:\/\/heike-neumann.de\/wp-content\/uploads\/2022\/07\/Titelloses-249-1024x724.jpg\" alt=\"\" class=\"wp-image-365\" width=\"504\" height=\"355\" srcset=\"https:\/\/heike-neumann.de\/wp-content\/uploads\/2022\/07\/Titelloses-249-1024x724.jpg 1024w, https:\/\/heike-neumann.de\/wp-content\/uploads\/2022\/07\/Titelloses-249-300x212.jpg 300w, https:\/\/heike-neumann.de\/wp-content\/uploads\/2022\/07\/Titelloses-249-768x543.jpg 768w, https:\/\/heike-neumann.de\/wp-content\/uploads\/2022\/07\/Titelloses-249-1536x1086.jpg 1536w, https:\/\/heike-neumann.de\/wp-content\/uploads\/2022\/07\/Titelloses-249-1140x806.jpg 1140w, https:\/\/heike-neumann.de\/wp-content\/uploads\/2022\/07\/Titelloses-249.jpg 1754w\" sizes=\"auto, (max-width: 504px) 100vw, 504px\" \/><\/figure>\n\n\n\n<div style=\"height:6px\" aria-hidden=\"true\" class=\"wp-block-spacer\"><\/div>\n\n\n\n<figure class=\"wp-block-image size-large is-resized\"><img loading=\"lazy\" decoding=\"async\" src=\"https:\/\/heike-neumann.de\/wp-content\/uploads\/2022\/07\/Titelloses-258-486x1024.jpg\" alt=\"\" class=\"wp-image-366\" width=\"521\" height=\"1098\" srcset=\"https:\/\/heike-neumann.de\/wp-content\/uploads\/2022\/07\/Titelloses-258-486x1024.jpg 486w, https:\/\/heike-neumann.de\/wp-content\/uploads\/2022\/07\/Titelloses-258-142x300.jpg 142w, https:\/\/heike-neumann.de\/wp-content\/uploads\/2022\/07\/Titelloses-258.jpg 707w\" sizes=\"auto, (max-width: 521px) 100vw, 521px\" \/><\/figure>\n\n\n\n<p>24 Seiten<br>Text und Illustrationen von Heike Neumann<br>Schwarz-Wei\u00df-Druck<br>DIN A 5, Hochformat<br>Umschlagseite beschichtet<br>Klammerbindung<br>Farbiges Papier als Umschlagseite<\/p>\n\n\n\n<p>Preis 8 Euro, erh\u00e4ltlich nur bei der Autorin<br>post@heike-neumann.de<\/p>\n\n\n\n<p><\/p>\n\n\n\n<p><\/p>\n\n\n\n<p>Hier findet ihr das Bonusmaterial zu &#8222;Benjamin K\u00e4sekr\u00fcmel&#8220;: <br><a href=\"https:\/\/heike-neumann.de\/index.php\/bonusmaterial\/bonusmaterial-zu-benjamin-kaesekruemel-und-das-schaukelproblem\/\">Bastelanleitung f\u00fcr einen Schau<\/a><a href=\"https:\/\/heike-neumann.de\/index.php\/bonusmaterial\/bonusmaterial-zu-benjamin-kaesekruemel-und-das-schaukelproblem\/\" data-type=\"page\" data-id=\"368\">kel-Benjamin und Ausmalbilder <\/a><\/p>\n","protected":false},"excerpt":{"rendered":"<p>Der kleine Benjamin K\u00e4sekr\u00fcmel lebte mit seiner Familie am Rande eines Spielplatzes unter einer gro\u00dfen Tanne. Er liebte das Schaukeln und jeden Abend schlich er sich hinaus und rannte wie der Blitz zur Schaukel hin. Er schaukelte h\u00f6her und h\u00f6her, genoss den Fahrtwind und f\u00fchlte sich, als ob er fliegen k\u00f6nnte. Doch eines Abends schaukelte er wohl zu wild &#8230; und hatte ein Problem!Ob seine Familie ihn wohl befreien kann? HIER geht es zu Leseprobe 24 SeitenText und Illustrationen von Heike NeumannSchwarz-Wei\u00df-DruckDIN A 5, HochformatUmschlagseite beschichtetKlammerbindungFarbiges Papier als Umschlagseite Preis 8 Euro, erh\u00e4ltlich nur bei der Autorinpost@heike-neumann.de Hier findet ihr das Bonusmaterial zu &#8222;Benjamin K\u00e4sekr\u00fcmel&#8220;: Bastelanleitung f\u00fcr einen Schaukel-Benjamin und Ausmalbilder<\/p>\n","protected":false},"author":1,"featured_media":0,"parent":23,"menu_order":4,"comment_status":"closed","ping_status":"closed","template":"","meta":{"footnotes":""},"class_list":["post-363","page","type-page","status-publish","hentry"],"_links":{"self":[{"href":"https:\/\/heike-neumann.de\/index.php\/wp-json\/wp\/v2\/pages\/363","targetHints":{"allow":["GET"]}}],"collection":[{"href":"https:\/\/heike-neumann.de\/index.php\/wp-json\/wp\/v2\/pages"}],"about":[{"href":"https:\/\/heike-neumann.de\/index.php\/wp-json\/wp\/v2\/types\/page"}],"author":[{"embeddable":true,"href":"https:\/\/heike-neumann.de\/index.php\/wp-json\/wp\/v2\/users\/1"}],"replies":[{"embeddable":true,"href":"https:\/\/heike-neumann.de\/index.php\/wp-json\/wp\/v2\/comments?post=363"}],"version-history":[{"count":11,"href":"https:\/\/heike-neumann.de\/index.php\/wp-json\/wp\/v2\/pages\/363\/revisions"}],"predecessor-version":[{"id":770,"href":"https:\/\/heike-neumann.de\/index.php\/wp-json\/wp\/v2\/pages\/363\/revisions\/770"}],"up":[{"embeddable":true,"href":"https:\/\/heike-neumann.de\/index.php\/wp-json\/wp\/v2\/pages\/23"}],"wp:attachment":[{"href":"https:\/\/heike-neumann.de\/index.php\/wp-json\/wp\/v2\/media?parent=363"}],"curies":[{"name":"wp","href":"https:\/\/api.w.org\/{rel}","templated":true}]}}