{"id":291,"date":"2022-07-19T19:34:46","date_gmt":"2022-07-19T17:34:46","guid":{"rendered":"https:\/\/heike-neumann.de\/?page_id=291"},"modified":"2024-05-30T17:23:04","modified_gmt":"2024-05-30T15:23:04","slug":"kontakt","status":"publish","type":"page","link":"https:\/\/heike-neumann.de\/index.php\/kontakt\/","title":{"rendered":"Kontakt, Whatsapp und co"},"content":{"rendered":"\n<p><\/p>\n\n\n\n<p>Ich freue mich, wenn ich vielen kleinen und gro\u00dfen Kindern mit meinen B\u00fcchern Freude machen kann!<\/p>\n\n\n\n<p><\/p>\n\n\n\n<p>Wer mir ein Bild f\u00fcr die &#8222;Fanpost&#8220;-Seite zuschicken m\u00f6chte, darf mir gerne schreiben:<br>post@heike-neumann.de<br><\/p>\n\n\n\n<p>Bestellen kann man die B\u00fccher \u00fcber den<a href=\"https:\/\/www.blaulicht-verlag.de\/autoren\/heike-neumann\/\"> BLAULICHT-VERLAG<\/a><\/p>\n\n\n\n<p>Auf den verschiedenen Plattformen kann man mehr \u00fcber meine B\u00fccher erfahren, mit mir in Kontakt treten und sich dar\u00fcber austauschen.<\/p>\n\n\n\n<div style=\"height:20px\" aria-hidden=\"true\" class=\"wp-block-spacer\"><\/div>\n\n\n\n<p>facebook: https:\/\/www.facebook.com\/groups\/161393027940503\/user\/100087009313020<br><\/p>\n\n\n\n<p>Instagram: heikeneumannbremen<\/p>\n\n\n\n<p><\/p>\n\n\n\n<p>mastodon: https:\/\/norden.social\/@HeikeNeumann (gerade inaktiv)<\/p>\n\n\n\n<p><\/p>\n\n\n\n<p>Whatsappgruppe MIT Austausch<\/p>\n\n\n\n<p><a href=\"https:\/\/chat.whatsapp.com\/F993YeMl2HQAM762ud1GR5\">https:\/\/chat.whatsapp.com\/F993YeMl2HQAM762ud1GR5<\/a><\/p>\n\n\n\n<p>Whatsappgruppe ohne Austausch (nur ich poste Inhalte, exakt die gleichen wie in der Austauschgruppe)<\/p>\n\n\n\n<p><a href=\"https:\/\/chat.whatsapp.com\/J9tyW8baJIj17QrJIQ3GMb\">https:\/\/chat.whatsapp.com\/J9tyW8baJIj17QrJIQ3GMb<\/a><\/p>\n\n\n\n<p>Die ver\u00f6ffentlichten Geschichten und Gedichte (von der Homepage oder in gedruckter Form) d\u00fcrfen gerne kopiert, ausgedruckt, weitergegeben usw. werden, aber es muss der Hinweis \u201eAutorin: Heike Neumann\u201c dabei stehen.<\/p>\n\n\n\n<p><\/p>\n\n\n\n<p>Auch Bilder, die in die Kategorie \u201eFanpost\u201c passen, d\u00fcrfen mir gerne digital geschickt werden. <br>In der Mail muss der Hinweis stehen, dass ich die Bilder verwenden und hochladen darf. Es besteht kein Anrecht auf Ver\u00f6ffentlichung, aber ich freue mich sehr \u00fcber jedes einzelne Bild!<\/p>\n","protected":false},"excerpt":{"rendered":"<p>Ich freue mich, wenn ich vielen kleinen und gro\u00dfen Kindern mit meinen B\u00fcchern Freude machen kann! Wer mir ein Bild f\u00fcr die &#8222;Fanpost&#8220;-Seite zuschicken m\u00f6chte, darf mir gerne schreiben:post@heike-neumann.de Bestellen kann man die B\u00fccher \u00fcber den BLAULICHT-VERLAG Auf den verschiedenen Plattformen kann man mehr \u00fcber meine B\u00fccher erfahren, mit mir in Kontakt treten und sich dar\u00fcber austauschen. facebook: https:\/\/www.facebook.com\/groups\/161393027940503\/user\/100087009313020 Instagram: heikeneumannbremen mastodon: https:\/\/norden.social\/@HeikeNeumann (gerade inaktiv) Whatsappgruppe MIT Austausch https:\/\/chat.whatsapp.com\/F993YeMl2HQAM762ud1GR5 Whatsappgruppe ohne Austausch (nur ich poste Inhalte, exakt die gleichen wie in der Austauschgruppe) https:\/\/chat.whatsapp.com\/J9tyW8baJIj17QrJIQ3GMb Die ver\u00f6ffentlichten Geschichten und Gedichte (von der Homepage oder in gedruckter Form) d\u00fcrfen gerne kopiert, ausgedruckt, weitergegeben usw. werden, aber es muss der Hinweis \u201eAutorin: Heike Neumann\u201c dabei stehen. Auch Bilder, die in die Kategorie \u201eFanpost\u201c passen, d\u00fcrfen mir gerne digital geschickt werden. In der Mail muss der Hinweis stehen, dass ich die Bilder verwenden und hochladen darf. Es besteht kein Anrecht auf Ver\u00f6ffentlichung, aber ich freue mich sehr \u00fcber jedes einzelne Bild!<\/p>\n","protected":false},"author":1,"featured_media":0,"parent":0,"menu_order":0,"comment_status":"closed","ping_status":"closed","template":"","meta":{"footnotes":""},"class_list":["post-291","page","type-page","status-publish","hentry"],"_links":{"self":[{"href":"https:\/\/heike-neumann.de\/index.php\/wp-json\/wp\/v2\/pages\/291","targetHints":{"allow":["GET"]}}],"collection":[{"href":"https:\/\/heike-neumann.de\/index.php\/wp-json\/wp\/v2\/pages"}],"about":[{"href":"https:\/\/heike-neumann.de\/index.php\/wp-json\/wp\/v2\/types\/page"}],"author":[{"embeddable":true,"href":"https:\/\/heike-neumann.de\/index.php\/wp-json\/wp\/v2\/users\/1"}],"replies":[{"embeddable":true,"href":"https:\/\/heike-neumann.de\/index.php\/wp-json\/wp\/v2\/comments?post=291"}],"version-history":[{"count":8,"href":"https:\/\/heike-neumann.de\/index.php\/wp-json\/wp\/v2\/pages\/291\/revisions"}],"predecessor-version":[{"id":1931,"href":"https:\/\/heike-neumann.de\/index.php\/wp-json\/wp\/v2\/pages\/291\/revisions\/1931"}],"wp:attachment":[{"href":"https:\/\/heike-neumann.de\/index.php\/wp-json\/wp\/v2\/media?parent=291"}],"curies":[{"name":"wp","href":"https:\/\/api.w.org\/{rel}","templated":true}]}}