{"id":27,"date":"2022-06-24T13:28:49","date_gmt":"2022-06-24T13:28:49","guid":{"rendered":"https:\/\/heike-neumann.de\/?page_id=27"},"modified":"2024-11-26T19:17:15","modified_gmt":"2024-11-26T17:17:15","slug":"bonusmaterial","status":"publish","type":"page","link":"https:\/\/heike-neumann.de\/index.php\/bonusmaterial\/","title":{"rendered":"Bonusmaterial"},"content":{"rendered":"\n<div style=\"height:9px\" aria-hidden=\"true\" class=\"wp-block-spacer\"><\/div>\n\n\n<div class=\"wp-block-image\">\n<figure class=\"aligncenter size-large is-resized\"><img loading=\"lazy\" decoding=\"async\" width=\"1024\" height=\"382\" src=\"https:\/\/heike-neumann.de\/wp-content\/uploads\/2024\/08\/kleiner-InCollage_20230804_195719248-1024x382.jpg\" alt=\"\" class=\"wp-image-2018\" style=\"width:507px;height:auto\" srcset=\"https:\/\/heike-neumann.de\/wp-content\/uploads\/2024\/08\/kleiner-InCollage_20230804_195719248-1024x382.jpg 1024w, https:\/\/heike-neumann.de\/wp-content\/uploads\/2024\/08\/kleiner-InCollage_20230804_195719248-300x112.jpg 300w, https:\/\/heike-neumann.de\/wp-content\/uploads\/2024\/08\/kleiner-InCollage_20230804_195719248-768x286.jpg 768w, https:\/\/heike-neumann.de\/wp-content\/uploads\/2024\/08\/kleiner-InCollage_20230804_195719248-1536x572.jpg 1536w, https:\/\/heike-neumann.de\/wp-content\/uploads\/2024\/08\/kleiner-InCollage_20230804_195719248-2048x763.jpg 2048w, https:\/\/heike-neumann.de\/wp-content\/uploads\/2024\/08\/kleiner-InCollage_20230804_195719248-1140x425.jpg 1140w\" sizes=\"auto, (max-width: 1024px) 100vw, 1024px\" \/><\/figure>\n<\/div>\n\n\n<p>Hier gibt es Ausmalbilder, Spiele, R\u00e4tsel und vieles mehr zu den ver\u00f6ffentlichten B\u00fcchern<\/p>\n\n\n\n<div style=\"height:54px\" aria-hidden=\"true\" class=\"wp-block-spacer\"><\/div>\n\n\n\n<p><a href=\"https:\/\/heike-neumann.de\/index.php\/bonusmaterial\/bonusmaterial-zu-geschichten-aus-pfifferlingen\/\" data-type=\"page\" data-id=\"438\">Bonusmaterial zu allen B\u00fcchern aus Pfifferlingen<\/a><br><a href=\"https:\/\/heike-neumann.de\/index.php\/wichtelbuecher-und-co\/\" data-type=\"page\" data-id=\"1021\">HIER<\/a> gibt es neben jeder Menge Infos zu den B\u00fcchern, Leseprobengeschichten u.v.m. auch ganz unten eine gro\u00dfe Vielzahl an ausdruckbaren und kostenlosen Bonusmaterialien f\u00fcr die Wichtelt\u00fcr (Wahlweise Feen\/Elfen\/Kobolde, &#8230;)<\/p>\n\n\n\n<div style=\"height:44px\" aria-hidden=\"true\" class=\"wp-block-spacer\"><\/div>\n\n\n\n<p><a href=\"https:\/\/heike-neumann.de\/index.php\/bonusmaterial\/bonusmaterial-zu-amalia-kunterbunt\/\">Bonusmaterial zu &#8222;Amalia Kunterbunt<\/a>&#8222;<\/p>\n\n\n\n<p><a href=\"https:\/\/heike-neumann.de\/index.php\/bonusmaterial\/bonusmaterial-zu-zauberkaetzchen-kira\/\" data-type=\"page\" data-id=\"81\">Bonusmaterial zu &#8222;Zauberk\u00e4tzchen Kira<\/a><a href=\"https:\/\/heike-neumann.de\/index.php\/bonusmaterial\/bonusmaterial-zu-marie-hat-tiere-im-kopf\/\" data-type=\"page\" data-id=\"84\">&#8222;<\/a><a href=\"https:\/\/heike-neumann.de\/index.php\/bonusmaterial\/bonusmaterial-zu-marie-hat-tiere-im-kopf\/\" data-type=\"page\" data-id=\"84\"> <\/a><\/p>\n\n\n\n<p><a href=\"https:\/\/heike-neumann.de\/index.php\/bonusmaterial\/bonusmaterial-zu-marie-hat-tiere-im-kopf\/\" data-type=\"page\" data-id=\"84\">Bonusmaterial zu &#8222;Marie hat Tiere im Kopf<\/a>&#8222;<\/p>\n\n\n\n<p><a href=\"https:\/\/heike-neumann.de\/index.php\/bonusmaterial\/bonusmaterial-zu-benjamin-kaesekruemel-und-das-schaukelproblem\/\" data-type=\"page\" data-id=\"368\">Bonusmaterial zu &#8222;Benjamin K\u00e4sekr\u00fcmel und das Schaukelproblem&#8220;<\/a><\/p>\n\n\n\n<p><a href=\"https:\/\/heike-neumann.de\/index.php\/bonusmaterial\/bonusmaterial-zu-fussballtraeume\/\">Bonusmaterial zu \u201eFu\u00dfballtr\u00e4ume\u201c<\/a><\/p>\n\n\n\n<p><a href=\"https:\/\/heike-neumann.de\/index.php\/bonusmaterial\/bonusmaterial-zu-fiona-fuchs-und-die-weihnachtsvorbereitungen\/\" data-type=\"page\" data-id=\"546\">Bonusmaterial zu &#8222;Fiona Fuchs und die Weihnachtsvorbereitungen&#8220;<\/a><\/p>\n\n\n\n<p><a href=\"https:\/\/heike-neumann.de\/index.php\/kinderbuecher\/traumreime\/\">Bonusmaterial zu &#8222;Traumreime&#8220;<\/a><\/p>\n\n\n\n<div style=\"height:20px\" aria-hidden=\"true\" class=\"wp-block-spacer\"><\/div>\n\n\n\n<p>Wenn ihr Bilder ausgemalt habt, dann schickt mit doch gerne Fotos davon. Bei &#8222;Fanpost&#8220; k\u00f6nnen dann alle eure Kunstwerke bewundern<\/p>\n","protected":false},"excerpt":{"rendered":"<p>Hier gibt es Ausmalbilder, Spiele, R\u00e4tsel und vieles mehr zu den ver\u00f6ffentlichten B\u00fcchern Bonusmaterial zu allen B\u00fcchern aus PfifferlingenHIER gibt es neben jeder Menge Infos zu den B\u00fcchern, Leseprobengeschichten u.v.m. auch ganz unten eine gro\u00dfe Vielzahl an ausdruckbaren und kostenlosen Bonusmaterialien f\u00fcr die Wichtelt\u00fcr (Wahlweise Feen\/Elfen\/Kobolde, &#8230;) Bonusmaterial zu &#8222;Amalia Kunterbunt&#8222; Bonusmaterial zu &#8222;Zauberk\u00e4tzchen Kira&#8222; Bonusmaterial zu &#8222;Marie hat Tiere im Kopf&#8222; Bonusmaterial zu &#8222;Benjamin K\u00e4sekr\u00fcmel und das Schaukelproblem&#8220; Bonusmaterial zu \u201eFu\u00dfballtr\u00e4ume\u201c Bonusmaterial zu &#8222;Fiona Fuchs und die Weihnachtsvorbereitungen&#8220; Bonusmaterial zu &#8222;Traumreime&#8220; Wenn ihr Bilder ausgemalt habt, dann schickt mit doch gerne Fotos davon. Bei &#8222;Fanpost&#8220; k\u00f6nnen dann alle eure Kunstwerke bewundern<\/p>\n","protected":false},"author":1,"featured_media":0,"parent":0,"menu_order":0,"comment_status":"closed","ping_status":"closed","template":"","meta":{"footnotes":""},"class_list":["post-27","page","type-page","status-publish","hentry"],"_links":{"self":[{"href":"https:\/\/heike-neumann.de\/index.php\/wp-json\/wp\/v2\/pages\/27","targetHints":{"allow":["GET"]}}],"collection":[{"href":"https:\/\/heike-neumann.de\/index.php\/wp-json\/wp\/v2\/pages"}],"about":[{"href":"https:\/\/heike-neumann.de\/index.php\/wp-json\/wp\/v2\/types\/page"}],"author":[{"embeddable":true,"href":"https:\/\/heike-neumann.de\/index.php\/wp-json\/wp\/v2\/users\/1"}],"replies":[{"embeddable":true,"href":"https:\/\/heike-neumann.de\/index.php\/wp-json\/wp\/v2\/comments?post=27"}],"version-history":[{"count":15,"href":"https:\/\/heike-neumann.de\/index.php\/wp-json\/wp\/v2\/pages\/27\/revisions"}],"predecessor-version":[{"id":2316,"href":"https:\/\/heike-neumann.de\/index.php\/wp-json\/wp\/v2\/pages\/27\/revisions\/2316"}],"wp:attachment":[{"href":"https:\/\/heike-neumann.de\/index.php\/wp-json\/wp\/v2\/media?parent=27"}],"curies":[{"name":"wp","href":"https:\/\/api.w.org\/{rel}","templated":true}]}}