{"id":2408,"date":"2025-02-08T10:47:03","date_gmt":"2025-02-08T08:47:03","guid":{"rendered":"https:\/\/heike-neumann.de\/?page_id=2408"},"modified":"2025-02-08T10:47:03","modified_gmt":"2025-02-08T08:47:03","slug":"wichteliges-jahreszeitenmaterial","status":"publish","type":"page","link":"https:\/\/heike-neumann.de\/index.php\/wichteliges-jahreszeitenmaterial\/","title":{"rendered":"Wichteliges Jahreszeitenmaterial"},"content":{"rendered":"\n<div style=\"height:9px\" aria-hidden=\"true\" class=\"wp-block-spacer\"><\/div>\n\n\n\n<p>Manche Ganzjahreswichtel brauchen quer durch alle Jahreszeiten Material f\u00fcr die Wichtelt\u00fcr.<br>Diese Seite f\u00fcllt sich nach und nach immer weiter.<br>Weitere Ideen gibt es im kostenlosen monatlichen <a href=\"https:\/\/heike-neumann.de\/index.php\/newsletter\/\" data-type=\"page\" data-id=\"2277\">Newsletter <\/a><\/p>\n\n\n<div class=\"sdm_download_item \"><div class=\"sdm_download_item_top\"><div class=\"sdm_download_thumbnail\"><\/div><div class=\"sdm_download_title\">Wichteliges Faschingsmaterial (Ausmalbilder und Masken)<\/div><\/div><div style=\"clear:both;\"><\/div><div class=\"sdm_download_description\"><p><img loading=\"lazy\" decoding=\"async\" class=\"alignnone size-medium wp-image-2405 aligncenter\" src=\"https:\/\/heike-neumann.de\/wp-content\/uploads\/2025\/02\/Titelloses-809-1-300x300.png\" alt=\"\" width=\"300\" height=\"300\" srcset=\"https:\/\/heike-neumann.de\/wp-content\/uploads\/2025\/02\/Titelloses-809-1-300x300.png 300w, https:\/\/heike-neumann.de\/wp-content\/uploads\/2025\/02\/Titelloses-809-1-1024x1024.png 1024w, https:\/\/heike-neumann.de\/wp-content\/uploads\/2025\/02\/Titelloses-809-1-150x150.png 150w, https:\/\/heike-neumann.de\/wp-content\/uploads\/2025\/02\/Titelloses-809-1-768x768.png 768w, https:\/\/heike-neumann.de\/wp-content\/uploads\/2025\/02\/Titelloses-809-1-1536x1536.png 1536w, https:\/\/heike-neumann.de\/wp-content\/uploads\/2025\/02\/Titelloses-809-1-2048x2048.png 2048w, https:\/\/heike-neumann.de\/wp-content\/uploads\/2025\/02\/Titelloses-809-1-1140x1140.png 1140w, https:\/\/heike-neumann.de\/wp-content\/uploads\/2025\/02\/Titelloses-809-1-75x75.png 75w\" sizes=\"auto, (max-width: 300px) 100vw, 300px\" \/><\/p>\n<\/div><div class=\"sdm_download_link\"><span class=\"sdm_download_button\"><a href=\"https:\/\/heike-neumann.de\/?sdm_process_download=1&#038;download_id=2404\" class=\"sdm_download green\" title=\"Wichteliges Faschingsmaterial (Ausmalbilder und Masken)\" target=\"_blank\">Jetzt herunterladen!<\/a><\/span><\/div><\/div><div class=\"sdm_clear_float\"><\/div>","protected":false},"excerpt":{"rendered":"<p>Manche Ganzjahreswichtel brauchen quer durch alle Jahreszeiten Material f\u00fcr die Wichtelt\u00fcr.Diese Seite f\u00fcllt sich nach und nach immer weiter.Weitere Ideen gibt es im kostenlosen monatlichen Newsletter<\/p>\n","protected":false},"author":1,"featured_media":0,"parent":0,"menu_order":0,"comment_status":"closed","ping_status":"closed","template":"","meta":{"footnotes":""},"class_list":["post-2408","page","type-page","status-publish","hentry"],"_links":{"self":[{"href":"https:\/\/heike-neumann.de\/index.php\/wp-json\/wp\/v2\/pages\/2408","targetHints":{"allow":["GET"]}}],"collection":[{"href":"https:\/\/heike-neumann.de\/index.php\/wp-json\/wp\/v2\/pages"}],"about":[{"href":"https:\/\/heike-neumann.de\/index.php\/wp-json\/wp\/v2\/types\/page"}],"author":[{"embeddable":true,"href":"https:\/\/heike-neumann.de\/index.php\/wp-json\/wp\/v2\/users\/1"}],"replies":[{"embeddable":true,"href":"https:\/\/heike-neumann.de\/index.php\/wp-json\/wp\/v2\/comments?post=2408"}],"version-history":[{"count":1,"href":"https:\/\/heike-neumann.de\/index.php\/wp-json\/wp\/v2\/pages\/2408\/revisions"}],"predecessor-version":[{"id":2410,"href":"https:\/\/heike-neumann.de\/index.php\/wp-json\/wp\/v2\/pages\/2408\/revisions\/2410"}],"wp:attachment":[{"href":"https:\/\/heike-neumann.de\/index.php\/wp-json\/wp\/v2\/media?parent=2408"}],"curies":[{"name":"wp","href":"https:\/\/api.w.org\/{rel}","templated":true}]}}