{"id":2277,"date":"2024-08-25T13:20:34","date_gmt":"2024-08-25T11:20:34","guid":{"rendered":"https:\/\/heike-neumann.de\/index.php\/newsletter\/"},"modified":"2025-01-03T10:21:26","modified_gmt":"2025-01-03T08:21:26","slug":"newsletter","status":"publish","type":"page","link":"https:\/\/heike-neumann.de\/index.php\/newsletter\/","title":{"rendered":"Wichteliger Newsletter"},"content":{"rendered":"<div class=\"tnp tnp-subscription \">\n<form method=\"post\" action=\"https:\/\/heike-neumann.de\/wp-admin\/admin-ajax.php?action=tnp&amp;na=s\">\n<input type=\"hidden\" name=\"nlang\" value=\"\">\n<div class=\"tnp-field tnp-field-firstname\"><label for=\"tnp-1\">Vorname<\/label>\n<input class=\"tnp-name\" type=\"text\" name=\"nn\" id=\"tnp-1\" value=\"\" placeholder=\"\"><\/div>\n<div class=\"tnp-field tnp-field-email\"><label for=\"tnp-2\">E-Mail-Adresse<\/label>\n<input class=\"tnp-email\" type=\"email\" name=\"ne\" id=\"tnp-2\" value=\"\" placeholder=\"\" required><\/div>\n<div class=\"tnp-field tnp-field-button\" style=\"text-align: left\"><input class=\"tnp-submit\" type=\"submit\" value=\"Abonnieren\" style=\"\">\n<\/div>\n<\/form>\n<\/div>\n\n\n\n<p>Liebe Wichtelfamilien!<br>Liebe Feen- und Elfenbegeisterte!<br>Liebe Freunde der kleinen magischen Mitbewohner:innen!<\/p>\n\n\n\n<p>Nun ist die Haupt-Wichtelzeit f\u00fcr dieses Jahr zuende. Manche magischen Gesch\u00f6pfe bleiben noch l\u00e4nger, manche melden sich zu Ostern oder Geburtstagen, andere bleiben das ganze Jahr.<\/p>\n\n\n\n<p>Ich biete einen kostenlosen monatlichen Newsletter an mit kleinen wichteligen Freebies, Gewinnspielen, Geschichten aus meinen B\u00fcchern und netten Ideen, immer passend zur Jahreszeit. Ab Oktober geht es dann nat\u00fcrlich auf Weihnachten zu und der monatliche Newsletter wird \u00f6fter erscheinen.<br>Ideen kann man ja nie genug haben!<\/p>\n\n\n\n<p>Meldet euch gerne hier an, das ganze ist und bleibt kostenlos!<\/p>\n","protected":false},"excerpt":{"rendered":"<p>Liebe Wichtelfamilien!Liebe Feen- und Elfenbegeisterte!Liebe Freunde der kleinen magischen Mitbewohner:innen! Nun ist die Haupt-Wichtelzeit f\u00fcr dieses Jahr zuende. Manche magischen Gesch\u00f6pfe bleiben noch l\u00e4nger, manche melden sich zu Ostern oder Geburtstagen, andere bleiben das ganze Jahr. Ich biete einen kostenlosen monatlichen Newsletter an mit kleinen wichteligen Freebies, Gewinnspielen, Geschichten aus meinen B\u00fcchern und netten Ideen, immer passend zur Jahreszeit. Ab Oktober geht es dann nat\u00fcrlich auf Weihnachten zu und der monatliche Newsletter wird \u00f6fter erscheinen.Ideen kann man ja nie genug haben! Meldet euch gerne hier an, das ganze ist und bleibt kostenlos!<\/p>\n","protected":false},"author":2,"featured_media":0,"parent":0,"menu_order":0,"comment_status":"closed","ping_status":"closed","template":"","meta":{"footnotes":""},"class_list":["post-2277","page","type-page","status-publish","hentry"],"_links":{"self":[{"href":"https:\/\/heike-neumann.de\/index.php\/wp-json\/wp\/v2\/pages\/2277","targetHints":{"allow":["GET"]}}],"collection":[{"href":"https:\/\/heike-neumann.de\/index.php\/wp-json\/wp\/v2\/pages"}],"about":[{"href":"https:\/\/heike-neumann.de\/index.php\/wp-json\/wp\/v2\/types\/page"}],"author":[{"embeddable":true,"href":"https:\/\/heike-neumann.de\/index.php\/wp-json\/wp\/v2\/users\/2"}],"replies":[{"embeddable":true,"href":"https:\/\/heike-neumann.de\/index.php\/wp-json\/wp\/v2\/comments?post=2277"}],"version-history":[{"count":3,"href":"https:\/\/heike-neumann.de\/index.php\/wp-json\/wp\/v2\/pages\/2277\/revisions"}],"predecessor-version":[{"id":2340,"href":"https:\/\/heike-neumann.de\/index.php\/wp-json\/wp\/v2\/pages\/2277\/revisions\/2340"}],"wp:attachment":[{"href":"https:\/\/heike-neumann.de\/index.php\/wp-json\/wp\/v2\/media?parent=2277"}],"curies":[{"name":"wp","href":"https:\/\/api.w.org\/{rel}","templated":true}]}}