{"id":2269,"date":"2024-08-22T15:49:48","date_gmt":"2024-08-22T13:49:48","guid":{"rendered":"https:\/\/heike-neumann.de\/?page_id=2269"},"modified":"2024-08-25T17:47:33","modified_gmt":"2024-08-25T15:47:33","slug":"familie-regenbogenbunt","status":"publish","type":"page","link":"https:\/\/heike-neumann.de\/index.php\/familie-regenbogenbunt\/","title":{"rendered":"Familie Regenbogenbunt"},"content":{"rendered":"\n<figure class=\"wp-block-image size-large\"><img loading=\"lazy\" decoding=\"async\" width=\"1024\" height=\"724\" src=\"https:\/\/heike-neumann.de\/wp-content\/uploads\/2024\/08\/Titelloses-553-18-1024x724.jpg\" alt=\"\" class=\"wp-image-1999\" srcset=\"https:\/\/heike-neumann.de\/wp-content\/uploads\/2024\/08\/Titelloses-553-18-1024x724.jpg 1024w, https:\/\/heike-neumann.de\/wp-content\/uploads\/2024\/08\/Titelloses-553-18-300x212.jpg 300w, https:\/\/heike-neumann.de\/wp-content\/uploads\/2024\/08\/Titelloses-553-18-768x543.jpg 768w, https:\/\/heike-neumann.de\/wp-content\/uploads\/2024\/08\/Titelloses-553-18-1536x1086.jpg 1536w, https:\/\/heike-neumann.de\/wp-content\/uploads\/2024\/08\/Titelloses-553-18-1140x806.jpg 1140w, https:\/\/heike-neumann.de\/wp-content\/uploads\/2024\/08\/Titelloses-553-18.jpg 1754w\" sizes=\"auto, (max-width: 1024px) 100vw, 1024px\" \/><\/figure>\n\n\n\n<div style=\"height:6px\" aria-hidden=\"true\" class=\"wp-block-spacer\"><\/div>\n\n\n\n<p>Es gibt viele unterschiedliche Familienkonstellationen und Kinder erleben dieses in ihren Kindergartengruppen, Schulklassen und in der Nachbarschaft. Sie lernen diese Diversit\u00e4t als Normalit\u00e4t kennen. Es ist nicht wichtig, bei wem die Kinder aufwachsen, sondern nur, dass sie gesehen und geliebt werden.<\/p>\n\n\n\n<p>Sie m\u00fcssen Menschen und Beziehungen erleben, die gl\u00fccklich sind.<\/p>\n\n\n\n<p>Dieses Buch stellt mit einfachen Worten und klaren Bildern verschiedene<br>Konstellationen vor und betont, dass alle diese Beziehungen gute Familien sind, auch wenn sie sich von der herk\u00f6mmlichen Vater-Mutter-Kind-Familie unterschieden.<\/p>\n\n\n\n<p>48 Seiten, Hardcover, erh\u00e4ltlich beim Blaulicht-Verlag<br>Bonusmaterial: Ausmalbilder<\/p>\n","protected":false},"excerpt":{"rendered":"<p>Es gibt viele unterschiedliche Familienkonstellationen und Kinder erleben dieses in ihren Kindergartengruppen, Schulklassen und in der Nachbarschaft. Sie lernen diese Diversit\u00e4t als Normalit\u00e4t kennen. Es ist nicht wichtig, bei wem die Kinder aufwachsen, sondern nur, dass sie gesehen und geliebt werden. Sie m\u00fcssen Menschen und Beziehungen erleben, die gl\u00fccklich sind. Dieses Buch stellt mit einfachen Worten und klaren Bildern verschiedeneKonstellationen vor und betont, dass alle diese Beziehungen gute Familien sind, auch wenn sie sich von der herk\u00f6mmlichen Vater-Mutter-Kind-Familie unterschieden. 48 Seiten, Hardcover, erh\u00e4ltlich beim Blaulicht-VerlagBonusmaterial: Ausmalbilder<\/p>\n","protected":false},"author":1,"featured_media":0,"parent":0,"menu_order":0,"comment_status":"closed","ping_status":"closed","template":"","meta":{"footnotes":""},"class_list":["post-2269","page","type-page","status-publish","hentry"],"_links":{"self":[{"href":"https:\/\/heike-neumann.de\/index.php\/wp-json\/wp\/v2\/pages\/2269","targetHints":{"allow":["GET"]}}],"collection":[{"href":"https:\/\/heike-neumann.de\/index.php\/wp-json\/wp\/v2\/pages"}],"about":[{"href":"https:\/\/heike-neumann.de\/index.php\/wp-json\/wp\/v2\/types\/page"}],"author":[{"embeddable":true,"href":"https:\/\/heike-neumann.de\/index.php\/wp-json\/wp\/v2\/users\/1"}],"replies":[{"embeddable":true,"href":"https:\/\/heike-neumann.de\/index.php\/wp-json\/wp\/v2\/comments?post=2269"}],"version-history":[{"count":4,"href":"https:\/\/heike-neumann.de\/index.php\/wp-json\/wp\/v2\/pages\/2269\/revisions"}],"predecessor-version":[{"id":2288,"href":"https:\/\/heike-neumann.de\/index.php\/wp-json\/wp\/v2\/pages\/2269\/revisions\/2288"}],"wp:attachment":[{"href":"https:\/\/heike-neumann.de\/index.php\/wp-json\/wp\/v2\/media?parent=2269"}],"curies":[{"name":"wp","href":"https:\/\/api.w.org\/{rel}","templated":true}]}}