{"id":2136,"date":"2024-08-20T20:37:05","date_gmt":"2024-08-20T18:37:05","guid":{"rendered":"https:\/\/heike-neumann.de\/?page_id=2136"},"modified":"2025-01-03T10:12:17","modified_gmt":"2025-01-03T08:12:17","slug":"edelsteingeschichten-aus-pfifferlingen","status":"publish","type":"page","link":"https:\/\/heike-neumann.de\/index.php\/edelsteingeschichten-aus-pfifferlingen\/","title":{"rendered":"Edelsteingeschichten aus Pfifferlingen"},"content":{"rendered":"\n<p><strong>Ein neues Buch steht in den Startl\u00f6chern! Es wirft magisch funkelnde Strahlen voraus und l\u00e4sst die Augen in Vorfreude erstrahlen! <\/strong> <\/p>\n\n\n<div class=\"wp-block-image\">\n<figure class=\"aligncenter size-large is-resized\"><img loading=\"lazy\" decoding=\"async\" width=\"724\" height=\"1024\" src=\"https:\/\/heike-neumann.de\/wp-content\/uploads\/2024\/08\/Titelloses-672-1-724x1024.jpg\" alt=\"\" class=\"wp-image-1997\" style=\"width:564px;height:auto\" srcset=\"https:\/\/heike-neumann.de\/wp-content\/uploads\/2024\/08\/Titelloses-672-1-724x1024.jpg 724w, https:\/\/heike-neumann.de\/wp-content\/uploads\/2024\/08\/Titelloses-672-1-212x300.jpg 212w, https:\/\/heike-neumann.de\/wp-content\/uploads\/2024\/08\/Titelloses-672-1-768x1086.jpg 768w, https:\/\/heike-neumann.de\/wp-content\/uploads\/2024\/08\/Titelloses-672-1-1086x1536.jpg 1086w, https:\/\/heike-neumann.de\/wp-content\/uploads\/2024\/08\/Titelloses-672-1-1140x1613.jpg 1140w, https:\/\/heike-neumann.de\/wp-content\/uploads\/2024\/08\/Titelloses-672-1.jpg 1240w\" sizes=\"auto, (max-width: 724px) 100vw, 724px\" \/><\/figure>\n<\/div>\n\n\n<p>Ein Tagesmarsch entfernt von dem wunderbaren Dorf Pfifferlingen liegen die zauberhaften Edelsteinh\u00f6hlen versteckt in gro\u00dfen schroffen Bergen. F\u00fcr die Wichtel, Zwerge und Trolle aus Pfifferlingen ist das Zauberpulver, was dort gewonnen wird, f\u00fcr ihre Magie und die Zaubertr\u00e4nke sehr wichtig. Auch die glitzernden Edelsteine werden f\u00fcr ihre Zauber und \u00dcberraschungen gebraucht. Sobald im Fr\u00fchling der Schnee geschmolzen und das Eis getaut ist, machen sich immer wieder einige der Bewohnerinnen und Bewohner des kleinen Dorfes am magischen Wald auf den Weg. Bis die Tage im Herbst zu kalt werden und es sie wieder an die Kaminfeuer in ihren Pilzh\u00e4usern zieht, hacken und klopfen sie auf die Steine, tragen die glitzernden Edelsteine hinaus und bringen sie nach Pfifferlingen.<\/p>\n\n\n\n<p>Kommt mit ihnen auf Schatzsuche, entdeckt den Zauber der Edelsteine und seid mit dabei, wenn die freundlichen Wichtel, Zwerge und Trolle L\u00f6sungen f\u00fcr Probleme finden und die wahren Sch\u00e4tze erkennen.<\/p>\n\n\n\n<p>10 magisch funkelnde Geschichten<\/p>\n\n\n\n<p><\/p>\n\n\n\n<div style=\"height:11px\" aria-hidden=\"true\" class=\"wp-block-spacer\"><\/div>\n\n\n\n<p>Alle weiteren Infos und die Bestellm\u00f6glichkeiten \u00fcber den Blaulicht-Verlag kommen baldm\u00f6glichst!<\/p>\n\n\n\n<p>Hier gibt es das Minibuch zum Ausdrucken und Basteln f\u00fcr die Wichtelt\u00fcr<\/p>\n\n\n<div class=\"sdm_download_item \"><div class=\"sdm_download_item_top\"><div class=\"sdm_download_thumbnail\"><\/div><div class=\"sdm_download_title\">Minibuch Edelsteingeschichten<\/div><\/div><div style=\"clear:both;\"><\/div><div class=\"sdm_download_description\"><p><img loading=\"lazy\" decoding=\"async\" class=\"alignnone size-medium wp-image-1997 aligncenter\" src=\"https:\/\/heike-neumann.de\/wp-content\/uploads\/2024\/08\/Titelloses-672-1-212x300.jpg\" alt=\"\" width=\"212\" height=\"300\" srcset=\"https:\/\/heike-neumann.de\/wp-content\/uploads\/2024\/08\/Titelloses-672-1-212x300.jpg 212w, https:\/\/heike-neumann.de\/wp-content\/uploads\/2024\/08\/Titelloses-672-1-724x1024.jpg 724w, https:\/\/heike-neumann.de\/wp-content\/uploads\/2024\/08\/Titelloses-672-1-768x1086.jpg 768w, https:\/\/heike-neumann.de\/wp-content\/uploads\/2024\/08\/Titelloses-672-1-1086x1536.jpg 1086w, https:\/\/heike-neumann.de\/wp-content\/uploads\/2024\/08\/Titelloses-672-1-1140x1613.jpg 1140w, https:\/\/heike-neumann.de\/wp-content\/uploads\/2024\/08\/Titelloses-672-1.jpg 1240w\" sizes=\"auto, (max-width: 212px) 100vw, 212px\" \/><\/p>\n<\/div><div class=\"sdm_download_link\"><span class=\"sdm_download_button\"><a href=\"https:\/\/heike-neumann.de\/?sdm_process_download=1&#038;download_id=2144\" class=\"sdm_download green\" title=\"Minibuch Edelsteingeschichten\" target=\"_blank\">Jetzt herunterladen!<\/a><\/span><\/div><\/div><div class=\"sdm_clear_float\"><\/div>","protected":false},"excerpt":{"rendered":"<p>Ein neues Buch steht in den Startl\u00f6chern! Es wirft magisch funkelnde Strahlen voraus und l\u00e4sst die Augen in Vorfreude erstrahlen! Ein Tagesmarsch entfernt von dem wunderbaren Dorf Pfifferlingen liegen die zauberhaften Edelsteinh\u00f6hlen versteckt in gro\u00dfen schroffen Bergen. F\u00fcr die Wichtel, Zwerge und Trolle aus Pfifferlingen ist das Zauberpulver, was dort gewonnen wird, f\u00fcr ihre Magie und die Zaubertr\u00e4nke sehr wichtig. Auch die glitzernden Edelsteine werden f\u00fcr ihre Zauber und \u00dcberraschungen gebraucht. Sobald im Fr\u00fchling der Schnee geschmolzen und das Eis getaut ist, machen sich immer wieder einige der Bewohnerinnen und Bewohner des kleinen Dorfes am magischen Wald auf den Weg. Bis die Tage im Herbst zu kalt werden und es sie wieder an die Kaminfeuer in ihren Pilzh\u00e4usern zieht, hacken und klopfen sie auf die Steine, tragen die glitzernden Edelsteine hinaus und bringen sie nach Pfifferlingen. Kommt mit ihnen auf Schatzsuche, entdeckt den Zauber der Edelsteine und seid mit dabei, wenn die freundlichen Wichtel, Zwerge und Trolle L\u00f6sungen f\u00fcr Probleme finden und die wahren Sch\u00e4tze erkennen. 10 magisch funkelnde Geschichten Alle weiteren Infos und die Bestellm\u00f6glichkeiten \u00fcber den Blaulicht-Verlag kommen baldm\u00f6glichst! Hier gibt es das Minibuch zum Ausdrucken und Basteln f\u00fcr die Wichtelt\u00fcr<\/p>\n","protected":false},"author":1,"featured_media":0,"parent":0,"menu_order":0,"comment_status":"closed","ping_status":"closed","template":"","meta":{"footnotes":""},"class_list":["post-2136","page","type-page","status-publish","hentry"],"_links":{"self":[{"href":"https:\/\/heike-neumann.de\/index.php\/wp-json\/wp\/v2\/pages\/2136","targetHints":{"allow":["GET"]}}],"collection":[{"href":"https:\/\/heike-neumann.de\/index.php\/wp-json\/wp\/v2\/pages"}],"about":[{"href":"https:\/\/heike-neumann.de\/index.php\/wp-json\/wp\/v2\/types\/page"}],"author":[{"embeddable":true,"href":"https:\/\/heike-neumann.de\/index.php\/wp-json\/wp\/v2\/users\/1"}],"replies":[{"embeddable":true,"href":"https:\/\/heike-neumann.de\/index.php\/wp-json\/wp\/v2\/comments?post=2136"}],"version-history":[{"count":6,"href":"https:\/\/heike-neumann.de\/index.php\/wp-json\/wp\/v2\/pages\/2136\/revisions"}],"predecessor-version":[{"id":2332,"href":"https:\/\/heike-neumann.de\/index.php\/wp-json\/wp\/v2\/pages\/2136\/revisions\/2332"}],"wp:attachment":[{"href":"https:\/\/heike-neumann.de\/index.php\/wp-json\/wp\/v2\/media?parent=2136"}],"curies":[{"name":"wp","href":"https:\/\/api.w.org\/{rel}","templated":true}]}}