{"id":2020,"date":"2024-08-19T09:51:39","date_gmt":"2024-08-19T07:51:39","guid":{"rendered":"https:\/\/heike-neumann.de\/?page_id=2020"},"modified":"2024-10-17T13:16:25","modified_gmt":"2024-10-17T11:16:25","slug":"wichtelige-kleinigkeiten","status":"publish","type":"page","link":"https:\/\/heike-neumann.de\/index.php\/wichtelige-kleinigkeiten\/","title":{"rendered":"Wichtelige Kleinigkeiten"},"content":{"rendered":"\n<p><\/p>\n\n\n\n<div style=\"height:11px\" aria-hidden=\"true\" class=\"wp-block-spacer\"><\/div>\n\n\n\n<p>Auch au\u00dferhalb der B\u00fccher kann man f\u00fcr wenig Geld ein paar wichtelige Kleinigkeiten bei mir bekommen, die z.B. als \u00dcberraschung vor der Wichtelt\u00fcr liegen k\u00f6nnten.<br>Diese Sachen gibt es nicht beim Verlag, sondern nur per Mail bei mir (post@heike-neumann.de)<\/p>\n\n\n\n<p>Diese Fensterbilder sind Aufkleber, die gut fl\u00e4chig aufliegen und auch problemlos wieder abgezogen werden k\u00f6nnen. Auch ein Dar\u00fcberwischen beim Fensterputzen ist kein Problem. <br><br>Die runden und quadratischen Aufkleber sind zwar laut Herstellerangaben nicht wetterfest und nicht f\u00fcr drau\u00dfen geeignet, aber wir haben es einen ganzen Sommer lang am Fahrradrahmen getestet und der Aufkleber ist wunderbar erhalten.<br>Auf allen Aufklebern gibt es jede Menge zu Entdecken<\/p>\n\n\n\n<div style=\"height:20px\" aria-hidden=\"true\" class=\"wp-block-spacer\"><\/div>\n\n\n<div class=\"wp-block-image\">\n<figure class=\"alignleft size-full is-resized\"><img loading=\"lazy\" decoding=\"async\" width=\"740\" height=\"520\" src=\"https:\/\/heike-neumann.de\/wp-content\/uploads\/2024\/08\/Titelloses-691-1.jpg\" alt=\"\" class=\"wp-image-2094\" style=\"width:401px;height:auto\" srcset=\"https:\/\/heike-neumann.de\/wp-content\/uploads\/2024\/08\/Titelloses-691-1.jpg 740w, https:\/\/heike-neumann.de\/wp-content\/uploads\/2024\/08\/Titelloses-691-1-300x211.jpg 300w\" sizes=\"auto, (max-width: 740px) 100vw, 740px\" \/><\/figure>\n<\/div>\n\n\n<p><strong>Fensterbilder Dorf (Din A8)<\/strong><br>Ein kleiner Gru\u00df vom Wichtel!<br>Was wird das f\u00fcr ein Staunen, wenn eines Morgens dieses Bild von Pfifferlingen pl\u00f6tzlich am Kinderzimmerfenster oder am Badezimmerspiegel auftaucht!<br>(Achtung: Nur noch begrenzt verf\u00fcgbar)<br>Hinweis: Transparenter Aufkleber<\/p>\n\n\n\n<p><\/p>\n\n\n\n<div style=\"height:8px\" aria-hidden=\"true\" class=\"wp-block-spacer\"><\/div>\n\n\n\n<figure class=\"wp-block-gallery has-nested-images columns-default is-cropped wp-block-gallery-1 is-layout-flex wp-block-gallery-is-layout-flex\">\n<figure class=\"wp-block-image size-large\"><img loading=\"lazy\" decoding=\"async\" width=\"800\" height=\"580\" data-id=\"2096\" src=\"https:\/\/heike-neumann.de\/wp-content\/uploads\/2024\/08\/Titelloses-693-2.jpg\" alt=\"\" class=\"wp-image-2096\" srcset=\"https:\/\/heike-neumann.de\/wp-content\/uploads\/2024\/08\/Titelloses-693-2.jpg 800w, https:\/\/heike-neumann.de\/wp-content\/uploads\/2024\/08\/Titelloses-693-2-300x218.jpg 300w, https:\/\/heike-neumann.de\/wp-content\/uploads\/2024\/08\/Titelloses-693-2-768x557.jpg 768w\" sizes=\"auto, (max-width: 800px) 100vw, 800px\" \/><\/figure>\n\n\n\n<figure class=\"wp-block-image size-large\"><img loading=\"lazy\" decoding=\"async\" width=\"800\" height=\"580\" data-id=\"2095\" src=\"https:\/\/heike-neumann.de\/wp-content\/uploads\/2024\/08\/Titelloses-693-1.jpg\" alt=\"\" class=\"wp-image-2095\" srcset=\"https:\/\/heike-neumann.de\/wp-content\/uploads\/2024\/08\/Titelloses-693-1.jpg 800w, https:\/\/heike-neumann.de\/wp-content\/uploads\/2024\/08\/Titelloses-693-1-300x218.jpg 300w, https:\/\/heike-neumann.de\/wp-content\/uploads\/2024\/08\/Titelloses-693-1-768x557.jpg 768w\" sizes=\"auto, (max-width: 800px) 100vw, 800px\" \/><\/figure>\n<\/figure>\n\n\n\n<p><strong>Fensterbild Wichtel und Wichtelin (Din A8) &#8222;Darf ich wieder bei dir einziehen?&#8220;<\/strong><br>Wenn die Tage im November k\u00fcrzer werden, k\u00f6nnten diese Bilder eines Morgens am Kinderzimmerfester, am Spiegel oder an der Scheibe neben dem Fr\u00fchst\u00fccksplatz auftauchen und l\u00f6sen sicher gro\u00dfe Begeisterung aus!<br>Das magische Wesen vom letzten Jahr fragt an und nat\u00fcrlich muss dann per Brief geantwortet werden!<br>Auch Ganzjahreswichtel, die im Sommer z.B. im Garten in der Hecke wohnen, k\u00f6nnen so wieder Einlass erbitten, wenn es drau\u00dfen zu kalt wird.<\/p>\n\n\n\n<div style=\"height:25px\" aria-hidden=\"true\" class=\"wp-block-spacer\"><\/div>\n\n\n<div class=\"wp-block-image\">\n<figure class=\"alignleft size-large is-resized\"><img loading=\"lazy\" decoding=\"async\" width=\"1024\" height=\"1024\" src=\"https:\/\/heike-neumann.de\/wp-content\/uploads\/2024\/08\/Titelloses-735-1-1024x1024.png\" alt=\"\" class=\"wp-image-2100\" style=\"width:466px;height:auto\" srcset=\"https:\/\/heike-neumann.de\/wp-content\/uploads\/2024\/08\/Titelloses-735-1-1024x1024.png 1024w, https:\/\/heike-neumann.de\/wp-content\/uploads\/2024\/08\/Titelloses-735-1-300x300.png 300w, https:\/\/heike-neumann.de\/wp-content\/uploads\/2024\/08\/Titelloses-735-1-150x150.png 150w, https:\/\/heike-neumann.de\/wp-content\/uploads\/2024\/08\/Titelloses-735-1-768x768.png 768w, https:\/\/heike-neumann.de\/wp-content\/uploads\/2024\/08\/Titelloses-735-1-1536x1536.png 1536w, https:\/\/heike-neumann.de\/wp-content\/uploads\/2024\/08\/Titelloses-735-1-2048x2048.png 2048w, https:\/\/heike-neumann.de\/wp-content\/uploads\/2024\/08\/Titelloses-735-1-1140x1140.png 1140w, https:\/\/heike-neumann.de\/wp-content\/uploads\/2024\/08\/Titelloses-735-1-75x75.png 75w\" sizes=\"auto, (max-width: 1024px) 100vw, 1024px\" \/><\/figure>\n<\/div>\n\n\n<p><strong>Gro\u00dfe runde Aufkleber (9 cm Durchmesser)<\/strong><br>Was gibt es auf diesem Bild nicht alles zu entdecken! Dieser Aufkleber ist wunderbar mit der Lupe zu erforschen, denn es gibt richtig viele winzige Details zu entdecken! Euer Wichtel k\u00f6nnte die Aufgabe stellen: \u201eWieviele Wichtel siehst du auf dem Bild?\u201c (Antwort: 5) oder \u201eWo sitzt der Schmetterling?\u201c (Antwort: Auf der Bank ganz rechts)<br><\/p>\n\n\n\n<p><a href=\"https:\/\/heike-neumann.de\/index.php\/wichtelsachen__trashed\/wichteldorf-ausmalbilder-und-mandalas\/\" data-type=\"link\" data-id=\"https:\/\/heike-neumann.de\/index.php\/wichtelsachen__trashed\/wichteldorf-ausmalbilder-und-mandalas\/\">Dieses Bild gibt es \u00fcbrigens HIER als Ausmalbild zum Download<\/a> <br>(ganz nach unten scrollen)<\/p>\n\n\n\n<div style=\"height:20px\" aria-hidden=\"true\" class=\"wp-block-spacer\"><\/div>\n\n\n<div class=\"wp-block-image\">\n<figure class=\"alignright size-large is-resized\"><img loading=\"lazy\" decoding=\"async\" width=\"1024\" height=\"1024\" src=\"https:\/\/heike-neumann.de\/wp-content\/uploads\/2024\/08\/Titelloses-744-1024x1024.png\" alt=\"\" class=\"wp-image-2101\" style=\"width:420px;height:auto\" srcset=\"https:\/\/heike-neumann.de\/wp-content\/uploads\/2024\/08\/Titelloses-744-1024x1024.png 1024w, https:\/\/heike-neumann.de\/wp-content\/uploads\/2024\/08\/Titelloses-744-300x300.png 300w, https:\/\/heike-neumann.de\/wp-content\/uploads\/2024\/08\/Titelloses-744-150x150.png 150w, https:\/\/heike-neumann.de\/wp-content\/uploads\/2024\/08\/Titelloses-744-768x768.png 768w, https:\/\/heike-neumann.de\/wp-content\/uploads\/2024\/08\/Titelloses-744-1536x1536.png 1536w, https:\/\/heike-neumann.de\/wp-content\/uploads\/2024\/08\/Titelloses-744-2048x2048.png 2048w, https:\/\/heike-neumann.de\/wp-content\/uploads\/2024\/08\/Titelloses-744-1140x1140.png 1140w, https:\/\/heike-neumann.de\/wp-content\/uploads\/2024\/08\/Titelloses-744-75x75.png 75w\" sizes=\"auto, (max-width: 1024px) 100vw, 1024px\" \/><\/figure>\n<\/div>\n\n\n<p><strong>Tattoos (7&#215;7 cm, kann nat\u00fcrlich auch auseinandergeschnitten werden)<\/strong><br>Diese Klebetattoos passen wunderbar zum Buch <a href=\"https:\/\/heike-neumann.de\/index.php\/edelsteingeschichten-aus-pfifferlingen\/\" data-type=\"page\" data-id=\"2136\">&#8222;Edelsteingeschichten aus Pfifferlingen&#8220;,<\/a> aber nat\u00fcrlich auch zu allen anderen wichteligen B\u00fcchern und Geschichten.<br><\/p>\n\n\n\n<div style=\"height:12px\" aria-hidden=\"true\" class=\"wp-block-spacer\"><\/div>\n\n\n<div class=\"wp-block-image\">\n<figure class=\"alignleft size-large is-resized\"><img loading=\"lazy\" decoding=\"async\" width=\"1024\" height=\"1024\" src=\"https:\/\/heike-neumann.de\/wp-content\/uploads\/2024\/08\/Titelloses-747_Wiederhergestellt-1024x1024.png\" alt=\"\" class=\"wp-image-2117\" style=\"width:348px;height:auto\" srcset=\"https:\/\/heike-neumann.de\/wp-content\/uploads\/2024\/08\/Titelloses-747_Wiederhergestellt-1024x1024.png 1024w, https:\/\/heike-neumann.de\/wp-content\/uploads\/2024\/08\/Titelloses-747_Wiederhergestellt-300x300.png 300w, https:\/\/heike-neumann.de\/wp-content\/uploads\/2024\/08\/Titelloses-747_Wiederhergestellt-150x150.png 150w, https:\/\/heike-neumann.de\/wp-content\/uploads\/2024\/08\/Titelloses-747_Wiederhergestellt-768x768.png 768w, https:\/\/heike-neumann.de\/wp-content\/uploads\/2024\/08\/Titelloses-747_Wiederhergestellt-1536x1536.png 1536w, https:\/\/heike-neumann.de\/wp-content\/uploads\/2024\/08\/Titelloses-747_Wiederhergestellt-2048x2048.png 2048w, https:\/\/heike-neumann.de\/wp-content\/uploads\/2024\/08\/Titelloses-747_Wiederhergestellt-1140x1140.png 1140w, https:\/\/heike-neumann.de\/wp-content\/uploads\/2024\/08\/Titelloses-747_Wiederhergestellt-75x75.png 75w\" sizes=\"auto, (max-width: 1024px) 100vw, 1024px\" \/><\/figure>\n<\/div>\n\n\n<p><strong>Quadratische Aufkleber (5x5cm)<\/strong><br>Diese Dorfansicht mit vielen Wichteln ist nicht transparent und k\u00f6nnte den Umschlag des Hausaufgabenheftes, die Handyh\u00fclle oder irgendeinen anderen Ort versch\u00f6nern, an dem man sich gerne an das Wichteldorf erinnern m\u00f6chte.<\/p>\n\n\n\n<div style=\"height:11px\" aria-hidden=\"true\" class=\"wp-block-spacer\"><\/div>\n\n\n\n<p>Diese wichteligen Kleinigkeiten gibt es nur bei mir (schreibt einfach eine Mail an post@heike-neumann.de). Ein Set aus einem Fensterbild\/A8-Aufkleber (w\u00e4hlt euch eines aus), einem runden Aufkleber, einem quadratischen Aufkleber und einem Tattoobogen kostet inkl. Versand 5 Euro.<\/p>\n\n\n\n<p>Ihr k\u00f6nnt nach Absprache noch einzelne Sachen dazupacken, das kl\u00e4ren wir dann per Mail.<br><br><\/p>\n\n\n\n<p>Coming soon: Postkarten aus dem Urlaub <\/p>\n\n\n\n<p><\/p>\n\n\n\n<p><\/p>\n","protected":false},"excerpt":{"rendered":"<p>Auch au\u00dferhalb der B\u00fccher kann man f\u00fcr wenig Geld ein paar wichtelige Kleinigkeiten bei mir bekommen, die z.B. als \u00dcberraschung vor der Wichtelt\u00fcr liegen k\u00f6nnten.Diese Sachen gibt es nicht beim Verlag, sondern nur per Mail bei mir (post@heike-neumann.de) Diese Fensterbilder sind Aufkleber, die gut fl\u00e4chig aufliegen und auch problemlos wieder abgezogen werden k\u00f6nnen. Auch ein Dar\u00fcberwischen beim Fensterputzen ist kein Problem. Die runden und quadratischen Aufkleber sind zwar laut Herstellerangaben nicht wetterfest und nicht f\u00fcr drau\u00dfen geeignet, aber wir haben es einen ganzen Sommer lang am Fahrradrahmen getestet und der Aufkleber ist wunderbar erhalten.Auf allen Aufklebern gibt es jede Menge zu Entdecken Fensterbilder Dorf (Din A8)Ein kleiner Gru\u00df vom Wichtel!Was wird das f\u00fcr ein Staunen, wenn eines Morgens dieses Bild von Pfifferlingen pl\u00f6tzlich am Kinderzimmerfenster oder am Badezimmerspiegel auftaucht!(Achtung: Nur noch begrenzt verf\u00fcgbar)Hinweis: Transparenter Aufkleber Fensterbild Wichtel und Wichtelin (Din A8) &#8222;Darf ich wieder bei dir einziehen?&#8220;Wenn die Tage im November k\u00fcrzer werden, k\u00f6nnten diese Bilder eines Morgens am Kinderzimmerfester, am Spiegel oder an der Scheibe neben dem Fr\u00fchst\u00fccksplatz auftauchen und l\u00f6sen sicher gro\u00dfe Begeisterung aus!Das magische Wesen vom letzten Jahr fragt an und nat\u00fcrlich muss dann per Brief geantwortet werden!Auch Ganzjahreswichtel, die im Sommer z.B. im Garten in der Hecke wohnen, k\u00f6nnen so wieder Einlass erbitten, wenn es drau\u00dfen zu kalt wird. Gro\u00dfe runde Aufkleber (9 cm Durchmesser)Was gibt es auf diesem Bild nicht alles zu entdecken! Dieser Aufkleber ist wunderbar mit der Lupe zu erforschen, denn es gibt richtig viele winzige Details zu entdecken! Euer Wichtel k\u00f6nnte die Aufgabe stellen: \u201eWieviele Wichtel siehst du auf dem Bild?\u201c (Antwort: 5) oder \u201eWo sitzt der Schmetterling?\u201c (Antwort: Auf der Bank ganz rechts) Dieses Bild gibt es \u00fcbrigens HIER als Ausmalbild zum Download (ganz nach unten scrollen) Tattoos (7&#215;7 cm, kann nat\u00fcrlich auch auseinandergeschnitten werden)Diese Klebetattoos passen wunderbar zum Buch &#8222;Edelsteingeschichten aus Pfifferlingen&#8220;, aber nat\u00fcrlich auch zu allen anderen wichteligen B\u00fcchern und Geschichten. Quadratische Aufkleber (5x5cm)Diese Dorfansicht mit vielen Wichteln ist nicht transparent und k\u00f6nnte den Umschlag des Hausaufgabenheftes, die Handyh\u00fclle oder irgendeinen anderen Ort versch\u00f6nern, an dem man sich gerne an das Wichteldorf erinnern m\u00f6chte. Diese wichteligen Kleinigkeiten gibt es nur bei mir (schreibt einfach eine Mail an post@heike-neumann.de). Ein Set aus einem Fensterbild\/A8-Aufkleber (w\u00e4hlt euch eines aus), einem runden Aufkleber, einem quadratischen Aufkleber und einem Tattoobogen kostet inkl. Versand 5 Euro. Ihr k\u00f6nnt nach Absprache noch einzelne Sachen dazupacken, das kl\u00e4ren wir dann per Mail. Coming soon: Postkarten aus dem Urlaub<\/p>\n","protected":false},"author":1,"featured_media":0,"parent":0,"menu_order":0,"comment_status":"closed","ping_status":"closed","template":"","meta":{"footnotes":""},"class_list":["post-2020","page","type-page","status-publish","hentry"],"_links":{"self":[{"href":"https:\/\/heike-neumann.de\/index.php\/wp-json\/wp\/v2\/pages\/2020","targetHints":{"allow":["GET"]}}],"collection":[{"href":"https:\/\/heike-neumann.de\/index.php\/wp-json\/wp\/v2\/pages"}],"about":[{"href":"https:\/\/heike-neumann.de\/index.php\/wp-json\/wp\/v2\/types\/page"}],"author":[{"embeddable":true,"href":"https:\/\/heike-neumann.de\/index.php\/wp-json\/wp\/v2\/users\/1"}],"replies":[{"embeddable":true,"href":"https:\/\/heike-neumann.de\/index.php\/wp-json\/wp\/v2\/comments?post=2020"}],"version-history":[{"count":12,"href":"https:\/\/heike-neumann.de\/index.php\/wp-json\/wp\/v2\/pages\/2020\/revisions"}],"predecessor-version":[{"id":2295,"href":"https:\/\/heike-neumann.de\/index.php\/wp-json\/wp\/v2\/pages\/2020\/revisions\/2295"}],"wp:attachment":[{"href":"https:\/\/heike-neumann.de\/index.php\/wp-json\/wp\/v2\/media?parent=2020"}],"curies":[{"name":"wp","href":"https:\/\/api.w.org\/{rel}","templated":true}]}}