{"id":2,"date":"2022-06-17T08:59:44","date_gmt":"2022-06-17T08:59:44","guid":{"rendered":"https:\/\/heike-neumann.de\/?page_id=2"},"modified":"2024-08-19T15:04:40","modified_gmt":"2024-08-19T13:04:40","slug":"sample-page","status":"publish","type":"page","link":"https:\/\/heike-neumann.de\/index.php\/sample-page\/","title":{"rendered":"\u00dcber die Autorin"},"content":{"rendered":"\n<div class=\"wp-block-media-text alignwide is-stacked-on-mobile\" style=\"grid-template-columns:29% auto\"><figure class=\"wp-block-media-text__media\"><img loading=\"lazy\" decoding=\"async\" width=\"851\" height=\"1024\" src=\"https:\/\/heike-neumann.de\/wp-content\/uploads\/2023\/09\/20230803_090210-edit-20230803091915-851x1024.jpg\" alt=\"\" class=\"wp-image-1571 size-full\" srcset=\"https:\/\/heike-neumann.de\/wp-content\/uploads\/2023\/09\/20230803_090210-edit-20230803091915-851x1024.jpg 851w, https:\/\/heike-neumann.de\/wp-content\/uploads\/2023\/09\/20230803_090210-edit-20230803091915-249x300.jpg 249w, https:\/\/heike-neumann.de\/wp-content\/uploads\/2023\/09\/20230803_090210-edit-20230803091915-768x924.jpg 768w, https:\/\/heike-neumann.de\/wp-content\/uploads\/2023\/09\/20230803_090210-edit-20230803091915-1140x1372.jpg 1140w, https:\/\/heike-neumann.de\/wp-content\/uploads\/2023\/09\/20230803_090210-edit-20230803091915.jpg 1249w\" sizes=\"auto, (max-width: 851px) 100vw, 851px\" \/><\/figure><div class=\"wp-block-media-text__content\">\n\n\n<p>Heike Neumann *1983<\/p>\n\n\n\n<p>Frau, Mutter, Tochter, Ideenspinnerin, Schwester, Partnerin,<br>Freundin, Tr\u00e4umerin, Denkerin, Bremerin, Autorin, G\u00e4rtnerin,<br>Schenkerin, Br\u00fcckenbauerin, Zeichnerin, Patentante, S\u00e4ngerin,<br>Erzieherin, Leserin, Feel-good-Managerin, Mentorin, Diakonin,<br>Kreativideen-Mutterschiff, Zeitmanagerin, Gemeinschaftsstifterin, Wegbegleiterin, Spielerin, Gauklerin, B\u00e4ckerin, K\u00f6chin, Botschafterin, Pfadfinderin, Trompeterin, Herzensmensch, Bastlerin, Wortjongleurin, Illustratorin, Spa\u00dfhaberin, Spa\u00dfmacherin, Bunte-Gedanken-Kopf, Logozeichnerin, Freudesammlerin, Dichterin<\/p>\n<\/div><\/div>\n\n\n\n<div style=\"height:26px\" aria-hidden=\"true\" class=\"wp-block-spacer\"><\/div>\n\n\n\n<p>Warum schreibe ich?<\/p>\n\n\n\n<p><\/p>\n\n\n\n<div style=\"height:12px\" aria-hidden=\"true\" class=\"wp-block-spacer\"><\/div>\n\n\n\n<p>Kinder an Geschichten und B\u00fccher heranzuf\u00fchren ist etwas Gro\u00dfartiges! Die Fantasie anzuregen, Bilder im Kopf entstehen zu lassen, tolle Erlebnisse und so viele neue Welten zu erm\u00f6glichen &#8211; Das darf ich mit meinen Geschichten tun und das macht mich gl\u00fccklich!<br><br>Seit ich im April 2022 an Corona erkrankte und recht lange leider nicht mehr so wie vorher in meinem Beruf als Erzieherin arbeiten konnte, brauchte ich ein Ventil f\u00fcr meine Kreativit\u00e4t und ein sinnvolles Tun f\u00fcr meinen Kopf.<br>Ich liebe meinen Beruf und komme langsam wieder in meiner Arbeit an, aber das das Leben wie vorher ist momentan traurigerweise durch die LongCovid-Problematik (Fatigue) nicht m\u00f6glich.<\/p>\n\n\n\n<p>Durch die Erfahrungen mit Kindern vor Schulbeginn hatte ich ja schon viel mit Kinderb\u00fcchern und der Fantasie in den Kinderk\u00f6pfen zu tun. Auch als Mama und Patentante bin ich ja nah an den Themen der Kinder dran und meine eigenen Ideen kamen dann noch dazu.<br><\/p>\n\n\n\n<p>So versuche ich nun, das Beste aus dieser Situation herauszuholen und freue mich an der Freude der Familien und Kinder, die mit meinen B\u00fcchern eine gute gemeinsame Zeit haben!<\/p>\n\n\n\n<p><\/p>\n\n\n\n<figure class=\"wp-block-image size-large\"><img loading=\"lazy\" decoding=\"async\" width=\"841\" height=\"1024\" src=\"https:\/\/heike-neumann.de\/wp-content\/uploads\/2024\/08\/IMG_2632-02-11-841x1024.jpeg\" alt=\"\" class=\"wp-image-2001\" srcset=\"https:\/\/heike-neumann.de\/wp-content\/uploads\/2024\/08\/IMG_2632-02-11-841x1024.jpeg 841w, https:\/\/heike-neumann.de\/wp-content\/uploads\/2024\/08\/IMG_2632-02-11-246x300.jpeg 246w, https:\/\/heike-neumann.de\/wp-content\/uploads\/2024\/08\/IMG_2632-02-11-768x935.jpeg 768w, https:\/\/heike-neumann.de\/wp-content\/uploads\/2024\/08\/IMG_2632-02-11.jpeg 1128w\" sizes=\"auto, (max-width: 841px) 100vw, 841px\" \/><\/figure>\n\n\n\n<p><\/p>\n","protected":false},"excerpt":{"rendered":"<p>Warum schreibe ich? Kinder an Geschichten und B\u00fccher heranzuf\u00fchren ist etwas Gro\u00dfartiges! Die Fantasie anzuregen, Bilder im Kopf entstehen zu lassen, tolle Erlebnisse und so viele neue Welten zu erm\u00f6glichen &#8211; Das darf ich mit meinen Geschichten tun und das macht mich gl\u00fccklich! Seit ich im April 2022 an Corona erkrankte und recht lange leider nicht mehr so wie vorher in meinem Beruf als Erzieherin arbeiten konnte, brauchte ich ein Ventil f\u00fcr meine Kreativit\u00e4t und ein sinnvolles Tun f\u00fcr meinen Kopf.Ich liebe meinen Beruf und komme langsam wieder in meiner Arbeit an, aber das das Leben wie vorher ist momentan traurigerweise durch die LongCovid-Problematik (Fatigue) nicht m\u00f6glich. Durch die Erfahrungen mit Kindern vor Schulbeginn hatte ich ja schon viel mit Kinderb\u00fcchern und der Fantasie in den Kinderk\u00f6pfen zu tun. Auch als Mama und Patentante bin ich ja nah an den Themen der Kinder dran und meine eigenen Ideen kamen dann noch dazu. So versuche ich nun, das Beste aus dieser Situation herauszuholen und freue mich an der Freude der Familien und Kinder, die mit meinen B\u00fcchern eine gute gemeinsame Zeit haben!<\/p>\n","protected":false},"author":1,"featured_media":0,"parent":0,"menu_order":0,"comment_status":"closed","ping_status":"open","template":"","meta":{"footnotes":""},"class_list":["post-2","page","type-page","status-publish","hentry"],"_links":{"self":[{"href":"https:\/\/heike-neumann.de\/index.php\/wp-json\/wp\/v2\/pages\/2","targetHints":{"allow":["GET"]}}],"collection":[{"href":"https:\/\/heike-neumann.de\/index.php\/wp-json\/wp\/v2\/pages"}],"about":[{"href":"https:\/\/heike-neumann.de\/index.php\/wp-json\/wp\/v2\/types\/page"}],"author":[{"embeddable":true,"href":"https:\/\/heike-neumann.de\/index.php\/wp-json\/wp\/v2\/users\/1"}],"replies":[{"embeddable":true,"href":"https:\/\/heike-neumann.de\/index.php\/wp-json\/wp\/v2\/comments?post=2"}],"version-history":[{"count":19,"href":"https:\/\/heike-neumann.de\/index.php\/wp-json\/wp\/v2\/pages\/2\/revisions"}],"predecessor-version":[{"id":2066,"href":"https:\/\/heike-neumann.de\/index.php\/wp-json\/wp\/v2\/pages\/2\/revisions\/2066"}],"wp:attachment":[{"href":"https:\/\/heike-neumann.de\/index.php\/wp-json\/wp\/v2\/media?parent=2"}],"curies":[{"name":"wp","href":"https:\/\/api.w.org\/{rel}","templated":true}]}}