{"id":198,"date":"2022-07-17T21:33:31","date_gmt":"2022-07-17T19:33:31","guid":{"rendered":"https:\/\/heike-neumann.de\/?page_id=198"},"modified":"2024-08-21T18:30:56","modified_gmt":"2024-08-21T16:30:56","slug":"willkommen","status":"publish","type":"page","link":"https:\/\/heike-neumann.de\/","title":{"rendered":"Willkommen"},"content":{"rendered":"\n<p class=\"has-text-align-center\"><\/p>\n\n\n\n<h2 class=\"wp-block-heading has-text-align-center\">Kommt herein in die Welt der B\u00fccher f\u00fcr Kinder und Kindgebliebene jeden Alters von Heike Neumann!<\/h2>\n\n\n\n<p class=\"has-text-align-center\">Hier gibt es Infos \u00fcber die gedruckten und geplanten B\u00fccher, sch\u00f6nes Bonusmaterial f\u00fcr die Bilderb\u00fccher, Leseproben und manche kleine \u00dcberraschung \ud83d\ude42<br><br>Viel Spa\u00df beim St\u00f6bern!<\/p>\n\n\n\n<div style=\"height:100px\" aria-hidden=\"true\" class=\"wp-block-spacer\"><\/div>\n\n\n<div class=\"wp-block-image\">\n<figure class=\"aligncenter size-full is-resized\"><img loading=\"lazy\" decoding=\"async\" width=\"740\" height=\"520\" src=\"https:\/\/heike-neumann.de\/wp-content\/uploads\/2024\/08\/Titelloses-691.jpg\" alt=\"\" class=\"wp-image-1994\" style=\"width:469px;height:auto\" srcset=\"https:\/\/heike-neumann.de\/wp-content\/uploads\/2024\/08\/Titelloses-691.jpg 740w, https:\/\/heike-neumann.de\/wp-content\/uploads\/2024\/08\/Titelloses-691-300x211.jpg 300w\" sizes=\"auto, (max-width: 740px) 100vw, 740px\" \/><\/figure>\n<\/div>\n\n\n<p>Alle meine B\u00fccher sind zun\u00e4chst im Selbstverlag erschienen und werden jetzt vom<a href=\"http:\/\/www.blaulicht-verlag.de\"> Blaulicht-Verlag <\/a>vertrieben.<\/p>\n\n\n\n<p><\/p>\n\n\n\n<p>Die ver\u00f6ffentlichten Geschichten und Gedichte (von der Homepage oder in gedruckter Form) d\u00fcrfen gerne kopiert, ausgedruckt, weitergegeben usw. werden, aber es muss der Hinweis \u201eAutorin: Heike Neumann\u201c dabei stehen.<\/p>\n\n\n\n<p>Wer mit mir in Kontakt treten m\u00f6chte, darf gerne eine Mail an post@heike-neumann.de schreiben<\/p>\n\n\n\n<p><\/p>\n","protected":false},"excerpt":{"rendered":"<p>Kommt herein in die Welt der B\u00fccher f\u00fcr Kinder und Kindgebliebene jeden Alters von Heike Neumann! Hier gibt es Infos \u00fcber die gedruckten und geplanten B\u00fccher, sch\u00f6nes Bonusmaterial f\u00fcr die Bilderb\u00fccher, Leseproben und manche kleine \u00dcberraschung \ud83d\ude42 Viel Spa\u00df beim St\u00f6bern! Alle meine B\u00fccher sind zun\u00e4chst im Selbstverlag erschienen und werden jetzt vom Blaulicht-Verlag vertrieben. Die ver\u00f6ffentlichten Geschichten und Gedichte (von der Homepage oder in gedruckter Form) d\u00fcrfen gerne kopiert, ausgedruckt, weitergegeben usw. werden, aber es muss der Hinweis \u201eAutorin: Heike Neumann\u201c dabei stehen. Wer mit mir in Kontakt treten m\u00f6chte, darf gerne eine Mail an post@heike-neumann.de schreiben<\/p>\n","protected":false},"author":2,"featured_media":0,"parent":0,"menu_order":1,"comment_status":"closed","ping_status":"closed","template":"templates\/template-cover.php","meta":{"footnotes":""},"class_list":["post-198","page","type-page","status-publish","hentry"],"_links":{"self":[{"href":"https:\/\/heike-neumann.de\/index.php\/wp-json\/wp\/v2\/pages\/198","targetHints":{"allow":["GET"]}}],"collection":[{"href":"https:\/\/heike-neumann.de\/index.php\/wp-json\/wp\/v2\/pages"}],"about":[{"href":"https:\/\/heike-neumann.de\/index.php\/wp-json\/wp\/v2\/types\/page"}],"author":[{"embeddable":true,"href":"https:\/\/heike-neumann.de\/index.php\/wp-json\/wp\/v2\/users\/2"}],"replies":[{"embeddable":true,"href":"https:\/\/heike-neumann.de\/index.php\/wp-json\/wp\/v2\/comments?post=198"}],"version-history":[{"count":24,"href":"https:\/\/heike-neumann.de\/index.php\/wp-json\/wp\/v2\/pages\/198\/revisions"}],"predecessor-version":[{"id":2266,"href":"https:\/\/heike-neumann.de\/index.php\/wp-json\/wp\/v2\/pages\/198\/revisions\/2266"}],"wp:attachment":[{"href":"https:\/\/heike-neumann.de\/index.php\/wp-json\/wp\/v2\/media?parent=198"}],"curies":[{"name":"wp","href":"https:\/\/api.w.org\/{rel}","templated":true}]}}