{"id":1873,"date":"2024-04-02T20:01:44","date_gmt":"2024-04-02T18:01:44","guid":{"rendered":"https:\/\/heike-neumann.de\/?page_id=1873"},"modified":"2024-08-19T15:03:49","modified_gmt":"2024-08-19T13:03:49","slug":"pfadfindermaterial-christliches","status":"publish","type":"page","link":"https:\/\/heike-neumann.de\/index.php\/pfadfindermaterial-christliches\/","title":{"rendered":"Pfadfindermaterial &#038; Christliches"},"content":{"rendered":"\n<p>Da sowohl die christliche Pfadfinderei, wie auch der Glaube einen Platz in meinem Leben haben und ich auch in diesen Bereichen kreativ bin, gibt es hier auch eine Menge Downloads zur freien Benutzung.<br><\/p>\n\n\n\n<div style=\"height:16px\" aria-hidden=\"true\" class=\"wp-block-spacer\"><\/div>\n\n\n\n<p><br>Los geht es mit einer kreativ umgeschriebenen Bibelgeschichte: <a href=\"https:\/\/heike-neumann.de\/index.php\/kurzgeschichten-fuer-kinder\/als-noah-eine-ausnahme-machte\/\" data-type=\"page\" data-id=\"1318\">Als Noah eine Ausnahme machte<\/a><\/p>\n\n\n\n<div style=\"height:16px\" aria-hidden=\"true\" class=\"wp-block-spacer\"><\/div>\n\n\n\n<p>Was die Tauben wohl vielleicht denken, als da pl\u00f6tzlich jemand in ihrem Baum sitzt?: <a href=\"https:\/\/heike-neumann.de\/index.php\/kurzgeschichten-fuer-kinder\/zachaeus-aus-der-sicht-einer-taube\/\" data-type=\"page\" data-id=\"721\">Zach\u00e4us aus der Sicht einer Taube<\/a><\/p>\n\n\n\n<div style=\"height:16px\" aria-hidden=\"true\" class=\"wp-block-spacer\"><\/div>\n\n\n\n<p>Eine weitere Geschichte zur Jahreslosung 2023 &#8222;Ich bin Hagar&#8220;<br><a href=\"https:\/\/heike-neumann.de\/index.php\/kurzgeschichten-fuer-kinder\/geschichten-mit-christlichem-hintergrund\/ich-bin-hagar-zur-jahreslosung-2023\/\" data-type=\"page\" data-id=\"1356\">Ich bin Hagar (Zur Jahreslosung 2023)<\/a><\/p>\n\n\n\n<div style=\"height:16px\" aria-hidden=\"true\" class=\"wp-block-spacer\"><\/div>\n\n\n\n<p>Eine Vorlesegeschichte: <a href=\"https:\/\/heike-neumann.de\/index.php\/kurzgeschichten-fuer-kinder\/geschichten-mit-christlichem-hintergrund\/der-pfau\/\" data-type=\"page\" data-id=\"1352\">Der Pfau<\/a><\/p>\n\n\n\n<div style=\"height:16px\" aria-hidden=\"true\" class=\"wp-block-spacer\"><\/div>\n\n\n\n<p>F\u00fcr das Pfingstlager 2024 &#8222;HokusPokus&#8220; mit Zauberern, Edelsteinen und viel Magie habe ich Ausmalbilder gezeichnet, die gerne f\u00fcr Stammesaktionen, in Sippen oder anderen Gruppen genutzt werden d\u00fcrfen (pdf)<\/p>\n\n\n<div class=\"sdm_download_item \"><div class=\"sdm_download_item_top\"><div class=\"sdm_download_thumbnail\"><\/div><div class=\"sdm_download_title\">Ausmalbilder im Teezelt auf dem Pfila HokusPokus<\/div><\/div><div style=\"clear:both;\"><\/div><div class=\"sdm_download_description\"><p><img loading=\"lazy\" decoding=\"async\" class=\"alignnone size-medium wp-image-1875 aligncenter\" src=\"https:\/\/heike-neumann.de\/wp-content\/uploads\/2024\/04\/Screenshot-2024-04-02-194519-215x300.png\" alt=\"\" width=\"215\" height=\"300\" srcset=\"https:\/\/heike-neumann.de\/wp-content\/uploads\/2024\/04\/Screenshot-2024-04-02-194519-215x300.png 215w, https:\/\/heike-neumann.de\/wp-content\/uploads\/2024\/04\/Screenshot-2024-04-02-194519.png 293w\" sizes=\"auto, (max-width: 215px) 100vw, 215px\" \/><\/p>\n<\/div><div class=\"sdm_download_link\"><span class=\"sdm_download_button\"><a href=\"https:\/\/heike-neumann.de\/?sdm_process_download=1&#038;download_id=1874\" class=\"sdm_download green\" title=\"Ausmalbilder im Teezelt auf dem Pfila HokusPokus\" target=\"_blank\">Jetzt herunterladen!<\/a><\/span><\/div><\/div><div class=\"sdm_clear_float\"><\/div>\n\n\n<div style=\"height:16px\" aria-hidden=\"true\" class=\"wp-block-spacer\"><\/div>\n\n\n\n<p>Als Gute-Nacht-Geschichten und gleichzeitige Abendandachten f\u00fcr die Kinder im Familienunterlager des Pfingstlagers (Zirkus Morpho) habe ich ein kleines Heft erstellt (Brosch\u00fcrendruck):<br><\/p>\n\n\n<div class=\"sdm_download_item \"><div class=\"sdm_download_item_top\"><div class=\"sdm_download_thumbnail\"><\/div><div class=\"sdm_download_title\">Gute-Nacht-Geschichten\/Abendandachten im Familienunterlager<\/div><\/div><div style=\"clear:both;\"><\/div><div class=\"sdm_download_description\"><p><img loading=\"lazy\" decoding=\"async\" class=\"alignnone size-medium wp-image-1908 aligncenter\" src=\"https:\/\/heike-neumann.de\/wp-content\/uploads\/2024\/04\/Screenshot-2024-04-04-205629-300x208.png\" alt=\"\" width=\"300\" height=\"208\" srcset=\"https:\/\/heike-neumann.de\/wp-content\/uploads\/2024\/04\/Screenshot-2024-04-04-205629-300x208.png 300w, https:\/\/heike-neumann.de\/wp-content\/uploads\/2024\/04\/Screenshot-2024-04-04-205629-1024x710.png 1024w, https:\/\/heike-neumann.de\/wp-content\/uploads\/2024\/04\/Screenshot-2024-04-04-205629-768x532.png 768w, https:\/\/heike-neumann.de\/wp-content\/uploads\/2024\/04\/Screenshot-2024-04-04-205629.png 1075w\" sizes=\"auto, (max-width: 300px) 100vw, 300px\" \/><\/p>\n<\/div><div class=\"sdm_download_link\"><span class=\"sdm_download_button\"><a href=\"https:\/\/heike-neumann.de\/?sdm_process_download=1&#038;download_id=1880\" class=\"sdm_download green\" title=\"Gute-Nacht-Geschichten\/Abendandachten im Familienunterlager\" target=\"_blank\">Jetzt herunterladen!<\/a><\/span><\/div><\/div><div class=\"sdm_clear_float\"><\/div>\n\n\n<div style=\"height:16px\" aria-hidden=\"true\" class=\"wp-block-spacer\"><\/div>\n\n\n\n<p><\/p>\n\n\n<div class=\"wp-block-image\">\n<figure class=\"aligncenter size-large is-resized\"><img loading=\"lazy\" decoding=\"async\" width=\"724\" height=\"1024\" src=\"https:\/\/heike-neumann.de\/wp-content\/uploads\/2024\/04\/Titel-724x1024.jpg\" alt=\"\" class=\"wp-image-1810\" style=\"width:422px;height:auto\" srcset=\"https:\/\/heike-neumann.de\/wp-content\/uploads\/2024\/04\/Titel-724x1024.jpg 724w, https:\/\/heike-neumann.de\/wp-content\/uploads\/2024\/04\/Titel-212x300.jpg 212w, https:\/\/heike-neumann.de\/wp-content\/uploads\/2024\/04\/Titel-768x1086.jpg 768w, https:\/\/heike-neumann.de\/wp-content\/uploads\/2024\/04\/Titel-1086x1536.jpg 1086w, https:\/\/heike-neumann.de\/wp-content\/uploads\/2024\/04\/Titel-1140x1613.jpg 1140w, https:\/\/heike-neumann.de\/wp-content\/uploads\/2024\/04\/Titel.jpg 1240w\" sizes=\"auto, (max-width: 724px) 100vw, 724px\" \/><\/figure>\n<\/div>\n\n\n<p>KREUZWEG<br>Auf dem Kreuzpfadfinder-Ostertreffen 2024 in T\u00f6nning hatte mein Kreuzweg Premiere<br>In 7 Bildern habe ich die Geschichte von der Verhaftung bis zur Kreuzigung nachgezeichnet, au\u00dferdem gibt es ein Karsamstagsbild und Sonntag das offene Grab in &#8222;Osterbunt&#8220;<br>Mit einem Klick auf diesen Link gelangt man zur Seite, auf der alle Bilder heruntergeladen werden k\u00f6nnen<br><a href=\"https:\/\/heike-neumann.de\/index.php\/pfadfindermaterial-christliches\/kreuzwegbilder\/\" data-type=\"page\" data-id=\"1822\">Kreuzwegbilder<\/a><\/p>\n","protected":false},"excerpt":{"rendered":"<p>Da sowohl die christliche Pfadfinderei, wie auch der Glaube einen Platz in meinem Leben haben und ich auch in diesen Bereichen kreativ bin, gibt es hier auch eine Menge Downloads zur freien Benutzung. Los geht es mit einer kreativ umgeschriebenen Bibelgeschichte: Als Noah eine Ausnahme machte Was die Tauben wohl vielleicht denken, als da pl\u00f6tzlich jemand in ihrem Baum sitzt?: Zach\u00e4us aus der Sicht einer Taube Eine weitere Geschichte zur Jahreslosung 2023 &#8222;Ich bin Hagar&#8220;Ich bin Hagar (Zur Jahreslosung 2023) Eine Vorlesegeschichte: Der Pfau F\u00fcr das Pfingstlager 2024 &#8222;HokusPokus&#8220; mit Zauberern, Edelsteinen und viel Magie habe ich Ausmalbilder gezeichnet, die gerne f\u00fcr Stammesaktionen, in Sippen oder anderen Gruppen genutzt werden d\u00fcrfen (pdf) Als Gute-Nacht-Geschichten und gleichzeitige Abendandachten f\u00fcr die Kinder im Familienunterlager des Pfingstlagers (Zirkus Morpho) habe ich ein kleines Heft erstellt (Brosch\u00fcrendruck): KREUZWEGAuf dem Kreuzpfadfinder-Ostertreffen 2024 in T\u00f6nning hatte mein Kreuzweg PremiereIn 7 Bildern habe ich die Geschichte von der Verhaftung bis zur Kreuzigung nachgezeichnet, au\u00dferdem gibt es ein Karsamstagsbild und Sonntag das offene Grab in &#8222;Osterbunt&#8220;Mit einem Klick auf diesen Link gelangt man zur Seite, auf der alle Bilder heruntergeladen werden k\u00f6nnenKreuzwegbilder<\/p>\n","protected":false},"author":1,"featured_media":0,"parent":0,"menu_order":0,"comment_status":"closed","ping_status":"closed","template":"","meta":{"footnotes":""},"class_list":["post-1873","page","type-page","status-publish","hentry"],"_links":{"self":[{"href":"https:\/\/heike-neumann.de\/index.php\/wp-json\/wp\/v2\/pages\/1873","targetHints":{"allow":["GET"]}}],"collection":[{"href":"https:\/\/heike-neumann.de\/index.php\/wp-json\/wp\/v2\/pages"}],"about":[{"href":"https:\/\/heike-neumann.de\/index.php\/wp-json\/wp\/v2\/types\/page"}],"author":[{"embeddable":true,"href":"https:\/\/heike-neumann.de\/index.php\/wp-json\/wp\/v2\/users\/1"}],"replies":[{"embeddable":true,"href":"https:\/\/heike-neumann.de\/index.php\/wp-json\/wp\/v2\/comments?post=1873"}],"version-history":[{"count":9,"href":"https:\/\/heike-neumann.de\/index.php\/wp-json\/wp\/v2\/pages\/1873\/revisions"}],"predecessor-version":[{"id":2065,"href":"https:\/\/heike-neumann.de\/index.php\/wp-json\/wp\/v2\/pages\/1873\/revisions\/2065"}],"wp:attachment":[{"href":"https:\/\/heike-neumann.de\/index.php\/wp-json\/wp\/v2\/media?parent=1873"}],"curies":[{"name":"wp","href":"https:\/\/api.w.org\/{rel}","templated":true}]}}