{"id":1696,"date":"2023-11-19T21:58:35","date_gmt":"2023-11-19T19:58:35","guid":{"rendered":"https:\/\/heike-neumann.de\/?page_id=1696"},"modified":"2023-11-20T11:56:03","modified_gmt":"2023-11-20T09:56:03","slug":"merch","status":"publish","type":"page","link":"https:\/\/heike-neumann.de\/index.php\/merch\/","title":{"rendered":"Merch (Kleidung, Accessoires und vieles mehr!)"},"content":{"rendered":"\n<p>Kindershirts und Pullis, Brotdosen, Tassen, aber auch Kleidung f\u00fcr Erwachsene und vieles mehr k\u00f6nnt ihr mit einem Klick <a href=\"https:\/\/heikeneumannkinderbucher.myspreadshop.de\/\" target=\"_blank\" rel=\"noreferrer noopener\">HIER <\/a>durchst\u00f6bern und kaufen!<br><\/p>\n\n\n\n<p>Es gibt (bisher) Produkte mit diesen 5 Designs:<\/p>\n\n\n\n<figure class=\"wp-block-image size-large\"><a href=\"<div id=&quot;myShop&quot;&gt;     <a href=&quot;https:\/\/heikeneumannkinderbucher.myspreadshop.de&quot;&gt;heikeneumannkinderbucher<\/a&gt; <\/div&gt;  <script&gt;     var spread_shop_config = {         shopName: 'heikeneumannkinderbucher',         locale: 'de_DE',         prefix: 'https:\/\/heikeneumannkinderbucher.myspreadshop.de',         baseId: 'myShop'     }; <\/script&gt;  <script type=&quot;text\/javascript&quot;         src=&quot;https:\/\/heikeneumannkinderbucher.myspreadshop.de\/shopfiles\/shopclient\/shopclient.nocache.js&quot;&gt; <\/script&gt;\"><img loading=\"lazy\" decoding=\"async\" width=\"982\" height=\"1024\" src=\"https:\/\/heike-neumann.de\/wp-content\/uploads\/2022\/08\/Pfifferlingen-982x1024.png\" alt=\"\" class=\"wp-image-431\" srcset=\"https:\/\/heike-neumann.de\/wp-content\/uploads\/2022\/08\/Pfifferlingen-982x1024.png 982w, https:\/\/heike-neumann.de\/wp-content\/uploads\/2022\/08\/Pfifferlingen-288x300.png 288w, https:\/\/heike-neumann.de\/wp-content\/uploads\/2022\/08\/Pfifferlingen-768x801.png 768w, https:\/\/heike-neumann.de\/wp-content\/uploads\/2022\/08\/Pfifferlingen-1473x1536.png 1473w, https:\/\/heike-neumann.de\/wp-content\/uploads\/2022\/08\/Pfifferlingen-1965x2048.png 1965w, https:\/\/heike-neumann.de\/wp-content\/uploads\/2022\/08\/Pfifferlingen-1140x1188.png 1140w, https:\/\/heike-neumann.de\/wp-content\/uploads\/2022\/08\/Pfifferlingen.png 2048w\" sizes=\"auto, (max-width: 982px) 100vw, 982px\" \/><\/a><\/figure>\n\n\n\n<figure class=\"wp-block-image size-large\"><img loading=\"lazy\" decoding=\"async\" width=\"834\" height=\"1024\" src=\"https:\/\/heike-neumann.de\/wp-content\/uploads\/2023\/11\/Titelloses-632-834x1024.jpg\" alt=\"\" class=\"wp-image-1704\" srcset=\"https:\/\/heike-neumann.de\/wp-content\/uploads\/2023\/11\/Titelloses-632-834x1024.jpg 834w, https:\/\/heike-neumann.de\/wp-content\/uploads\/2023\/11\/Titelloses-632-244x300.jpg 244w, https:\/\/heike-neumann.de\/wp-content\/uploads\/2023\/11\/Titelloses-632-768x943.jpg 768w, https:\/\/heike-neumann.de\/wp-content\/uploads\/2023\/11\/Titelloses-632-1140x1399.jpg 1140w, https:\/\/heike-neumann.de\/wp-content\/uploads\/2023\/11\/Titelloses-632.jpg 1240w\" sizes=\"auto, (max-width: 834px) 100vw, 834px\" \/><\/figure>\n\n\n\n<figure class=\"wp-block-image size-large\"><img loading=\"lazy\" decoding=\"async\" width=\"1024\" height=\"724\" src=\"https:\/\/heike-neumann.de\/wp-content\/uploads\/2023\/11\/Titelloses-549-1024x724.jpg\" alt=\"\" class=\"wp-image-1705\" srcset=\"https:\/\/heike-neumann.de\/wp-content\/uploads\/2023\/11\/Titelloses-549-1024x724.jpg 1024w, https:\/\/heike-neumann.de\/wp-content\/uploads\/2023\/11\/Titelloses-549-300x212.jpg 300w, https:\/\/heike-neumann.de\/wp-content\/uploads\/2023\/11\/Titelloses-549-768x543.jpg 768w, https:\/\/heike-neumann.de\/wp-content\/uploads\/2023\/11\/Titelloses-549-1536x1086.jpg 1536w, https:\/\/heike-neumann.de\/wp-content\/uploads\/2023\/11\/Titelloses-549-1140x806.jpg 1140w, https:\/\/heike-neumann.de\/wp-content\/uploads\/2023\/11\/Titelloses-549.jpg 1754w\" sizes=\"auto, (max-width: 1024px) 100vw, 1024px\" \/><\/figure>\n\n\n\n<div style=\"height:15px\" aria-hidden=\"true\" class=\"wp-block-spacer\"><\/div>\n\n\n\n<figure class=\"wp-block-gallery has-nested-images columns-default is-cropped wp-block-gallery-1 is-layout-flex wp-block-gallery-is-layout-flex\">\n<figure class=\"wp-block-image size-large\"><img loading=\"lazy\" decoding=\"async\" width=\"1024\" height=\"1004\" data-id=\"1707\" src=\"https:\/\/heike-neumann.de\/wp-content\/uploads\/2023\/11\/Pfifferlingen-Dorfbild-1024x1004.jpg\" alt=\"\" class=\"wp-image-1707\" srcset=\"https:\/\/heike-neumann.de\/wp-content\/uploads\/2023\/11\/Pfifferlingen-Dorfbild-1024x1004.jpg 1024w, https:\/\/heike-neumann.de\/wp-content\/uploads\/2023\/11\/Pfifferlingen-Dorfbild-300x294.jpg 300w, https:\/\/heike-neumann.de\/wp-content\/uploads\/2023\/11\/Pfifferlingen-Dorfbild-768x753.jpg 768w, https:\/\/heike-neumann.de\/wp-content\/uploads\/2023\/11\/Pfifferlingen-Dorfbild-1140x1118.jpg 1140w, https:\/\/heike-neumann.de\/wp-content\/uploads\/2023\/11\/Pfifferlingen-Dorfbild-75x75.jpg 75w, https:\/\/heike-neumann.de\/wp-content\/uploads\/2023\/11\/Pfifferlingen-Dorfbild.jpg 1232w\" sizes=\"auto, (max-width: 1024px) 100vw, 1024px\" \/><\/figure>\n<\/figure>\n\n\n\n<div style=\"height:26px\" aria-hidden=\"true\" class=\"wp-block-spacer\"><\/div>\n\n\n\n<figure class=\"wp-block-gallery has-nested-images columns-default is-cropped wp-block-gallery-2 is-layout-flex wp-block-gallery-is-layout-flex\">\n<figure class=\"wp-block-image size-large\"><img loading=\"lazy\" decoding=\"async\" width=\"1024\" height=\"596\" data-id=\"1717\" src=\"https:\/\/heike-neumann.de\/wp-content\/uploads\/2023\/11\/Scan_20211204-2-1-1024x596.jpg\" alt=\"\" class=\"wp-image-1717\" srcset=\"https:\/\/heike-neumann.de\/wp-content\/uploads\/2023\/11\/Scan_20211204-2-1-1024x596.jpg 1024w, https:\/\/heike-neumann.de\/wp-content\/uploads\/2023\/11\/Scan_20211204-2-1-300x174.jpg 300w, https:\/\/heike-neumann.de\/wp-content\/uploads\/2023\/11\/Scan_20211204-2-1-768x447.jpg 768w, https:\/\/heike-neumann.de\/wp-content\/uploads\/2023\/11\/Scan_20211204-2-1.jpg 1140w\" sizes=\"auto, (max-width: 1024px) 100vw, 1024px\" \/><\/figure>\n<\/figure>\n","protected":false},"excerpt":{"rendered":"<p>Kindershirts und Pullis, Brotdosen, Tassen, aber auch Kleidung f\u00fcr Erwachsene und vieles mehr k\u00f6nnt ihr mit einem Klick HIER durchst\u00f6bern und kaufen! Es gibt (bisher) Produkte mit diesen 5 Designs:<\/p>\n","protected":false},"author":1,"featured_media":0,"parent":0,"menu_order":0,"comment_status":"closed","ping_status":"closed","template":"","meta":{"footnotes":""},"class_list":["post-1696","page","type-page","status-publish","hentry"],"_links":{"self":[{"href":"https:\/\/heike-neumann.de\/index.php\/wp-json\/wp\/v2\/pages\/1696","targetHints":{"allow":["GET"]}}],"collection":[{"href":"https:\/\/heike-neumann.de\/index.php\/wp-json\/wp\/v2\/pages"}],"about":[{"href":"https:\/\/heike-neumann.de\/index.php\/wp-json\/wp\/v2\/types\/page"}],"author":[{"embeddable":true,"href":"https:\/\/heike-neumann.de\/index.php\/wp-json\/wp\/v2\/users\/1"}],"replies":[{"embeddable":true,"href":"https:\/\/heike-neumann.de\/index.php\/wp-json\/wp\/v2\/comments?post=1696"}],"version-history":[{"count":10,"href":"https:\/\/heike-neumann.de\/index.php\/wp-json\/wp\/v2\/pages\/1696\/revisions"}],"predecessor-version":[{"id":1719,"href":"https:\/\/heike-neumann.de\/index.php\/wp-json\/wp\/v2\/pages\/1696\/revisions\/1719"}],"wp:attachment":[{"href":"https:\/\/heike-neumann.de\/index.php\/wp-json\/wp\/v2\/media?parent=1696"}],"curies":[{"name":"wp","href":"https:\/\/api.w.org\/{rel}","templated":true}]}}