{"id":1380,"date":"2023-04-06T10:32:44","date_gmt":"2023-04-06T08:32:44","guid":{"rendered":"https:\/\/heike-neumann.de\/?page_id=1380"},"modified":"2024-08-19T13:49:34","modified_gmt":"2024-08-19T11:49:34","slug":"pfifferlingen-buecher","status":"publish","type":"page","link":"https:\/\/heike-neumann.de\/index.php\/pfifferlingen-buecher\/","title":{"rendered":"Die Welt rund um Pfifferlingen"},"content":{"rendered":"\n<div style=\"height:15px\" aria-hidden=\"true\" class=\"wp-block-spacer\"><\/div>\n\n\n<div class=\"wp-block-image\">\n<figure class=\"alignleft size-large is-resized\"><img loading=\"lazy\" decoding=\"async\" width=\"1024\" height=\"724\" src=\"https:\/\/heike-neumann.de\/wp-content\/uploads\/2023\/11\/Titelloses-549-1-1024x724.jpg\" alt=\"\" class=\"wp-image-1716\" style=\"width:432px;height:auto\" srcset=\"https:\/\/heike-neumann.de\/wp-content\/uploads\/2023\/11\/Titelloses-549-1-1024x724.jpg 1024w, https:\/\/heike-neumann.de\/wp-content\/uploads\/2023\/11\/Titelloses-549-1-300x212.jpg 300w, https:\/\/heike-neumann.de\/wp-content\/uploads\/2023\/11\/Titelloses-549-1-768x543.jpg 768w, https:\/\/heike-neumann.de\/wp-content\/uploads\/2023\/11\/Titelloses-549-1-1536x1086.jpg 1536w, https:\/\/heike-neumann.de\/wp-content\/uploads\/2023\/11\/Titelloses-549-1-1140x806.jpg 1140w, https:\/\/heike-neumann.de\/wp-content\/uploads\/2023\/11\/Titelloses-549-1.jpg 1754w\" sizes=\"auto, (max-width: 1024px) 100vw, 1024px\" \/><\/figure>\n<\/div>\n\n\n<p>Die Geschichten der kleinen Wichtel, Zwerge und Trolle aus dem kleinen Dorfe Pfifferlingen am magischen Wald erfreuen seit 2022 viele Kinder, Eltern und Kindgebliebene jeden Alters.<br>Diese bunte und tolerante Gemeinschaft, in der so viele verschiedene Wesen zusammenleben und gemeinsam feiern, Abenteuer erleben, die Jahreszeiten entdecken und Hindernisse \u00fcberwinden darf ein Zuhause sein f\u00fcr alle, die sich dort heimisch f\u00fchlen m\u00f6chten.<\/p>\n\n\n\n<p>Dort hat eine kunterbunte Gesellschaft aus Wichtel, Zwergen und Trollen ein Zuhause gefunden und erlebt das ganze Jahr \u00fcber kleine und gro\u00dfe Abenteuer.<br>Von Freundschaft \u00fcber Tr\u00f6sten, Wertevermittlung, Vielfalt, Toleranz und Helfen, Problembew\u00e4ltigung und nat\u00fcrlich auch der Spa\u00df und das gemeinsame Feiern sind immer mit dabei.<br>Dabei wird z.B. eine Behinderung nicht problematisiert, sondern das kleine Trollm\u00e4dchen Stinchen ist mit ihrer Beeintr\u00e4chtigung im Autismusspektrum selbstverst\u00e4ndlicher Teil der Gemeinschaft. Auch, dass David und Bruno, die beiden gr\u00f6\u00dften Trolle, zusammen wohnen und Hand in Hand \u00fcber den Dorfplatz spazieren ist eine Selbstverst\u00e4ndlichkeit. So, wie es in unserer Gesellschaft ja auch sein sollte.<\/p>\n\n\n\n<p>Toleranz und Hilfsbereitschaft wird gro\u00dfgeschrieben, gelebte Diversit\u00e4t und Akzeptanz ist eine Selbstverst\u00e4ndlichkeit. Mehr dazu: <a href=\"https:\/\/heike-neumann.de\/index.php\/kinderbuecher\/geschichten-aus-pfifferlingen\/diversitaet-in-pfifferlingen\/\" data-type=\"page\" data-id=\"1254\">Diversit\u00e4t in Pfifferlingen<\/a><\/p>\n\n\n\n<p>Die Wichtel, Zwerge und Trolle und die vielen anderen magischen Wesen laden euch ein, die Abenteuer in und um Pfifferlingen mitzuerleben.<\/p>\n\n\n\n<p>(Durch einen Klick auf die blaue Schrift kommt ihr zu der Buch- oder Themenseite<\/p>\n\n\n\n<p><a href=\"https:\/\/heike-neumann.de\/index.php\/kinderbuecher\/geschichten-aus-pfifferlingen\/\" data-type=\"page\" data-id=\"398\">Geschichten aus Pfifferlingen<\/a><\/p>\n\n\n\n<p><\/p>\n\n\n\n<p><a href=\"https:\/\/heike-neumann.de\/index.php\/kinderbuecher\/fruehling-in-pfifferlingen\/\" data-type=\"page\" data-id=\"1171\">Fr\u00fchling in Pfifferlingen<\/a><\/p>\n\n\n\n<p><\/p>\n\n\n\n<p><a href=\"https:\/\/heike-neumann.de\/index.php\/kinderbuecher\/sommer-in-pfifferlingen\/\" data-type=\"page\" data-id=\"1376\">Sommer in Pfifferlingen<\/a><\/p>\n\n\n\n<p><\/p>\n\n\n\n<p><a href=\"https:\/\/heike-neumann.de\/index.php\/kinderbuecher\/urlaubsgeschichten-aus-pfifferlingen\/\" data-type=\"page\" data-id=\"1378\">Pfifferlingen-Urlaubsgeschichten<\/a><\/p>\n\n\n\n<p><\/p>\n\n\n\n<p><a href=\"https:\/\/heike-neumann.de\/index.php\/pfifferlingen-buecher\/herbst-in-pfifferlingen\/\" data-type=\"page\" data-id=\"1543\">Herbst in Pfifferlingen<\/a><\/p>\n\n\n\n<p><\/p>\n\n\n\n<p><a href=\"https:\/\/heike-neumann.de\/index.php\/pfifferlingen-buecher\/winter-und-weihnachten-in-pfifferlingen\/\" data-type=\"page\" data-id=\"1559\">Winter und Weihnachten in Pfifferlingen<\/a><\/p>\n\n\n\n<p><\/p>\n\n\n\n<p>Edelsteingeschichten aus Pfifferlingen (coming soon)<\/p>\n\n\n\n<p>Feen- und Elfengeschichten aus Pfifferlingen<\/p>\n\n\n\n<p><br>Aber auch abseits der B\u00fccher gibt es viel zu entdecken:<\/p>\n\n\n\n<p><br><a href=\"https:\/\/heike-neumann.de\/index.php\/bonusmaterial\/bonusmaterial-zu-geschichten-aus-pfifferlingen\/\" data-type=\"page\" data-id=\"438\">Bonusmaterial &#8211; Hier geht es zu den Downloads, die mit den B\u00fcchern zu tun haben<\/a><\/p>\n\n\n\n<p><\/p>\n\n\n\n<p><a href=\"https:\/\/heike-neumann.de\/index.php\/wichtelsachen__trashed\/wichtelbuecher-und-co\/\">Zu den B\u00fcchern und zu den vielen Downloads f\u00fcr die Wichtelt\u00fcr geht es hier entlang<\/a><\/p>\n\n\n\n<p><\/p>\n\n\n\n<p><a href=\"https:\/\/heike-neumann.de\/index.php\/alles-fuer-einen-wichtel-kindergeburtstag\/\" data-type=\"page\" data-id=\"1063\">Alles f\u00fcr einen wichteligen Kindergeburtstag gibt es hier<\/a><\/p>\n\n\n\n<p><\/p>\n","protected":false},"excerpt":{"rendered":"<p>Die Geschichten der kleinen Wichtel, Zwerge und Trolle aus dem kleinen Dorfe Pfifferlingen am magischen Wald erfreuen seit 2022 viele Kinder, Eltern und Kindgebliebene jeden Alters.Diese bunte und tolerante Gemeinschaft, in der so viele verschiedene Wesen zusammenleben und gemeinsam feiern, Abenteuer erleben, die Jahreszeiten entdecken und Hindernisse \u00fcberwinden darf ein Zuhause sein f\u00fcr alle, die sich dort heimisch f\u00fchlen m\u00f6chten. Dort hat eine kunterbunte Gesellschaft aus Wichtel, Zwergen und Trollen ein Zuhause gefunden und erlebt das ganze Jahr \u00fcber kleine und gro\u00dfe Abenteuer.Von Freundschaft \u00fcber Tr\u00f6sten, Wertevermittlung, Vielfalt, Toleranz und Helfen, Problembew\u00e4ltigung und nat\u00fcrlich auch der Spa\u00df und das gemeinsame Feiern sind immer mit dabei.Dabei wird z.B. eine Behinderung nicht problematisiert, sondern das kleine Trollm\u00e4dchen Stinchen ist mit ihrer Beeintr\u00e4chtigung im Autismusspektrum selbstverst\u00e4ndlicher Teil der Gemeinschaft. Auch, dass David und Bruno, die beiden gr\u00f6\u00dften Trolle, zusammen wohnen und Hand in Hand \u00fcber den Dorfplatz spazieren ist eine Selbstverst\u00e4ndlichkeit. So, wie es in unserer Gesellschaft ja auch sein sollte. Toleranz und Hilfsbereitschaft wird gro\u00dfgeschrieben, gelebte Diversit\u00e4t und Akzeptanz ist eine Selbstverst\u00e4ndlichkeit. Mehr dazu: Diversit\u00e4t in Pfifferlingen Die Wichtel, Zwerge und Trolle und die vielen anderen magischen Wesen laden euch ein, die Abenteuer in und um Pfifferlingen mitzuerleben. (Durch einen Klick auf die blaue Schrift kommt ihr zu der Buch- oder Themenseite Geschichten aus Pfifferlingen Fr\u00fchling in Pfifferlingen Sommer in Pfifferlingen Pfifferlingen-Urlaubsgeschichten Herbst in Pfifferlingen Winter und Weihnachten in Pfifferlingen Edelsteingeschichten aus Pfifferlingen (coming soon) Feen- und Elfengeschichten aus Pfifferlingen Aber auch abseits der B\u00fccher gibt es viel zu entdecken: Bonusmaterial &#8211; Hier geht es zu den Downloads, die mit den B\u00fcchern zu tun haben Zu den B\u00fcchern und zu den vielen Downloads f\u00fcr die Wichtelt\u00fcr geht es hier entlang Alles f\u00fcr einen wichteligen Kindergeburtstag gibt es hier<\/p>\n","protected":false},"author":1,"featured_media":0,"parent":0,"menu_order":0,"comment_status":"closed","ping_status":"closed","template":"","meta":{"footnotes":""},"class_list":["post-1380","page","type-page","status-publish","hentry"],"_links":{"self":[{"href":"https:\/\/heike-neumann.de\/index.php\/wp-json\/wp\/v2\/pages\/1380","targetHints":{"allow":["GET"]}}],"collection":[{"href":"https:\/\/heike-neumann.de\/index.php\/wp-json\/wp\/v2\/pages"}],"about":[{"href":"https:\/\/heike-neumann.de\/index.php\/wp-json\/wp\/v2\/types\/page"}],"author":[{"embeddable":true,"href":"https:\/\/heike-neumann.de\/index.php\/wp-json\/wp\/v2\/users\/1"}],"replies":[{"embeddable":true,"href":"https:\/\/heike-neumann.de\/index.php\/wp-json\/wp\/v2\/comments?post=1380"}],"version-history":[{"count":10,"href":"https:\/\/heike-neumann.de\/index.php\/wp-json\/wp\/v2\/pages\/1380\/revisions"}],"predecessor-version":[{"id":2055,"href":"https:\/\/heike-neumann.de\/index.php\/wp-json\/wp\/v2\/pages\/1380\/revisions\/2055"}],"wp:attachment":[{"href":"https:\/\/heike-neumann.de\/index.php\/wp-json\/wp\/v2\/media?parent=1380"}],"curies":[{"name":"wp","href":"https:\/\/api.w.org\/{rel}","templated":true}]}}