{"id":1378,"date":"2023-04-06T10:21:01","date_gmt":"2023-04-06T08:21:01","guid":{"rendered":"https:\/\/heike-neumann.de\/?page_id=1378"},"modified":"2024-08-20T09:12:11","modified_gmt":"2024-08-20T07:12:11","slug":"urlaubsgeschichten-aus-pfifferlingen","status":"publish","type":"page","link":"https:\/\/heike-neumann.de\/index.php\/kinderbuecher\/urlaubsgeschichten-aus-pfifferlingen\/","title":{"rendered":"Pfifferlingen-Urlaubsgeschichten"},"content":{"rendered":"\n<div style=\"height:6px\" aria-hidden=\"true\" class=\"wp-block-spacer\"><\/div>\n\n\n\n<div style=\"height:15px\" aria-hidden=\"true\" class=\"wp-block-spacer\"><\/div>\n\n\n\n<p>Pfifferlingen-Urlaubsgeschichten<\/p>\n\n\n\n<p>Endlich geht es los!<br>Viele der Wichtel, Zwerge und Trolle machen sich in der Sommerzeit auf den Weg in den Urlaub. An der Nordsee erleben sie Ebbe und Flut, finden Urlaubssch\u00e4tze und klettern auf Berge. Einige klettern in H\u00f6hlen hinab oder erleben ein Zeltabenteuer im Wald. Sie besuchen Freunde in Kr\u00e4utlingen und schlie\u00dfen neue Freundschaften auf dem Campingplatz. Aber auch ein Zuhause-Tausch mit einer anderen Familie in Pfifferlingen erweist sich als Abenteuer.<br>Viele wunderbare Entdeckungen und Erlebnisse erwarten sie an ihren verschiedenen Urlaubsorten und alle kehren mit wunderbaren Erinnerungen wieder heim.<\/p>\n\n\n\n<p>Dies ist das vierte \u201ePfifferlingen\u201c-Buch und eignet sich hervorragend als Urlaubslekt\u00fcre oder als kleinen Gru\u00df, der der Wichtel aus dem Urlaub schickt.<\/p>\n\n\n\n<p>Hier geht es zu der Leseprobe von &#8222;Urlaubsgeschichten aus Pfifferlingen&#8220;<br><br><a href=\"https:\/\/heike-neumann.de\/index.php\/kurzgeschichten-fuer-kinder\/ein-besonderer-stein\/\" data-type=\"page\" data-id=\"1386\">Ein besonderer Stein<\/a><\/p>\n\n\n\n<figure class=\"wp-block-image size-large is-resized\"><img loading=\"lazy\" decoding=\"async\" width=\"724\" height=\"1024\" src=\"https:\/\/heike-neumann.de\/wp-content\/uploads\/2023\/06\/Titelloses-603-724x1024.jpg\" alt=\"\" class=\"wp-image-1489\" style=\"width:663px;height:938px\" srcset=\"https:\/\/heike-neumann.de\/wp-content\/uploads\/2023\/06\/Titelloses-603-724x1024.jpg 724w, https:\/\/heike-neumann.de\/wp-content\/uploads\/2023\/06\/Titelloses-603-212x300.jpg 212w, https:\/\/heike-neumann.de\/wp-content\/uploads\/2023\/06\/Titelloses-603-768x1086.jpg 768w, https:\/\/heike-neumann.de\/wp-content\/uploads\/2023\/06\/Titelloses-603-1086x1536.jpg 1086w, https:\/\/heike-neumann.de\/wp-content\/uploads\/2023\/06\/Titelloses-603-1140x1613.jpg 1140w, https:\/\/heike-neumann.de\/wp-content\/uploads\/2023\/06\/Titelloses-603.jpg 1240w\" sizes=\"auto, (max-width: 724px) 100vw, 724px\" \/><\/figure>\n\n\n\n<p>36 Seiten, 10 urlaubssch\u00f6ne Geschichten, 10 Bilder<br>Deckblatt von Heike Neumann<br>Wappen von Franziska Rickmann<br>DIN A 5, Hochformat<br>Klebebindung, Softcover<br>Beschichtete Umschlagseiten<\/p>\n\n\n\n<p>Preis 9,90 Euro, <a href=\"https:\/\/www.blaulicht-verlag.de\/online-shop\/urlaubsgeschichten-aus-pfifferlingen\/#cc-m-product-12158545821\" data-type=\"link\" data-id=\"https:\/\/www.blaulicht-verlag.de\/online-shop\/urlaubsgeschichten-aus-pfifferlingen\/#cc-m-product-12158545821\">HIER geht es direkt zur Bestellm\u00f6glichkeit beim Blaulicht-Verlag (versandkostenfrei)<\/a><\/p>\n\n\n\n<p>Beim <a href=\"https:\/\/heike-neumann.de\/index.php\/bonusmaterial\/bonusmaterial-zu-geschichten-aus-pfifferlingen\/\">BONUSMATERIAL<\/a> gibt es jede Menge Wichtelsachen und die Bilder im Buch als Ausmalbilder in gr\u00f6\u00dferem Format. Au\u00dferdem k\u00f6nnt ihr euch dort ein Minibuch von \u201eSommer in Pfifferlingen\u201c f\u00fcr den magischen Bewohner hinter der Wichtelt\u00fcr runterladen und ausdrucken.<\/p>\n\n\n\n<p>Die Gemeinschaft der Wesen in Pfifferlingen ist sehr divers und kunterbunt.&nbsp;<a href=\"https:\/\/heike-neumann.de\/index.php\/kinderbuecher\/geschichten-aus-pfifferlingen\/diversitaet-in-pfifferlingen\/\">Mehr dazu hier<\/a><\/p>\n\n\n\n<p><\/p>\n","protected":false},"excerpt":{"rendered":"<p>Pfifferlingen-Urlaubsgeschichten Endlich geht es los!Viele der Wichtel, Zwerge und Trolle machen sich in der Sommerzeit auf den Weg in den Urlaub. An der Nordsee erleben sie Ebbe und Flut, finden Urlaubssch\u00e4tze und klettern auf Berge. Einige klettern in H\u00f6hlen hinab oder erleben ein Zeltabenteuer im Wald. Sie besuchen Freunde in Kr\u00e4utlingen und schlie\u00dfen neue Freundschaften auf dem Campingplatz. Aber auch ein Zuhause-Tausch mit einer anderen Familie in Pfifferlingen erweist sich als Abenteuer.Viele wunderbare Entdeckungen und Erlebnisse erwarten sie an ihren verschiedenen Urlaubsorten und alle kehren mit wunderbaren Erinnerungen wieder heim. Dies ist das vierte \u201ePfifferlingen\u201c-Buch und eignet sich hervorragend als Urlaubslekt\u00fcre oder als kleinen Gru\u00df, der der Wichtel aus dem Urlaub schickt. Hier geht es zu der Leseprobe von &#8222;Urlaubsgeschichten aus Pfifferlingen&#8220; Ein besonderer Stein 36 Seiten, 10 urlaubssch\u00f6ne Geschichten, 10 BilderDeckblatt von Heike NeumannWappen von Franziska RickmannDIN A 5, HochformatKlebebindung, SoftcoverBeschichtete Umschlagseiten Preis 9,90 Euro, HIER geht es direkt zur Bestellm\u00f6glichkeit beim Blaulicht-Verlag (versandkostenfrei) Beim BONUSMATERIAL gibt es jede Menge Wichtelsachen und die Bilder im Buch als Ausmalbilder in gr\u00f6\u00dferem Format. Au\u00dferdem k\u00f6nnt ihr euch dort ein Minibuch von \u201eSommer in Pfifferlingen\u201c f\u00fcr den magischen Bewohner hinter der Wichtelt\u00fcr runterladen und ausdrucken. Die Gemeinschaft der Wesen in Pfifferlingen ist sehr divers und kunterbunt.&nbsp;Mehr dazu hier<\/p>\n","protected":false},"author":1,"featured_media":0,"parent":23,"menu_order":0,"comment_status":"closed","ping_status":"closed","template":"","meta":{"footnotes":""},"class_list":["post-1378","page","type-page","status-publish","hentry"],"_links":{"self":[{"href":"https:\/\/heike-neumann.de\/index.php\/wp-json\/wp\/v2\/pages\/1378","targetHints":{"allow":["GET"]}}],"collection":[{"href":"https:\/\/heike-neumann.de\/index.php\/wp-json\/wp\/v2\/pages"}],"about":[{"href":"https:\/\/heike-neumann.de\/index.php\/wp-json\/wp\/v2\/types\/page"}],"author":[{"embeddable":true,"href":"https:\/\/heike-neumann.de\/index.php\/wp-json\/wp\/v2\/users\/1"}],"replies":[{"embeddable":true,"href":"https:\/\/heike-neumann.de\/index.php\/wp-json\/wp\/v2\/comments?post=1378"}],"version-history":[{"count":7,"href":"https:\/\/heike-neumann.de\/index.php\/wp-json\/wp\/v2\/pages\/1378\/revisions"}],"predecessor-version":[{"id":2088,"href":"https:\/\/heike-neumann.de\/index.php\/wp-json\/wp\/v2\/pages\/1378\/revisions\/2088"}],"up":[{"embeddable":true,"href":"https:\/\/heike-neumann.de\/index.php\/wp-json\/wp\/v2\/pages\/23"}],"wp:attachment":[{"href":"https:\/\/heike-neumann.de\/index.php\/wp-json\/wp\/v2\/media?parent=1378"}],"curies":[{"name":"wp","href":"https:\/\/api.w.org\/{rel}","templated":true}]}}