{"id":1352,"date":"2023-02-26T20:47:21","date_gmt":"2023-02-26T18:47:21","guid":{"rendered":"https:\/\/heike-neumann.de\/?page_id=1352"},"modified":"2023-02-26T20:48:11","modified_gmt":"2023-02-26T18:48:11","slug":"der-pfau","status":"publish","type":"page","link":"https:\/\/heike-neumann.de\/index.php\/kurzgeschichten-fuer-kinder\/geschichten-mit-christlichem-hintergrund\/der-pfau\/","title":{"rendered":"Der Pfau"},"content":{"rendered":"\n<div style=\"height:12px\" aria-hidden=\"true\" class=\"wp-block-spacer\"><\/div>\n\n\n\n<p>H\u00f6her und h\u00f6her steigt die Sonne \u00fcber den Tierpark. Die Robben und K\u00e4ngurus wachen auf, Die Giraffen und Tiger bekommen ihr Fr\u00fchst\u00fcck und dann werden alle auf ihre Au\u00dfengehege gelassen.<br>Aber es gibt auch Tiere, die zwar kleine H\u00fctten haben, aber sich ansonsten frei auf dem Gel\u00e4nde bewegen k\u00f6nnen. Dazu geh\u00f6ren mehrere H\u00fchner und auch ein Pfau.<\/p>\n\n\n\n<p>Dieser stolziert durch den Tierpark, schl\u00e4gt das Rad, flattert auf niedrige Mauern und stolziert \u00fcber die Wege. Er zeigt sich allem und jedem. Der Pfau ist recht eingebildet und arrogant. Er wei\u00df, dass er ein sch\u00f6nes Federkleid hat und m\u00f6chte das \u00fcberall herumzeigen.<\/p>\n\n\n\n<p>Ein paar H\u00fchner leben und nisten in den B\u00fcschen. Sie helfen einander, leben in Gemeinschaft, legen Eier und bekommen Futter. Sie streiten sich auch manchmal, aber abends schlafen sie nebeneinander auf der Stange ein.<\/p>\n\n\n\n<p>Der Pfau schl\u00e4ft allein, niemand mag l\u00e4nger als n\u00f6tig sein eingebildetes Kr\u00e4chtzen und Gehabe ertragen.<\/p>\n\n\n\n<p>Marie und ihr Bruder Jakob machen heute mit ihren Eltern einen Ausflug in den Tierpark.<\/p>\n\n\n\n<p>Als sie sich an den Elefanten und Lamas sattgesehen haben und ein Picknick auf der Wiese machen wollen, kommen gefiederte G\u00e4ste dazu: Die H\u00fchner und auch der Pfau wollen sehen, ob wohl etwas f\u00fcr sie abf\u00e4llt. Marie ist beeindruckt von dem Pfau. Sie bewundert sein Gefieder und will ihn gerne f\u00fcttern. \u201eJa, ich bin der Sch\u00f6nste!\u201c kr\u00e4chzt der Pfau und stolziert eingebildet hin und her.<\/p>\n\n\n\n<p>Jakob deutet auf die H\u00fchner: \u201eGuck mal! Die machen wohl einen Ausflug mit ihren Freunden! K\u00f6nnte sein, dass sie mehr Spa\u00df haben als der Pfau. Der ist zwar sch\u00f6n, aber auch ziemlich allein.\u201c<\/p>\n\n\n\n<p>\u201eJa,\u201c nickte seine Mutter. \u201eDas, was wirklich wichtig ist, sieht man h\u00e4ufig nicht von au\u00dfen mit den Augen. Da gibt es sogar einen Spruch in der Bibel: \u201eEin Mensch sieht, was vor Augen ist; der HERR aber sieht das Herz an.(1.Samuel 16,7)\u201c<\/p>\n","protected":false},"excerpt":{"rendered":"<p>H\u00f6her und h\u00f6her steigt die Sonne \u00fcber den Tierpark. Die Robben und K\u00e4ngurus wachen auf, Die Giraffen und Tiger bekommen ihr Fr\u00fchst\u00fcck und dann werden alle auf ihre Au\u00dfengehege gelassen.Aber es gibt auch Tiere, die zwar kleine H\u00fctten haben, aber sich ansonsten frei auf dem Gel\u00e4nde bewegen k\u00f6nnen. Dazu geh\u00f6ren mehrere H\u00fchner und auch ein Pfau. Dieser stolziert durch den Tierpark, schl\u00e4gt das Rad, flattert auf niedrige Mauern und stolziert \u00fcber die Wege. Er zeigt sich allem und jedem. Der Pfau ist recht eingebildet und arrogant. Er wei\u00df, dass er ein sch\u00f6nes Federkleid hat und m\u00f6chte das \u00fcberall herumzeigen. Ein paar H\u00fchner leben und nisten in den B\u00fcschen. Sie helfen einander, leben in Gemeinschaft, legen Eier und bekommen Futter. Sie streiten sich auch manchmal, aber abends schlafen sie nebeneinander auf der Stange ein. Der Pfau schl\u00e4ft allein, niemand mag l\u00e4nger als n\u00f6tig sein eingebildetes Kr\u00e4chtzen und Gehabe ertragen. Marie und ihr Bruder Jakob machen heute mit ihren Eltern einen Ausflug in den Tierpark. Als sie sich an den Elefanten und Lamas sattgesehen haben und ein Picknick auf der Wiese machen wollen, kommen gefiederte G\u00e4ste dazu: Die H\u00fchner und auch der Pfau wollen sehen, ob wohl etwas f\u00fcr sie abf\u00e4llt. Marie ist beeindruckt von dem Pfau. Sie bewundert sein Gefieder und will ihn gerne f\u00fcttern. \u201eJa, ich bin der Sch\u00f6nste!\u201c kr\u00e4chzt der Pfau und stolziert eingebildet hin und her. Jakob deutet auf die H\u00fchner: \u201eGuck mal! Die machen wohl einen Ausflug mit ihren Freunden! K\u00f6nnte sein, dass sie mehr Spa\u00df haben als der Pfau. Der ist zwar sch\u00f6n, aber auch ziemlich allein.\u201c \u201eJa,\u201c nickte seine Mutter. \u201eDas, was wirklich wichtig ist, sieht man h\u00e4ufig nicht von au\u00dfen mit den Augen. Da gibt es sogar einen Spruch in der Bibel: \u201eEin Mensch sieht, was vor Augen ist; der HERR aber sieht das Herz an.(1.Samuel 16,7)\u201c<\/p>\n","protected":false},"author":1,"featured_media":0,"parent":1349,"menu_order":0,"comment_status":"closed","ping_status":"closed","template":"","meta":{"footnotes":""},"class_list":["post-1352","page","type-page","status-publish","hentry"],"_links":{"self":[{"href":"https:\/\/heike-neumann.de\/index.php\/wp-json\/wp\/v2\/pages\/1352","targetHints":{"allow":["GET"]}}],"collection":[{"href":"https:\/\/heike-neumann.de\/index.php\/wp-json\/wp\/v2\/pages"}],"about":[{"href":"https:\/\/heike-neumann.de\/index.php\/wp-json\/wp\/v2\/types\/page"}],"author":[{"embeddable":true,"href":"https:\/\/heike-neumann.de\/index.php\/wp-json\/wp\/v2\/users\/1"}],"replies":[{"embeddable":true,"href":"https:\/\/heike-neumann.de\/index.php\/wp-json\/wp\/v2\/comments?post=1352"}],"version-history":[{"count":1,"href":"https:\/\/heike-neumann.de\/index.php\/wp-json\/wp\/v2\/pages\/1352\/revisions"}],"predecessor-version":[{"id":1354,"href":"https:\/\/heike-neumann.de\/index.php\/wp-json\/wp\/v2\/pages\/1352\/revisions\/1354"}],"up":[{"embeddable":true,"href":"https:\/\/heike-neumann.de\/index.php\/wp-json\/wp\/v2\/pages\/1349"}],"wp:attachment":[{"href":"https:\/\/heike-neumann.de\/index.php\/wp-json\/wp\/v2\/media?parent=1352"}],"curies":[{"name":"wp","href":"https:\/\/api.w.org\/{rel}","templated":true}]}}