{"id":1318,"date":"2023-02-11T08:55:58","date_gmt":"2023-02-11T06:55:58","guid":{"rendered":"https:\/\/heike-neumann.de\/?page_id=1318"},"modified":"2023-02-11T18:11:05","modified_gmt":"2023-02-11T16:11:05","slug":"als-noah-eine-ausnahme-machte","status":"publish","type":"page","link":"https:\/\/heike-neumann.de\/index.php\/kurzgeschichten-fuer-kinder\/als-noah-eine-ausnahme-machte\/","title":{"rendered":"Als Noah eine Ausnahme machte"},"content":{"rendered":"\n<div style=\"height:7px\" aria-hidden=\"true\" class=\"wp-block-spacer\"><\/div>\n\n\n\n<p>Als Noah eine Ausnahme machte<\/p>\n\n\n\n<p>\u00dcber die ganze Welt und von Land zu Land ging Noahs Ruf: Von jeder Tierart sollen je zwei Tiere auf die Arche kommen und von der Sintflut verschont werden: Ein M\u00e4nnchen und ein Weibchen.<\/p>\n\n\n\n<p>Aus den W\u00e4ldern traten Rehe, Wildschweine, Kaninchen, Luchse, Dache, Eichh\u00f6rnchen und M\u00e4use \u2013 von jeder Art ein Paar. Aus der Steppe machten sich L\u00f6wen, Tigen, Gazellen, Antilopen, Wasserb\u00fcffel und Elefanten auf den Weg \u2013 von jeder Art ein Paar.<br>Aus den Wiesen und aus den Schlupfwinkeln folgten Flederm\u00e4use, Spatzen, Heuschrecken und Libellen dem Ruf \u2013 von jeder Art ein Paar.<\/p>\n\n\n\n<p>Noah stand vor seiner Arche, sein Haar stand ihm kreuz und quer vom Kopf und er versuchte, sich Geh\u00f6r zu verschaffen.<br>\u201eWasserschweine? Wo seid ihr? Ah, alles klar, gleich vorne rechts bitte!<br>Sumpfohreulen? Prima, flattert bitte bis ganz nach oben.<br>Kreuzottern? Auch da? Dann rein mit euch!\u201c<br>Ein Tierpaar nach dem anderen ging an Noah vorbei in die Arche und suchte sich seinen Platz. Noah hakte sie auf seiner langen, sehr langen Liste ab, die sich um seine F\u00fc\u00dfe ringelte.<br>Langsam wurde seine Stimme auch etwas heiser und die netten Pandab\u00e4ren gaben ihm etwas von ihrem Eukalyptus ab, damit er darauf herumkauen konnte \u2013 es schmeckte scheu\u00dflich!<br>Dem armen Mann standen die Schwei\u00dfperlen auf der Stirn und es kamen immer mehr und mehr Tiere! Zwischen seinen F\u00fc\u00dfen wuselten die K\u00e4fer und selbst auf seinem Kopf und seinen Schultern hatten es sich zwei Eichh\u00f6rnchen und zwei Turteltauben gem\u00fctlich gemacht.<br>Es wimmelte nur so von Fell, Ohren, H\u00f6rnern, Feder, Krallen, Schn\u00e4beln und Schw\u00e4nzen! Die Luft war erf\u00fcllt vom Geschrei und Geschnatter, von Rufen und Wiehern, von Klappern und Piepsen.<br>Noah atmete erneut ein.<\/p>\n\n\n\n<p>\u201eIslandpferde? Wo seid ihr denn? Geht mal zur Seite, ihr Elefanten!<br>Ah, ja, sehr gut, rein mit euch und dann links halten.<\/p>\n\n\n\n<p>Brachiosaurier? Ach nee, die Liste ist wohl etwas veraltet, \u00e4hm, kommen wir zum n\u00e4chsten.<\/p>\n\n\n\n<p>Was? Kakalaken sollen auch mit? Oje!\u201c<\/p>\n\n\n\n<p>Noah raufte sich die Haare! Das hatte sich Gott wohl sch\u00f6n einfach vorgestellt\u2026.<br>\u201eSem, Ham, Jafet! Kommt mal her und helft mir! K\u00f6nnt ihr dieses ganze Gewusel hier mal etwas sortieren?\u201c<\/p>\n\n\n\n<p>Am Rande des Tiergewusels hielten sich zwei Rosenseeschwalben Fl\u00fcgel in Fl\u00fcgel, einer weitere trippelte daneben auf und ab. \u201eRosie! Wenke! Das geht doch so nicht! Nun seid doch dieses eine Mal wenigstens vern\u00fcnfig!\u201c \u201eNein, Nein und nochmal Nein! Wir bleiben zusammen! Das muss dieser Mann da mit der langen Liste und den Hasenm\u00e4usen im Bart einsehen! Wir \u00b4geh\u00f6ren zusammen und wir bleiben zusammen!\u201c<br>\u201eAber ihr k\u00f6nnt euch doch nicht gegen Gottes Wort stellen! Er hat doch klipp und klar die Ansage gemacht, dass von jeder Tierart ein Weibchen und ein M\u00e4nnchen auf die Arche kommen sollen. Arterhaltung und so! Ich bin hier das M\u00e4nnchen und zur Fortpflanzung f\u00e4hig! Und was macht ihr?\u201c \u201eDu wei\u00dft genau, dass wir unser Leben lang immer nur mit Rosenseeschwalbenweibchen zusammenleben und nur mal kurz, wenn es um den Nachwuchs geht, besuchen wir euch und dazu brauchen wir euch M\u00e4nnchen. Aber ansonsten \u2013 Nein! Rosie und ich geh\u00f6ren zusammen! Zwitscherte Wenke nun inzwischen echt sauer. Rosie nickte bekr\u00e4ftigend.<br>Das Rosenseeschwalbenm\u00e4nnchen Artur trat ein paar Schritte zur\u00fcck. \u201eDann kl\u00e4rt das mit dem gestressten Typen dahinten!\u201c Rosie und Wenke liefen los. Inzwischen hatte sich das Gewusel etwas gelegt, aber neue Probleme waren dazugekommen. Die Holzw\u00fcrmer wollten auch mit! Auf ein Holzschiff, wochenlang! Noah wusste nicht mehr weiter.<br>Die beiden Rosenseeschwalben traten nun vor ihn hin. Noah sah gar nicht mehr richtig hin, hakte sie auf der Liste ab und winkte sie Richtung Schiff. Doch nein, da stockte er. \u201eMoment! Ihr seid zwar zwei, aber hier stimmt was nicht!\u201c Rosie und Wenke zogen die Schwalbenk\u00f6pfe ein. Da kam auch Artur mit dazu. \u201eDas hab ich euch M\u00e4dels doch gleich gesagt! Seid doch wenigstens dieses eine Mal vern\u00fcnftig!\u201c Noah sah nun die drei an: \u201eGottes Wort ist eindeutig: Zwei von jeder Art, je ein M\u00e4nnchen und ein Weibchen.\u201c \u201eEben!\u201c Artur plusterte sich auf. \u201eIch geh schonmal vor, ihr kl\u00e4rt das hier bittesch\u00f6n!\u201c<br>\u201eEntweder beide oder keine!\u201c piepste Rosie und Wenke f\u00fcgte hinzu: \u201eEntweder beide und bums, Rosenseeschwalben gibt es nicht mehr!\u201c<br>Noah seufzte. \u201eIch hab es geahnt, dieses Thema musste ja irgendwann mal kommen.\u201c Er blickte die beiden an, zuerst streng, dann verzweifelt, dann liebevoll. \u201eIhr habt euch echt lieb, oder?\u201c Wenke und Rosie nickten eifrig und klammerten sich noch fester aneinander.<br>\u201eDann, in Gottes Namen, kommt halt beide mit. Aber!\u201c nun wurde seine Stimme wieder deutlicher und lauter: Ihr m\u00fcsst dann hier f\u00fcr diese Holzw\u00fcrmer die Babysitter spielen! Dass die mir nicht unsrere sch\u00f6ne Arche versenken!\u201c<br>Tr\u00e4nen der Erleichterung rollten von den Wangen der beiden Roseseeschwalbenfrauen und Arm in Arm gingen sie auf die Arche zu.<br>Noah sah ihnen nach und murmelte \u201eGott will, dass alle gl\u00fccklich sind und in Liebe zusammenleben, Menschen und auch Tiere.<\/p>\n\n\n\n<p>Und am Ende dieser Geschichte, als alle wieder trockenen Boden unter den F\u00fc\u00dfen hatten, was stand da bunt und leuchtend am Himmel? Ein Regenbogen!<\/p>\n\n\n\n<div style=\"height:32px\" aria-hidden=\"true\" class=\"wp-block-spacer\"><\/div>\n\n\n\n<p>Heike Neumann 2\/2023<\/p>\n","protected":false},"excerpt":{"rendered":"<p>Als Noah eine Ausnahme machte \u00dcber die ganze Welt und von Land zu Land ging Noahs Ruf: Von jeder Tierart sollen je zwei Tiere auf die Arche kommen und von der Sintflut verschont werden: Ein M\u00e4nnchen und ein Weibchen. Aus den W\u00e4ldern traten Rehe, Wildschweine, Kaninchen, Luchse, Dache, Eichh\u00f6rnchen und M\u00e4use \u2013 von jeder Art ein Paar. Aus der Steppe machten sich L\u00f6wen, Tigen, Gazellen, Antilopen, Wasserb\u00fcffel und Elefanten auf den Weg \u2013 von jeder Art ein Paar.Aus den Wiesen und aus den Schlupfwinkeln folgten Flederm\u00e4use, Spatzen, Heuschrecken und Libellen dem Ruf \u2013 von jeder Art ein Paar. Noah stand vor seiner Arche, sein Haar stand ihm kreuz und quer vom Kopf und er versuchte, sich Geh\u00f6r zu verschaffen.\u201eWasserschweine? Wo seid ihr? Ah, alles klar, gleich vorne rechts bitte!Sumpfohreulen? Prima, flattert bitte bis ganz nach oben.Kreuzottern? Auch da? Dann rein mit euch!\u201cEin Tierpaar nach dem anderen ging an Noah vorbei in die Arche und suchte sich seinen Platz. Noah hakte sie auf seiner langen, sehr langen Liste ab, die sich um seine F\u00fc\u00dfe ringelte.Langsam wurde seine Stimme auch etwas heiser und die netten Pandab\u00e4ren gaben ihm etwas von ihrem Eukalyptus ab, damit er darauf herumkauen konnte \u2013 es schmeckte scheu\u00dflich!Dem armen Mann standen die Schwei\u00dfperlen auf der Stirn und es kamen immer mehr und mehr Tiere! Zwischen seinen F\u00fc\u00dfen wuselten die K\u00e4fer und selbst auf seinem Kopf und seinen Schultern hatten es sich zwei Eichh\u00f6rnchen und zwei Turteltauben gem\u00fctlich gemacht.Es wimmelte nur so von Fell, Ohren, H\u00f6rnern, Feder, Krallen, Schn\u00e4beln und Schw\u00e4nzen! Die Luft war erf\u00fcllt vom Geschrei und Geschnatter, von Rufen und Wiehern, von Klappern und Piepsen.Noah atmete erneut ein. \u201eIslandpferde? Wo seid ihr denn? Geht mal zur Seite, ihr Elefanten!Ah, ja, sehr gut, rein mit euch und dann links halten. Brachiosaurier? Ach nee, die Liste ist wohl etwas veraltet, \u00e4hm, kommen wir zum n\u00e4chsten. Was? Kakalaken sollen auch mit? Oje!\u201c Noah raufte sich die Haare! Das hatte sich Gott wohl sch\u00f6n einfach vorgestellt\u2026.\u201eSem, Ham, Jafet! Kommt mal her und helft mir! K\u00f6nnt ihr dieses ganze Gewusel hier mal etwas sortieren?\u201c Am Rande des Tiergewusels hielten sich zwei Rosenseeschwalben Fl\u00fcgel in Fl\u00fcgel, einer weitere trippelte daneben auf und ab. \u201eRosie! Wenke! Das geht doch so nicht! Nun seid doch dieses eine Mal wenigstens vern\u00fcnfig!\u201c \u201eNein, Nein und nochmal Nein! Wir bleiben zusammen! Das muss dieser Mann da mit der langen Liste und den Hasenm\u00e4usen im Bart einsehen! Wir \u00b4geh\u00f6ren zusammen und wir bleiben zusammen!\u201c\u201eAber ihr k\u00f6nnt euch doch nicht gegen Gottes Wort stellen! Er hat doch klipp und klar die Ansage gemacht, dass von jeder Tierart ein Weibchen und ein M\u00e4nnchen auf die Arche kommen sollen. Arterhaltung und so! Ich bin hier das M\u00e4nnchen und zur Fortpflanzung f\u00e4hig! Und was macht ihr?\u201c \u201eDu wei\u00dft genau, dass wir unser Leben lang immer nur mit Rosenseeschwalbenweibchen zusammenleben und nur mal kurz, wenn es um den Nachwuchs geht, besuchen wir euch und dazu brauchen wir euch M\u00e4nnchen. Aber ansonsten \u2013 Nein! Rosie und ich geh\u00f6ren zusammen! Zwitscherte Wenke nun inzwischen echt sauer. Rosie nickte bekr\u00e4ftigend.Das Rosenseeschwalbenm\u00e4nnchen Artur trat ein paar Schritte zur\u00fcck. \u201eDann kl\u00e4rt das mit dem gestressten Typen dahinten!\u201c Rosie und Wenke liefen los. Inzwischen hatte sich das Gewusel etwas gelegt, aber neue Probleme waren dazugekommen. Die Holzw\u00fcrmer wollten auch mit! Auf ein Holzschiff, wochenlang! Noah wusste nicht mehr weiter.Die beiden Rosenseeschwalben traten nun vor ihn hin. Noah sah gar nicht mehr richtig hin, hakte sie auf der Liste ab und winkte sie Richtung Schiff. Doch nein, da stockte er. \u201eMoment! Ihr seid zwar zwei, aber hier stimmt was nicht!\u201c Rosie und Wenke zogen die Schwalbenk\u00f6pfe ein. Da kam auch Artur mit dazu. \u201eDas hab ich euch M\u00e4dels doch gleich gesagt! Seid doch wenigstens dieses eine Mal vern\u00fcnftig!\u201c Noah sah nun die drei an: \u201eGottes Wort ist eindeutig: Zwei von jeder Art, je ein M\u00e4nnchen und ein Weibchen.\u201c \u201eEben!\u201c Artur plusterte sich auf. \u201eIch geh schonmal vor, ihr kl\u00e4rt das hier bittesch\u00f6n!\u201c\u201eEntweder beide oder keine!\u201c piepste Rosie und Wenke f\u00fcgte hinzu: \u201eEntweder beide und bums, Rosenseeschwalben gibt es nicht mehr!\u201cNoah seufzte. \u201eIch hab es geahnt, dieses Thema musste ja irgendwann mal kommen.\u201c Er blickte die beiden an, zuerst streng, dann verzweifelt, dann liebevoll. \u201eIhr habt euch echt lieb, oder?\u201c Wenke und Rosie nickten eifrig und klammerten sich noch fester aneinander.\u201eDann, in Gottes Namen, kommt halt beide mit. Aber!\u201c nun wurde seine Stimme wieder deutlicher und lauter: Ihr m\u00fcsst dann hier f\u00fcr diese Holzw\u00fcrmer die Babysitter spielen! Dass die mir nicht unsrere sch\u00f6ne Arche versenken!\u201cTr\u00e4nen der Erleichterung rollten von den Wangen der beiden Roseseeschwalbenfrauen und Arm in Arm gingen sie auf die Arche zu.Noah sah ihnen nach und murmelte \u201eGott will, dass alle gl\u00fccklich sind und in Liebe zusammenleben, Menschen und auch Tiere. Und am Ende dieser Geschichte, als alle wieder trockenen Boden unter den F\u00fc\u00dfen hatten, was stand da bunt und leuchtend am Himmel? Ein Regenbogen! Heike Neumann 2\/2023<\/p>\n","protected":false},"author":1,"featured_media":0,"parent":25,"menu_order":0,"comment_status":"closed","ping_status":"closed","template":"","meta":{"footnotes":""},"class_list":["post-1318","page","type-page","status-publish","hentry"],"_links":{"self":[{"href":"https:\/\/heike-neumann.de\/index.php\/wp-json\/wp\/v2\/pages\/1318","targetHints":{"allow":["GET"]}}],"collection":[{"href":"https:\/\/heike-neumann.de\/index.php\/wp-json\/wp\/v2\/pages"}],"about":[{"href":"https:\/\/heike-neumann.de\/index.php\/wp-json\/wp\/v2\/types\/page"}],"author":[{"embeddable":true,"href":"https:\/\/heike-neumann.de\/index.php\/wp-json\/wp\/v2\/users\/1"}],"replies":[{"embeddable":true,"href":"https:\/\/heike-neumann.de\/index.php\/wp-json\/wp\/v2\/comments?post=1318"}],"version-history":[{"count":2,"href":"https:\/\/heike-neumann.de\/index.php\/wp-json\/wp\/v2\/pages\/1318\/revisions"}],"predecessor-version":[{"id":1325,"href":"https:\/\/heike-neumann.de\/index.php\/wp-json\/wp\/v2\/pages\/1318\/revisions\/1325"}],"up":[{"embeddable":true,"href":"https:\/\/heike-neumann.de\/index.php\/wp-json\/wp\/v2\/pages\/25"}],"wp:attachment":[{"href":"https:\/\/heike-neumann.de\/index.php\/wp-json\/wp\/v2\/media?parent=1318"}],"curies":[{"name":"wp","href":"https:\/\/api.w.org\/{rel}","templated":true}]}}