{"id":130,"date":"2022-07-17T18:33:54","date_gmt":"2022-07-17T16:33:54","guid":{"rendered":"https:\/\/heike-neumann.de\/?page_id=130"},"modified":"2022-08-31T14:23:03","modified_gmt":"2022-08-31T12:23:03","slug":"willkommen-in-pfifferlingen","status":"publish","type":"page","link":"https:\/\/heike-neumann.de\/index.php\/kinderbuecher\/willkommen-im-wichtelland\/willkommen-in-pfifferlingen\/","title":{"rendered":"Willkommen in Pfifferlingen"},"content":{"rendered":"\n<div style=\"height:13px\" aria-hidden=\"true\" class=\"wp-block-spacer\"><\/div>\n\n\n\n<p>Das Wichtelpaar Sina und Manne zogen schwer an ihrem Handkarren, den sie \u00fcber den schmalen Feldweg bis nach Pfifferlingen bringen mussten. Sie wechselten sich ab und wenn es bergauf ging, dann zogen sie gemeinsam.<\/p>\n\n\n\n<p>Sie waren neu im Lande Zepedorien und freuten sich nun auf ihr neues Zuhause in einem der sch\u00f6nen fr\u00f6hlichen bunten Pilze im Ort Pfifferlingen.<\/p>\n\n\n\n<p>Endlich sahen sie auf der linken Seite weit vorne die bunten Pilzd\u00e4cher, die in der Sonne leuchteten.<\/p>\n\n\n\n<p>Sina und Manne blieben kurz stehen und mussten ein wenig verschnaufen.<\/p>\n\n\n\n<p>\u201eAch, ich freue mich, wenn wir endlich da sind!\u201c sagte Sina und Manne nickte. \u201eJa, ich bin auch sehr gespannt auf unser neues Zuhause.\u201c<\/p>\n\n\n\n<p>Als sie n\u00e4herkamen, h\u00f6rten sie schon fr\u00f6hliches Gel\u00e4chter und Gesang. Am Waldrand neben Pfifferlingen sahen sie ein paar kleine Gnome tanzen.<\/p>\n\n\n\n<p>N\u00e4her und n\u00e4her kamen sie und endlich waren sie am ersten Pilz, der eine hellblaue Kappe hatte, angekommen. Eine in orange gekleidete Wichtelfrau winkte ihnen entgegen. Sina und Manne winken zur\u00fcck.<\/p>\n\n\n\n<p>\u201eHallo! Ich bin Selma und das ist mein Mann Tomme und unsere Kinder Zille und Robby und nat\u00fcrlich unser kleiner Wuschel\u201c Der kleine Wuschel schien eine Mischung aus Hund, Meerschweinchen und Farbtopf zu sein. In allen Regenbogenfarben lief das kleine Fellkn\u00e4uel zwischen den Beinen herum.<\/p>\n\n\n\n<p>Sina und Manne staunten. In Pfifferlingen gibt es wirklich merkw\u00fcrdige Wesen!<\/p>\n\n\n\n<p>Selma dr\u00fcckte ihnen noch ein gro\u00dfes Glas eingekochtes Apfelmus in die Hand, bevor Sina und Manne mit ihrem Handkarren weiterzogen.<\/p>\n\n\n\n<p>Diese herzliche Begr\u00fc\u00dfung sollte nicht die einzige bleiben. Aus dem roten gro\u00dfen Pilz, in dem anscheinend eine Heinzelm\u00e4nnchenfamilie wohnte, t\u00f6nte fr\u00f6hliches Gel\u00e4chter. Als Paulina, die Mama der Rasselbande, die Neuank\u00f6mmlinge durch das Fenster sah, kam sie mit einem kleinen K\u00f6rbchen voller bunter Eier zum Handkarren. \u201eDie haben unsere Zauberh\u00fchner gelegt\u201c erkl\u00e4rte sie. Auch Paulina und ihre Familie war in orange gekleidet. Die Kinder hatten braune Hosen und nat\u00fcrlich trugen alle spitze H\u00fcte auf den K\u00f6pfen.<\/p>\n\n\n\n<p>\u201eSch\u00f6n, dass ihr da seid!\u201c t\u00f6nte eine tiefe Stimme von einem der freundlichen Gnome vom Waldrand \u201eWir sehen uns sp\u00e4ter wieder\u201c<\/p>\n\n\n\n<p>So zogen Sina und Manne weiter. Von rechts und links kamen die unterschiedlichsten Bewohner aus ihren Pilzh\u00e4usern auf sie zu. \u00dcberall wurden sie sehr freundlich begr\u00fc\u00dft und immerwieder wurde ihnen etwas zugesteckt. Nicht nur das Apfelmus und die bunten Eier der Heinzelm\u00e4nnchen landeten auf dem Handkarren. Auch ein Laib Brot, ein orangenes Kissen, ein klingendes Gl\u00f6ckchen f\u00fcr die Zipfelm\u00fctzenspitze und ein kleiner Sack Kartoffeln &#8211; das alles wurde ihnen als Willkommensgeschenke \u00fcberreicht und der Handkarren wurde schwerer und schwerer. Endlich kamen sie an ihrem neuen Zuhause an.<\/p>\n\n\n\n<p>Am Ende des Dorfes wartete ein leuchtend gelber Pilz auf sie.<\/p>\n\n\n\n<p>Sina musste sich erst einmal auf einen Baumstumpf hinsetzen und Manne lehnte sich an den Handkarren. So ersch\u00f6pft und m\u00fcde waren sie!<\/p>\n\n\n\n<p>Nach einer Verschnaufpause machten sie sich an die Arbeit. Die St\u00fchle wurden ins Haus gebracht, die Kaffeem\u00fchle musste in die K\u00fcche, die Decken f\u00fcr das Bett kamen nat\u00fcrlich ins Schlafzimmer. So liefen beide sehr oft hin und her.<\/p>\n\n\n\n<p>Endlich war alles fertig und ausgepackt und so langsam ging auch der Tag zuende. Die Sonne neigte sich zum Horizont und im Wald nebenan wachten die Eulen auf und hoben verschlafen ihre K\u00f6pfe.<\/p>\n\n\n\n<p>Sina und Manne packten gemeinsam an und zogen den Handkarren hinters Haus. Als sie wieder nach vorne kamen, machten sie erstaunte gro\u00dfe Augen: Alle Nachbarn und Bewohner ihres Dorfes waren gekommen! Sie waren vollbepackt und ihre Gesichter strahlten: Picknickdecken, Teller und Tassen, K\u00f6rbe voller Leckereien, bunte Kissen zum Hinsetzen und vieles andere mehr brachten alle Pfifferlinger mit und alle riefen laut: \u201eHerzlich Willkommen!\u201c.<\/p>\n\n\n\n<p>Alle setzten sich in gro\u00dfer Runde vor das Pilzhaus von Sina und Manne, packten ihre Leckereien aus und luden die beiden Neuen sehr herzlich zu einem Willkommenspicknick mit Lagerfeuer ein.<\/p>\n\n\n\n<p>Die ersten Lieder wurden angestimmt und es klang wunderbar, als alle in das \u201eLailailailai\u201c einstimmten.<\/p>\n\n\n\n<p>Noch lange sa\u00dfen sie in fr\u00f6hlicher Runde beisammen, bis die Gl\u00fchw\u00fcrmchen im Wald und die Sterne am Himmel um die Wette leuchteten.<\/p>\n\n\n\n<p>Noch nie hatten sich Sina und Manne so schnell an einem Ort zuhause gef\u00fchlt. Gl\u00fccklich gingen sie in ihrem neuen Haus schlafen und kuschelten sich in die Decken.<\/p>\n","protected":false},"excerpt":{"rendered":"<p>Das Wichtelpaar Sina und Manne zogen schwer an ihrem Handkarren, den sie \u00fcber den schmalen Feldweg bis nach Pfifferlingen bringen mussten. Sie wechselten sich ab und wenn es bergauf ging, dann zogen sie gemeinsam. Sie waren neu im Lande Zepedorien und freuten sich nun auf ihr neues Zuhause in einem der sch\u00f6nen fr\u00f6hlichen bunten Pilze im Ort Pfifferlingen. Endlich sahen sie auf der linken Seite weit vorne die bunten Pilzd\u00e4cher, die in der Sonne leuchteten. Sina und Manne blieben kurz stehen und mussten ein wenig verschnaufen. \u201eAch, ich freue mich, wenn wir endlich da sind!\u201c sagte Sina und Manne nickte. \u201eJa, ich bin auch sehr gespannt auf unser neues Zuhause.\u201c Als sie n\u00e4herkamen, h\u00f6rten sie schon fr\u00f6hliches Gel\u00e4chter und Gesang. Am Waldrand neben Pfifferlingen sahen sie ein paar kleine Gnome tanzen. N\u00e4her und n\u00e4her kamen sie und endlich waren sie am ersten Pilz, der eine hellblaue Kappe hatte, angekommen. Eine in orange gekleidete Wichtelfrau winkte ihnen entgegen. Sina und Manne winken zur\u00fcck. \u201eHallo! Ich bin Selma und das ist mein Mann Tomme und unsere Kinder Zille und Robby und nat\u00fcrlich unser kleiner Wuschel\u201c Der kleine Wuschel schien eine Mischung aus Hund, Meerschweinchen und Farbtopf zu sein. In allen Regenbogenfarben lief das kleine Fellkn\u00e4uel zwischen den Beinen herum. Sina und Manne staunten. In Pfifferlingen gibt es wirklich merkw\u00fcrdige Wesen! Selma dr\u00fcckte ihnen noch ein gro\u00dfes Glas eingekochtes Apfelmus in die Hand, bevor Sina und Manne mit ihrem Handkarren weiterzogen. Diese herzliche Begr\u00fc\u00dfung sollte nicht die einzige bleiben. Aus dem roten gro\u00dfen Pilz, in dem anscheinend eine Heinzelm\u00e4nnchenfamilie wohnte, t\u00f6nte fr\u00f6hliches Gel\u00e4chter. Als Paulina, die Mama der Rasselbande, die Neuank\u00f6mmlinge durch das Fenster sah, kam sie mit einem kleinen K\u00f6rbchen voller bunter Eier zum Handkarren. \u201eDie haben unsere Zauberh\u00fchner gelegt\u201c erkl\u00e4rte sie. Auch Paulina und ihre Familie war in orange gekleidet. Die Kinder hatten braune Hosen und nat\u00fcrlich trugen alle spitze H\u00fcte auf den K\u00f6pfen. \u201eSch\u00f6n, dass ihr da seid!\u201c t\u00f6nte eine tiefe Stimme von einem der freundlichen Gnome vom Waldrand \u201eWir sehen uns sp\u00e4ter wieder\u201c So zogen Sina und Manne weiter. Von rechts und links kamen die unterschiedlichsten Bewohner aus ihren Pilzh\u00e4usern auf sie zu. \u00dcberall wurden sie sehr freundlich begr\u00fc\u00dft und immerwieder wurde ihnen etwas zugesteckt. Nicht nur das Apfelmus und die bunten Eier der Heinzelm\u00e4nnchen landeten auf dem Handkarren. Auch ein Laib Brot, ein orangenes Kissen, ein klingendes Gl\u00f6ckchen f\u00fcr die Zipfelm\u00fctzenspitze und ein kleiner Sack Kartoffeln &#8211; das alles wurde ihnen als Willkommensgeschenke \u00fcberreicht und der Handkarren wurde schwerer und schwerer. Endlich kamen sie an ihrem neuen Zuhause an. Am Ende des Dorfes wartete ein leuchtend gelber Pilz auf sie. Sina musste sich erst einmal auf einen Baumstumpf hinsetzen und Manne lehnte sich an den Handkarren. So ersch\u00f6pft und m\u00fcde waren sie! Nach einer Verschnaufpause machten sie sich an die Arbeit. Die St\u00fchle wurden ins Haus gebracht, die Kaffeem\u00fchle musste in die K\u00fcche, die Decken f\u00fcr das Bett kamen nat\u00fcrlich ins Schlafzimmer. So liefen beide sehr oft hin und her. Endlich war alles fertig und ausgepackt und so langsam ging auch der Tag zuende. Die Sonne neigte sich zum Horizont und im Wald nebenan wachten die Eulen auf und hoben verschlafen ihre K\u00f6pfe. Sina und Manne packten gemeinsam an und zogen den Handkarren hinters Haus. Als sie wieder nach vorne kamen, machten sie erstaunte gro\u00dfe Augen: Alle Nachbarn und Bewohner ihres Dorfes waren gekommen! Sie waren vollbepackt und ihre Gesichter strahlten: Picknickdecken, Teller und Tassen, K\u00f6rbe voller Leckereien, bunte Kissen zum Hinsetzen und vieles andere mehr brachten alle Pfifferlinger mit und alle riefen laut: \u201eHerzlich Willkommen!\u201c. Alle setzten sich in gro\u00dfer Runde vor das Pilzhaus von Sina und Manne, packten ihre Leckereien aus und luden die beiden Neuen sehr herzlich zu einem Willkommenspicknick mit Lagerfeuer ein. Die ersten Lieder wurden angestimmt und es klang wunderbar, als alle in das \u201eLailailailai\u201c einstimmten. Noch lange sa\u00dfen sie in fr\u00f6hlicher Runde beisammen, bis die Gl\u00fchw\u00fcrmchen im Wald und die Sterne am Himmel um die Wette leuchteten. Noch nie hatten sich Sina und Manne so schnell an einem Ort zuhause gef\u00fchlt. Gl\u00fccklich gingen sie in ihrem neuen Haus schlafen und kuschelten sich in die Decken.<\/p>\n","protected":false},"author":1,"featured_media":0,"parent":66,"menu_order":1,"comment_status":"closed","ping_status":"closed","template":"","meta":{"footnotes":""},"class_list":["post-130","page","type-page","status-publish","hentry"],"_links":{"self":[{"href":"https:\/\/heike-neumann.de\/index.php\/wp-json\/wp\/v2\/pages\/130","targetHints":{"allow":["GET"]}}],"collection":[{"href":"https:\/\/heike-neumann.de\/index.php\/wp-json\/wp\/v2\/pages"}],"about":[{"href":"https:\/\/heike-neumann.de\/index.php\/wp-json\/wp\/v2\/types\/page"}],"author":[{"embeddable":true,"href":"https:\/\/heike-neumann.de\/index.php\/wp-json\/wp\/v2\/users\/1"}],"replies":[{"embeddable":true,"href":"https:\/\/heike-neumann.de\/index.php\/wp-json\/wp\/v2\/comments?post=130"}],"version-history":[{"count":4,"href":"https:\/\/heike-neumann.de\/index.php\/wp-json\/wp\/v2\/pages\/130\/revisions"}],"predecessor-version":[{"id":451,"href":"https:\/\/heike-neumann.de\/index.php\/wp-json\/wp\/v2\/pages\/130\/revisions\/451"}],"up":[{"embeddable":true,"href":"https:\/\/heike-neumann.de\/index.php\/wp-json\/wp\/v2\/pages\/66"}],"wp:attachment":[{"href":"https:\/\/heike-neumann.de\/index.php\/wp-json\/wp\/v2\/media?parent=130"}],"curies":[{"name":"wp","href":"https:\/\/api.w.org\/{rel}","templated":true}]}}