{"id":1254,"date":"2023-01-23T20:31:21","date_gmt":"2023-01-23T18:31:21","guid":{"rendered":"https:\/\/heike-neumann.de\/?page_id=1254"},"modified":"2024-08-20T09:08:44","modified_gmt":"2024-08-20T07:08:44","slug":"diversitaet-in-pfifferlingen","status":"publish","type":"page","link":"https:\/\/heike-neumann.de\/index.php\/kinderbuecher\/geschichten-aus-pfifferlingen\/diversitaet-in-pfifferlingen\/","title":{"rendered":"Diversit\u00e4t in Pfifferlingen"},"content":{"rendered":"\n<div style=\"height:20px\" aria-hidden=\"true\" class=\"wp-block-spacer\"><\/div>\n\n\n\n<p>In dem kleinen Pilzdorf am Rande des magischen Waldes geht es sehr divers zu. Dabei werden die Unterschiede nie problematisiert, sondern laufen einfach so als Selbstverst\u00e4ndlichkeit nebenher. So, wie es ja auch in unserer Gesellschaft w\u00fcnschenswert w\u00e4re.<\/p>\n\n\n\n<div style=\"height:5px\" aria-hidden=\"true\" class=\"wp-block-spacer\"><\/div>\n\n\n\n<p>Hier leben friedlich viele verschiedenen Wesen zusammen, sind \u00fcber s\u00e4mtliche Grenzen hinweg befreundet und der gegenseitige Respekt wird nicht in Frage gestellt: Wichtel, Zwerge und Heinzelm\u00e4nnchen wohnen gerne in den Pilzh\u00fctten, die Trolle und Gnome in H\u00f6hlen oder in Baumst\u00e4mmen und bei den Koboldwesen wei\u00df man das nicht so genau. Im magischen Wald gibt es Bl\u00fctenzauberfeen, Waldelfen, magische, unsichtbare Wesen, seltene Silberf\u00fcchslein und und im Fluss lebt die Flussmuhme Fuhsella<\/p>\n\n\n\n<div style=\"height:5px\" aria-hidden=\"true\" class=\"wp-block-spacer\"><\/div>\n\n\n\n<p>Auch die verschiedensten Familienkonstellationen kan man dort finden: Das Gnomm\u00e4dchen Mirella lebt bei zwei M\u00fcttern, Bruno, der \u00e4lteste Troll, lebt mit seinem Freund David zusammen.<br>Es gibt Paare ohne oder mit Kindern, alleinlebende Erwachsene, alleinerziehende M\u00fctter und Zwergenm\u00e4dchen Mimi wohnt bei ihrem Vater Bikke.<br>Koboldwesen Skadi hat zwar ein m\u00e4nnliches Pronomen, mag aber gerne Kleider anziehen und m\u00f6chte Krokusbl\u00fctenk\u00f6nigin werden.<\/p>\n\n\n\n<div style=\"height:5px\" aria-hidden=\"true\" class=\"wp-block-spacer\"><\/div>\n\n\n\n<p>Die traditionelle Rollenverteilung und -erwartung ist auch aufgehoben. So gibt es den unglaublich hilfsbereiten Zwerg Ove, den sanften und vorsichtigen, aber sehr starken und gro\u00dfen Troll Bastio, aber auch die zupackende Zwergenfrau Murka, die ihren vollbelandenen Handkarren selber zieht und Selma, die gut organisieren und leiten kann.<\/p>\n\n\n\n<div style=\"height:5px\" aria-hidden=\"true\" class=\"wp-block-spacer\"><\/div>\n\n\n\n<p>Trollm\u00e4dchen Stinchen mit ihrer Behinderung im Autismusspektrum ist genauso Teil der Gemeinschaft wie jede und jeder andere.<\/p>\n\n\n\n<div style=\"height:5px\" aria-hidden=\"true\" class=\"wp-block-spacer\"><\/div>\n\n\n\n<p>So bunt und wunderbar ist es im friedlichen Dorf Pfifferlingen und doch wird es nie speziell deutlich gemacht, darauf hingewiesen oder es besonders thematisiert, es ist einfach ein normaler Teil dieser Welt, dass jede und jeder so ist, wie sie und er sein mag und sich wohlf\u00fchlt. So sollte es ja schlie\u00dflich auch sein!<\/p>\n","protected":false},"excerpt":{"rendered":"<p>In dem kleinen Pilzdorf am Rande des magischen Waldes geht es sehr divers zu. Dabei werden die Unterschiede nie problematisiert, sondern laufen einfach so als Selbstverst\u00e4ndlichkeit nebenher. So, wie es ja auch in unserer Gesellschaft w\u00fcnschenswert w\u00e4re. Hier leben friedlich viele verschiedenen Wesen zusammen, sind \u00fcber s\u00e4mtliche Grenzen hinweg befreundet und der gegenseitige Respekt wird nicht in Frage gestellt: Wichtel, Zwerge und Heinzelm\u00e4nnchen wohnen gerne in den Pilzh\u00fctten, die Trolle und Gnome in H\u00f6hlen oder in Baumst\u00e4mmen und bei den Koboldwesen wei\u00df man das nicht so genau. Im magischen Wald gibt es Bl\u00fctenzauberfeen, Waldelfen, magische, unsichtbare Wesen, seltene Silberf\u00fcchslein und und im Fluss lebt die Flussmuhme Fuhsella Auch die verschiedensten Familienkonstellationen kan man dort finden: Das Gnomm\u00e4dchen Mirella lebt bei zwei M\u00fcttern, Bruno, der \u00e4lteste Troll, lebt mit seinem Freund David zusammen.Es gibt Paare ohne oder mit Kindern, alleinlebende Erwachsene, alleinerziehende M\u00fctter und Zwergenm\u00e4dchen Mimi wohnt bei ihrem Vater Bikke.Koboldwesen Skadi hat zwar ein m\u00e4nnliches Pronomen, mag aber gerne Kleider anziehen und m\u00f6chte Krokusbl\u00fctenk\u00f6nigin werden. Die traditionelle Rollenverteilung und -erwartung ist auch aufgehoben. So gibt es den unglaublich hilfsbereiten Zwerg Ove, den sanften und vorsichtigen, aber sehr starken und gro\u00dfen Troll Bastio, aber auch die zupackende Zwergenfrau Murka, die ihren vollbelandenen Handkarren selber zieht und Selma, die gut organisieren und leiten kann. Trollm\u00e4dchen Stinchen mit ihrer Behinderung im Autismusspektrum ist genauso Teil der Gemeinschaft wie jede und jeder andere. So bunt und wunderbar ist es im friedlichen Dorf Pfifferlingen und doch wird es nie speziell deutlich gemacht, darauf hingewiesen oder es besonders thematisiert, es ist einfach ein normaler Teil dieser Welt, dass jede und jeder so ist, wie sie und er sein mag und sich wohlf\u00fchlt. So sollte es ja schlie\u00dflich auch sein!<\/p>\n","protected":false},"author":1,"featured_media":0,"parent":398,"menu_order":0,"comment_status":"closed","ping_status":"closed","template":"","meta":{"footnotes":""},"class_list":["post-1254","page","type-page","status-publish","hentry"],"_links":{"self":[{"href":"https:\/\/heike-neumann.de\/index.php\/wp-json\/wp\/v2\/pages\/1254","targetHints":{"allow":["GET"]}}],"collection":[{"href":"https:\/\/heike-neumann.de\/index.php\/wp-json\/wp\/v2\/pages"}],"about":[{"href":"https:\/\/heike-neumann.de\/index.php\/wp-json\/wp\/v2\/types\/page"}],"author":[{"embeddable":true,"href":"https:\/\/heike-neumann.de\/index.php\/wp-json\/wp\/v2\/users\/1"}],"replies":[{"embeddable":true,"href":"https:\/\/heike-neumann.de\/index.php\/wp-json\/wp\/v2\/comments?post=1254"}],"version-history":[{"count":6,"href":"https:\/\/heike-neumann.de\/index.php\/wp-json\/wp\/v2\/pages\/1254\/revisions"}],"predecessor-version":[{"id":2084,"href":"https:\/\/heike-neumann.de\/index.php\/wp-json\/wp\/v2\/pages\/1254\/revisions\/2084"}],"up":[{"embeddable":true,"href":"https:\/\/heike-neumann.de\/index.php\/wp-json\/wp\/v2\/pages\/398"}],"wp:attachment":[{"href":"https:\/\/heike-neumann.de\/index.php\/wp-json\/wp\/v2\/media?parent=1254"}],"curies":[{"name":"wp","href":"https:\/\/api.w.org\/{rel}","templated":true}]}}