{"id":1171,"date":"2023-01-19T12:42:32","date_gmt":"2023-01-19T10:42:32","guid":{"rendered":"https:\/\/heike-neumann.de\/?page_id=1171"},"modified":"2024-08-20T09:06:53","modified_gmt":"2024-08-20T07:06:53","slug":"fruehling-in-pfifferlingen","status":"publish","type":"page","link":"https:\/\/heike-neumann.de\/index.php\/kinderbuecher\/fruehling-in-pfifferlingen\/","title":{"rendered":"Fr\u00fchling in Pfifferlingen"},"content":{"rendered":"\n<div style=\"height:15px\" aria-hidden=\"true\" class=\"wp-block-spacer\"><\/div>\n\n\n\n<p>In Pfifferlingen ist es wunderbar! <\/p>\n\n\n\n<p>Wichtel, Zwerge und Trolle leben mit Heinzelm\u00e4nnchen und vielen anderen magischen und zauberhaften Wesen in einer bunten und diversen Gemeinschaft friedlich beisammen.<\/p>\n\n\n\n<p>Die Tage werden l\u00e4nger und die Sonne bekommt allm\u00e4hlich wieder mehr Kraft. Die Wichtel und Zwerge, die in der Weihnachtszeit bei den Menschen gelebt haben, kommen zur\u00fcck nach Pfifferlingen und machen erst einmal Fr\u00fchjahrsputz. Es wird Wiedersehen gefeiert, die Krokusbl\u00fctenk\u00f6nigin gew\u00e4hlt, Es geht um Osterglocken und Fr\u00fchlingsgef\u00fchle, eine Fee wird aus einer Bl\u00fcte geboren und auf der Wiese am Fluss findet ein Osterpicknick statt. Als H\u00f6hepunkt wird noch der Tausend-W\u00fcnsche-Baum gepflanzt.<\/p>\n\n\n\n<p>Seid willkommen, diese Geschichten in dem kleinen Dorf Pfifferlingen mitzuerleben und die Wichtel, Zwerge und Trolle kennenzulernen!<\/p>\n\n\n\n<p><\/p>\n\n\n\n<p>44 Seiten, 10 Fr\u00fchlingsgeschichten, 10 Bilder<br>Deckblatt von Heike Neumann<br>Wappen von Franziska Rickmann <br>DIN A 5, Hochformat<br>Klebebindung, Softcover<br>Beschichtete Umschlagseiten<\/p>\n\n\n\n<p>Preis 9,90 Euro,<a href=\"https:\/\/www.blaulicht-verlag.de\/online-shop\/fr%C3%BChling-in-pfifferlingen\/#cc-m-product-12158545321\"> HIER geht es direkt zur Bestellm\u00f6glichkeit beim Blaulicht-Verlag (versandkostenfrei)<\/a><br><\/p>\n\n\n\n<p><a href=\"https:\/\/heike-neumann.de\/index.php\/bonusmaterial\/bonusmaterial-zu-geschichten-aus-pfifferlingen\/\">BONUSMATERIAL:<\/a><br>Ausmalbilder, eine Kresseschale und nat\u00fcrlich das Pilzdorf zum Selberbauen von &#8222;Geschichten aus Pfifferlingen&#8220;. Au\u00dferdem ein Minibuch von &#8222;Fr\u00fchling in Pfifferlingen&#8220; f\u00fcr den magischen Bewohner hinter der Wichtelt\u00fcr.<\/p>\n\n\n\n<p><\/p>\n\n\n\n<p>Die Gemeinschaft der Wesen in Pfifferlingen ist sehr divers und kunterbunt. <a href=\"https:\/\/heike-neumann.de\/index.php\/kinderbuecher\/geschichten-aus-pfifferlingen\/diversitaet-in-pfifferlingen\/\">Mehr dazu hier <\/a><\/p>\n\n\n\n<figure class=\"wp-block-image size-large\"><img loading=\"lazy\" decoding=\"async\" width=\"724\" height=\"1024\" src=\"https:\/\/heike-neumann.de\/wp-content\/uploads\/2023\/01\/Titelloses-464-1-724x1024.jpg\" alt=\"\" class=\"wp-image-1172\" srcset=\"https:\/\/heike-neumann.de\/wp-content\/uploads\/2023\/01\/Titelloses-464-1-724x1024.jpg 724w, https:\/\/heike-neumann.de\/wp-content\/uploads\/2023\/01\/Titelloses-464-1-212x300.jpg 212w, https:\/\/heike-neumann.de\/wp-content\/uploads\/2023\/01\/Titelloses-464-1-768x1086.jpg 768w, https:\/\/heike-neumann.de\/wp-content\/uploads\/2023\/01\/Titelloses-464-1-1086x1536.jpg 1086w, https:\/\/heike-neumann.de\/wp-content\/uploads\/2023\/01\/Titelloses-464-1-1140x1613.jpg 1140w, https:\/\/heike-neumann.de\/wp-content\/uploads\/2023\/01\/Titelloses-464-1.jpg 1240w\" sizes=\"auto, (max-width: 724px) 100vw, 724px\" \/><\/figure>\n\n\n\n<p>Nach \u201eGeschichten aus Pfifferlingen\u201c ist das nun das erste Buch der Autorin einer Jahreszeitenreihe aus dem kleinen Pilzdorf am magischen Wald.<\/p>\n\n\n\n<figure class=\"wp-block-gallery has-nested-images columns-default is-cropped wp-block-gallery-1 is-layout-flex wp-block-gallery-is-layout-flex\">\n<figure class=\"wp-block-image size-large\"><img loading=\"lazy\" decoding=\"async\" width=\"724\" height=\"1024\" data-id=\"1176\" src=\"https:\/\/heike-neumann.de\/wp-content\/uploads\/2023\/01\/Titelloses-459-724x1024.jpg\" alt=\"\" class=\"wp-image-1176\" srcset=\"https:\/\/heike-neumann.de\/wp-content\/uploads\/2023\/01\/Titelloses-459-724x1024.jpg 724w, https:\/\/heike-neumann.de\/wp-content\/uploads\/2023\/01\/Titelloses-459-212x300.jpg 212w, https:\/\/heike-neumann.de\/wp-content\/uploads\/2023\/01\/Titelloses-459-768x1086.jpg 768w, https:\/\/heike-neumann.de\/wp-content\/uploads\/2023\/01\/Titelloses-459-1086x1536.jpg 1086w, https:\/\/heike-neumann.de\/wp-content\/uploads\/2023\/01\/Titelloses-459-1140x1613.jpg 1140w, https:\/\/heike-neumann.de\/wp-content\/uploads\/2023\/01\/Titelloses-459.jpg 1240w\" sizes=\"auto, (max-width: 724px) 100vw, 724px\" \/><\/figure>\n\n\n\n<figure class=\"wp-block-image size-large\"><img loading=\"lazy\" decoding=\"async\" width=\"1024\" height=\"724\" data-id=\"1177\" src=\"https:\/\/heike-neumann.de\/wp-content\/uploads\/2023\/01\/Titelloses-451-1-1024x724.jpg\" alt=\"\" class=\"wp-image-1177\" srcset=\"https:\/\/heike-neumann.de\/wp-content\/uploads\/2023\/01\/Titelloses-451-1-1024x724.jpg 1024w, https:\/\/heike-neumann.de\/wp-content\/uploads\/2023\/01\/Titelloses-451-1-300x212.jpg 300w, https:\/\/heike-neumann.de\/wp-content\/uploads\/2023\/01\/Titelloses-451-1-768x543.jpg 768w, https:\/\/heike-neumann.de\/wp-content\/uploads\/2023\/01\/Titelloses-451-1-1536x1086.jpg 1536w, https:\/\/heike-neumann.de\/wp-content\/uploads\/2023\/01\/Titelloses-451-1-1140x806.jpg 1140w, https:\/\/heike-neumann.de\/wp-content\/uploads\/2023\/01\/Titelloses-451-1.jpg 1754w\" sizes=\"auto, (max-width: 1024px) 100vw, 1024px\" \/><\/figure>\n\n\n\n<figure class=\"wp-block-image size-large\"><img loading=\"lazy\" decoding=\"async\" width=\"724\" height=\"1024\" data-id=\"1175\" src=\"https:\/\/heike-neumann.de\/wp-content\/uploads\/2023\/01\/Titelloses-458-1-1-724x1024.jpg\" alt=\"\" class=\"wp-image-1175\" srcset=\"https:\/\/heike-neumann.de\/wp-content\/uploads\/2023\/01\/Titelloses-458-1-1-724x1024.jpg 724w, https:\/\/heike-neumann.de\/wp-content\/uploads\/2023\/01\/Titelloses-458-1-1-212x300.jpg 212w, https:\/\/heike-neumann.de\/wp-content\/uploads\/2023\/01\/Titelloses-458-1-1-768x1086.jpg 768w, https:\/\/heike-neumann.de\/wp-content\/uploads\/2023\/01\/Titelloses-458-1-1-1086x1536.jpg 1086w, https:\/\/heike-neumann.de\/wp-content\/uploads\/2023\/01\/Titelloses-458-1-1-1140x1613.jpg 1140w, https:\/\/heike-neumann.de\/wp-content\/uploads\/2023\/01\/Titelloses-458-1-1.jpg 1240w\" sizes=\"auto, (max-width: 724px) 100vw, 724px\" \/><\/figure>\n\n\n\n<figure class=\"wp-block-image size-large\"><img loading=\"lazy\" decoding=\"async\" width=\"724\" height=\"1024\" data-id=\"1178\" src=\"https:\/\/heike-neumann.de\/wp-content\/uploads\/2023\/01\/Titelloses-451-2-724x1024.jpg\" alt=\"\" class=\"wp-image-1178\" srcset=\"https:\/\/heike-neumann.de\/wp-content\/uploads\/2023\/01\/Titelloses-451-2-724x1024.jpg 724w, https:\/\/heike-neumann.de\/wp-content\/uploads\/2023\/01\/Titelloses-451-2-212x300.jpg 212w, https:\/\/heike-neumann.de\/wp-content\/uploads\/2023\/01\/Titelloses-451-2-768x1086.jpg 768w, https:\/\/heike-neumann.de\/wp-content\/uploads\/2023\/01\/Titelloses-451-2-1086x1536.jpg 1086w, https:\/\/heike-neumann.de\/wp-content\/uploads\/2023\/01\/Titelloses-451-2-1140x1613.jpg 1140w, https:\/\/heike-neumann.de\/wp-content\/uploads\/2023\/01\/Titelloses-451-2.jpg 1240w\" sizes=\"auto, (max-width: 724px) 100vw, 724px\" \/><\/figure>\n\n\n\n<figure class=\"wp-block-image size-large\"><img loading=\"lazy\" decoding=\"async\" width=\"724\" height=\"1024\" data-id=\"1179\" src=\"https:\/\/heike-neumann.de\/wp-content\/uploads\/2023\/01\/Titelloses-467-724x1024.jpg\" alt=\"\" class=\"wp-image-1179\" srcset=\"https:\/\/heike-neumann.de\/wp-content\/uploads\/2023\/01\/Titelloses-467-724x1024.jpg 724w, https:\/\/heike-neumann.de\/wp-content\/uploads\/2023\/01\/Titelloses-467-212x300.jpg 212w, https:\/\/heike-neumann.de\/wp-content\/uploads\/2023\/01\/Titelloses-467-768x1086.jpg 768w, https:\/\/heike-neumann.de\/wp-content\/uploads\/2023\/01\/Titelloses-467-1086x1536.jpg 1086w, https:\/\/heike-neumann.de\/wp-content\/uploads\/2023\/01\/Titelloses-467-1140x1613.jpg 1140w, https:\/\/heike-neumann.de\/wp-content\/uploads\/2023\/01\/Titelloses-467.jpg 1240w\" sizes=\"auto, (max-width: 724px) 100vw, 724px\" \/><\/figure>\n\n\n\n<figure class=\"wp-block-image size-large\"><img loading=\"lazy\" decoding=\"async\" width=\"724\" height=\"1024\" data-id=\"1174\" src=\"https:\/\/heike-neumann.de\/wp-content\/uploads\/2023\/01\/Titelloses-469-724x1024.jpg\" alt=\"\" class=\"wp-image-1174\" srcset=\"https:\/\/heike-neumann.de\/wp-content\/uploads\/2023\/01\/Titelloses-469-724x1024.jpg 724w, https:\/\/heike-neumann.de\/wp-content\/uploads\/2023\/01\/Titelloses-469-212x300.jpg 212w, https:\/\/heike-neumann.de\/wp-content\/uploads\/2023\/01\/Titelloses-469-768x1086.jpg 768w, https:\/\/heike-neumann.de\/wp-content\/uploads\/2023\/01\/Titelloses-469-1086x1536.jpg 1086w, https:\/\/heike-neumann.de\/wp-content\/uploads\/2023\/01\/Titelloses-469-1140x1613.jpg 1140w, https:\/\/heike-neumann.de\/wp-content\/uploads\/2023\/01\/Titelloses-469.jpg 1240w\" sizes=\"auto, (max-width: 724px) 100vw, 724px\" \/><\/figure>\n<\/figure>\n","protected":false},"excerpt":{"rendered":"<p>In Pfifferlingen ist es wunderbar! Wichtel, Zwerge und Trolle leben mit Heinzelm\u00e4nnchen und vielen anderen magischen und zauberhaften Wesen in einer bunten und diversen Gemeinschaft friedlich beisammen. Die Tage werden l\u00e4nger und die Sonne bekommt allm\u00e4hlich wieder mehr Kraft. Die Wichtel und Zwerge, die in der Weihnachtszeit bei den Menschen gelebt haben, kommen zur\u00fcck nach Pfifferlingen und machen erst einmal Fr\u00fchjahrsputz. Es wird Wiedersehen gefeiert, die Krokusbl\u00fctenk\u00f6nigin gew\u00e4hlt, Es geht um Osterglocken und Fr\u00fchlingsgef\u00fchle, eine Fee wird aus einer Bl\u00fcte geboren und auf der Wiese am Fluss findet ein Osterpicknick statt. Als H\u00f6hepunkt wird noch der Tausend-W\u00fcnsche-Baum gepflanzt. Seid willkommen, diese Geschichten in dem kleinen Dorf Pfifferlingen mitzuerleben und die Wichtel, Zwerge und Trolle kennenzulernen! 44 Seiten, 10 Fr\u00fchlingsgeschichten, 10 BilderDeckblatt von Heike NeumannWappen von Franziska Rickmann DIN A 5, HochformatKlebebindung, SoftcoverBeschichtete Umschlagseiten Preis 9,90 Euro, HIER geht es direkt zur Bestellm\u00f6glichkeit beim Blaulicht-Verlag (versandkostenfrei) BONUSMATERIAL:Ausmalbilder, eine Kresseschale und nat\u00fcrlich das Pilzdorf zum Selberbauen von &#8222;Geschichten aus Pfifferlingen&#8220;. Au\u00dferdem ein Minibuch von &#8222;Fr\u00fchling in Pfifferlingen&#8220; f\u00fcr den magischen Bewohner hinter der Wichtelt\u00fcr. Die Gemeinschaft der Wesen in Pfifferlingen ist sehr divers und kunterbunt. Mehr dazu hier Nach \u201eGeschichten aus Pfifferlingen\u201c ist das nun das erste Buch der Autorin einer Jahreszeitenreihe aus dem kleinen Pilzdorf am magischen Wald.<\/p>\n","protected":false},"author":1,"featured_media":0,"parent":23,"menu_order":7,"comment_status":"closed","ping_status":"closed","template":"","meta":{"footnotes":""},"class_list":["post-1171","page","type-page","status-publish","hentry"],"_links":{"self":[{"href":"https:\/\/heike-neumann.de\/index.php\/wp-json\/wp\/v2\/pages\/1171","targetHints":{"allow":["GET"]}}],"collection":[{"href":"https:\/\/heike-neumann.de\/index.php\/wp-json\/wp\/v2\/pages"}],"about":[{"href":"https:\/\/heike-neumann.de\/index.php\/wp-json\/wp\/v2\/types\/page"}],"author":[{"embeddable":true,"href":"https:\/\/heike-neumann.de\/index.php\/wp-json\/wp\/v2\/users\/1"}],"replies":[{"embeddable":true,"href":"https:\/\/heike-neumann.de\/index.php\/wp-json\/wp\/v2\/comments?post=1171"}],"version-history":[{"count":8,"href":"https:\/\/heike-neumann.de\/index.php\/wp-json\/wp\/v2\/pages\/1171\/revisions"}],"predecessor-version":[{"id":2082,"href":"https:\/\/heike-neumann.de\/index.php\/wp-json\/wp\/v2\/pages\/1171\/revisions\/2082"}],"up":[{"embeddable":true,"href":"https:\/\/heike-neumann.de\/index.php\/wp-json\/wp\/v2\/pages\/23"}],"wp:attachment":[{"href":"https:\/\/heike-neumann.de\/index.php\/wp-json\/wp\/v2\/media?parent=1171"}],"curies":[{"name":"wp","href":"https:\/\/api.w.org\/{rel}","templated":true}]}}