{"id":1063,"date":"2023-01-12T22:37:11","date_gmt":"2023-01-12T20:37:11","guid":{"rendered":"https:\/\/heike-neumann.de\/?page_id=1063"},"modified":"2023-01-16T12:15:11","modified_gmt":"2023-01-16T10:15:11","slug":"alles-fuer-einen-wichtel-kindergeburtstag","status":"publish","type":"page","link":"https:\/\/heike-neumann.de\/index.php\/alles-fuer-einen-wichtel-kindergeburtstag\/","title":{"rendered":"Alles f\u00fcr einen Wichtel-Kindergeburtstag"},"content":{"rendered":"\n<div style=\"height:10px\" aria-hidden=\"true\" class=\"wp-block-spacer\"><\/div>\n\n\n\n<p>Liebe Familien, die einen Wichtelgeburtstag starten wollen!<br><br>Erstmal: Herzlich Willkommen auf meiner Seite und in der wichteligen Ideenwelt von Pfifferlingen!<br><br>Ich bin ja selber Mama und kenne den Berg von Arbeit, der vor einem Kindergeburtstag auf einen wartet.<br>Vielleicht kann ich euch mit meinem Material etwas davon abnehmen.<br>F\u00fcrs Kuchenbacken bin ich aber nicht zust\u00e4ndig \ud83d\ude09<br><br>Aber wenn dann alle ges\u00e4ttigt sind, k\u00f6nntet ihr ja die Geschenkt\u00fcten mit Wichtelfrau oder Wichtelmann basteln, die ihr hier runterladen k\u00f6nnt.<br>Dazu braucht ihr nat\u00fcrlich Schere und Kleber, sowie etwas Band (Geschenkband oder so).<\/p>\n\n\n\n<p>Dann haben die Kinder ja schon ihre T\u00fcten, die sie dann sp\u00e4ter gef\u00fcllt mit nach Hause nehmen k\u00f6nnen.<br><br>Als n\u00e4chstes biete ich euch die Schatzsuche an. Die gibt es als 2 Varianten: F\u00fcr kleinere Kinder (Kindergarten) oder f\u00fcr \u00e4ltere (die schon etwas mit Buchstaben anfangen k\u00f6nnen). Bei der zweiten Variante ist noch eine Station mit einem Suchsel dabei.<br>Was ihr daf\u00fcr an Material braucht, habe ich euch in dem Dokument \u201eSchatzsuche\u201c direkt aufgeschrieben.<\/p>\n\n\n\n<p>Als Schatz habe ich f\u00fcr euch ausdruckbare Geburtstagshefte. <\/p>\n\n\n\n<p>Darin sind 4 Geschichten, etliche Ausmalbilder und Mandalas. Das ist mal etwas Anderes zum Mitnehmen als Berge an S\u00fc\u00dfigkeiten und wird sicher noch l\u00e4nger an eure Geburtstagsfeier erinnern.<br>Entweder, ihr malt sie noch auf der Feier aus oder halt sp\u00e4ter zuhause.<\/p>\n\n\n\n<p>Beim Drucken ist WICHTIG:<\/p>\n\n\n\n<p>Um ein A5-Heft zu bekommen, m\u00fcsst ihr bei den Druckeinstellungen darauf achten, dass ihr &#8222;Brosch\u00fcrendruck&#8220; w\u00e4hlt.<br>Dann druckt ihr NUR die 4 Seiten mit grader Seitenzahl, Papier rausnehmen, wieder ins Papierfach stecken, dann wieder &#8222;Brosch\u00fcrendruck&#8220; mit den ungraden Seiten in umgekehrter Reihenfolge. Auch das ist ein Punkt, den man einstellen kann.<\/p>\n\n\n\n<p>Au\u00dferdem findet ihr bald hier auch eine Bastelanleitung f\u00fcr Zwergengold mit Edelsteinen drin. Das k\u00f6nnte sich auch in der Schatzkiste f\u00fcr jeden Kind befinden. Das braucht aber mehrere Tage, um hergestellt zu werden und zu trocknen! Das m\u00fcsst ihr in eurer Planung ber\u00fccksichtigen!<\/p>\n\n\n\n<p>Einladungskarten und Geburtstagskarten (f\u00fcr andere) mit Wichtel und Wichtelfrau sind hier auch zu finden. <\/p>\n\n\n\n<p>Au\u00dferdem noch eine wichtelige Pflanzschale, was ja auch ein Programmpunkt an einem Kindergeburtstag sein sein. Mit Kresse- oder Grassamen kann sie dann mitgenommen werden.<br>Viel Spa\u00df beim St\u00f6bern!<\/p>\n\n\n\n<p>Ich hoffe, ihr k\u00f6nnt mit meinem Material etwas anfangen und w\u00fcnsche euch ganz viel Spa\u00df damit!<\/p>\n\n\n\n<p>Eure Heike<\/p>\n\n\n<div class=\"sdm_download_item \"><div class=\"sdm_download_item_top\"><div class=\"sdm_download_thumbnail\"><\/div><div class=\"sdm_download_title\">Schokofiguren f\u00fcr den Wichtelkuchen<\/div><\/div><div style=\"clear:both;\"><\/div><div class=\"sdm_download_description\"><p><img loading=\"lazy\" decoding=\"async\" class=\"alignnone size-medium wp-image-1149 aligncenter\" src=\"https:\/\/heike-neumann.de\/wp-content\/uploads\/2023\/01\/Schokofiguren-fuer-den-Wichtelkuchen-vorschaubild-300x215.jpg\" alt=\"\" width=\"300\" height=\"215\" srcset=\"https:\/\/heike-neumann.de\/wp-content\/uploads\/2023\/01\/Schokofiguren-fuer-den-Wichtelkuchen-vorschaubild-300x215.jpg 300w, https:\/\/heike-neumann.de\/wp-content\/uploads\/2023\/01\/Schokofiguren-fuer-den-Wichtelkuchen-vorschaubild.jpg 635w\" sizes=\"auto, (max-width: 300px) 100vw, 300px\" \/><\/p>\n<\/div><div class=\"sdm_download_link\"><span class=\"sdm_download_button\"><a href=\"https:\/\/heike-neumann.de\/?sdm_process_download=1&#038;download_id=1148\" class=\"sdm_download green\" title=\"Schokofiguren f\u00fcr den Wichtelkuchen\" target=\"_blank\">Jetzt herunterladen!<\/a><\/span><\/div><\/div><div class=\"sdm_clear_float\"><\/div>\n\n<div class=\"sdm_download_item \"><div class=\"sdm_download_item_top\"><div class=\"sdm_download_thumbnail\"><\/div><div class=\"sdm_download_title\">Wichtel-Geschenkt\u00fcte (Ausschneiden, zusammenkleben, Band befestigen, Fertig)<\/div><\/div><div style=\"clear:both;\"><\/div><div class=\"sdm_download_description\"><p><img loading=\"lazy\" decoding=\"async\" class=\"alignnone size-medium wp-image-845 aligncenter\" src=\"https:\/\/heike-neumann.de\/wp-content\/uploads\/2022\/11\/Vorschaubild-Geschenktuete-300x214.jpg\" alt=\"\" width=\"300\" height=\"214\" srcset=\"https:\/\/heike-neumann.de\/wp-content\/uploads\/2022\/11\/Vorschaubild-Geschenktuete-300x214.jpg 300w, https:\/\/heike-neumann.de\/wp-content\/uploads\/2022\/11\/Vorschaubild-Geschenktuete-768x549.jpg 768w, https:\/\/heike-neumann.de\/wp-content\/uploads\/2022\/11\/Vorschaubild-Geschenktuete.jpg 936w\" sizes=\"auto, (max-width: 300px) 100vw, 300px\" \/><\/p>\n<\/div><div class=\"sdm_download_link\"><span class=\"sdm_download_button\"><a href=\"https:\/\/heike-neumann.de\/?sdm_process_download=1&#038;download_id=851\" class=\"sdm_download green\" title=\"Wichtel-Geschenkt\u00fcte (Ausschneiden, zusammenkleben, Band befestigen, Fertig)\" target=\"_blank\">Jetzt herunterladen!<\/a><\/span><\/div><\/div><div class=\"sdm_clear_float\"><\/div>\n\n<div class=\"sdm_download_item \"><div class=\"sdm_download_item_top\"><div class=\"sdm_download_thumbnail\"><\/div><div class=\"sdm_download_title\">Wichtelfrau-Geschenkt\u00fcten in verschiedenen Gr\u00f6\u00dfen<\/div><\/div><div style=\"clear:both;\"><\/div><div class=\"sdm_download_description\"><p><img loading=\"lazy\" decoding=\"async\" class=\"alignnone size-medium wp-image-1024 aligncenter\" src=\"https:\/\/heike-neumann.de\/wp-content\/uploads\/2023\/01\/Wichtelfrau-Geschenktuete-vorschaubild-300x166.jpg\" alt=\"\" width=\"300\" height=\"166\" srcset=\"https:\/\/heike-neumann.de\/wp-content\/uploads\/2023\/01\/Wichtelfrau-Geschenktuete-vorschaubild-300x166.jpg 300w, https:\/\/heike-neumann.de\/wp-content\/uploads\/2023\/01\/Wichtelfrau-Geschenktuete-vorschaubild-768x424.jpg 768w, https:\/\/heike-neumann.de\/wp-content\/uploads\/2023\/01\/Wichtelfrau-Geschenktuete-vorschaubild.jpg 878w\" sizes=\"auto, (max-width: 300px) 100vw, 300px\" \/><\/p>\n<\/div><div class=\"sdm_download_link\"><span class=\"sdm_download_button\"><a href=\"https:\/\/heike-neumann.de\/?sdm_process_download=1&#038;download_id=1030\" class=\"sdm_download green\" title=\"Wichtelfrau-Geschenkt\u00fcten in verschiedenen Gr\u00f6\u00dfen\" target=\"_blank\">Jetzt herunterladen!<\/a><\/span><\/div><\/div><div class=\"sdm_clear_float\"><\/div>\n\n<div class=\"sdm_download_item \"><div class=\"sdm_download_item_top\"><div class=\"sdm_download_thumbnail\"><\/div><div class=\"sdm_download_title\">Wichtelfrau-Geburtstagskarte<\/div><\/div><div style=\"clear:both;\"><\/div><div class=\"sdm_download_description\"><p><img loading=\"lazy\" decoding=\"async\" class=\"alignnone size-medium wp-image-1053 aligncenter\" src=\"https:\/\/heike-neumann.de\/wp-content\/uploads\/2023\/01\/Wichtelfrau-Geburtstagskarte-212x300.jpg\" alt=\"\" width=\"212\" height=\"300\" srcset=\"https:\/\/heike-neumann.de\/wp-content\/uploads\/2023\/01\/Wichtelfrau-Geburtstagskarte-212x300.jpg 212w, https:\/\/heike-neumann.de\/wp-content\/uploads\/2023\/01\/Wichtelfrau-Geburtstagskarte.jpg 562w\" sizes=\"auto, (max-width: 212px) 100vw, 212px\" \/><\/p>\n<\/div><div class=\"sdm_download_link\"><span class=\"sdm_download_button\"><a href=\"https:\/\/heike-neumann.de\/?sdm_process_download=1&#038;download_id=1052\" class=\"sdm_download green\" title=\"Wichtelfrau-Geburtstagskarte\" target=\"_blank\">Jetzt herunterladen!<\/a><\/span><\/div><\/div><div class=\"sdm_clear_float\"><\/div>\n\n<div class=\"sdm_download_item \"><div class=\"sdm_download_item_top\"><div class=\"sdm_download_thumbnail\"><\/div><div class=\"sdm_download_title\">Wichtelige Geburtstagskarte<\/div><\/div><div style=\"clear:both;\"><\/div><div class=\"sdm_download_description\"><p><img loading=\"lazy\" decoding=\"async\" class=\"alignnone size-medium wp-image-1048 aligncenter\" src=\"https:\/\/heike-neumann.de\/wp-content\/uploads\/2023\/01\/Geburtstagskarte-Vorschaubild-215x300.jpg\" alt=\"\" width=\"215\" height=\"300\" srcset=\"https:\/\/heike-neumann.de\/wp-content\/uploads\/2023\/01\/Geburtstagskarte-Vorschaubild-215x300.jpg 215w, https:\/\/heike-neumann.de\/wp-content\/uploads\/2023\/01\/Geburtstagskarte-Vorschaubild.jpg 572w\" sizes=\"auto, (max-width: 215px) 100vw, 215px\" \/><\/p>\n<\/div><div class=\"sdm_download_link\"><span class=\"sdm_download_button\"><a href=\"https:\/\/heike-neumann.de\/?sdm_process_download=1&#038;download_id=1047\" class=\"sdm_download green\" title=\"Wichtelige Geburtstagskarte\" target=\"_blank\">Jetzt herunterladen!<\/a><\/span><\/div><\/div><div class=\"sdm_clear_float\"><\/div>\n\n<div class=\"sdm_download_item \"><div class=\"sdm_download_item_top\"><div class=\"sdm_download_thumbnail\"><\/div><div class=\"sdm_download_title\">Geburtstagsheft zum Mitgeben nach Hause mit Wichtel (Druckanleitung oben beachten)<\/div><\/div><div style=\"clear:both;\"><\/div><div class=\"sdm_download_description\"><p><img loading=\"lazy\" decoding=\"async\" class=\"alignnone size-medium wp-image-1066 aligncenter\" src=\"https:\/\/heike-neumann.de\/wp-content\/uploads\/2023\/01\/Wichtelheft-Vorschau-214x300.jpg\" alt=\"\" width=\"214\" height=\"300\" srcset=\"https:\/\/heike-neumann.de\/wp-content\/uploads\/2023\/01\/Wichtelheft-Vorschau-214x300.jpg 214w, https:\/\/heike-neumann.de\/wp-content\/uploads\/2023\/01\/Wichtelheft-Vorschau.jpg 556w\" sizes=\"auto, (max-width: 214px) 100vw, 214px\" \/><\/p>\n<\/div><div class=\"sdm_download_link\"><span class=\"sdm_download_button\"><a href=\"https:\/\/heike-neumann.de\/?sdm_process_download=1&#038;download_id=1065\" class=\"sdm_download green\" title=\"Geburtstagsheft zum Mitgeben nach Hause mit Wichtel (Druckanleitung oben beachten)\" target=\"_blank\">Jetzt herunterladen!<\/a><\/span><\/div><\/div><div class=\"sdm_clear_float\"><\/div>\n\n<div class=\"sdm_download_item \"><div class=\"sdm_download_item_top\"><div class=\"sdm_download_thumbnail\"><\/div><div class=\"sdm_download_title\">Geburtstagsheft zum Mitgeben nach Hause mit Wichtelfrau (Druckanleitung oben beachten)<\/div><\/div><div style=\"clear:both;\"><\/div><div class=\"sdm_download_description\"><p><img loading=\"lazy\" decoding=\"async\" class=\"alignnone size-medium wp-image-1070 aligncenter\" src=\"https:\/\/heike-neumann.de\/wp-content\/uploads\/2023\/01\/Wichtelfrauheft-Vorschau-1-212x300.jpg\" alt=\"\" width=\"212\" height=\"300\" srcset=\"https:\/\/heike-neumann.de\/wp-content\/uploads\/2023\/01\/Wichtelfrauheft-Vorschau-1-212x300.jpg 212w, https:\/\/heike-neumann.de\/wp-content\/uploads\/2023\/01\/Wichtelfrauheft-Vorschau-1.jpg 562w\" sizes=\"auto, (max-width: 212px) 100vw, 212px\" \/><\/p>\n<\/div><div class=\"sdm_download_link\"><span class=\"sdm_download_button\"><a href=\"https:\/\/heike-neumann.de\/?sdm_process_download=1&#038;download_id=1068\" class=\"sdm_download green\" title=\"Geburtstagsheft zum Mitgeben nach Hause mit Wichtelfrau (Druckanleitung oben beachten)\" target=\"_blank\">Jetzt herunterladen!<\/a><\/span><\/div><\/div><div class=\"sdm_clear_float\"><\/div>\n\n<div class=\"sdm_download_item \"><div class=\"sdm_download_item_top\"><div class=\"sdm_download_thumbnail\"><\/div><div class=\"sdm_download_title\">Einladungskarte zum Ausmalen Wichtel<\/div><\/div><div style=\"clear:both;\"><\/div><div class=\"sdm_download_description\"><p><img loading=\"lazy\" decoding=\"async\" class=\"alignnone size-medium wp-image-1078 aligncenter\" src=\"https:\/\/heike-neumann.de\/wp-content\/uploads\/2023\/01\/Wichtelgeburtstag-Einladung-zum-Ausmalen-vorschaubild-300x110.jpg\" alt=\"\" width=\"300\" height=\"110\" srcset=\"https:\/\/heike-neumann.de\/wp-content\/uploads\/2023\/01\/Wichtelgeburtstag-Einladung-zum-Ausmalen-vorschaubild-300x110.jpg 300w, https:\/\/heike-neumann.de\/wp-content\/uploads\/2023\/01\/Wichtelgeburtstag-Einladung-zum-Ausmalen-vorschaubild-1024x376.jpg 1024w, https:\/\/heike-neumann.de\/wp-content\/uploads\/2023\/01\/Wichtelgeburtstag-Einladung-zum-Ausmalen-vorschaubild-768x282.jpg 768w, https:\/\/heike-neumann.de\/wp-content\/uploads\/2023\/01\/Wichtelgeburtstag-Einladung-zum-Ausmalen-vorschaubild-1536x564.jpg 1536w, https:\/\/heike-neumann.de\/wp-content\/uploads\/2023\/01\/Wichtelgeburtstag-Einladung-zum-Ausmalen-vorschaubild-1140x419.jpg 1140w, https:\/\/heike-neumann.de\/wp-content\/uploads\/2023\/01\/Wichtelgeburtstag-Einladung-zum-Ausmalen-vorschaubild.jpg 1855w\" sizes=\"auto, (max-width: 300px) 100vw, 300px\" \/><\/p>\n<\/div><div class=\"sdm_download_link\"><span class=\"sdm_download_button\"><a href=\"https:\/\/heike-neumann.de\/?sdm_process_download=1&#038;download_id=1080\" class=\"sdm_download green\" title=\"Einladungskarte zum Ausmalen Wichtel\" target=\"_blank\">Jetzt herunterladen!<\/a><\/span><\/div><\/div><div class=\"sdm_clear_float\"><\/div>\n\n<div class=\"sdm_download_item \"><div class=\"sdm_download_item_top\"><div class=\"sdm_download_thumbnail\"><\/div><div class=\"sdm_download_title\">Einladungskarte zum Ausmalen Wichtelfrau<\/div><\/div><div style=\"clear:both;\"><\/div><div class=\"sdm_download_description\"><p><img loading=\"lazy\" decoding=\"async\" class=\"alignnone size-medium wp-image-1077 aligncenter\" src=\"https:\/\/heike-neumann.de\/wp-content\/uploads\/2023\/01\/Wichtelfrau-geburtstag-Einladung-zum-Ausmalen-vorschaubild-300x112.jpg\" alt=\"\" width=\"300\" height=\"112\" srcset=\"https:\/\/heike-neumann.de\/wp-content\/uploads\/2023\/01\/Wichtelfrau-geburtstag-Einladung-zum-Ausmalen-vorschaubild-300x112.jpg 300w, https:\/\/heike-neumann.de\/wp-content\/uploads\/2023\/01\/Wichtelfrau-geburtstag-Einladung-zum-Ausmalen-vorschaubild-1024x382.jpg 1024w, https:\/\/heike-neumann.de\/wp-content\/uploads\/2023\/01\/Wichtelfrau-geburtstag-Einladung-zum-Ausmalen-vorschaubild-768x287.jpg 768w, https:\/\/heike-neumann.de\/wp-content\/uploads\/2023\/01\/Wichtelfrau-geburtstag-Einladung-zum-Ausmalen-vorschaubild-1536x574.jpg 1536w, https:\/\/heike-neumann.de\/wp-content\/uploads\/2023\/01\/Wichtelfrau-geburtstag-Einladung-zum-Ausmalen-vorschaubild-1140x426.jpg 1140w, https:\/\/heike-neumann.de\/wp-content\/uploads\/2023\/01\/Wichtelfrau-geburtstag-Einladung-zum-Ausmalen-vorschaubild.jpg 1869w\" sizes=\"auto, (max-width: 300px) 100vw, 300px\" \/><\/p>\n<\/div><div class=\"sdm_download_link\"><span class=\"sdm_download_button\"><a href=\"https:\/\/heike-neumann.de\/?sdm_process_download=1&#038;download_id=1079\" class=\"sdm_download green\" title=\"Einladungskarte zum Ausmalen Wichtelfrau\" target=\"_blank\">Jetzt herunterladen!<\/a><\/span><\/div><\/div><div class=\"sdm_clear_float\"><\/div>\n\n<div class=\"sdm_download_item \"><div class=\"sdm_download_item_top\"><div class=\"sdm_download_thumbnail\"><\/div><div class=\"sdm_download_title\">Einladungskarte zum Ausmalen Zwerg<\/div><\/div><div style=\"clear:both;\"><\/div><div class=\"sdm_download_description\"><p><img loading=\"lazy\" decoding=\"async\" class=\"alignnone size-medium wp-image-1082 aligncenter\" src=\"https:\/\/heike-neumann.de\/wp-content\/uploads\/2023\/01\/Zwergengeburtstag-Einladung-zum-Ausmalen-vorschaubild-300x111.jpg\" alt=\"\" width=\"300\" height=\"111\" srcset=\"https:\/\/heike-neumann.de\/wp-content\/uploads\/2023\/01\/Zwergengeburtstag-Einladung-zum-Ausmalen-vorschaubild-300x111.jpg 300w, https:\/\/heike-neumann.de\/wp-content\/uploads\/2023\/01\/Zwergengeburtstag-Einladung-zum-Ausmalen-vorschaubild-1024x377.jpg 1024w, https:\/\/heike-neumann.de\/wp-content\/uploads\/2023\/01\/Zwergengeburtstag-Einladung-zum-Ausmalen-vorschaubild-768x283.jpg 768w, https:\/\/heike-neumann.de\/wp-content\/uploads\/2023\/01\/Zwergengeburtstag-Einladung-zum-Ausmalen-vorschaubild-1536x566.jpg 1536w, https:\/\/heike-neumann.de\/wp-content\/uploads\/2023\/01\/Zwergengeburtstag-Einladung-zum-Ausmalen-vorschaubild-1140x420.jpg 1140w, https:\/\/heike-neumann.de\/wp-content\/uploads\/2023\/01\/Zwergengeburtstag-Einladung-zum-Ausmalen-vorschaubild.jpg 1869w\" sizes=\"auto, (max-width: 300px) 100vw, 300px\" \/><\/p>\n<\/div><div class=\"sdm_download_link\"><span class=\"sdm_download_button\"><a href=\"https:\/\/heike-neumann.de\/?sdm_process_download=1&#038;download_id=1081\" class=\"sdm_download green\" title=\"Einladungskarte zum Ausmalen Zwerg\" target=\"_blank\">Jetzt herunterladen!<\/a><\/span><\/div><\/div><div class=\"sdm_clear_float\"><\/div>\n\n<div class=\"sdm_download_item \"><div class=\"sdm_download_item_top\"><div class=\"sdm_download_thumbnail\"><\/div><div class=\"sdm_download_title\">Schatzsuche f\u00fcr Kinder vor Schulbeginn<\/div><\/div><div style=\"clear:both;\"><\/div><div class=\"sdm_download_description\"><p><img loading=\"lazy\" decoding=\"async\" class=\"alignnone size-medium wp-image-1101 aligncenter\" src=\"https:\/\/heike-neumann.de\/wp-content\/uploads\/2023\/01\/Titelloses-495-300x212.jpg\" alt=\"\" width=\"300\" height=\"212\" srcset=\"https:\/\/heike-neumann.de\/wp-content\/uploads\/2023\/01\/Titelloses-495-300x212.jpg 300w, https:\/\/heike-neumann.de\/wp-content\/uploads\/2023\/01\/Titelloses-495-1024x724.jpg 1024w, https:\/\/heike-neumann.de\/wp-content\/uploads\/2023\/01\/Titelloses-495-768x543.jpg 768w, https:\/\/heike-neumann.de\/wp-content\/uploads\/2023\/01\/Titelloses-495-1536x1086.jpg 1536w, https:\/\/heike-neumann.de\/wp-content\/uploads\/2023\/01\/Titelloses-495-1140x806.jpg 1140w, https:\/\/heike-neumann.de\/wp-content\/uploads\/2023\/01\/Titelloses-495.jpg 1754w\" sizes=\"auto, (max-width: 300px) 100vw, 300px\" \/><\/p>\n<\/div><div class=\"sdm_download_link\"><span class=\"sdm_download_button\"><a href=\"https:\/\/heike-neumann.de\/?sdm_process_download=1&#038;download_id=1084\" class=\"sdm_download green\" title=\"Schatzsuche f\u00fcr Kinder vor Schulbeginn\" target=\"_blank\">Jetzt herunterladen!<\/a><\/span><\/div><\/div><div class=\"sdm_clear_float\"><\/div>\n\n<div class=\"sdm_download_item \"><div class=\"sdm_download_item_top\"><div class=\"sdm_download_thumbnail\"><\/div><div class=\"sdm_download_title\">Schatzsuche f\u00fcr Grundschulkinder<\/div><\/div><div style=\"clear:both;\"><\/div><div class=\"sdm_download_description\"><p><img loading=\"lazy\" decoding=\"async\" class=\"alignnone size-medium wp-image-1101 aligncenter\" src=\"https:\/\/heike-neumann.de\/wp-content\/uploads\/2023\/01\/Titelloses-495-300x212.jpg\" alt=\"\" width=\"300\" height=\"212\" srcset=\"https:\/\/heike-neumann.de\/wp-content\/uploads\/2023\/01\/Titelloses-495-300x212.jpg 300w, https:\/\/heike-neumann.de\/wp-content\/uploads\/2023\/01\/Titelloses-495-1024x724.jpg 1024w, https:\/\/heike-neumann.de\/wp-content\/uploads\/2023\/01\/Titelloses-495-768x543.jpg 768w, https:\/\/heike-neumann.de\/wp-content\/uploads\/2023\/01\/Titelloses-495-1536x1086.jpg 1536w, https:\/\/heike-neumann.de\/wp-content\/uploads\/2023\/01\/Titelloses-495-1140x806.jpg 1140w, https:\/\/heike-neumann.de\/wp-content\/uploads\/2023\/01\/Titelloses-495.jpg 1754w\" sizes=\"auto, (max-width: 300px) 100vw, 300px\" \/><\/p>\n<\/div><div class=\"sdm_download_link\"><span class=\"sdm_download_button\"><a href=\"https:\/\/heike-neumann.de\/?sdm_process_download=1&#038;download_id=1086\" class=\"sdm_download green\" title=\"Schatzsuche f\u00fcr Grundschulkinder\" target=\"_blank\">Jetzt herunterladen!<\/a><\/span><\/div><\/div><div class=\"sdm_clear_float\"><\/div>\n\n<div class=\"sdm_download_item \"><div class=\"sdm_download_item_top\"><div class=\"sdm_download_thumbnail\"><\/div><div class=\"sdm_download_title\">Wichtel-Pflanzschale zum Basteln und S\u00e4en (Kresse oder Gras)<\/div><\/div><div style=\"clear:both;\"><\/div><div class=\"sdm_download_description\"><p><img loading=\"lazy\" decoding=\"async\" class=\"alignnone size-medium wp-image-1105 aligncenter\" src=\"https:\/\/heike-neumann.de\/wp-content\/uploads\/2023\/01\/Vorschau-Kresseschale-300x44.jpg\" alt=\"\" width=\"300\" height=\"44\" srcset=\"https:\/\/heike-neumann.de\/wp-content\/uploads\/2023\/01\/Vorschau-Kresseschale-300x44.jpg 300w, https:\/\/heike-neumann.de\/wp-content\/uploads\/2023\/01\/Vorschau-Kresseschale-768x112.jpg 768w, https:\/\/heike-neumann.de\/wp-content\/uploads\/2023\/01\/Vorschau-Kresseschale.jpg 943w\" sizes=\"auto, (max-width: 300px) 100vw, 300px\" \/><\/p>\n<\/div><div class=\"sdm_download_link\"><span class=\"sdm_download_button\"><a href=\"https:\/\/heike-neumann.de\/?sdm_process_download=1&#038;download_id=1092\" class=\"sdm_download green\" title=\"Wichtel-Pflanzschale zum Basteln und S\u00e4en (Kresse oder Gras)\" target=\"_blank\">Jetzt herunterladen!<\/a><\/span><\/div><\/div><div class=\"sdm_clear_float\"><\/div>\n\n<div class=\"sdm_download_item \"><div class=\"sdm_download_item_top\"><div class=\"sdm_download_thumbnail\"><\/div><div class=\"sdm_download_title\">Wimpelkette mit feiernden Wichteln<\/div><\/div><div style=\"clear:both;\"><\/div><div class=\"sdm_download_description\"><p><img loading=\"lazy\" decoding=\"async\" class=\"alignnone size-medium wp-image-1095 aligncenter\" src=\"https:\/\/heike-neumann.de\/wp-content\/uploads\/2023\/01\/Wimpelkette-mit-feiernden-Wichteln-300x212.jpg\" alt=\"\" width=\"300\" height=\"212\" srcset=\"https:\/\/heike-neumann.de\/wp-content\/uploads\/2023\/01\/Wimpelkette-mit-feiernden-Wichteln-300x212.jpg 300w, https:\/\/heike-neumann.de\/wp-content\/uploads\/2023\/01\/Wimpelkette-mit-feiernden-Wichteln-1024x725.jpg 1024w, https:\/\/heike-neumann.de\/wp-content\/uploads\/2023\/01\/Wimpelkette-mit-feiernden-Wichteln-768x543.jpg 768w, https:\/\/heike-neumann.de\/wp-content\/uploads\/2023\/01\/Wimpelkette-mit-feiernden-Wichteln.jpg 1132w\" sizes=\"auto, (max-width: 300px) 100vw, 300px\" \/><\/p>\n<\/div><div class=\"sdm_download_link\"><span class=\"sdm_download_button\"><a href=\"https:\/\/heike-neumann.de\/?sdm_process_download=1&#038;download_id=1097\" class=\"sdm_download green\" title=\"Wimpelkette mit feiernden Wichteln\" target=\"_blank\">Jetzt herunterladen!<\/a><\/span><\/div><\/div><div class=\"sdm_clear_float\"><\/div>","protected":false},"excerpt":{"rendered":"<p>Liebe Familien, die einen Wichtelgeburtstag starten wollen! Erstmal: Herzlich Willkommen auf meiner Seite und in der wichteligen Ideenwelt von Pfifferlingen! Ich bin ja selber Mama und kenne den Berg von Arbeit, der vor einem Kindergeburtstag auf einen wartet.Vielleicht kann ich euch mit meinem Material etwas davon abnehmen.F\u00fcrs Kuchenbacken bin ich aber nicht zust\u00e4ndig \ud83d\ude09 Aber wenn dann alle ges\u00e4ttigt sind, k\u00f6nntet ihr ja die Geschenkt\u00fcten mit Wichtelfrau oder Wichtelmann basteln, die ihr hier runterladen k\u00f6nnt.Dazu braucht ihr nat\u00fcrlich Schere und Kleber, sowie etwas Band (Geschenkband oder so). Dann haben die Kinder ja schon ihre T\u00fcten, die sie dann sp\u00e4ter gef\u00fcllt mit nach Hause nehmen k\u00f6nnen. Als n\u00e4chstes biete ich euch die Schatzsuche an. Die gibt es als 2 Varianten: F\u00fcr kleinere Kinder (Kindergarten) oder f\u00fcr \u00e4ltere (die schon etwas mit Buchstaben anfangen k\u00f6nnen). Bei der zweiten Variante ist noch eine Station mit einem Suchsel dabei.Was ihr daf\u00fcr an Material braucht, habe ich euch in dem Dokument \u201eSchatzsuche\u201c direkt aufgeschrieben. Als Schatz habe ich f\u00fcr euch ausdruckbare Geburtstagshefte. Darin sind 4 Geschichten, etliche Ausmalbilder und Mandalas. Das ist mal etwas Anderes zum Mitnehmen als Berge an S\u00fc\u00dfigkeiten und wird sicher noch l\u00e4nger an eure Geburtstagsfeier erinnern.Entweder, ihr malt sie noch auf der Feier aus oder halt sp\u00e4ter zuhause. Beim Drucken ist WICHTIG: Um ein A5-Heft zu bekommen, m\u00fcsst ihr bei den Druckeinstellungen darauf achten, dass ihr &#8222;Brosch\u00fcrendruck&#8220; w\u00e4hlt.Dann druckt ihr NUR die 4 Seiten mit grader Seitenzahl, Papier rausnehmen, wieder ins Papierfach stecken, dann wieder &#8222;Brosch\u00fcrendruck&#8220; mit den ungraden Seiten in umgekehrter Reihenfolge. Auch das ist ein Punkt, den man einstellen kann. Au\u00dferdem findet ihr bald hier auch eine Bastelanleitung f\u00fcr Zwergengold mit Edelsteinen drin. Das k\u00f6nnte sich auch in der Schatzkiste f\u00fcr jeden Kind befinden. Das braucht aber mehrere Tage, um hergestellt zu werden und zu trocknen! Das m\u00fcsst ihr in eurer Planung ber\u00fccksichtigen! Einladungskarten und Geburtstagskarten (f\u00fcr andere) mit Wichtel und Wichtelfrau sind hier auch zu finden. Au\u00dferdem noch eine wichtelige Pflanzschale, was ja auch ein Programmpunkt an einem Kindergeburtstag sein sein. Mit Kresse- oder Grassamen kann sie dann mitgenommen werden.Viel Spa\u00df beim St\u00f6bern! Ich hoffe, ihr k\u00f6nnt mit meinem Material etwas anfangen und w\u00fcnsche euch ganz viel Spa\u00df damit! Eure Heike<\/p>\n","protected":false},"author":1,"featured_media":0,"parent":0,"menu_order":0,"comment_status":"closed","ping_status":"closed","template":"","meta":{"footnotes":""},"class_list":["post-1063","page","type-page","status-publish","hentry"],"_links":{"self":[{"href":"https:\/\/heike-neumann.de\/index.php\/wp-json\/wp\/v2\/pages\/1063","targetHints":{"allow":["GET"]}}],"collection":[{"href":"https:\/\/heike-neumann.de\/index.php\/wp-json\/wp\/v2\/pages"}],"about":[{"href":"https:\/\/heike-neumann.de\/index.php\/wp-json\/wp\/v2\/types\/page"}],"author":[{"embeddable":true,"href":"https:\/\/heike-neumann.de\/index.php\/wp-json\/wp\/v2\/users\/1"}],"replies":[{"embeddable":true,"href":"https:\/\/heike-neumann.de\/index.php\/wp-json\/wp\/v2\/comments?post=1063"}],"version-history":[{"count":12,"href":"https:\/\/heike-neumann.de\/index.php\/wp-json\/wp\/v2\/pages\/1063\/revisions"}],"predecessor-version":[{"id":1151,"href":"https:\/\/heike-neumann.de\/index.php\/wp-json\/wp\/v2\/pages\/1063\/revisions\/1151"}],"wp:attachment":[{"href":"https:\/\/heike-neumann.de\/index.php\/wp-json\/wp\/v2\/media?parent=1063"}],"curies":[{"name":"wp","href":"https:\/\/api.w.org\/{rel}","templated":true}]}}